{"id":219,"date":"2014-12-01T20:18:42","date_gmt":"2014-12-01T22:18:42","guid":{"rendered":"https:\/\/wp.ufpel.edu.br\/matematicanoturno\/?page_id=219"},"modified":"2014-12-01T20:18:42","modified_gmt":"2014-12-01T22:18:42","slug":"calculo-iii","status":"publish","type":"page","link":"https:\/\/wp.ufpel.edu.br\/matematicanoturno\/grade-curricular-2\/calculo-iii\/","title":{"rendered":"C\u00e1lculo III"},"content":{"rendered":"<h4>C\u00e1lculo III<\/h4>\n<p>&nbsp;<\/p>\n<table>\n<tbody>\n<tr>\n<td width=\"101\">Curso\/semestre<\/td>\n<td width=\"540\">Licenciatura em Matem\u00e1tica \/ Quarto<\/td>\n<\/tr>\n<tr>\n<td width=\"101\">Disciplina<\/td>\n<td width=\"540\">C\u00e1lculo III<\/td>\n<\/tr>\n<tr>\n<td width=\"101\">Car\u00e1ter<\/td>\n<td width=\"540\">ACA \u2013 Obrigat\u00f3rio<\/td>\n<\/tr>\n<tr>\n<td width=\"101\">Pr\u00e9-requisito<\/td>\n<td width=\"540\">C\u00e1lculo II (0100017) e \u00c1lgebra Linear I (0100170)<\/td>\n<\/tr>\n<tr>\n<td width=\"101\">C\u00f3digo<\/td>\n<td width=\"540\">0100018<\/td>\n<\/tr>\n<tr>\n<td width=\"101\">Depto.<\/td>\n<td width=\"540\">DME<\/td>\n<\/tr>\n<tr>\n<td width=\"101\">CHT<\/td>\n<td width=\"540\">102 horas<\/td>\n<\/tr>\n<tr>\n<td width=\"101\">Cr\u00e9ditos<\/td>\n<td width=\"540\">06<\/td>\n<\/tr>\n<tr>\n<td width=\"101\">Natureza<\/td>\n<td width=\"540\">68 te\u00f3ricas \/ 34 pr\u00e1ticas<\/td>\n<\/tr>\n<tr>\n<td width=\"101\">Prof. Resp.<\/td>\n<td width=\"540\"><\/td>\n<\/tr>\n<tr>\n<td width=\"101\">Objetivos<\/td>\n<td width=\"540\">\n<p>Fornecer subs\u00eddios aos discentes a fim de que o possam aprender e os m\u00e9todos de investiga\u00e7\u00e3o de propriedades principais de fun\u00e7\u00f5es escalares e vetoriais de v\u00e1rias vari\u00e1veis; estudar v\u00e1rios tipos de integrais nos espa\u00e7os R2 e R3, com suas respectivas aplica\u00e7\u00f5es geom\u00e9tricas e f\u00edsicas; criar base para o estudo de disciplinas matem\u00e1ticas posteriores .<\/p>\n<p>Desenvolver conceito de fun\u00e7\u00e3o vetorial de uma vari\u00e1vel, seu limite, continuidade e diferenciabilidade<\/p>\n<p>Estudar as curvas e superf\u00edcies espaciais e suas caracter\u00edsticas diferenciais<\/p>\n<p>Desenvolver conceitos de fun\u00e7\u00e3o de v\u00e1rias vari\u00e1veis, seu limite, continuidade e diferenciabilidade<\/p>\n<p>Estudar propriedades locais e globais de fun\u00e7\u00f5es cont\u00ednuas e diferenci\u00e1veis<\/p>\n<p>Introduzir e estudar conceito de derivada direcional e gradiente<\/p>\n<p>Aplicar teoremas sobre diferenciais para constru\u00e7\u00e3o de plano tangente e encontro de extremos locais<\/p>\n<p>Estudar no\u00e7\u00f5es iniciais de fun\u00e7\u00f5es vetoriais de v\u00e1rias vari\u00e1veis, seu limite, continuidade e diferenciabilidade<\/p>\n<p>Introduzir conceitos de integral dupla e tripla e m\u00e9todos de c\u00e1lculo<\/p>\n<p>Introduzir conceitos de integral de linha e de superf\u00edcie e m\u00e9todos de seu c\u00e1lculo<\/p>\n<p>Representar aplica\u00e7\u00f5es geom\u00e9tricas e f\u00edsicas de integrais m\u00faltiplas, de linha e de superf\u00edcie<\/p>\n<p>Estudar teoremas de Green, Gauss e Stokes e seu significado f\u00edsico<\/p>\n<p>&nbsp;<\/td>\n<\/tr>\n<tr>\n<td width=\"101\">Ementa<\/td>\n<td width=\"540\">\n<p>Fun\u00e7\u00f5es reais de v\u00e1rias vari\u00e1veis reais. Limite e continuidade. Derivadas parciais e diferenciabilidade. Derivada direcional e gradiente. F\u00f3rmula de Taylor. Extremos locais e globais. Fun\u00e7\u00f5es vetoriais de v\u00e1rias vari\u00e1veis. Diverg\u00eancia e rotacional. Integrais m\u00faltiplas e suas aplica\u00e7\u00f5es. Integral de linha e de superf\u00edcie e suas aplica\u00e7\u00f5es. Teoremas integrais.<\/p>\n<p>&nbsp;<\/td>\n<\/tr>\n<tr>\n<td width=\"101\">Programa<\/td>\n<td width=\"540\">\n<p>Espa\u00e7o euclidiano Rn e fun\u00e7\u00f5es vetorias de uma vari\u00e1vel<\/p>\n<p>Conceito de espa\u00e7o euclidiano Rn.<\/p>\n<p>Coordenadas cartesianas, cil\u00edndricas e esf\u00e9ricas<\/p>\n<p>Vetores em Rn e opera\u00e7\u00f5es<\/p>\n<p>Fun\u00e7\u00f5es vetorias: defini\u00e7\u00e3o, limite, continuidade e diferenciabilidade<\/p>\n<p>Descri\u00e7\u00e3o anal\u00edtica e caracter\u00edsticas diferenciais de curvas em Rn<\/p>\n<p>Superf\u00edcies qu\u00e1dricas em R3<\/p>\n<p>&nbsp;<\/p>\n<p>Fun\u00e7\u00f5es de v\u00e1rias vari\u00e1veis: propriedades diferenciais<\/p>\n<p>Defini\u00e7\u00e3o de fun\u00e7\u00f5es de v\u00e1rias vari\u00e1veis, representa\u00e7\u00e3o geom\u00e9trica<\/p>\n<p>Limite e continuidade: defini\u00e7\u00e3o, propriedades aritm\u00e9ticas e de compara\u00e7\u00e3o, continuidade de fun\u00e7\u00e3o composta<\/p>\n<p>Propriedades globais de fun\u00e7\u00f5es cont\u00ednuas<\/p>\n<p>Conceito de derivada parcial, de fun\u00e7\u00e3o diferenci\u00e1vel e de diferencial.<\/p>\n<p>Interpreta\u00e7\u00e3o geom\u00e9trica: plano tangente<\/p>\n<p>Diferencia\u00e7\u00e3o de fun\u00e7\u00e3o composta (regra de cadeia)<\/p>\n<p>Invari\u00e2ncia de forma de primeira diferencial<\/p>\n<p>Teorema de Lagrange (do valor m\u00e9dio)<\/p>\n<p>Derivada direcional e gradiente<\/p>\n<p>Derivadas parciais e diferenciais de ordem superior<\/p>\n<p>F\u00f3rmula de Taylor<\/p>\n<p>Extremos de fun\u00e7\u00f5es de v\u00e1rias vari\u00e1veis<\/p>\n<p>&nbsp;<\/p>\n<p>Fun\u00e7\u00f5es de v\u00e1rias vari\u00e1veis: propriedades integrais<\/p>\n<p>Integral dupla e seu c\u00e1lculo por meio de integrais repetidas<\/p>\n<p>Mudan\u00e7a de vari\u00e1veis na integral dupla<\/p>\n<p>Integral tripla: c\u00e1lculo por meio de integrais repetidas e mudan\u00e7a de vari\u00e1veis<\/p>\n<p>Aplica\u00e7\u00f5es geom\u00e9tricas e f\u00edsicas de integrais m\u00faltiplas<\/p>\n<p>Defini\u00e7\u00e3o de integral de linha e seu c\u00e1lculo; condi\u00e7\u00f5es de independ\u00eancia de percurso<\/p>\n<p>Defini\u00e7\u00e3o de integral de superf\u00edcie e seu c\u00e1lculo<\/p>\n<p>Aplica\u00e7\u00f5es geom\u00e9tricas e f\u00edsicas de integral de linha e de superf\u00edcie<\/p>\n<p>&nbsp;<\/p>\n<p>Fun\u00e7\u00f5es vetoriais de v\u00e1rias vari\u00e1veis<\/p>\n<p>Conceito de fun\u00e7\u00e3o vetorial de v\u00e1rias vari\u00e1veis<\/p>\n<p>Limite e continuidade de fun\u00e7\u00f5es vetoriais<\/p>\n<p>Derivadas parciais e diferenciabilidade<\/p>\n<p>Diverg\u00eancia e rotacional<\/p>\n<p>Representa\u00e7\u00e3o de integrais de linha e de superf\u00edcie<\/p>\n<p>Teorema de Green<\/p>\n<p>Teorema de Stokes<\/p>\n<p>Teorema de Gauss<\/td>\n<\/tr>\n<tr>\n<td width=\"101\">Bibliografia<\/td>\n<td width=\"540\">\n<p>B\u00e1sica<\/p>\n<p>Spivak, M. Calculus. Publish of Perish, Houston,1994.<\/p>\n<p>Tomas, George B. C\u00e1lculo, Vol 2. Addison Wesley.<\/p>\n<p>Stewart J. C\u00e1lculo. Vol.2 (Calculus. Early transcendentals)<\/p>\n<p>Leithold L. C\u00e1lculo com geometria anal\u00edtica. Ed. HARBRA Vol. 2.<\/p>\n<p>&nbsp;<\/p>\n<p>Complementar<\/p>\n<p>Edwards C.H., Penney D.E. C\u00e1lculo com geometria anal\u00edtica. Vol.2<\/p>\n<p>Lima E.L. Curso de an\u00e1lise. Projeto Euclides. Rio de Janeiro: IMPA, 1989. Vol.1<\/p>\n<p>Almay P. Elementos de c\u00e1lculo diferencial e integral. Vol. 1,2.<\/p>\n<p>Rudin W. Princ\u00edpios de An\u00e1lise Matem\u00e1tica. Ed. Ao Livros T\u00e9cnico, 1971<\/td>\n<\/tr>\n<\/tbody>\n<\/table>\n<p>&nbsp;<\/p>\n","protected":false},"excerpt":{"rendered":"<p>C\u00e1lculo III &nbsp; Curso\/semestre Licenciatura em Matem\u00e1tica \/ Quarto Disciplina C\u00e1lculo III Car\u00e1ter ACA \u2013 Obrigat\u00f3rio Pr\u00e9-requisito C\u00e1lculo II (0100017) e \u00c1lgebra Linear I (0100170) C\u00f3digo 0100018 Depto. DME CHT 102 horas Cr\u00e9ditos 06 Natureza 68 te\u00f3ricas \/ 34 pr\u00e1ticas Prof. Resp. Objetivos Fornecer subs\u00eddios aos discentes a fim de que o possam aprender e [&hellip;]<\/p>\n","protected":false},"author":466,"featured_media":0,"parent":166,"menu_order":0,"comment_status":"closed","ping_status":"closed","template":"page-sem-sidebar.php","meta":{"jetpack_post_was_ever_published":false,"footnotes":""},"class_list":["post-219","page","type-page","status-publish","hentry"],"jetpack_sharing_enabled":true,"jetpack_shortlink":"https:\/\/wp.me\/P7sk8J-3x","_links":{"self":[{"href":"https:\/\/wp.ufpel.edu.br\/matematicanoturno\/wp-json\/wp\/v2\/pages\/219","targetHints":{"allow":["GET"]}}],"collection":[{"href":"https:\/\/wp.ufpel.edu.br\/matematicanoturno\/wp-json\/wp\/v2\/pages"}],"about":[{"href":"https:\/\/wp.ufpel.edu.br\/matematicanoturno\/wp-json\/wp\/v2\/types\/page"}],"author":[{"embeddable":true,"href":"https:\/\/wp.ufpel.edu.br\/matematicanoturno\/wp-json\/wp\/v2\/users\/466"}],"replies":[{"embeddable":true,"href":"https:\/\/wp.ufpel.edu.br\/matematicanoturno\/wp-json\/wp\/v2\/comments?post=219"}],"version-history":[{"count":1,"href":"https:\/\/wp.ufpel.edu.br\/matematicanoturno\/wp-json\/wp\/v2\/pages\/219\/revisions"}],"predecessor-version":[{"id":220,"href":"https:\/\/wp.ufpel.edu.br\/matematicanoturno\/wp-json\/wp\/v2\/pages\/219\/revisions\/220"}],"up":[{"embeddable":true,"href":"https:\/\/wp.ufpel.edu.br\/matematicanoturno\/wp-json\/wp\/v2\/pages\/166"}],"wp:attachment":[{"href":"https:\/\/wp.ufpel.edu.br\/matematicanoturno\/wp-json\/wp\/v2\/media?parent=219"}],"curies":[{"name":"wp","href":"https:\/\/api.w.org\/{rel}","templated":true}]}}