{"id":217,"date":"2014-12-01T20:17:28","date_gmt":"2014-12-01T22:17:28","guid":{"rendered":"https:\/\/wp.ufpel.edu.br\/matematicanoturno\/?page_id=217"},"modified":"2014-12-01T20:17:28","modified_gmt":"2014-12-01T22:17:28","slug":"fisica-basica-i","status":"publish","type":"page","link":"https:\/\/wp.ufpel.edu.br\/matematicanoturno\/grade-curricular-2\/fisica-basica-i\/","title":{"rendered":"F\u00edsica B\u00e1sica I"},"content":{"rendered":"<h4>FISICA B\u00c1SICA I<\/h4>\n<p>&nbsp;<\/p>\n<table>\n<tbody>\n<tr>\n<td width=\"101\">Curso\/semestre<\/td>\n<td width=\"536\">Licenciatura em Matem\u00e1tica \/Quarto<\/td>\n<\/tr>\n<tr>\n<td width=\"101\">Disciplina<\/td>\n<td width=\"536\">F\u00edsica B\u00e1sica I<\/td>\n<\/tr>\n<tr>\n<td width=\"101\">Car\u00e1ter<\/td>\n<td width=\"536\">ACA \u2013 Obrigat\u00f3ria<\/td>\n<\/tr>\n<tr>\n<td width=\"101\">Pr\u00e9-requisito<\/td>\n<td width=\"536\">Pr\u00e9-C\u00e1lculo (0100229)<\/td>\n<\/tr>\n<tr>\n<td width=\"101\">C\u00f3digo<\/td>\n<td width=\"536\">0090113<\/td>\n<\/tr>\n<tr>\n<td width=\"101\">Depto.<\/td>\n<td width=\"536\">F\u00edsica<\/td>\n<\/tr>\n<tr>\n<td width=\"101\">CHT<\/td>\n<td width=\"536\">68 horas\/aulas<\/td>\n<\/tr>\n<tr>\n<td width=\"101\">Cr\u00e9ditos<\/td>\n<td width=\"536\">04 cr\u00e9ditos<\/td>\n<\/tr>\n<tr>\n<td width=\"101\">Natureza<\/td>\n<td width=\"536\">68 aulas te\u00f3ricas<\/td>\n<\/tr>\n<tr>\n<td width=\"101\">Prof. Resp.<\/td>\n<td width=\"536\"><\/td>\n<\/tr>\n<tr>\n<td width=\"101\">Objetivos<\/td>\n<td width=\"536\">A disciplina de F\u00edsica B\u00e1sica I visa fornecer ao aluno no\u00e7\u00f5es b\u00e1sicas de Mec\u00e2nica, visando tamb\u00e9m o apoio ao estudo em outras disciplinas de seu curso que tenham conte\u00fados correlacionados a esse em sua base.<\/td>\n<\/tr>\n<tr>\n<td width=\"101\">Ementa<\/td>\n<td width=\"536\">Introdu\u00e7\u00e3o: Grandezas F\u00edsicas, Representa\u00e7\u00e3o Vetorial, Sistemas de Unidades. Movimento em uma e duas Dimens\u00f5es e Din\u00e2mica da Part\u00edcula. Trabalho, Energia e Conserva\u00e7\u00e3o de Energia. Momentum Linear. Cinem\u00e1tica e Din\u00e2mica das Rota\u00e7\u00f5es.<\/td>\n<\/tr>\n<tr>\n<td width=\"101\">Programa<\/td>\n<td width=\"536\">\n<p>INTRODU\u00c7\u00c3O: GRANDEZAS F\u00cdSICAS, REPRESENTA\u00c7\u00c3O VETORIAL, SISTEMAS DE UNIDADES<\/p>\n<p>-Medidas F\u00edsicas e Padr\u00f5es de Medida.<\/p>\n<p>-Vetores, soma de vetores.<\/p>\n<p>-Produtos Escalar e Vetorial.<\/p>\n<p>&nbsp;<\/p>\n<p>MOVIMENTO E DIN\u00c2MICA DA PART\u00cdCULA<\/p>\n<p>-Movimento em uma Dimens\u00e3o.<\/p>\n<p>-Vetores Posi\u00e7\u00e3o, Velocidade e Acelera\u00e7\u00e3o. Movimento num plano e Movimento Circular.<\/p>\n<p>-For\u00e7a e Massa, Leis de Newton.<\/p>\n<p>&nbsp;<\/p>\n<p>TRABALHO E ENERGIA<\/p>\n<p>&#8211; Trabalho e Teorema do Trabalho-Energia.Energia Cin\u00e9tica.<\/p>\n<p>&#8211; For\u00e7as Conservativas e n\u00e3o-Conservativas.<\/p>\n<p>&#8211; Conserva\u00e7\u00e3o da Energia.<\/p>\n<p>&nbsp;<\/p>\n<p>MOMENTUM LINEAR<\/p>\n<p>&#8211; Centro de Massa e movimento do Centro de Massa.<\/p>\n<p>&#8211; Teorema do Impulso-Momento para uma Part\u00edcula e para um Sistema.<\/p>\n<p>&#8211; Conserva\u00e7\u00e3o do Momentum.<\/p>\n<p>CINEM\u00c1TICA E DIN\u00c2MICA DAS ROTA\u00c7\u00d5ES<\/p>\n<p>&#8211; Cinem\u00e1tica Rotacional. Analogias com a Cinem\u00e1tica de Transla\u00e7\u00e3o. Grandezas Vetoriais na Rota\u00e7\u00e3o.<\/p>\n<p>&#8211; Torque e Din\u00e2mica Rotacional. Momento angular e momento de in\u00e9rcia.<\/p>\n<p>&#8211; Conserva\u00e7\u00e3o do Momento Angular e Precess\u00e3o.<\/td>\n<\/tr>\n<tr>\n<td width=\"101\">Bibliografia<\/td>\n<td width=\"536\">\n<p>B\u00e1sica<\/p>\n<p>HALLIDAY, D.; RESNICK, R.; WALKER, J. Fundamentos de F\u00edsica 1. Rio de Janeiro: LTC, 1996.<\/p>\n<p>RESNICK, Robert e HALLIDAY, David. F\u00edsica I, volume I. Livros T\u00e9cnicos e Cient\u00edficos Editora S\/A, 1978<\/p>\n<p>&nbsp;<\/p>\n<p>Complementar<\/p>\n<p>NUSSENZVEIG, Herch Mois\u00e9s. F\u00edsica B\u00e1sica, Volume I, Mec\u00e2nica. S\u00e3o Paulo: Edgard Blucker Ltda, 1983.<\/p>\n<p>EISBERG, Robert M. F\u00edsica I: Fundamentos e Aplica\u00e7\u00f5es. S\u00e3o Paulo: McGraw-Hill do Brasil, 1982.<\/p>\n<p>ALONSO, Marcelo. F\u00edsica I: Um Curso Universit\u00e1rio. S\u00e3o Paulo: Edgard Blucker Ltda, 1972.<\/td>\n<\/tr>\n<\/tbody>\n<\/table>\n<p><\/p>\n","protected":false},"excerpt":{"rendered":"<p>FISICA B\u00c1SICA I &nbsp; Curso\/semestre Licenciatura em Matem\u00e1tica \/Quarto Disciplina F\u00edsica B\u00e1sica I Car\u00e1ter ACA \u2013 Obrigat\u00f3ria Pr\u00e9-requisito Pr\u00e9-C\u00e1lculo (0100229) C\u00f3digo 0090113 Depto. F\u00edsica CHT 68 horas\/aulas Cr\u00e9ditos 04 cr\u00e9ditos Natureza 68 aulas te\u00f3ricas Prof. Resp. Objetivos A disciplina de F\u00edsica B\u00e1sica I visa fornecer ao aluno no\u00e7\u00f5es b\u00e1sicas de Mec\u00e2nica, visando tamb\u00e9m o apoio [&hellip;]<\/p>\n","protected":false},"author":466,"featured_media":0,"parent":166,"menu_order":0,"comment_status":"closed","ping_status":"closed","template":"page-sem-sidebar.php","meta":{"jetpack_post_was_ever_published":false,"footnotes":""},"class_list":["post-217","page","type-page","status-publish","hentry"],"jetpack_sharing_enabled":true,"jetpack_shortlink":"https:\/\/wp.me\/P7sk8J-3v","_links":{"self":[{"href":"https:\/\/wp.ufpel.edu.br\/matematicanoturno\/wp-json\/wp\/v2\/pages\/217","targetHints":{"allow":["GET"]}}],"collection":[{"href":"https:\/\/wp.ufpel.edu.br\/matematicanoturno\/wp-json\/wp\/v2\/pages"}],"about":[{"href":"https:\/\/wp.ufpel.edu.br\/matematicanoturno\/wp-json\/wp\/v2\/types\/page"}],"author":[{"embeddable":true,"href":"https:\/\/wp.ufpel.edu.br\/matematicanoturno\/wp-json\/wp\/v2\/users\/466"}],"replies":[{"embeddable":true,"href":"https:\/\/wp.ufpel.edu.br\/matematicanoturno\/wp-json\/wp\/v2\/comments?post=217"}],"version-history":[{"count":1,"href":"https:\/\/wp.ufpel.edu.br\/matematicanoturno\/wp-json\/wp\/v2\/pages\/217\/revisions"}],"predecessor-version":[{"id":218,"href":"https:\/\/wp.ufpel.edu.br\/matematicanoturno\/wp-json\/wp\/v2\/pages\/217\/revisions\/218"}],"up":[{"embeddable":true,"href":"https:\/\/wp.ufpel.edu.br\/matematicanoturno\/wp-json\/wp\/v2\/pages\/166"}],"wp:attachment":[{"href":"https:\/\/wp.ufpel.edu.br\/matematicanoturno\/wp-json\/wp\/v2\/media?parent=217"}],"curies":[{"name":"wp","href":"https:\/\/api.w.org\/{rel}","templated":true}]}}