{"id":208,"date":"2014-12-01T20:00:27","date_gmt":"2014-12-01T22:00:27","guid":{"rendered":"https:\/\/wp.ufpel.edu.br\/matematicanoturno\/?page_id=208"},"modified":"2014-12-01T20:00:27","modified_gmt":"2014-12-01T22:00:27","slug":"fundamentos-socio-historico-filosoficos-da-educacao","status":"publish","type":"page","link":"https:\/\/wp.ufpel.edu.br\/matematicanoturno\/grade-curricular-2\/fundamentos-socio-historico-filosoficos-da-educacao\/","title":{"rendered":"Fundamentos S\u00f3cio-Hist\u00f3rico-Filos\u00f3ficos da Educa\u00e7\u00e3o"},"content":{"rendered":"<h4>Fundamentos S\u00f3cio-Hist\u00f3rico-Filos\u00f3ficos da Educa\u00e7\u00e3o<\/h4>\n<table>\n<tbody>\n<tr>\n<td width=\"96\">Curso\/semestre<\/td>\n<td width=\"540\">Licenciatura em Matem\u00e1tica \/ Quarto<\/td>\n<\/tr>\n<tr>\n<td width=\"96\">Disciplina<\/td>\n<td width=\"540\">Fundamentos S\u00f3cio-Hist\u00f3rico-Filos\u00f3ficos da Educa\u00e7\u00e3o<\/td>\n<\/tr>\n<tr>\n<td width=\"96\">Car\u00e1ter<\/td>\n<td width=\"540\">ACA (Obrigat\u00f3rio)<\/td>\n<\/tr>\n<tr>\n<td width=\"96\">Pr\u00e9-requisito<\/td>\n<td width=\"540\">&#8211;<\/td>\n<\/tr>\n<tr>\n<td width=\"96\">C\u00f3digo<\/td>\n<td width=\"540\">0360246<\/td>\n<\/tr>\n<tr>\n<td width=\"96\">Depto.<\/td>\n<td width=\"540\">Departamento de Fundamentos da Educa\u00e7\u00e3o<\/td>\n<\/tr>\n<tr>\n<td width=\"96\">CHT<\/td>\n<td width=\"540\">68 horas<\/td>\n<\/tr>\n<tr>\n<td width=\"96\">Cr\u00e9ditos<\/td>\n<td width=\"540\">04<\/td>\n<\/tr>\n<tr>\n<td width=\"96\">Natureza<\/td>\n<td width=\"540\">68 te\u00f3ricas<\/td>\n<\/tr>\n<tr>\n<td width=\"96\">Prof. Resp.<\/td>\n<td width=\"540\"><\/td>\n<\/tr>\n<tr>\n<td width=\"96\">Objetivos<\/td>\n<td width=\"540\">Possibilitar aos alunos a aquisi\u00e7\u00e3o progressiva de sensibilidade e compet\u00eancia para compreender e conceituar a realidade educacional em geral e da escola, atrav\u00e9s do estado das categorias de fundamentos da educa\u00e7\u00e3o.<\/td>\n<\/tr>\n<tr>\n<td width=\"96\">Ementa<\/td>\n<td width=\"540\">Tem como objetivo os pressupostos metodol\u00f3gicos, filos\u00f3ficos, antropol\u00f3gicos, econ\u00f4micos, pol\u00edtico-institucionais e sociol\u00f3gicos de forma &#8220;interdisciplinar&#8221;, centrando-os na perspectiva de possibilitar aos alunos aquisi\u00e7\u00e3o educacional em geral e, particularmente, a escola e suas rela\u00e7\u00f5es constitutivas mais imediatas. Espera-se que os alunos desenvolvam maior capacidade de agir no meio em que vivem com perspectiva hist\u00f3rica mais elaborada.<\/td>\n<\/tr>\n<tr>\n<td width=\"96\">Programa<\/td>\n<td width=\"540\">Categorias filos\u00f3ficas apropriadas para o estudo de educa\u00e7\u00e3o em geral e da escola. Estudar as categorias hist\u00f3ricas para o estudo da educa\u00e7\u00e3o em geral e da escola. Categorias hist\u00f3ricas apropriadas para o estudo da educa\u00e7\u00e3o em geral e da escola. Categorias antropol\u00f3gicas apropriadas para o estudo da educa\u00e7\u00e3o em geral e da escola. Categorias sociol\u00f3gicas apropriadas para o estudo da educa\u00e7\u00e3o em geral e da escola.<\/td>\n<\/tr>\n<tr>\n<td width=\"96\">Bibliografia<\/td>\n<td width=\"540\">\n<p>B\u00e1sica<\/p>\n<p>ARROYO. Miguel. Oficio de Mestre.<\/p>\n<p>CHAUI, Marilena. Convite a Filosofia. S\u00e3o Paulo: \u00c1tica, 1999.<\/p>\n<p>CORTELLA, Mario S\u00e9rgio. A escola e o conhecimento. S\u00e3o Paulo: Cortez\/PF,1998.<\/p>\n<p>GADOTTI, Moacir. Hist\u00f3ria das Id\u00e9ias Pedag\u00f3gicas. S\u00e3o Paulo, \u00c1tica, 1993.<\/p>\n<p>GADOTTI, Moacir (Org.) Freire: uma biobibliografia. S\u00e3o Paulo: Cortez; 1PF; UNESCO, 1996.<\/p>\n<p>&nbsp;<\/p>\n<p>Complementar<\/p>\n<p>KIELING, Jose Fernando. Pressupostos hist\u00f3ricos dos processos educativos no meio rural. Cadernos de Educa\u00e7\u00e3o. Pelotas, FaE\/UFPel, (12): jan\/jun 1999, pp. 7i-h7.<\/p>\n<p>LEFEBVRE. Henri. Metafilosolia. Rio de Janeiro: Civiliza\u00e7\u00e3o Brasileira, 1967.<\/p>\n<p>LUCKESI, Cipriano e PASSOS, Elizete. Introdu\u00e7\u00e3o a Filosofia. 3ed. S\u00e3o Paulo: Cortez, 2000.<\/p>\n<p>MANACORDA, Mario A. Hist\u00f3ria da Educa\u00e7\u00e3o. 3ed. S\u00e3o Paulo: Cortez, 1992.<\/p>\n<p>MARTINS, Jos\u00e9 de Souza. Caminhada no Ch\u00e3o da Noite. S\u00e3o Paulo: Hucitec, 1989.<\/p>\n<p>OLIVEIRA, Avelino da Rosa. Marx e a Liberdade. Porto Alegre: EDIPUCRS, 1997 (Cole\u00e7\u00e3o Filosofia: 62).<\/p>\n<p>REVISTA EDUCA\u00c7\u00c3O SOCIEDADE. S\u00e3o Paulo, CEDES (v\u00e1rios n\u00fameros).<\/p>\n<p>ROSA, Maria da Gl\u00f3ria. A hist\u00f3ria da educa\u00e7\u00e3o atrav\u00e9s dos textos. S\u00e3o Paulo: Cultrix. 1982.<\/p>\n<p>SAVIANI, Dermeval Tend\u00eancias e correntes da educa\u00e7\u00e3o brasileira. In Mendes, Durmeval Trigueiro (org). Filosofia da Educa\u00e7\u00e3o brasileira. 2ed. Rio de Janeiro: Civiliza\u00e7\u00e3o Brasileira, 1985.<\/p>\n<p>SANTOS, Boav-entura de Souza. A critica da raz\u00e3o indolente: contra o desperd\u00edcio da experi\u00eancia. S\u00e3o Paulo: Cortez, 2000.<\/p>\n<p>SAVIANI, Dermeval. Pedagogia Hist\u00f3rica-Cr\u00edtica. 5ed. Campinas: Autores Associados, 1995.<\/p>\n<p>SEVERINO, Antonio J. Metodologia do Trabalho Cient\u00edfico. 21 ed. S\u00e3o Paulo: Cortez, 2000.<\/td>\n<\/tr>\n<\/tbody>\n<\/table>\n<p><\/p>\n","protected":false},"excerpt":{"rendered":"<p>Fundamentos S\u00f3cio-Hist\u00f3rico-Filos\u00f3ficos da Educa\u00e7\u00e3o Curso\/semestre Licenciatura em Matem\u00e1tica \/ Quarto Disciplina Fundamentos S\u00f3cio-Hist\u00f3rico-Filos\u00f3ficos da Educa\u00e7\u00e3o Car\u00e1ter ACA (Obrigat\u00f3rio) Pr\u00e9-requisito &#8211; C\u00f3digo 0360246 Depto. Departamento de Fundamentos da Educa\u00e7\u00e3o CHT 68 horas Cr\u00e9ditos 04 Natureza 68 te\u00f3ricas Prof. Resp. Objetivos Possibilitar aos alunos a aquisi\u00e7\u00e3o progressiva de sensibilidade e compet\u00eancia para compreender e conceituar a realidade [&hellip;]<\/p>\n","protected":false},"author":466,"featured_media":0,"parent":166,"menu_order":0,"comment_status":"closed","ping_status":"closed","template":"page-sem-sidebar.php","meta":{"jetpack_post_was_ever_published":false,"footnotes":""},"class_list":["post-208","page","type-page","status-publish","hentry"],"jetpack_sharing_enabled":true,"jetpack_shortlink":"https:\/\/wp.me\/P7sk8J-3m","_links":{"self":[{"href":"https:\/\/wp.ufpel.edu.br\/matematicanoturno\/wp-json\/wp\/v2\/pages\/208","targetHints":{"allow":["GET"]}}],"collection":[{"href":"https:\/\/wp.ufpel.edu.br\/matematicanoturno\/wp-json\/wp\/v2\/pages"}],"about":[{"href":"https:\/\/wp.ufpel.edu.br\/matematicanoturno\/wp-json\/wp\/v2\/types\/page"}],"author":[{"embeddable":true,"href":"https:\/\/wp.ufpel.edu.br\/matematicanoturno\/wp-json\/wp\/v2\/users\/466"}],"replies":[{"embeddable":true,"href":"https:\/\/wp.ufpel.edu.br\/matematicanoturno\/wp-json\/wp\/v2\/comments?post=208"}],"version-history":[{"count":1,"href":"https:\/\/wp.ufpel.edu.br\/matematicanoturno\/wp-json\/wp\/v2\/pages\/208\/revisions"}],"predecessor-version":[{"id":209,"href":"https:\/\/wp.ufpel.edu.br\/matematicanoturno\/wp-json\/wp\/v2\/pages\/208\/revisions\/209"}],"up":[{"embeddable":true,"href":"https:\/\/wp.ufpel.edu.br\/matematicanoturno\/wp-json\/wp\/v2\/pages\/166"}],"wp:attachment":[{"href":"https:\/\/wp.ufpel.edu.br\/matematicanoturno\/wp-json\/wp\/v2\/media?parent=208"}],"curies":[{"name":"wp","href":"https:\/\/api.w.org\/{rel}","templated":true}]}}