{"id":205,"date":"2014-12-01T19:58:25","date_gmt":"2014-12-01T21:58:25","guid":{"rendered":"https:\/\/wp.ufpel.edu.br\/matematicanoturno\/?page_id=205"},"modified":"2014-12-01T19:58:25","modified_gmt":"2014-12-01T21:58:25","slug":"calculo-ii","status":"publish","type":"page","link":"https:\/\/wp.ufpel.edu.br\/matematicanoturno\/grade-curricular-2\/calculo-ii\/","title":{"rendered":"C\u00e1lculo II"},"content":{"rendered":"<h4>C\u00e1lculo II<\/h4>\n<p>&nbsp;<\/p>\n<table>\n<tbody>\n<tr>\n<td width=\"101\">Curso\/semestre<\/td>\n<td width=\"536\">Licenciatura em Matem\u00e1tica \/ Terceiro<\/td>\n<\/tr>\n<tr>\n<td width=\"101\">Disciplina<\/td>\n<td width=\"536\">C\u00e1lculo II<\/td>\n<\/tr>\n<tr>\n<td width=\"101\">Car\u00e1ter<\/td>\n<td width=\"536\">ACA \u2013 Obrigat\u00f3rio<\/td>\n<\/tr>\n<tr>\n<td width=\"101\">Pr\u00e9-requisito<\/td>\n<td width=\"536\">C\u00e1lculo I (0100016 )<\/td>\n<\/tr>\n<tr>\n<td width=\"101\">C\u00f3digo<\/td>\n<td width=\"536\">0100017<\/td>\n<\/tr>\n<tr>\n<td width=\"101\">Depto.<\/td>\n<td width=\"536\">DME<\/td>\n<\/tr>\n<tr>\n<td width=\"101\">CHT<\/td>\n<td width=\"536\">102horas<\/td>\n<\/tr>\n<tr>\n<td width=\"101\">Cr\u00e9ditos<\/td>\n<td width=\"536\">06<\/td>\n<\/tr>\n<tr>\n<td width=\"101\">Natureza<\/td>\n<td width=\"536\">68 te\u00f3ricas \/ 34 pr\u00e1ticas<\/td>\n<\/tr>\n<tr>\n<td width=\"101\">Prof. Resp.<\/td>\n<td width=\"536\"><\/td>\n<\/tr>\n<tr>\n<td width=\"101\">Objetivos<\/td>\n<td width=\"536\">\n<p>Fornecer subs\u00eddios aos discentes a fim de que o possam aprender e aplicar os m\u00e9todos de c\u00e1lculo das integrais; criar base para o estudo de disciplinas matem\u00e1ticas posteriores.<\/p>\n<p>Desenvolver o conceito de integral indefinida<\/p>\n<p>Estudar t\u00e9cnicas de integra\u00e7\u00e3o<\/p>\n<p>Desenvolver o conceito de integral definida<\/p>\n<p>Investigar propriedades da integral definida e liga\u00e7\u00e3o entre integral definida e indefinida<\/p>\n<p>Desenvolver conceito da integral impr\u00f3pria<\/p>\n<p>Estudar aplica\u00e7\u00f5es da integral definida<\/p>\n<p>Estudar sequ\u00eancias e s\u00e9ries num\u00e9ricas e de fun\u00e7\u00f5es<\/p>\n<p>Aplicar s\u00e9ries de pot\u00eancias no desenvolvimento de fun\u00e7\u00f5es elementares<\/td>\n<\/tr>\n<tr>\n<td width=\"101\">Ementa<\/td>\n<td width=\"536\">\n<p>Integral indefinida e t\u00e9cnicas de integra\u00e7\u00e3o. Integral definida: propriedades principais, m\u00e9todos de integra\u00e7\u00e3o, teorema fundamental de c\u00e1lculo, aplica\u00e7\u00f5es. Integral impr\u00f3pria. Seq\u00fc\u00eancias e s\u00e9ries num\u00e9ricas e de fun\u00e7\u00f5es. S\u00e9rie de Taylor.<\/p>\n<p>&nbsp;<\/td>\n<\/tr>\n<tr>\n<td width=\"101\">Programa<\/td>\n<td width=\"536\">\n<p>Primitivas: conceito e principais propriedades<\/p>\n<p>Primitivas imediatas e tabela de primitiva\u00e7\u00e3o<\/p>\n<p>&nbsp;<\/p>\n<p>T\u00e9cnicas de primitiva\u00e7\u00e3o<\/p>\n<p>primitiva\u00e7\u00e3o por substitui\u00e7\u00e3o<\/p>\n<p>primitiva\u00e7\u00e3o por partes<\/p>\n<p>primitiva\u00e7\u00e3o de fun\u00e7\u00f5es racionais<\/p>\n<p>primitiva\u00e7\u00e3o de fun\u00e7\u00f5es trigonom\u00e9tricas<\/p>\n<p>primitiva\u00e7\u00e3o de fun\u00e7\u00f5es irracionais<\/p>\n<p>&nbsp;<\/p>\n<p>Integral definida<\/p>\n<p>O problema de \u00e1rea<\/p>\n<p>Somas de Riemann<\/p>\n<p>Defini\u00e7\u00e3o de integral definida<\/p>\n<p>Classes de fun\u00e7\u00f5es integr\u00e1veis por Riemann<\/p>\n<p>Principais propriedades das integrais definidas<\/p>\n<p>Teorema fundamental do C\u00e1lculo Integral<\/p>\n<p>M\u00e9todos de c\u00e1lculo da integral definida: mudan\u00e7a de vari\u00e1vel de integra\u00e7\u00e3o, integra\u00e7\u00e3o por partes<\/p>\n<p>&nbsp;<\/p>\n<p>Integrais impr\u00f3prias<\/p>\n<p>Integral impr\u00f3pria de primeira esp\u00e9cie<\/p>\n<p>Integral impr\u00f3pria de segunda esp\u00e9cie<\/p>\n<p>&nbsp;<\/p>\n<p>Aplica\u00e7\u00f5es da integral definida<\/p>\n<p>\u00c1reas de figuras planas<\/p>\n<p>Volumes de s\u00f3lidos de revolu\u00e7\u00e3o<\/p>\n<p>Comprimento de arco<\/p>\n<p>&nbsp;<\/p>\n<p>Sequ\u00eancias e s\u00e9ries<\/p>\n<p>Defini\u00e7\u00e3o de sequ\u00eancia e de s\u00e9rie<\/p>\n<p>Limite de sequ\u00eancias e converg\u00eancia de s\u00e9ries<\/p>\n<p>Testes para converg\u00eancia de s\u00e9ries<\/p>\n<p>Propriedades das s\u00e9ries convergentes<\/p>\n<p>Converg\u00eancia absoluta e testes da converg\u00eancia absoluta<\/p>\n<p>Propriedades das s\u00e9ries convergentes absolutamente<\/p>\n<p>S\u00e9ries de fun\u00e7\u00f5es, converg\u00eancia uniforme<\/p>\n<p>S\u00e9ries de pot\u00eancias e suas propriedades<\/p>\n<p>S\u00e9rie de Taylor, desenvolvimento de fun\u00e7\u00f5es elementares<\/td>\n<\/tr>\n<tr>\n<td width=\"101\">Bibliografia<\/td>\n<td width=\"536\">\n<p>B\u00e1sica<\/p>\n<p>Spivak, M. Calculus. Publish of Perish, Houston,1994.<\/p>\n<p>Tomas, George B. C\u00e1lculo, Vol 1. Addison Wesley.<\/p>\n<p>Stewart J. C\u00e1lculo. Vol.1 (Calculus. Early transcendentals)<\/p>\n<p>Leithold L. C\u00e1lculo com geometria anal\u00edtica. Ed. HARBRA Vol. 1.<\/p>\n<p>&nbsp;<\/p>\n<p>Complementar<\/p>\n<p>Edwards C.H., Penney D.E. C\u00e1lculo com geometria anal\u00edtica. Vol.1<\/p>\n<p>Lima E.L. Curso de an\u00e1lise. Projeto Euclides. Rio de Janeiro: IMPA, 1989. Vol.1<\/p>\n<p>Almay P. Elementos de c\u00e1lculo diferencial e integral. Vol. 1,2.<\/p>\n<p>Rudin W. Princ\u00edpios de An\u00e1lise Matem\u00e1tica. Ed. Ao Livros T\u00e9cnico, 1971<\/td>\n<\/tr>\n<\/tbody>\n<\/table>\n<p><\/p>\n","protected":false},"excerpt":{"rendered":"<p>C\u00e1lculo II &nbsp; Curso\/semestre Licenciatura em Matem\u00e1tica \/ Terceiro Disciplina C\u00e1lculo II Car\u00e1ter ACA \u2013 Obrigat\u00f3rio Pr\u00e9-requisito C\u00e1lculo I (0100016 ) C\u00f3digo 0100017 Depto. DME CHT 102horas Cr\u00e9ditos 06 Natureza 68 te\u00f3ricas \/ 34 pr\u00e1ticas Prof. Resp. Objetivos Fornecer subs\u00eddios aos discentes a fim de que o possam aprender e aplicar os m\u00e9todos de c\u00e1lculo [&hellip;]<\/p>\n","protected":false},"author":466,"featured_media":0,"parent":166,"menu_order":0,"comment_status":"closed","ping_status":"closed","template":"page-sem-sidebar.php","meta":{"jetpack_post_was_ever_published":false,"footnotes":""},"class_list":["post-205","page","type-page","status-publish","hentry"],"jetpack_sharing_enabled":true,"jetpack_shortlink":"https:\/\/wp.me\/P7sk8J-3j","_links":{"self":[{"href":"https:\/\/wp.ufpel.edu.br\/matematicanoturno\/wp-json\/wp\/v2\/pages\/205","targetHints":{"allow":["GET"]}}],"collection":[{"href":"https:\/\/wp.ufpel.edu.br\/matematicanoturno\/wp-json\/wp\/v2\/pages"}],"about":[{"href":"https:\/\/wp.ufpel.edu.br\/matematicanoturno\/wp-json\/wp\/v2\/types\/page"}],"author":[{"embeddable":true,"href":"https:\/\/wp.ufpel.edu.br\/matematicanoturno\/wp-json\/wp\/v2\/users\/466"}],"replies":[{"embeddable":true,"href":"https:\/\/wp.ufpel.edu.br\/matematicanoturno\/wp-json\/wp\/v2\/comments?post=205"}],"version-history":[{"count":1,"href":"https:\/\/wp.ufpel.edu.br\/matematicanoturno\/wp-json\/wp\/v2\/pages\/205\/revisions"}],"predecessor-version":[{"id":206,"href":"https:\/\/wp.ufpel.edu.br\/matematicanoturno\/wp-json\/wp\/v2\/pages\/205\/revisions\/206"}],"up":[{"embeddable":true,"href":"https:\/\/wp.ufpel.edu.br\/matematicanoturno\/wp-json\/wp\/v2\/pages\/166"}],"wp:attachment":[{"href":"https:\/\/wp.ufpel.edu.br\/matematicanoturno\/wp-json\/wp\/v2\/media?parent=205"}],"curies":[{"name":"wp","href":"https:\/\/api.w.org\/{rel}","templated":true}]}}