{"id":2034,"date":"2020-12-29T10:08:04","date_gmt":"2020-12-29T13:08:04","guid":{"rendered":"https:\/\/wp.ufpel.edu.br\/matematicanoturno\/?page_id=2034"},"modified":"2022-12-12T10:20:32","modified_gmt":"2022-12-12T13:20:32","slug":"proximos-eventos-do-calendario","status":"publish","type":"page","link":"https:\/\/wp.ufpel.edu.br\/matematicanoturno\/proximos-eventos-do-calendario\/","title":{"rendered":"Pr\u00f3ximos Eventos do Calend\u00e1rio"},"content":{"rendered":"<div class=\"dados-cobalto cobalto-eventos cobalto-eventos-layout-c cobalto-eventos-3-colunas\"><div class=\"cobalto-evento-container\"><div class=\"cobalto-evento-data\"><span class=\"cobalto-evento-mes\" style=\"background:#FF7537\">Mai<\/span><span class=\"cobalto-evento-dia\"><strong>18<\/strong><\/span><span class=\"cobalto-evento-dow\">Segunda<\/span><\/div><div class=\"cobalto-evento-descricao\">IN\u00cdCIO: Suspenso temporariamente em raz\u00e3o da greve \u2014 Per\u00edodo de inscri\u00e7\u00e3o para Transfer\u00eancia, Reop\u00e7\u00e3o, Reingresso, Retomada de Estudos e Portador de Diploma 2026\/2.<\/div><\/div><div class=\"cobalto-evento-container\"><div class=\"cobalto-evento-data\"><span class=\"cobalto-evento-mes\" style=\"background:#FF7537\">Mai<\/span><span class=\"cobalto-evento-dia\"><strong>19<\/strong><\/span><span class=\"cobalto-evento-dow\">Ter\u00e7a<\/span><\/div><div class=\"cobalto-evento-descricao\">Forma\u00e7\u00e3o Continuada para Professores: Cinedebate<\/div><\/div><div class=\"cobalto-evento-container\"><div class=\"cobalto-evento-data\"><span class=\"cobalto-evento-mes\" style=\"background:#FF7537\">Mai<\/span><span class=\"cobalto-evento-dia\"><strong>21<\/strong><\/span><span class=\"cobalto-evento-dow\">Quinta<\/span><\/div><div class=\"cobalto-evento-descricao\">Forma\u00e7\u00e3o para Professores Ingressantes<\/div><\/div><div class=\"cobalto-evento-container\"><div class=\"cobalto-evento-data\"><span class=\"cobalto-evento-mes\" style=\"background:#FF7537\">Mai<\/span><span class=\"cobalto-evento-dia\"><strong>29<\/strong><\/span><span class=\"cobalto-evento-dow\">Sexta<\/span><\/div><div class=\"cobalto-evento-descricao\">FIM: Suspenso temporariamente em raz\u00e3o da greve \u2014 Per\u00edodo de inscri\u00e7\u00e3o para Transfer\u00eancia, Reop\u00e7\u00e3o, Reingresso, Retomada de Estudos e Portador de Diploma 2026\/2.<\/div><\/div><div class=\"cobalto-evento-container\"><div class=\"cobalto-evento-data\"><span class=\"cobalto-evento-mes\" style=\"background:#F83A22\">Jun<\/span><span class=\"cobalto-evento-dia\"><strong>4<\/strong><\/span><span class=\"cobalto-evento-dow\">Quinta<\/span><\/div><div class=\"cobalto-evento-descricao\">Feriado: Corpus Christi.<\/div><\/div><div class=\"cobalto-evento-container\"><div class=\"cobalto-evento-data\"><span class=\"cobalto-evento-mes\" style=\"background:#F83A22\">Jun<\/span><span class=\"cobalto-evento-dia\"><strong>5<\/strong><\/span><span class=\"cobalto-evento-dow\">Sexta<\/span><\/div><div class=\"cobalto-evento-descricao\">Recesso administrativo e acad\u00eamico (Ponto Facultativo - Portaria MGI \u00ba 11.460\/2025)<\/div><\/div><\/div> <!-- .dados-cobalto -->\n","protected":false},"excerpt":{"rendered":"","protected":false},"author":466,"featured_media":0,"parent":0,"menu_order":0,"comment_status":"closed","ping_status":"closed","template":"","meta":{"_crdt_document":"","footnotes":""},"class_list":["post-2034","page","type-page","status-publish","hentry"],"jetpack_sharing_enabled":false,"jetpack_shortlink":"https:\/\/wp.me\/P7sk8J-wO","_links":{"self":[{"href":"https:\/\/wp.ufpel.edu.br\/matematicanoturno\/wp-json\/wp\/v2\/pages\/2034","targetHints":{"allow":["GET"]}}],"collection":[{"href":"https:\/\/wp.ufpel.edu.br\/matematicanoturno\/wp-json\/wp\/v2\/pages"}],"about":[{"href":"https:\/\/wp.ufpel.edu.br\/matematicanoturno\/wp-json\/wp\/v2\/types\/page"}],"author":[{"embeddable":true,"href":"https:\/\/wp.ufpel.edu.br\/matematicanoturno\/wp-json\/wp\/v2\/users\/466"}],"replies":[{"embeddable":true,"href":"https:\/\/wp.ufpel.edu.br\/matematicanoturno\/wp-json\/wp\/v2\/comments?post=2034"}],"version-history":[{"count":8,"href":"https:\/\/wp.ufpel.edu.br\/matematicanoturno\/wp-json\/wp\/v2\/pages\/2034\/revisions"}],"predecessor-version":[{"id":2453,"href":"https:\/\/wp.ufpel.edu.br\/matematicanoturno\/wp-json\/wp\/v2\/pages\/2034\/revisions\/2453"}],"wp:attachment":[{"href":"https:\/\/wp.ufpel.edu.br\/matematicanoturno\/wp-json\/wp\/v2\/media?parent=2034"}],"curies":[{"name":"wp","href":"https:\/\/api.w.org\/{rel}","templated":true}]}}