{"id":2025,"date":"2020-12-29T09:48:28","date_gmt":"2020-12-29T12:48:28","guid":{"rendered":"https:\/\/wp.ufpel.edu.br\/matematicanoturno\/?page_id=2025"},"modified":"2020-12-29T09:48:28","modified_gmt":"2020-12-29T12:48:28","slug":"gestao-ufpel","status":"publish","type":"page","link":"https:\/\/wp.ufpel.edu.br\/matematicanoturno\/gestao-ufpel\/","title":{"rendered":"Gest\u00e3o UFPel"},"content":{"rendered":"<div class=\"dados-cobalto cobalto-gestao\"><h3>Conselhos Superiores<\/h3><ul><li><a href=\"https:\/\/institucional.ufpel.edu.br\/unidades\/id\/664\">Conselho Coordenador do Ensino, da Pesquisa e da Extens\u00e3o - COCEPE<\/a> | Presidente: <a href=\"https:\/\/institucional.ufpel.edu.br\/servidores\/id\/153155\"><strong>ERALDO DOS SANTOS PINHEIRO<\/strong><\/a><li><a href=\"https:\/\/institucional.ufpel.edu.br\/unidades\/id\/791\">Conselho Diretor - CONDIR<\/a> | <li><a href=\"https:\/\/institucional.ufpel.edu.br\/unidades\/id\/679\">Conselho Universit\u00e1rio - CONSUN<\/a> | Presidente: <a href=\"https:\/\/institucional.ufpel.edu.br\/servidores\/id\/26956\"><strong>URSULA ROSA DA SILVA<\/strong><\/a><\/ul><h3>Reitora<\/h3><a href=\"https:\/\/institucional.ufpel.edu.br\/servidores\/id\/26956\"><strong>URSULA ROSA DA SILVA<\/strong><\/a><h3>Vice-Reitor<\/h3><a href=\"https:\/\/institucional.ufpel.edu.br\/servidores\/id\/153155\"><strong>ERALDO DOS SANTOS PINHEIRO<\/strong><\/a><ul><br><li><a href=\"https:\/\/institucional.ufpel.edu.br\/unidades\/id\/3\"><strong>Gabinete da Reitoria:<\/strong><\/a> (53) 3284-4000<li><a href=\"https:\/\/institucional.ufpel.edu.br\/servidores\/id\/34158\">Chefe: ELEONORA CAMPOS DA MOTTA SANTOS<\/a><\/ul><ul><li><a href=\"https:\/\/institucional.ufpel.edu.br\/unidades\/id\/7\"><strong>Gabinete da Vice-Reitoria:<\/strong><\/a> (53) 3284-4030<\/ul><ul><li><a href=\"https:\/\/institucional.ufpel.edu.br\/unidades\/id\/31\"><strong>Coordena\u00e7\u00e3o de Comunica\u00e7\u00e3o Social:<\/strong><\/a> (53) 3284-4009<li><a href=\"https:\/\/institucional.ufpel.edu.br\/servidores\/id\/35148\">Coordenadora: ANA DA ROSA BANDEIRA<\/a><li><a href=\"https:\/\/institucional.ufpel.edu.br\/servidores\/id\/10615\">Assessora: GABRIELA DE MELLO SILVA<\/a><li><a href=\"https:\/\/institucional.ufpel.edu.br\/servidores\/id\/36318\">Assessor: SILVANA DE ARAUJO MOREIRA<\/a><\/ul><h3>Unidades Administrativas<\/h3><ul><li><a href=\"https:\/\/institucional.ufpel.edu.br\/unidades\/id\/122\">Pr\u00f3-Reitoria Administrativa - PRA<\/a> | <a href=\"https:\/\/institucional.ufpel.edu.br\/servidores\/id\/11506\"><strong>MARIANA SCHARDOSIM TAVARES<\/strong><\/a> - Fone: (53) 3284-3920<li><a href=\"https:\/\/institucional.ufpel.edu.br\/unidades\/id\/964\">Pr\u00f3-Reitoria de A\u00e7\u00f5es Afirmativas e Equidade - PROAFE<\/a> | <a href=\"https:\/\/institucional.ufpel.edu.br\/servidores\/id\/1144\"><strong>CL\u00c1UDIA DAIANE GARCIA MOLET<\/strong><\/a> - Fone: (53) 3284-4029<li><a href=\"https:\/\/institucional.ufpel.edu.br\/unidades\/id\/212\">Pr\u00f3-Reitoria de Assuntos Estudantis - PRAE<\/a> | <a href=\"https:\/\/institucional.ufpel.edu.br\/servidores\/id\/9763\"><strong>MATHEUS CRUZ<\/strong><\/a> - Fone: (53) 3284-4300<li><a href=\"https:\/\/institucional.ufpel.edu.br\/unidades\/id\/973\">Pr\u00f3-Reitoria de Ensino - PRE<\/a> | <a href=\"https:\/\/institucional.ufpel.edu.br\/servidores\/id\/29444\"><strong>ANTONIO MAURICIO MEDEIROS ALVES<\/strong><\/a> - Fone: (53) 3284-4060<li><a href=\"https:\/\/institucional.ufpel.edu.br\/unidades\/id\/107\">Pr\u00f3-Reitoria de Extens\u00e3o e Cultura - PREC<\/a> | <a href=\"https:\/\/institucional.ufpel.edu.br\/servidores\/id\/34815\"><strong>FABIO GARCIA LIMA<\/strong><\/a> - Fone: (53) 3284-3990<li><a href=\"https:\/\/institucional.ufpel.edu.br\/unidades\/id\/197\">Pr\u00f3-Reitoria de Gest\u00e3o com Pessoas - PROGEP<\/a> | <a href=\"https:\/\/institucional.ufpel.edu.br\/servidores\/id\/175\"><strong>TAIS ULLRICH FONSECA<\/strong><\/a> - Fone: (53) 3284-3970<li><a href=\"https:\/\/institucional.ufpel.edu.br\/unidades\/id\/90\">Pr\u00f3-Reitoria de Pesquisa e P\u00f3s-Gradua\u00e7\u00e3o - PRPPG<\/a> | <a href=\"https:\/\/institucional.ufpel.edu.br\/servidores\/id\/38723\"><strong>MARCOS BRITTO CORREA<\/strong><\/a> - Fone: (53) 3284-4080<li><a href=\"https:\/\/institucional.ufpel.edu.br\/unidades\/id\/181\">Pr\u00f3-Reitoria de Planejamento e Desenvolvimento - PROPLAD<\/a> | <a href=\"https:\/\/institucional.ufpel.edu.br\/servidores\/id\/77273\"><strong>ALINE RIBEIRO PALIGA<\/strong><\/a> - Fone: (53) 3284-3950<li><a href=\"https:\/\/institucional.ufpel.edu.br\/unidades\/id\/183\">Coordena\u00e7\u00e3o de Gest\u00e3o do Or\u00e7amento - CGO<\/a> | <li><a href=\"https:\/\/institucional.ufpel.edu.br\/unidades\/id\/235\">Hospital Escola - HE<\/a> | <a href=\"https:\/\/institucional.ufpel.edu.br\/servidores\/id\/35297\"><strong>MARCELO FERNANDES CAPILHEIRA<\/strong><\/a> - Fone: (53) 3284-4900<li><a href=\"https:\/\/institucional.ufpel.edu.br\/unidades\/id\/122\">Pr\u00f3-Reitoria Administrativa - PRA<\/a> | <li><a href=\"https:\/\/institucional.ufpel.edu.br\/unidades\/id\/938\">Superintend\u00eancia de Gest\u00e3o de Tecnologia da Informa\u00e7\u00e3o e Comunica\u00e7\u00e3o - SGTIC<\/a> | <a href=\"https:\/\/institucional.ufpel.edu.br\/servidores\/id\/29773\"><strong>CHRISTIANO MARTINO OTERO AVILA<\/strong><\/a> - Fone: (53) 3284-4020<li><a href=\"https:\/\/institucional.ufpel.edu.br\/unidades\/id\/219\">Superintend\u00eancia de Infraestrutura - SUINFRA<\/a> | <a href=\"https:\/\/institucional.ufpel.edu.br\/servidores\/id\/35725\"><strong>EVERTON BONOW<\/strong><\/a> - Fone: (53) 3284-3900<li><a href=\"https:\/\/institucional.ufpel.edu.br\/unidades\/id\/957\">Superintend\u00eancia de Inova\u00e7\u00e3o e Desenvolvimento Interinstitucional - INOVA<\/a> | <a href=\"https:\/\/institucional.ufpel.edu.br\/servidores\/id\/6024\"><strong>VINICIUS FARIAS CAMPOS<\/strong><\/a> - Fone: (53) 3284-3148<li><a href=\"https:\/\/institucional.ufpel.edu.br\/unidades\/id\/1099\">Superintend\u00eancia do Campus Cap\u00e3o do Le\u00e3o - SCCL<\/a> | <a href=\"https:\/\/institucional.ufpel.edu.br\/servidores\/id\/24521\"><strong>VILSON BORBA PINTO<\/strong><\/a><\/ul><h3>Unidades Acad\u00eamicas<\/h3><ul><li><a href=\"https:\/\/institucional.ufpel.edu.br\/unidades\/id\/449\">Centro de Artes - CA<\/a> | Diretora: <a href=\"https:\/\/institucional.ufpel.edu.br\/servidores\/id\/37793\"><strong>ROBERTA COELHO BARROS<\/strong><\/a> - Fone: (53) 3284-5512<li><a href=\"https:\/\/institucional.ufpel.edu.br\/unidades\/id\/445\">Centro de Ci\u00eancias Qu\u00edmicas, Farmac\u00eauticas e de Alimentos - CCQFA<\/a> | Diretor: <a href=\"https:\/\/institucional.ufpel.edu.br\/servidores\/id\/33890\"><strong>WILSON JOAO CUNICO FILHO<\/strong><\/a> - Fone: <li><a href=\"https:\/\/institucional.ufpel.edu.br\/unidades\/id\/1092\">Centro de Ci\u00eancias Socio-Organizacionais - CCSO<\/a> | Diretora: <a href=\"https:\/\/institucional.ufpel.edu.br\/servidores\/id\/27849\"><strong>ISABEL CRISTINA ROSA BARROS RASIA<\/strong><\/a> - Fone: (53) 3284-3850<li><a href=\"https:\/\/institucional.ufpel.edu.br\/unidades\/id\/443\">Centro de Desenvolvimento Tecnol\u00f3gico - CDTEC<\/a> | Diretora: <a href=\"https:\/\/institucional.ufpel.edu.br\/servidores\/id\/153392\"><strong>AMANDA DANTAS DE OLIVEIRA<\/strong><\/a> - Fone: (53) 3284-3890<li><a href=\"https:\/\/institucional.ufpel.edu.br\/unidades\/id\/444\">Centro de Engenharias - CENG<\/a> | Diretor: <a href=\"https:\/\/institucional.ufpel.edu.br\/servidores\/id\/1301\"><strong>BRUNO MULLER VIEIRA<\/strong><\/a> - Fone: (53) 3284-1700<li><a href=\"https:\/\/institucional.ufpel.edu.br\/unidades\/id\/11\">Centro de Integra\u00e7\u00e3o do Mercosul - CIM<\/a> | Diretor: <a href=\"https:\/\/institucional.ufpel.edu.br\/servidores\/id\/32671\"><strong>JAVIER EDUARDO SILVEIRA LUZARDO<\/strong><\/a> - Fone: (53) 3284-1662<li><a href=\"https:\/\/institucional.ufpel.edu.br\/unidades\/id\/450\">Centro de Letras e Comunica\u00e7\u00e3o - CLC<\/a> | Diretora: <a href=\"https:\/\/institucional.ufpel.edu.br\/servidores\/id\/1139\"><strong>ANA PAULA NOBRE DA CUNHA<\/strong><\/a> - Fone: (53) 3284-3810<li><a href=\"https:\/\/institucional.ufpel.edu.br\/unidades\/id\/343\">Escola Superior de Educa\u00e7\u00e3o F\u00edsica e Fisioterapia - ESEF<\/a> | Diretor: <a href=\"https:\/\/institucional.ufpel.edu.br\/servidores\/id\/164262\"><strong>GABRIEL GUSTAVO BERGMANN<\/strong><\/a> - Fone: (53) 3284-4330<li><a href=\"https:\/\/institucional.ufpel.edu.br\/unidades\/id\/359\">Faculdade de Administra\u00e7\u00e3o e de Turismo - FAT<\/a> | <li><a href=\"https:\/\/institucional.ufpel.edu.br\/unidades\/id\/237\">Faculdade de Agronomia Eliseu Maciel - FAEM<\/a> | Diretor: <a href=\"https:\/\/institucional.ufpel.edu.br\/servidores\/id\/2350\"><strong>MAURICIO DE OLIVEIRA<\/strong><\/a> - Fone: <li><a href=\"https:\/\/institucional.ufpel.edu.br\/unidades\/id\/317\">Faculdade de Arquitetura e Urbanismo - FAURB<\/a> | Diretor: <a href=\"https:\/\/institucional.ufpel.edu.br\/servidores\/id\/28242\"><strong>ANTONIO CESAR SILVEIRA BAPTISTA DA SILVA<\/strong><\/a> - Fone: (53) 3284-5500<li><a href=\"https:\/\/institucional.ufpel.edu.br\/unidades\/id\/265\">Faculdade de Direito - FD<\/a> | Diretora: <a href=\"https:\/\/institucional.ufpel.edu.br\/servidores\/id\/26249\"><strong>INEZITA SILVEIRA DA COSTA<\/strong><\/a> - Fone: (53) 3284-3250<li><a href=\"https:\/\/institucional.ufpel.edu.br\/unidades\/id\/296\">Faculdade de Educa\u00e7\u00e3o - FAE<\/a> | Diretora: <a href=\"https:\/\/institucional.ufpel.edu.br\/servidores\/id\/27945\"><strong>GILSENIRA DE ALCINO RANGEL<\/strong><\/a> - Fone: <li><a href=\"https:\/\/institucional.ufpel.edu.br\/unidades\/id\/326\">Faculdade de Enfermagem - FE<\/a> | Diretora: <a href=\"https:\/\/institucional.ufpel.edu.br\/servidores\/id\/34216\"><strong>VALERIA CRISTINA CHRISTELLO COIMBRA<\/strong><\/a> - Fone: (53) 3284-3820<li><a href=\"https:\/\/institucional.ufpel.edu.br\/unidades\/id\/302\">Faculdade de Medicina - FAMED<\/a> | Diretora: <a href=\"https:\/\/institucional.ufpel.edu.br\/servidores\/id\/30818\"><strong>JULIETA MARIA CARRICONDE FRIPP<\/strong><\/a> - Fone: (53) 3284-4100<li><a href=\"https:\/\/institucional.ufpel.edu.br\/unidades\/id\/335\">Faculdade de Meteorologia - FAMET<\/a> | Diretor: <a href=\"https:\/\/institucional.ufpel.edu.br\/servidores\/id\/36626\"><strong>MARCELO FELIX ALONSO<\/strong><\/a> - Fone: (53) 3275-7328<li><a href=\"https:\/\/institucional.ufpel.edu.br\/unidades\/id\/322\">Faculdade de Nutri\u00e7\u00e3o - FN<\/a> | Diretora: <a href=\"https:\/\/institucional.ufpel.edu.br\/servidores\/id\/1219\"><strong>LUDMILA CORREA MUNIZ<\/strong><\/a> - Fone: <li><a href=\"https:\/\/institucional.ufpel.edu.br\/unidades\/id\/287\">Faculdade de Odontologia - FO<\/a> | Diretor: <a href=\"https:\/\/institucional.ufpel.edu.br\/servidores\/id\/169930\"><strong>OTAVIO PEREIRA D AVILA<\/strong><\/a> - Fone: (53) 3260-2820<li><a href=\"https:\/\/institucional.ufpel.edu.br\/unidades\/id\/273\">Faculdade de Veterin\u00e1ria - FV<\/a> | Diretor: <a href=\"https:\/\/institucional.ufpel.edu.br\/servidores\/id\/34631\"><strong>CRISTIANO SILVA DA ROSA<\/strong><\/a> - Fone: (53) 3275-7561<li><a href=\"https:\/\/institucional.ufpel.edu.br\/unidades\/id\/364\">Instituto de Biologia - IB<\/a> | Diretor: <a href=\"https:\/\/institucional.ufpel.edu.br\/servidores\/id\/26206\"><strong>LUIZ FERNANDO MINELLO<\/strong><\/a> - Fone: (53) 3275-7335<li><a href=\"https:\/\/institucional.ufpel.edu.br\/unidades\/id\/376\">Instituto de Ci\u00eancias Humanas - ICH<\/a> | Diretor: <a href=\"https:\/\/institucional.ufpel.edu.br\/servidores\/id\/23047\"><strong>SEBASTIAO PERES<\/strong><\/a> - Fone: (53) 3284-5523<li><a href=\"https:\/\/institucional.ufpel.edu.br\/unidades\/id\/404\">Instituto de Filosofia, Sociologia e Pol\u00edtica - IFISP<\/a> | Diretora: <a href=\"https:\/\/institucional.ufpel.edu.br\/servidores\/id\/139854\"><strong>ELAINE DA SILVEIRA LEITE<\/strong><\/a> - Fone: (53) 3284-5545<li><a href=\"https:\/\/institucional.ufpel.edu.br\/unidades\/id\/383\">Instituto de F\u00edsica e Matem\u00e1tica - IFM<\/a> | Diretor: <a href=\"https:\/\/institucional.ufpel.edu.br\/servidores\/id\/29448\"><strong>FERNANDO JAQUES RUIZ SIMOES JUNIOR<\/strong><\/a> - Fone: (53) 3275-7343<\/ul><\/div> <!-- .dados-cobalto -->\n","protected":false},"excerpt":{"rendered":"","protected":false},"author":466,"featured_media":0,"parent":0,"menu_order":0,"comment_status":"closed","ping_status":"closed","template":"","meta":{"jetpack_post_was_ever_published":false,"footnotes":""},"class_list":["post-2025","page","type-page","status-publish","hentry"],"jetpack_sharing_enabled":true,"jetpack_shortlink":"https:\/\/wp.me\/P7sk8J-wF","_links":{"self":[{"href":"https:\/\/wp.ufpel.edu.br\/matematicanoturno\/wp-json\/wp\/v2\/pages\/2025","targetHints":{"allow":["GET"]}}],"collection":[{"href":"https:\/\/wp.ufpel.edu.br\/matematicanoturno\/wp-json\/wp\/v2\/pages"}],"about":[{"href":"https:\/\/wp.ufpel.edu.br\/matematicanoturno\/wp-json\/wp\/v2\/types\/page"}],"author":[{"embeddable":true,"href":"https:\/\/wp.ufpel.edu.br\/matematicanoturno\/wp-json\/wp\/v2\/users\/466"}],"replies":[{"embeddable":true,"href":"https:\/\/wp.ufpel.edu.br\/matematicanoturno\/wp-json\/wp\/v2\/comments?post=2025"}],"version-history":[{"count":1,"href":"https:\/\/wp.ufpel.edu.br\/matematicanoturno\/wp-json\/wp\/v2\/pages\/2025\/revisions"}],"predecessor-version":[{"id":2027,"href":"https:\/\/wp.ufpel.edu.br\/matematicanoturno\/wp-json\/wp\/v2\/pages\/2025\/revisions\/2027"}],"wp:attachment":[{"href":"https:\/\/wp.ufpel.edu.br\/matematicanoturno\/wp-json\/wp\/v2\/media?parent=2025"}],"curies":[{"name":"wp","href":"https:\/\/api.w.org\/{rel}","templated":true}]}}