{"id":2022,"date":"2020-12-29T09:43:22","date_gmt":"2020-12-29T12:43:22","guid":{"rendered":"https:\/\/wp.ufpel.edu.br\/matematicanoturno\/?page_id=2022"},"modified":"2020-12-29T09:43:22","modified_gmt":"2020-12-29T12:43:22","slug":"matriz-curricular","status":"publish","type":"page","link":"https:\/\/wp.ufpel.edu.br\/matematicanoturno\/matriz-curricular\/","title":{"rendered":"Matriz Curricular"},"content":{"rendered":"<table class=\"dados-cobalto tabela-disciplinas\"><tr><th colspan=\"5\" class=\"tabela-quebra\">1\u00ba Semestre<\/th><\/tr><tr><th>C\u00f3digo<\/th><th>Disciplina \/ Pr\u00e9-requisitos<\/th><th>Car\u00e1ter<\/th><th>Cr.<\/th><th>Horas<\/th><\/tr><tr><td>11260054<\/td><td><a href=\"https:\/\/institucional.ufpel.edu.br\/disciplinas\/id\/51607\" target=\"_blank\">INTRODU\u00c7\u00c3O \u00c0 EDUCA\u00c7\u00c3O MATEM\u00c1TICA<\/a><\/td><td>Obrigat\u00f3ria<\/td><td>5<\/td><td>75<\/td><\/tr><tr><td>11100112<\/td><td><a href=\"https:\/\/institucional.ufpel.edu.br\/disciplinas\/id\/47564\" target=\"_blank\">MATEM\u00c1TICA ELEMENTAR: FUN\u00c7\u00d5ES<\/a><\/td><td>Obrigat\u00f3ria<\/td><td>4<\/td><td>60<\/td><\/tr><tr><td>11100078<\/td><td><a href=\"https:\/\/institucional.ufpel.edu.br\/disciplinas\/id\/33109\" target=\"_blank\">MATEM\u00c1TICA ELEMENTAR: MEDIDA E FORMA EM GEOMETRIA<\/a><\/td><td>Obrigat\u00f3ria<\/td><td>4<\/td><td>60<\/td><\/tr><tr><td>17350231<\/td><td><a href=\"https:\/\/institucional.ufpel.edu.br\/disciplinas\/id\/41362\" target=\"_blank\">PROFISS\u00c3O DOCENTE<\/a><\/td><td>Obrigat\u00f3ria<\/td><td>4<\/td><td>60<\/td><\/tr><tr><th colspan=\"5\" class=\"tabela-quebra\">2\u00ba Semestre<\/th><\/tr><tr><th>C\u00f3digo<\/th><th>Disciplina \/ Pr\u00e9-requisitos<\/th><th>Car\u00e1ter<\/th><th>Cr.<\/th><th>Horas<\/th><\/tr><tr><td>11260055<\/td><td><a href=\"https:\/\/institucional.ufpel.edu.br\/disciplinas\/id\/51608\" target=\"_blank\">CURR\u00cdCULO E EDUCA\u00c7\u00c3O MATEM\u00c1TICA<\/a><\/td><td>Obrigat\u00f3ria<\/td><td>5<\/td><td>75<\/td><\/tr><tr><td>11100079<\/td><td><a href=\"https:\/\/institucional.ufpel.edu.br\/disciplinas\/id\/33112\" target=\"_blank\">ESTRUTURAS L\u00d3GICO-DEDUTIVAS<\/a><\/td><td>Obrigat\u00f3ria<\/td><td>4<\/td><td>60<\/td><\/tr><tr><td>17360022<\/td><td><a href=\"https:\/\/institucional.ufpel.edu.br\/disciplinas\/id\/30094\" target=\"_blank\">FUND. S\u00d3CIO-HIST\u00d3RICO-FILOS\u00d3FICOS DA EDUCA\u00c7\u00c3O<\/a><\/td><td>Obrigat\u00f3ria<\/td><td>4<\/td><td>60<\/td><\/tr><tr><td>11100111<\/td><td><a href=\"https:\/\/institucional.ufpel.edu.br\/disciplinas\/id\/47563\" target=\"_blank\">MATEM\u00c1TICA ELEMENTAR: FUN\u00c7\u00d5ES TRANSCENDENTES<\/a><\/td><td>Obrigat\u00f3ria<\/td><td>6<\/td><td>90<\/td><\/tr><tr><th colspan=\"5\" class=\"tabela-quebra\">3\u00ba Semestre<\/th><\/tr><tr><th>C\u00f3digo<\/th><th>Disciplina \/ Pr\u00e9-requisitos<\/th><th>Car\u00e1ter<\/th><th>Cr.<\/th><th>Horas<\/th><\/tr><tr><td>11100123<\/td><td><a href=\"https:\/\/institucional.ufpel.edu.br\/disciplinas\/id\/47596\" target=\"_blank\">ARITM\u00c9TICA<\/a><div class=\"tabela-detalhe-info\">11100079 - ESTRUTURAS L\u00d3GICO-DEDUTIVAS<\/div><\/td><td>Obrigat\u00f3ria<\/td><td>6<\/td><td>90<\/td><\/tr><tr><td>11100113<\/td><td><a href=\"https:\/\/institucional.ufpel.edu.br\/disciplinas\/id\/47565\" target=\"_blank\">C\u00c1LCULO I<\/a><div class=\"tabela-detalhe-info\">11100112 - MATEM\u00c1TICA ELEMENTAR: FUN\u00c7\u00d5ES<\/div><div class=\"tabela-detalhe-info\">11100111 - MATEM\u00c1TICA ELEMENTAR: FUN\u00c7\u00d5ES TRANSCENDENTES<\/div><\/td><td>Obrigat\u00f3ria<\/td><td>6<\/td><td>90<\/td><\/tr><tr><td>11100099<\/td><td><a href=\"https:\/\/institucional.ufpel.edu.br\/disciplinas\/id\/45455\" target=\"_blank\">GEOMETRIA ANAL\u00cdTICA<\/a><\/td><td>Obrigat\u00f3ria<\/td><td>4<\/td><td>60<\/td><\/tr><tr><td>11260056<\/td><td><a href=\"https:\/\/institucional.ufpel.edu.br\/disciplinas\/id\/51609\" target=\"_blank\">LABORAT\u00d3RIO DE MATEM\u00c1TICA DO ENSINO FUNDAMENTAL<\/a><div class=\"tabela-detalhe-info\">11260054 - INTRODU\u00c7\u00c3O \u00c0 EDUCA\u00c7\u00c3O MATEM\u00c1TICA<\/div><div class=\"tabela-detalhe-info\">11260055 - CURR\u00cdCULO E EDUCA\u00c7\u00c3O MATEM\u00c1TICA<\/div><\/td><td>Obrigat\u00f3ria<\/td><td>5<\/td><td>75<\/td><\/tr><tr><th colspan=\"5\" class=\"tabela-quebra\">4\u00ba Semestre<\/th><\/tr><tr><th>C\u00f3digo<\/th><th>Disciplina \/ Pr\u00e9-requisitos<\/th><th>Car\u00e1ter<\/th><th>Cr.<\/th><th>Horas<\/th><\/tr><tr><td>11100100<\/td><td><a href=\"https:\/\/institucional.ufpel.edu.br\/disciplinas\/id\/45456\" target=\"_blank\">\u00c1LGEBRA LINEAR I<\/a><div class=\"tabela-detalhe-info\">11100099 - GEOMETRIA ANAL\u00cdTICA<\/div><\/td><td>Obrigat\u00f3ria<\/td><td>4<\/td><td>60<\/td><\/tr><tr><td>11100114<\/td><td><a href=\"https:\/\/institucional.ufpel.edu.br\/disciplinas\/id\/47566\" target=\"_blank\">C\u00c1LCULO II<\/a><div class=\"tabela-detalhe-info\">11100113 - C\u00c1LCULO I<\/div><\/td><td>Obrigat\u00f3ria<\/td><td>4<\/td><td>60<\/td><\/tr><tr><td>17360021<\/td><td><a href=\"https:\/\/institucional.ufpel.edu.br\/disciplinas\/id\/30093\" target=\"_blank\">FUNDAMENTOS PSICOL\u00d3GICOS DA EDUCA\u00c7\u00c3O<\/a><\/td><td>Obrigat\u00f3ria<\/td><td>4<\/td><td>60<\/td><\/tr><tr><td>11260057<\/td><td><a href=\"https:\/\/institucional.ufpel.edu.br\/disciplinas\/id\/51610\" target=\"_blank\">LABORAT\u00d3RIO DE MATEM\u00c1TICA DO ENSINO FUNDAMENTAL E TECNOLOGIAS DIGITAIS<\/a><div class=\"tabela-detalhe-info\">11260054 - INTRODU\u00c7\u00c3O \u00c0 EDUCA\u00c7\u00c3O MATEM\u00c1TICA<\/div><div class=\"tabela-detalhe-info\">11260055 - CURR\u00cdCULO E EDUCA\u00c7\u00c3O MATEM\u00c1TICA<\/div><\/td><td>Obrigat\u00f3ria<\/td><td>5<\/td><td>75<\/td><\/tr><tr><td>11100125<\/td><td><a href=\"https:\/\/institucional.ufpel.edu.br\/disciplinas\/id\/47598\" target=\"_blank\">MATEM\u00c1TICA DISCRETA A<\/a><\/td><td>Obrigat\u00f3ria<\/td><td>4<\/td><td>60<\/td><\/tr><tr><th colspan=\"5\" class=\"tabela-quebra\">5\u00ba Semestre<\/th><\/tr><tr><th>C\u00f3digo<\/th><th>Disciplina \/ Pr\u00e9-requisitos<\/th><th>Car\u00e1ter<\/th><th>Cr.<\/th><th>Horas<\/th><\/tr><tr><td>11100115<\/td><td><a href=\"https:\/\/institucional.ufpel.edu.br\/disciplinas\/id\/47567\" target=\"_blank\">C\u00c1LCULO III<\/a><div class=\"tabela-detalhe-info\">11100100 - \u00c1LGEBRA LINEAR I<\/div><div class=\"tabela-detalhe-info\">11100114 - C\u00c1LCULO II<\/div><\/td><td>Obrigat\u00f3ria<\/td><td>4<\/td><td>60<\/td><\/tr><tr><td>11100088<\/td><td><a href=\"https:\/\/institucional.ufpel.edu.br\/disciplinas\/id\/33129\" target=\"_blank\">GEOMETRIA EUCLIDIANA PLANA<\/a><div class=\"tabela-detalhe-info\">11100079 - ESTRUTURAS L\u00d3GICO-DEDUTIVAS<\/div><\/td><td>Obrigat\u00f3ria<\/td><td>4<\/td><td>60<\/td><\/tr><tr><td>11260058<\/td><td><a href=\"https:\/\/institucional.ufpel.edu.br\/disciplinas\/id\/51611\" target=\"_blank\">LABORAT\u00d3RIO DE MATEM\u00c1TICA DO ENSINO M\u00c9DIO<\/a><div class=\"tabela-detalhe-info\">11260054 - INTRODU\u00c7\u00c3O \u00c0 EDUCA\u00c7\u00c3O MATEM\u00c1TICA<\/div><div class=\"tabela-detalhe-info\">11260055 - CURR\u00cdCULO E EDUCA\u00c7\u00c3O MATEM\u00c1TICA<\/div><\/td><td>Obrigat\u00f3ria<\/td><td>5<\/td><td>75<\/td><\/tr><tr><td>20000084<\/td><td><a href=\"https:\/\/institucional.ufpel.edu.br\/disciplinas\/id\/28026\" target=\"_blank\">L\u00cdNGUA BRASILEIRA DE SINAIS I ( LIBRAS I )<\/a><\/td><td>Obrigat\u00f3ria<\/td><td>4<\/td><td>60<\/td><\/tr><tr><td>11100121<\/td><td><a href=\"https:\/\/institucional.ufpel.edu.br\/disciplinas\/id\/47594\" target=\"_blank\">PROGRAMA\u00c7\u00c3O EM SOFTWARE DE MATEM\u00c1TICA<\/a><\/td><td>Obrigat\u00f3ria<\/td><td>4<\/td><td>60<\/td><\/tr><tr><th colspan=\"5\" class=\"tabela-quebra\">6\u00ba Semestre<\/th><\/tr><tr><th>C\u00f3digo<\/th><th>Disciplina \/ Pr\u00e9-requisitos<\/th><th>Car\u00e1ter<\/th><th>Cr.<\/th><th>Horas<\/th><\/tr><tr><td>11100126<\/td><td><a href=\"https:\/\/institucional.ufpel.edu.br\/disciplinas\/id\/47599\" target=\"_blank\">\u00c1LGEBRA A<\/a><div class=\"tabela-detalhe-info\">11100123 - ARITM\u00c9TICA<\/div><\/td><td>Obrigat\u00f3ria<\/td><td>4<\/td><td>60<\/td><\/tr><tr><td>11100116<\/td><td><a href=\"https:\/\/institucional.ufpel.edu.br\/disciplinas\/id\/47568\" target=\"_blank\">C\u00c1LCULO IV<\/a><div class=\"tabela-detalhe-info\">11100115 - C\u00c1LCULO III<\/div><\/td><td>Obrigat\u00f3ria<\/td><td>4<\/td><td>60<\/td><\/tr><tr><td>17350230<\/td><td><a href=\"https:\/\/institucional.ufpel.edu.br\/disciplinas\/id\/41361\" target=\"_blank\">EDUCA\u00c7\u00c3O BRASILEIRA: ORGANIZA\u00c7\u00c3O E POL\u00cdTICAS P\u00daBLICAS (EBOPP)<\/a><\/td><td>Obrigat\u00f3ria<\/td><td>4<\/td><td>60<\/td><\/tr><tr><td>11100090<\/td><td><a href=\"https:\/\/institucional.ufpel.edu.br\/disciplinas\/id\/33132\" target=\"_blank\">GEOMETRIA EUCLIDIANA NO ESPA\u00c7O<\/a><div class=\"tabela-detalhe-info\">11100088 - GEOMETRIA EUCLIDIANA PLANA<\/div><\/td><td>Obrigat\u00f3ria<\/td><td>4<\/td><td>60<\/td><\/tr><tr><td>11260059<\/td><td><a href=\"https:\/\/institucional.ufpel.edu.br\/disciplinas\/id\/51612\" target=\"_blank\">LABORAT\u00d3RIO DE MATEM\u00c1TICA DO ENSINO M\u00c9DIO E TECNOLOGIAS DIGITAIS<\/a><div class=\"tabela-detalhe-info\">11260054 - INTRODU\u00c7\u00c3O \u00c0 EDUCA\u00c7\u00c3O MATEM\u00c1TICA<\/div><div class=\"tabela-detalhe-info\">11260055 - CURR\u00cdCULO E EDUCA\u00c7\u00c3O MATEM\u00c1TICA<\/div><\/td><td>Obrigat\u00f3ria<\/td><td>5<\/td><td>75<\/td><\/tr><tr><th colspan=\"5\" class=\"tabela-quebra\">7\u00ba Semestre<\/th><\/tr><tr><th>C\u00f3digo<\/th><th>Disciplina \/ Pr\u00e9-requisitos<\/th><th>Car\u00e1ter<\/th><th>Cr.<\/th><th>Horas<\/th><\/tr><tr><td>11100128<\/td><td><a href=\"https:\/\/institucional.ufpel.edu.br\/disciplinas\/id\/51694\" target=\"_blank\">\u00c1LGEBRA B<\/a><div class=\"tabela-detalhe-info\">11100126 - \u00c1LGEBRA A<\/div><\/td><td>Obrigat\u00f3ria<\/td><td>4<\/td><td>60<\/td><\/tr><tr><td>11100050<\/td><td><a href=\"https:\/\/institucional.ufpel.edu.br\/disciplinas\/id\/30535\" target=\"_blank\">EQUA\u00c7\u00d5ES DIFERENCIAIS<\/a><div class=\"tabela-detalhe-info\">11100115 - C\u00c1LCULO III<\/div><\/td><td>Obrigat\u00f3ria<\/td><td>4<\/td><td>60<\/td><\/tr><tr><td>11260061<\/td><td><a href=\"https:\/\/institucional.ufpel.edu.br\/disciplinas\/id\/51614\" target=\"_blank\">EST\u00c1GIO DO ENSINO FUNDAMENTAL I<\/a><div class=\"tabela-detalhe-info\">M\u00ednimo de 80 cr\u00e9ditos<\/div><\/td><td>Obrigat\u00f3ria<\/td><td>6<\/td><td>90<\/td><\/tr><tr><td>11260060<\/td><td><a href=\"https:\/\/institucional.ufpel.edu.br\/disciplinas\/id\/51613\" target=\"_blank\">HIST\u00d3RIA DA MATEM\u00c1TICA I<\/a><div class=\"tabela-detalhe-info\">11260054 - INTRODU\u00c7\u00c3O \u00c0 EDUCA\u00c7\u00c3O MATEM\u00c1TICA<\/div><\/td><td>Obrigat\u00f3ria<\/td><td>5<\/td><td>75<\/td><\/tr><tr><th colspan=\"5\" class=\"tabela-quebra\">8\u00ba Semestre<\/th><\/tr><tr><th>C\u00f3digo<\/th><th>Disciplina \/ Pr\u00e9-requisitos<\/th><th>Car\u00e1ter<\/th><th>Cr.<\/th><th>Horas<\/th><\/tr><tr><td>11100089<\/td><td><a href=\"https:\/\/institucional.ufpel.edu.br\/disciplinas\/id\/33131\" target=\"_blank\">C\u00c1LCULO NUM\u00c9RICO<\/a><div class=\"tabela-detalhe-info\">11100050 - EQUA\u00c7\u00d5ES DIFERENCIAIS<\/div><\/td><td>Obrigat\u00f3ria<\/td><td>4<\/td><td>60<\/td><\/tr><tr><td>11260064<\/td><td><a href=\"https:\/\/institucional.ufpel.edu.br\/disciplinas\/id\/51617\" target=\"_blank\">EST\u00c1GIO DO ENSINO FUNDAMENTAL II<\/a><div class=\"tabela-detalhe-info\">11260061 - EST\u00c1GIO DO ENSINO FUNDAMENTAL I<\/div><\/td><td>Obrigat\u00f3ria<\/td><td>7<\/td><td>105<\/td><\/tr><tr><td>11260063<\/td><td><a href=\"https:\/\/institucional.ufpel.edu.br\/disciplinas\/id\/51616\" target=\"_blank\">HIST\u00d3RIA DA MATEM\u00c1TICA II<\/a><div class=\"tabela-detalhe-info\">11260060 - HIST\u00d3RIA DA MATEM\u00c1TICA I<\/div><\/td><td>Obrigat\u00f3ria<\/td><td>5<\/td><td>75<\/td><\/tr><tr><td>11100091<\/td><td><a href=\"https:\/\/institucional.ufpel.edu.br\/disciplinas\/id\/33141\" target=\"_blank\">MATEM\u00c1TICA FINANCEIRA<\/a><\/td><td>Obrigat\u00f3ria<\/td><td>4<\/td><td>60<\/td><\/tr><tr><th colspan=\"5\" class=\"tabela-quebra\">9\u00ba Semestre<\/th><\/tr><tr><th>C\u00f3digo<\/th><th>Disciplina \/ Pr\u00e9-requisitos<\/th><th>Car\u00e1ter<\/th><th>Cr.<\/th><th>Horas<\/th><\/tr><tr><td>11100117<\/td><td><a href=\"https:\/\/institucional.ufpel.edu.br\/disciplinas\/id\/47569\" target=\"_blank\">AN\u00c1LISE REAL I<\/a><div class=\"tabela-detalhe-info\">11100115 - C\u00c1LCULO III<\/div><\/td><td>Obrigat\u00f3ria<\/td><td>6<\/td><td>90<\/td><\/tr><tr><td>11260066<\/td><td><a href=\"https:\/\/institucional.ufpel.edu.br\/disciplinas\/id\/51619\" target=\"_blank\">EST\u00c1GIO DO ENSINO M\u00c9DIO I<\/a><div class=\"tabela-detalhe-info\">M\u00ednimo de 80 cr\u00e9ditos<\/div><\/td><td>Obrigat\u00f3ria<\/td><td>7<\/td><td>105<\/td><\/tr><tr><td>11260065<\/td><td><a href=\"https:\/\/institucional.ufpel.edu.br\/disciplinas\/id\/51618\" target=\"_blank\">FILOSOFIA DA EDUCA\u00c7\u00c3O MATEM\u00c1TICA<\/a><div class=\"tabela-detalhe-info\">11260054 - INTRODU\u00c7\u00c3O \u00c0 EDUCA\u00c7\u00c3O MATEM\u00c1TICA<\/div><\/td><td>Obrigat\u00f3ria<\/td><td>5<\/td><td>75<\/td><\/tr><tr><th colspan=\"5\" class=\"tabela-quebra\">10\u00ba Semestre<\/th><\/tr><tr><th>C\u00f3digo<\/th><th>Disciplina \/ Pr\u00e9-requisitos<\/th><th>Car\u00e1ter<\/th><th>Cr.<\/th><th>Horas<\/th><\/tr><tr><td>11260068<\/td><td><a href=\"https:\/\/institucional.ufpel.edu.br\/disciplinas\/id\/51621\" target=\"_blank\">EST\u00c1GIO DO ENSINO M\u00c9DIO II<\/a><div class=\"tabela-detalhe-info\">11260066 - EST\u00c1GIO DO ENSINO M\u00c9DIO I<\/div><\/td><td>Obrigat\u00f3ria<\/td><td>7<\/td><td>105<\/td><\/tr><tr><td>11100026<\/td><td><a href=\"https:\/\/institucional.ufpel.edu.br\/disciplinas\/id\/30511\" target=\"_blank\">ESTAT\u00cdSTICA B\u00c1SICA<\/a><div class=\"tabela-detalhe-info\">11100114 - C\u00c1LCULO II<\/div><\/td><td>Obrigat\u00f3ria<\/td><td>4<\/td><td>60<\/td><\/tr><tr><td>11090032<\/td><td><a href=\"https:\/\/institucional.ufpel.edu.br\/disciplinas\/id\/29918\" target=\"_blank\">F\u00cdSICA B\u00c1SICA I<\/a><\/td><td>Obrigat\u00f3ria<\/td><td>4<\/td><td>60<\/td><\/tr><tr><td>11260067<\/td><td><a href=\"https:\/\/institucional.ufpel.edu.br\/disciplinas\/id\/51620\" target=\"_blank\">MATEM\u00c1TICA SOCIOCULTURAL<\/a><div class=\"tabela-detalhe-info\">11260065 - FILOSOFIA DA EDUCA\u00c7\u00c3O MATEM\u00c1TICA<\/div><\/td><td>Obrigat\u00f3ria<\/td><td>5<\/td><td>75<\/td><\/tr><tr><th colspan=\"5\" class=\"tabela-quebra\">COMPLEMENTARES<\/th><\/tr><tr><th>C\u00f3digo<\/th><th>Disciplina \/ Pr\u00e9-requisitos<\/th><th>Car\u00e1ter<\/th><th>Cr.<\/th><th>Horas<\/th><\/tr><tr><td>11260048<\/td><td><a href=\"https:\/\/institucional.ufpel.edu.br\/disciplinas\/id\/33149\" target=\"_blank\">ATIVIDADES COMPLEMENTARES<\/a><\/td><td>Atividade complementar<\/td><td>14<\/td><td>210<\/td><\/tr><tr><th colspan=\"5\" class=\"tabela-quebra\">OPTATIVAS<\/th><\/tr><tr><th>C\u00f3digo<\/th><th>Disciplina \/ Pr\u00e9-requisitos<\/th><th>Car\u00e1ter<\/th><th>Cr.<\/th><th>Horas<\/th><\/tr><tr><td>11100119<\/td><td><a href=\"https:\/\/institucional.ufpel.edu.br\/disciplinas\/id\/47592\" target=\"_blank\">\u00c1LGEBRA LINEAR II<\/a><div class=\"tabela-detalhe-info\">11100100 - \u00c1LGEBRA LINEAR I<\/div><\/td><td>Optativa<\/td><td>4<\/td><td>60<\/td><\/tr><tr><td>11100118<\/td><td><a href=\"https:\/\/institucional.ufpel.edu.br\/disciplinas\/id\/47591\" target=\"_blank\">AN\u00c1LISE REAL II<\/a><div class=\"tabela-detalhe-info\">11100117 - AN\u00c1LISE REAL I<\/div><\/td><td>Optativa<\/td><td>6<\/td><td>90<\/td><\/tr><tr><td>17360009<\/td><td><a href=\"https:\/\/institucional.ufpel.edu.br\/disciplinas\/id\/30081\" target=\"_blank\">EDUCA\u00c7\u00c3O INCLUSIVA: PEDAGOGIA DA DIFEREN\u00c7A<\/a><\/td><td>Optativa<\/td><td>4<\/td><td>60<\/td><\/tr><tr><td>11260074<\/td><td><a href=\"https:\/\/institucional.ufpel.edu.br\/disciplinas\/id\/51627\" target=\"_blank\">ENSINO DE MATEM\u00c1TICA COM A LINGUAGEM PYTHON<\/a><\/td><td>Optativa<\/td><td>5<\/td><td>75<\/td><\/tr><tr><td>11090033<\/td><td><a href=\"https:\/\/institucional.ufpel.edu.br\/disciplinas\/id\/29919\" target=\"_blank\">F\u00cdSICA B\u00c1SICA II<\/a><div class=\"tabela-detalhe-info\">11090032 - F\u00cdSICA B\u00c1SICA I<\/div><\/td><td>Optativa<\/td><td>4<\/td><td>60<\/td><\/tr><tr><td>11090034<\/td><td><a href=\"https:\/\/institucional.ufpel.edu.br\/disciplinas\/id\/29920\" target=\"_blank\">F\u00cdSICA B\u00c1SICA III<\/a><div class=\"tabela-detalhe-info\">11100113 - C\u00c1LCULO I<\/div><div class=\"tabela-detalhe-info\">11090033 - F\u00cdSICA B\u00c1SICA II<\/div><\/td><td>Optativa<\/td><td>4<\/td><td>60<\/td><\/tr><tr><td>11100093<\/td><td><a href=\"https:\/\/institucional.ufpel.edu.br\/disciplinas\/id\/33143\" target=\"_blank\">GEOMETRIA DIFERENCIAL<\/a><div class=\"tabela-detalhe-info\">11100116 - C\u00c1LCULO IV<\/div><\/td><td>Optativa<\/td><td>4<\/td><td>60<\/td><\/tr><tr><td>11260071<\/td><td><a href=\"https:\/\/institucional.ufpel.edu.br\/disciplinas\/id\/51624\" target=\"_blank\">HIST\u00d3RIA DA EDUCA\u00c7\u00c3O MATEM\u00c1TICA NO BRASIL<\/a><\/td><td>Optativa<\/td><td>5<\/td><td>75<\/td><\/tr><tr><td>11100095<\/td><td><a href=\"https:\/\/institucional.ufpel.edu.br\/disciplinas\/id\/33145\" target=\"_blank\">INTRODU\u00c7\u00c3O \u00c0 TEORIA DE GALOIS<\/a><div class=\"tabela-detalhe-info\">11100128 - \u00c1LGEBRA B<\/div><\/td><td>Optativa<\/td><td>4<\/td><td>60<\/td><\/tr><tr><td>20000262<\/td><td><a href=\"https:\/\/institucional.ufpel.edu.br\/disciplinas\/id\/28204\" target=\"_blank\">LEITURA E PRODU\u00c7\u00c3O DE TEXTOS <\/a><\/td><td>Optativa<\/td><td>4<\/td><td>60<\/td><\/tr><tr><td>20000121<\/td><td><a href=\"https:\/\/institucional.ufpel.edu.br\/disciplinas\/id\/28063\" target=\"_blank\">L\u00cdNGUA BRASILEIRA DE SINAIS II ( LIBRAS II )<\/a><div class=\"tabela-detalhe-info\">20000084 - L\u00cdNGUA BRASILEIRA DE SINAIS I ( LIBRAS I )<\/div><\/td><td>Optativa<\/td><td>4<\/td><td>60<\/td><\/tr><tr><td>11260072<\/td><td><a href=\"https:\/\/institucional.ufpel.edu.br\/disciplinas\/id\/51625\" target=\"_blank\">LIVROS DID\u00c1TICOS DE MATEM\u00c1TICA<\/a><\/td><td>Optativa<\/td><td>5<\/td><td>75<\/td><\/tr><tr><td>11100094<\/td><td><a href=\"https:\/\/institucional.ufpel.edu.br\/disciplinas\/id\/33144\" target=\"_blank\">MODELAGEM MATEM\u00c1TICA<\/a><div class=\"tabela-detalhe-info\">11100050 - EQUA\u00c7\u00d5ES DIFERENCIAIS<\/div><\/td><td>Optativa<\/td><td>4<\/td><td>60<\/td><\/tr><tr><td>11260070<\/td><td><a href=\"https:\/\/institucional.ufpel.edu.br\/disciplinas\/id\/51623\" target=\"_blank\">NARRATIVAS DIGITAIS E EDUCA\u00c7\u00c3O MATEM\u00c1TICA (EAD)<\/a><\/td><td>Optativa<\/td><td>5<\/td><td>75<\/td><\/tr><tr><td>11260075<\/td><td><a href=\"https:\/\/institucional.ufpel.edu.br\/disciplinas\/id\/51628\" target=\"_blank\">PESQUISA EM EDUCA\u00c7\u00c3O MATEM\u00c1TICA<\/a><\/td><td>Optativa<\/td><td>5<\/td><td>75<\/td><\/tr><tr><td>11260069<\/td><td><a href=\"https:\/\/institucional.ufpel.edu.br\/disciplinas\/id\/51622\" target=\"_blank\">PRODU\u00c7\u00c3O DE V\u00cdDEOS DE MATEM\u00c1TICA (EAD)<\/a><\/td><td>Optativa<\/td><td>5<\/td><td>75<\/td><\/tr><tr><td>11100122<\/td><td><a href=\"https:\/\/institucional.ufpel.edu.br\/disciplinas\/id\/47595\" target=\"_blank\">SEQU\u00caNCIAS E S\u00c9RIES<\/a><div class=\"tabela-detalhe-info\">11100115 - C\u00c1LCULO III<\/div><\/td><td>Optativa<\/td><td>4<\/td><td>60<\/td><\/tr><tr><td>11100120<\/td><td><a href=\"https:\/\/institucional.ufpel.edu.br\/disciplinas\/id\/47593\" target=\"_blank\">TOPOLOGIA I<\/a><div class=\"tabela-detalhe-info\">11100117 - AN\u00c1LISE REAL I<\/div><\/td><td>Optativa<\/td><td>4<\/td><td>60<\/td><\/tr><tr><td>11100124<\/td><td><a href=\"https:\/\/institucional.ufpel.edu.br\/disciplinas\/id\/47597\" target=\"_blank\">VARI\u00c1VEIS COMPLEXAS<\/a><div class=\"tabela-detalhe-info\">11100116 - C\u00c1LCULO IV<\/div><\/td><td>Optativa<\/td><td>4<\/td><td>60<\/td><\/tr><\/table>\n","protected":false},"excerpt":{"rendered":"","protected":false},"author":466,"featured_media":0,"parent":0,"menu_order":0,"comment_status":"closed","ping_status":"closed","template":"","meta":{"jetpack_post_was_ever_published":false,"footnotes":""},"class_list":["post-2022","page","type-page","status-publish","hentry"],"jetpack_sharing_enabled":true,"jetpack_shortlink":"https:\/\/wp.me\/P7sk8J-wC","_links":{"self":[{"href":"https:\/\/wp.ufpel.edu.br\/matematicanoturno\/wp-json\/wp\/v2\/pages\/2022","targetHints":{"allow":["GET"]}}],"collection":[{"href":"https:\/\/wp.ufpel.edu.br\/matematicanoturno\/wp-json\/wp\/v2\/pages"}],"about":[{"href":"https:\/\/wp.ufpel.edu.br\/matematicanoturno\/wp-json\/wp\/v2\/types\/page"}],"author":[{"embeddable":true,"href":"https:\/\/wp.ufpel.edu.br\/matematicanoturno\/wp-json\/wp\/v2\/users\/466"}],"replies":[{"embeddable":true,"href":"https:\/\/wp.ufpel.edu.br\/matematicanoturno\/wp-json\/wp\/v2\/comments?post=2022"}],"version-history":[{"count":2,"href":"https:\/\/wp.ufpel.edu.br\/matematicanoturno\/wp-json\/wp\/v2\/pages\/2022\/revisions"}],"predecessor-version":[{"id":2028,"href":"https:\/\/wp.ufpel.edu.br\/matematicanoturno\/wp-json\/wp\/v2\/pages\/2022\/revisions\/2028"}],"wp:attachment":[{"href":"https:\/\/wp.ufpel.edu.br\/matematicanoturno\/wp-json\/wp\/v2\/media?parent=2022"}],"curies":[{"name":"wp","href":"https:\/\/api.w.org\/{rel}","templated":true}]}}