{"id":197,"date":"2014-12-01T19:53:37","date_gmt":"2014-12-01T21:53:37","guid":{"rendered":"https:\/\/wp.ufpel.edu.br\/matematicanoturno\/?page_id=197"},"modified":"2014-12-01T19:54:04","modified_gmt":"2014-12-01T21:54:04","slug":"educacao-brasileira-organizacao-e-politicas-publicas","status":"publish","type":"page","link":"https:\/\/wp.ufpel.edu.br\/matematicanoturno\/grade-curricular-2\/educacao-brasileira-organizacao-e-politicas-publicas\/","title":{"rendered":"Educa\u00e7\u00e3o Brasileira: organiza\u00e7\u00e3o e pol\u00edticas p\u00fablicas"},"content":{"rendered":"<h4>Educa\u00e7\u00e3o Brasileira: Organiza\u00e7\u00e3o e Pol\u00edticas P\u00fablicas<\/h4>\n<p>&nbsp;<\/p>\n<table>\n<tbody>\n<tr>\n<td width=\"101\">Curso\/semestre<\/td>\n<td width=\"536\">Licenciatura em Matem\u00e1tica \/ Segundo<\/td>\n<\/tr>\n<tr>\n<td width=\"101\">Disciplina<\/td>\n<td width=\"536\">Educa\u00e7\u00e3o Brasileira: Organiza\u00e7\u00e3o e Pol\u00edticas P\u00fablicas<\/td>\n<\/tr>\n<tr>\n<td width=\"101\">Car\u00e1ter<\/td>\n<td width=\"536\">Obrigat\u00f3ria<\/td>\n<\/tr>\n<tr>\n<td width=\"101\">Pr\u00e9-requisito<\/td>\n<td width=\"536\">&#8211;<\/td>\n<\/tr>\n<tr>\n<td width=\"101\">C\u00f3digo<\/td>\n<td width=\"536\">0350233<\/td>\n<\/tr>\n<tr>\n<td width=\"101\">Depto.<\/td>\n<td width=\"536\">Departamento de Ensino<\/td>\n<\/tr>\n<tr>\n<td width=\"101\">CHT<\/td>\n<td width=\"536\">68 horas<\/td>\n<\/tr>\n<tr>\n<td width=\"101\">Cr\u00e9ditos<\/td>\n<td width=\"536\">04<\/td>\n<\/tr>\n<tr>\n<td width=\"101\">Natureza<\/td>\n<td width=\"536\">68 Te\u00f3ricas<\/td>\n<\/tr>\n<tr>\n<td width=\"101\">Prof. Resp.<\/td>\n<td width=\"536\"><\/td>\n<\/tr>\n<tr>\n<td width=\"101\">Objetivos<\/td>\n<td width=\"536\">\n<p>Compreens\u00e3o da legisla\u00e7\u00e3o, das pol\u00edticas educacionais e da realidade educacional na sua rela\u00e7\u00e3o com a estrutura pol\u00edtica, econ\u00f4mica e social;<\/p>\n<p>Desenvolver um olhar cr\u00edtico sobre os sistemas educacionais para construir instrumentos que permitam exercer a critica com objetividade, possibilitando a tomada de posi\u00e7\u00f5es e o exerc\u00edcio da analise constante das transforma\u00e7\u00f5es da realidade educacional e social;<\/p>\n<p>Obter conhecimentos e amparo para o educador e o educando &#8211; visando a garantia de direitos individuais e coletivos;<\/p>\n<p>Desenvolver o exerc\u00edcio do olhar cr\u00edtico sobre os fatos educacionais necess\u00e1rios ao professor comprometido.<\/td>\n<\/tr>\n<tr>\n<td width=\"101\">Ementa<\/td>\n<td width=\"536\">Estado e suas rela\u00e7\u00f5es com as pol\u00edticas p\u00fablicas e pol\u00edticas educacionais no percurso da hist\u00f3ria da educa\u00e7\u00e3o brasileira. Organiza\u00e7\u00e3o e funcionamento da educa\u00e7\u00e3o b\u00e1sica no Brasil. A legisla\u00e7\u00e3o, os sistemas educacionais e a organiza\u00e7\u00e3o da escola. A profissionaliza\u00e7\u00e3o docente. O financiamento da educa\u00e7\u00e3o.<\/td>\n<\/tr>\n<tr>\n<td width=\"101\">Programa<\/td>\n<td width=\"536\">\n<p>ESTADO, EDUCA\u00c7\u00c3O E SOCIEDADE<\/p>\n<p>Estado, Pol\u00edticas Sociais e Pol\u00edticas educacionais;<\/p>\n<p>Teorias do estado e Pol\u00edticas P\u00fablicas de Educa\u00e7\u00e3o no Brasil<\/p>\n<p>&nbsp;<\/p>\n<p>EDUCA\u00c7\u00c3O BRASILEIRA<\/p>\n<p>G\u00eanese da escola p\u00fablica brasileira<\/p>\n<p>Educa\u00e7\u00e3o nas Constitui\u00e7\u00f5es brasileiras: perspectiva hist\u00f3rica<\/p>\n<p>Legisla\u00e7\u00e3o de Ensino no Brasil<\/p>\n<p>&nbsp;<\/p>\n<p>ORGANIZA\u00c7\u00c3O NA EDUCA\u00c7\u00c3O<\/p>\n<p>Organiza\u00e7\u00e3o, gest\u00e3o e funcionamento da educa\u00e7\u00e3o brasileira<\/p>\n<p>Princ\u00edpios e fins da educa\u00e7\u00e3o nacional<\/p>\n<p>Regime de colabora\u00e7\u00e3o entre as esferas de poder p\u00fablico<\/p>\n<p>Educa\u00e7\u00e3o b\u00e1sica: estrutura e organiza\u00e7\u00e3o<\/p>\n<p>&nbsp;<\/p>\n<p>DEMOCRATIZA\u00c7\u00c3O DA EDUCA\u00c7\u00c3O<\/p>\n<p>Universaliza\u00e7\u00e3o do Ensino<\/p>\n<p>Democratiza\u00e7\u00e3o do acesso e Perman\u00eancia na escola<\/p>\n<p>FINANCIAMENTO DA EDUCA\u00c7\u00c3O<\/p>\n<p>&nbsp;<\/p>\n<p>PROFISSIONALIZA\u00c7\u00c3O DOCENTE<\/p>\n<p>Aspectos hist\u00f3ricos da Profiss\u00e3o Docentes<\/p>\n<p>Pol\u00edticas de Forma\u00e7\u00e3o Docente<\/p>\n<p>Valoriza\u00e7\u00e3o do Magist\u00e9rio: carreira e pol\u00edticas salariais<\/p>\n<p>&nbsp;<\/p>\n<p>Pol\u00cdTICAS P\u00daBLICAS DA EDUCA\u00c7\u00c3O BRASILEIRA NA ATUALIDADE<\/p>\n<p>Pol\u00edticas P\u00fablicas em Educa\u00e7\u00e3o<\/p>\n<p>Implanta\u00e7\u00e3o da LDBEN<\/p>\n<p>Pol\u00edticas educacionais na modalidade da educa\u00e7\u00e3o a dist\u00e2ncia<\/p>\n<p>Educa\u00e7\u00e3o e Movimentos Sociais<\/p>\n<p>Educa\u00e7\u00e3o de Adultos e Erradica\u00e7\u00e3o do Analfabetismo<\/p>\n<p>Educa\u00e7\u00e3o e financiamento internacional: Banco Mundial, UNESCO<\/p>\n<p>Limites e perspectivas da Educa\u00e7\u00e3o Brasileira<\/td>\n<\/tr>\n<tr>\n<td width=\"101\">Bibliografia<\/td>\n<td width=\"536\">\n<p>B\u00e1sica<\/p>\n<p>APPLE, M. W.; BEANE, James A. (org.) Escolas Democr\u00e1ticas. S\u00e3o Paulo: Cortez, 1997.<\/p>\n<p>AZEVEDO, Janete M. Lins de. A Educa\u00e7\u00e3o como Pol\u00edtica P\u00fablica. Campinas, SP: Autores Associados, 1997. (Cole\u00e7\u00e3o Pol\u00eamicas do Nosso Tempo, vol. 56).<\/p>\n<p>BRASIL. Minist\u00e9rio da Educa\u00e7\u00e3o. Diretrizes curriculares nacionais: educa\u00e7\u00e3o b\u00e1sica\/Brasil. Bras\u00edlia: Conselho Nacional de Educa\u00e7\u00e3o, 2004.<\/p>\n<p>_______. Lei n\u00b0 9.394, de 20 de dezembro de 1996. Estabelece as Diretrizes e Bases da Educa\u00e7\u00e3o Nacional. Di\u00e1rio Oficial da Republica Federativa do Brasil, Bras\u00edlia, Ano CXXXIV, n\u00b0 248, p. 27.8333-27.841, 23 dez. 1996.<\/p>\n<p>&nbsp;<\/p>\n<p>Complementar<\/p>\n<p>BURBULES, Nicolas C., TORRES, Carlos Alberto (org.) Globaliza\u00e7\u00e3o e Educa\u00e7\u00e3o, perspectivas criticas. Porto Alegre: Artmed.<\/p>\n<p>CURY, C. R. J. A educa\u00e7\u00e3o b\u00e1sica no Brasil. In: Educa\u00e7\u00e3o &amp; Sociedade, Campinas, SP: vol. 23, n. 80, p. 168-200, set. 2002. Dispon\u00edvel em: &lt;<a href=\"http:\/\/www.cedes.unicamp.br\">http:\/\/www.cedes. unicamp.br<\/a>&gt; acesso em: fev. 2005.<\/p>\n<p>_______. Legisla\u00e7\u00e3o educacional brasileira. Rio de Janeiro DP&amp;A, 2000.<\/p>\n<p>DALL&#8217;IGNA, Maria Antonieta. Democratiza\u00e7\u00e3o do estado e conselhos com representa\u00e7\u00e3o da sociedade civil: por que e para que s\u00e3o criados os conselhos municipais de educa\u00e7\u00e3o? Cadernos de Educa\u00e7\u00e3o\/Universidade Federal de Pelotas, Faculdade de Educa\u00e7\u00e3o. N\u00b0 9, p 145-153, (jul.\/dez.\/ 1997).<\/p>\n<p>DAVIES, N. Legisla\u00e7\u00e3o educacional federal b\u00e1sica. S\u00e3o Paulo: Cortez, 2004.<\/p>\n<p>DAVIS Claudia.[et al.]; VIEIRA, Sofia Lerche (org.). Gest\u00e3o da escola &#8211; desafios a enfrentar. Rio de Janeiro: DP&amp;A, 2002.<\/p>\n<p>FERREIRA, Naura S. C. e AGUIAR, M\u00e1rcia \u00c2ngela (orgs.) Gest\u00e3o da Educa\u00e7\u00e3o:impasses e perspectivas. 2 ed. S\u00e3o Paulo: Cortez, 2001.<\/p>\n<p>FERREIRA, Nilda Teves. Cidadania, uma quest\u00e3o para a educa\u00e7\u00e3o. Rio de Janeiro: Nova Fronteira, 1993.<\/p>\n<p>FREIRE, Paulo. Pedagogia da Autonomia. S\u00e3o Paulo: Paz e Terra. 2 ed.,1997.<\/p>\n<p>GOHN, Maria da Gloria. Movimentos Sociais e Educa\u00e7\u00e3o. 2 ed. S\u00e3o Paulo: Cortez, (Cole\u00e7\u00e3o Quest\u00f5es da nossa \u00e9poca; v.5) 1994.<\/p>\n<p>HADDAD, Sergio. A educa\u00e7\u00e3o de pessoas jovens e adultas e a nova LDB. In: BRZEZINSKI, Iria (org.). LDB interpretada: diversos olhares se entrecruzam. S\u00e3o Paulo: Cortez, 1997. p. 106-122.<\/p>\n<p>IMBERNON, Francisco (org.). A educa\u00e7\u00e3o no s\u00e9culo XXI: os desafios do futuro imediato. 2 ed. Porto Alegre. Artes M\u00e9dicas Sul, 2000.<\/p>\n<p>LIB\u00c2NEO, J. C., OLIVEIRA, J. F. de; TOSCHI, M. S. Educa\u00e7\u00e3o escolar: pol\u00edticas, estrutura e organiza\u00e7\u00e3o. S\u00e3o Paulo. Cortez, 2003.<\/p>\n<p>LIMA, Lic\u00ednio C. Organiza\u00e7\u00e3o Escolar e Democracia Radical: Paulo Freire e a Governa\u00e7\u00e3o Democr\u00e1tica da Escola Publica. S\u00e3o Paulo Cortes\/ Instituto Paulo Freire, 2000 (Guia Da Escola Cidad\u00e3).<\/p>\n<p>OLIVEIRA, Dalila Andrade, ROSAR, Maria de F\u00e1tima Felix. Pol\u00edtica e Gest\u00e3o da Educa\u00e7\u00e3o. Belo Horizonte: Aut\u00eantica, 2002.<\/p>\n<p>OLIVEIRA. In\u00eas Barbosa de (org.) A democracia no cotidiano da escola. Rio de Janeiro: DP&amp;A, SEPE, 1999.<\/p>\n<p>PARO, Vitor Henrique. Por dentro da escola publica. S\u00e3o Paulo: Xam\u00e3, 1995.<\/p>\n<p>________. Reprova\u00e7\u00e3o Escolar, renuncia a educa\u00e7\u00e3o. S\u00e3o Paulo: Xam\u00e3, 2001.<\/p>\n<p>________. Escritos sobre educa\u00e7\u00e3o. S\u00e3o Paulo: Xam\u00e3, 2001.<\/p>\n<p>TIRAMONTI, Guillermina. 0 cen\u00e1rio pol\u00edtico e educacional dos anos 90: a nova Fragmenta\u00e7\u00e3o. Cadernos de Pesquisa, n. 100, S\u00e3o Paulo, 1997. p. 79-91.<\/p>\n<p>VILLASANTE, Tomas R. Estado, sociedade e programa\u00e7\u00f5es alternativas. Revista Brasileira de Educa\u00e7\u00e3o. Jan\/fev\/mar\/abr, 1999 n.10. ANPED. p. 97-106.<\/td>\n<\/tr>\n<\/tbody>\n<\/table>\n<p>&nbsp;<\/p>\n","protected":false},"excerpt":{"rendered":"<p>Educa\u00e7\u00e3o Brasileira: Organiza\u00e7\u00e3o e Pol\u00edticas P\u00fablicas &nbsp; Curso\/semestre Licenciatura em Matem\u00e1tica \/ Segundo Disciplina Educa\u00e7\u00e3o Brasileira: Organiza\u00e7\u00e3o e Pol\u00edticas P\u00fablicas Car\u00e1ter Obrigat\u00f3ria Pr\u00e9-requisito &#8211; C\u00f3digo 0350233 Depto. Departamento de Ensino CHT 68 horas Cr\u00e9ditos 04 Natureza 68 Te\u00f3ricas Prof. Resp. Objetivos Compreens\u00e3o da legisla\u00e7\u00e3o, das pol\u00edticas educacionais e da realidade educacional na sua rela\u00e7\u00e3o com [&hellip;]<\/p>\n","protected":false},"author":466,"featured_media":0,"parent":166,"menu_order":0,"comment_status":"closed","ping_status":"closed","template":"page-sem-sidebar.php","meta":{"_crdt_document":"","footnotes":""},"class_list":["post-197","page","type-page","status-publish","hentry"],"jetpack_sharing_enabled":true,"jetpack_shortlink":"https:\/\/wp.me\/P7sk8J-3b","_links":{"self":[{"href":"https:\/\/wp.ufpel.edu.br\/matematicanoturno\/wp-json\/wp\/v2\/pages\/197","targetHints":{"allow":["GET"]}}],"collection":[{"href":"https:\/\/wp.ufpel.edu.br\/matematicanoturno\/wp-json\/wp\/v2\/pages"}],"about":[{"href":"https:\/\/wp.ufpel.edu.br\/matematicanoturno\/wp-json\/wp\/v2\/types\/page"}],"author":[{"embeddable":true,"href":"https:\/\/wp.ufpel.edu.br\/matematicanoturno\/wp-json\/wp\/v2\/users\/466"}],"replies":[{"embeddable":true,"href":"https:\/\/wp.ufpel.edu.br\/matematicanoturno\/wp-json\/wp\/v2\/comments?post=197"}],"version-history":[{"count":2,"href":"https:\/\/wp.ufpel.edu.br\/matematicanoturno\/wp-json\/wp\/v2\/pages\/197\/revisions"}],"predecessor-version":[{"id":199,"href":"https:\/\/wp.ufpel.edu.br\/matematicanoturno\/wp-json\/wp\/v2\/pages\/197\/revisions\/199"}],"up":[{"embeddable":true,"href":"https:\/\/wp.ufpel.edu.br\/matematicanoturno\/wp-json\/wp\/v2\/pages\/166"}],"wp:attachment":[{"href":"https:\/\/wp.ufpel.edu.br\/matematicanoturno\/wp-json\/wp\/v2\/media?parent=197"}],"curies":[{"name":"wp","href":"https:\/\/api.w.org\/{rel}","templated":true}]}}