{"id":1935,"date":"2020-06-18T02:20:32","date_gmt":"2020-06-18T05:20:32","guid":{"rendered":"https:\/\/wp.ufpel.edu.br\/matematicanoturno\/?page_id=1935"},"modified":"2020-06-18T02:20:32","modified_gmt":"2020-06-18T05:20:32","slug":"jubilamento-tempo-maximo-de-permanencia-no-curso","status":"publish","type":"page","link":"https:\/\/wp.ufpel.edu.br\/matematicanoturno\/jubilamento-tempo-maximo-de-permanencia-no-curso\/","title":{"rendered":"Jubilamento (Tempo M\u00e1ximo de Perman\u00eancia no Curso)"},"content":{"rendered":"<p>Configura-se Jubilamento o desligamento do discente por ter atingido o tempo m\u00e1ximo de perman\u00eancia no curso.<\/p>\n<p>O prazo m\u00e1ximo para a perman\u00eancia no CLMN a corresponde ao tempo de integraliza\u00e7\u00e3o previsto na matriz curricular do curso, constante no Projeto Pedag\u00f3gico do Curso, acrescido de dois ter\u00e7os (2\/3). Ou seja, <strong>17 semestres<\/strong>.<\/p>\n<p>O Colegiado do Curso verificar\u00e1 semestralmente os discentes pass\u00edveis de Jubilamento. Constatando a exist\u00eancia de discentes nessa condi\u00e7\u00e3o, iniciar\u00e1 um processo de desligamento, oportunizando <strong>defesa<\/strong> no prazo de <strong>at\u00e9 10 dias \u00fateis<\/strong>. Caso o Colegiado decida por aceitar a defesa do discente, dever\u00e1 elaborar um plano de estudos para a conclus\u00e3o do curso pelo discente. Esse plano <strong>n\u00e3o deve ultrapassar 2 semestres<\/strong> de perman\u00eancia do discente no curso. Caso o discente n\u00e3o cumpra o plano, o processo de desligamento ser\u00e1 encaminhado ao COCEPE.<br \/>\n(Art.158 a 162 do Regulamento do Ensino de Gradua\u00e7\u00e3o \u2013 <span style=\"color: #0000ff\"><a style=\"color: #0000ff\" href=\"https:\/\/wp.ufpel.edu.br\/scs\/files\/2018\/09\/SEI_Resolu%C3%A7%C3%A3o-29.2018-Regulamento-Ensino-de-Gradua%C3%A7%C3%A3o-I.pdf\" target=\"_blank\" rel=\"noopener noreferrer\">Resolu\u00e7\u00e3o COCEPE 29\/2018<\/a><\/span>)<\/p>\n<p>O tempo em que a matr\u00edcula estiver trancada n\u00e3o ser\u00e1 computado no prazo m\u00e1ximo de integraliza\u00e7\u00e3o curricular.<br \/>\n(Art.93 do Regulamento do Ensino de Gradua\u00e7\u00e3o \u2013 <span style=\"color: #0000ff\"><a style=\"color: #0000ff\" href=\"https:\/\/wp.ufpel.edu.br\/scs\/files\/2018\/09\/SEI_Resolu%C3%A7%C3%A3o-29.2018-Regulamento-Ensino-de-Gradua%C3%A7%C3%A3o-I.pdf\" target=\"_blank\" rel=\"noopener noreferrer\">Resolu\u00e7\u00e3o COCEPE 29\/2018<\/a><\/span>)<\/p>\n","protected":false},"excerpt":{"rendered":"<p>Configura-se Jubilamento o desligamento do discente por ter atingido o tempo m\u00e1ximo de perman\u00eancia no curso. O prazo m\u00e1ximo para a perman\u00eancia no CLMN a corresponde ao tempo de integraliza\u00e7\u00e3o previsto na matriz curricular do curso, constante no Projeto Pedag\u00f3gico do Curso, acrescido de dois ter\u00e7os (2\/3). Ou seja, 17 semestres. O Colegiado do Curso [&hellip;]<\/p>\n","protected":false},"author":466,"featured_media":0,"parent":0,"menu_order":0,"comment_status":"closed","ping_status":"closed","template":"","meta":{"jetpack_post_was_ever_published":false,"footnotes":""},"class_list":["post-1935","page","type-page","status-publish","hentry"],"jetpack_sharing_enabled":true,"jetpack_shortlink":"https:\/\/wp.me\/P7sk8J-vd","_links":{"self":[{"href":"https:\/\/wp.ufpel.edu.br\/matematicanoturno\/wp-json\/wp\/v2\/pages\/1935","targetHints":{"allow":["GET"]}}],"collection":[{"href":"https:\/\/wp.ufpel.edu.br\/matematicanoturno\/wp-json\/wp\/v2\/pages"}],"about":[{"href":"https:\/\/wp.ufpel.edu.br\/matematicanoturno\/wp-json\/wp\/v2\/types\/page"}],"author":[{"embeddable":true,"href":"https:\/\/wp.ufpel.edu.br\/matematicanoturno\/wp-json\/wp\/v2\/users\/466"}],"replies":[{"embeddable":true,"href":"https:\/\/wp.ufpel.edu.br\/matematicanoturno\/wp-json\/wp\/v2\/comments?post=1935"}],"version-history":[{"count":1,"href":"https:\/\/wp.ufpel.edu.br\/matematicanoturno\/wp-json\/wp\/v2\/pages\/1935\/revisions"}],"predecessor-version":[{"id":1937,"href":"https:\/\/wp.ufpel.edu.br\/matematicanoturno\/wp-json\/wp\/v2\/pages\/1935\/revisions\/1937"}],"wp:attachment":[{"href":"https:\/\/wp.ufpel.edu.br\/matematicanoturno\/wp-json\/wp\/v2\/media?parent=1935"}],"curies":[{"name":"wp","href":"https:\/\/api.w.org\/{rel}","templated":true}]}}