{"id":1932,"date":"2020-06-18T02:16:33","date_gmt":"2020-06-18T05:16:33","guid":{"rendered":"https:\/\/wp.ufpel.edu.br\/matematicanoturno\/?page_id=1932"},"modified":"2020-06-18T02:16:33","modified_gmt":"2020-06-18T05:16:33","slug":"perda-da-vaga-na-ufpel","status":"publish","type":"page","link":"https:\/\/wp.ufpel.edu.br\/matematicanoturno\/perda-da-vaga-na-ufpel\/","title":{"rendered":"Perda da Vaga na UFPel"},"content":{"rendered":"<p>O discente poder\u00e1 perder o v\u00ednculo com os cursos de gradua\u00e7\u00e3o da UFPel quando:<\/p>\n<ul>\n<li>n\u00e3o confirmar a matr\u00edcula, atrav\u00e9s da assinatura na Ata de Confirma\u00e7\u00e3o de Matr\u00edcula, junto ao Colegiado do Curso no per\u00edodo determinado em calend\u00e1rio acad\u00eamico;<\/li>\n<li>sofrer san\u00e7\u00e3o em decorr\u00eancia de processo administrativo disciplinar;<\/li>\n<li>n\u00e3o realizar matr\u00edcula no m\u00ednimo de cr\u00e9ditos estabelecidos \u2013 8 cr\u00e9ditos \u2013 salvo casos excepcionais.<\/li>\n<\/ul>\n<p>(Art. 154 do Regulamento do Ensino de Gradua\u00e7\u00e3o \u2013 <span style=\"color: #0000ff\"><a style=\"color: #0000ff\" href=\"https:\/\/wp.ufpel.edu.br\/scs\/files\/2018\/09\/SEI_Resolu%C3%A7%C3%A3o-29.2018-Regulamento-Ensino-de-Gradua%C3%A7%C3%A3o-I.pdf\" target=\"_blank\" rel=\"noopener noreferrer\">Resolu\u00e7\u00e3o COCEPE 29\/2018<\/a><\/span>)<\/p>\n<p>O discente SER\u00c1 desvinculado dos cursos de gradua\u00e7\u00e3o da UFPel nos seguintes casos:<\/p>\n<ul>\n<li>ingressar nas vagas reservadas (cotas, \u2026) e n\u00e3o cumprir as etapas previstas no edital;<\/li>\n<li>solicitar o cancelamento de sua matr\u00edcula junto \u00e0 CRA;<\/li>\n<li>descumprir protocolos e conv\u00eanios;<\/li>\n<li>decis\u00e3o judicial;<\/li>\n<li>falecimento;<\/li>\n<li>transfer\u00eancia para outra institui\u00e7\u00e3o de ensino superior;<\/li>\n<li>realizar troca de curso atrav\u00e9s da Reop\u00e7\u00e3o;<\/li>\n<li>abandonar o Curso (reprovar por infrequ\u00eancia ou por nota zero em todas as disciplinas que estiver matriculado no semestre que ingressou no curso, reprovar por infrequ\u00eancia ou por nota zero em todas as disciplinas que estiver matriculado em dois ou mas semestre, n\u00e3o realizar matr\u00edcula nem solicitar trancamento geral no per\u00edodo estabelecido no calend\u00e1rio acad\u00eamico \u2013 art. 157 do Regulamento)<\/li>\n<li>n\u00e3o integralizar o curso dentro de 17 semestres, caso em que ocorre o Jubilamento.<\/li>\n<\/ul>\n<p>(Art. 155 do Regulamento do Ensino de Gradua\u00e7\u00e3o \u2013 <span style=\"color: #0000ff\"><a style=\"color: #0000ff\" href=\"https:\/\/wp.ufpel.edu.br\/scs\/files\/2018\/09\/SEI_Resolu%C3%A7%C3%A3o-29.2018-Regulamento-Ensino-de-Gradua%C3%A7%C3%A3o-I.pdf\" target=\"_blank\" rel=\"noopener noreferrer\">Resolu\u00e7\u00e3o COCEPE 29\/2018<\/a><\/span>)<\/p>\n","protected":false},"excerpt":{"rendered":"<p>O discente poder\u00e1 perder o v\u00ednculo com os cursos de gradua\u00e7\u00e3o da UFPel quando: n\u00e3o confirmar a matr\u00edcula, atrav\u00e9s da assinatura na Ata de Confirma\u00e7\u00e3o de Matr\u00edcula, junto ao Colegiado do Curso no per\u00edodo determinado em calend\u00e1rio acad\u00eamico; sofrer san\u00e7\u00e3o em decorr\u00eancia de processo administrativo disciplinar; n\u00e3o realizar matr\u00edcula no m\u00ednimo de cr\u00e9ditos estabelecidos \u2013 [&hellip;]<\/p>\n","protected":false},"author":466,"featured_media":0,"parent":0,"menu_order":0,"comment_status":"closed","ping_status":"closed","template":"","meta":{"jetpack_post_was_ever_published":false,"footnotes":""},"class_list":["post-1932","page","type-page","status-publish","hentry"],"jetpack_sharing_enabled":true,"jetpack_shortlink":"https:\/\/wp.me\/P7sk8J-va","_links":{"self":[{"href":"https:\/\/wp.ufpel.edu.br\/matematicanoturno\/wp-json\/wp\/v2\/pages\/1932","targetHints":{"allow":["GET"]}}],"collection":[{"href":"https:\/\/wp.ufpel.edu.br\/matematicanoturno\/wp-json\/wp\/v2\/pages"}],"about":[{"href":"https:\/\/wp.ufpel.edu.br\/matematicanoturno\/wp-json\/wp\/v2\/types\/page"}],"author":[{"embeddable":true,"href":"https:\/\/wp.ufpel.edu.br\/matematicanoturno\/wp-json\/wp\/v2\/users\/466"}],"replies":[{"embeddable":true,"href":"https:\/\/wp.ufpel.edu.br\/matematicanoturno\/wp-json\/wp\/v2\/comments?post=1932"}],"version-history":[{"count":1,"href":"https:\/\/wp.ufpel.edu.br\/matematicanoturno\/wp-json\/wp\/v2\/pages\/1932\/revisions"}],"predecessor-version":[{"id":1934,"href":"https:\/\/wp.ufpel.edu.br\/matematicanoturno\/wp-json\/wp\/v2\/pages\/1932\/revisions\/1934"}],"wp:attachment":[{"href":"https:\/\/wp.ufpel.edu.br\/matematicanoturno\/wp-json\/wp\/v2\/media?parent=1932"}],"curies":[{"name":"wp","href":"https:\/\/api.w.org\/{rel}","templated":true}]}}