{"id":1929,"date":"2020-06-18T02:11:23","date_gmt":"2020-06-18T05:11:23","guid":{"rendered":"https:\/\/wp.ufpel.edu.br\/matematicanoturno\/?page_id=1929"},"modified":"2020-06-18T02:11:23","modified_gmt":"2020-06-18T05:11:23","slug":"ordenamento-de-matricula","status":"publish","type":"page","link":"https:\/\/wp.ufpel.edu.br\/matematicanoturno\/ordenamento-de-matricula\/","title":{"rendered":"Ordenamento de Matr\u00edcula"},"content":{"rendered":"<p>A <a href=\"https:\/\/wp.ufpel.edu.br\/scs\/files\/2019\/02\/Resolu%C3%A7%C3%A3o-47.2018-COCEPE.pdf\" target=\"_blank\" rel=\"noopener noreferrer\">Resolu\u00e7\u00e3o 47\/2018<\/a> estabelece o ordenamento de matr\u00edcula nos cursos de gradua\u00e7\u00e3o, definindo a prioridade de ocupa\u00e7\u00e3o das vagas no processo de rematr\u00edcula no sistema Cobalto.<\/p>\n<p>Ela prioriza o aluno com melhor aproveitamento acad\u00eamico e os concluintes.<\/p>\n<p>Segundo o Artigo 1\u00ba dessa resolu\u00e7\u00e3o, a ordena\u00e7\u00e3o de matr\u00edcula ser\u00e1 procedida com base em um escore individual por aluno, obtido atrav\u00e9s dos seguintes crit\u00e9rios e pondera\u00e7\u00e3o:<\/p>\n<p>CRIT\u00c9RIOS:<\/p>\n<ol>\n<li>\u00cdndice de Aproveitamento (IA) = N\u00famero de cr\u00e9ditos integralizados \/ N\u00famero de Cr\u00e9ditos matriculados<\/li>\n<li>\u00cdndice de Integraliza\u00e7\u00e3o (II) = N\u00famero de cr\u00e9ditos integralizados: (Aprovados + Dispensados) \/N\u00famero de cr\u00e9ditos obrigat\u00f3rios para conclus\u00e3o do curso<\/li>\n<li>M\u00e9dia Geral (MG) = Somat\u00f3rio das m\u00e9dias obtidas nas disciplinas \/ n\u00famero de disciplinas cursadas<\/li>\n<\/ol>\n<p>PONDERA\u00c7\u00c3O:<\/p>\n<p>\u00cdndice de Ordenamento de Matr\u00edcula (IOC) = (IA x 0,6) + (II x 0,3) + ( MG x 0,1)<\/p>\n","protected":false},"excerpt":{"rendered":"<p>A Resolu\u00e7\u00e3o 47\/2018 estabelece o ordenamento de matr\u00edcula nos cursos de gradua\u00e7\u00e3o, definindo a prioridade de ocupa\u00e7\u00e3o das vagas no processo de rematr\u00edcula no sistema Cobalto. Ela prioriza o aluno com melhor aproveitamento acad\u00eamico e os concluintes. Segundo o Artigo 1\u00ba dessa resolu\u00e7\u00e3o, a ordena\u00e7\u00e3o de matr\u00edcula ser\u00e1 procedida com base em um escore individual [&hellip;]<\/p>\n","protected":false},"author":466,"featured_media":0,"parent":0,"menu_order":0,"comment_status":"closed","ping_status":"closed","template":"","meta":{"jetpack_post_was_ever_published":false,"footnotes":""},"class_list":["post-1929","page","type-page","status-publish","hentry"],"jetpack_sharing_enabled":true,"jetpack_shortlink":"https:\/\/wp.me\/P7sk8J-v7","_links":{"self":[{"href":"https:\/\/wp.ufpel.edu.br\/matematicanoturno\/wp-json\/wp\/v2\/pages\/1929","targetHints":{"allow":["GET"]}}],"collection":[{"href":"https:\/\/wp.ufpel.edu.br\/matematicanoturno\/wp-json\/wp\/v2\/pages"}],"about":[{"href":"https:\/\/wp.ufpel.edu.br\/matematicanoturno\/wp-json\/wp\/v2\/types\/page"}],"author":[{"embeddable":true,"href":"https:\/\/wp.ufpel.edu.br\/matematicanoturno\/wp-json\/wp\/v2\/users\/466"}],"replies":[{"embeddable":true,"href":"https:\/\/wp.ufpel.edu.br\/matematicanoturno\/wp-json\/wp\/v2\/comments?post=1929"}],"version-history":[{"count":1,"href":"https:\/\/wp.ufpel.edu.br\/matematicanoturno\/wp-json\/wp\/v2\/pages\/1929\/revisions"}],"predecessor-version":[{"id":1931,"href":"https:\/\/wp.ufpel.edu.br\/matematicanoturno\/wp-json\/wp\/v2\/pages\/1929\/revisions\/1931"}],"wp:attachment":[{"href":"https:\/\/wp.ufpel.edu.br\/matematicanoturno\/wp-json\/wp\/v2\/media?parent=1929"}],"curies":[{"name":"wp","href":"https:\/\/api.w.org\/{rel}","templated":true}]}}