{"id":1926,"date":"2020-06-18T02:07:51","date_gmt":"2020-06-18T05:07:51","guid":{"rendered":"https:\/\/wp.ufpel.edu.br\/matematicanoturno\/?page_id=1926"},"modified":"2020-06-18T02:07:51","modified_gmt":"2020-06-18T05:07:51","slug":"divulgacao-das-notas","status":"publish","type":"page","link":"https:\/\/wp.ufpel.edu.br\/matematicanoturno\/divulgacao-das-notas\/","title":{"rendered":"Divulga\u00e7\u00e3o das notas"},"content":{"rendered":"<p><strong>Divulga\u00e7\u00e3o de Notas Parciais<\/strong><\/p>\n<p>Cabe ao docente registrar no sistema acad\u00eamico os resultados de cada avalia\u00e7\u00e3o parcial ao longo do per\u00edodo letivo, possibilitando o acompanhamento do discente.<br \/>\n(Art.149, III do Regulamento do Ensino de Gradua\u00e7\u00e3o \u2013 <span style=\"color: #0000ff\"><a style=\"color: #0000ff\" href=\"https:\/\/wp.ufpel.edu.br\/scs\/files\/2018\/09\/SEI_Resolu%C3%A7%C3%A3o-29.2018-Regulamento-Ensino-de-Gradua%C3%A7%C3%A3o-I.pdf\" target=\"_blank\" rel=\"noopener noreferrer\">Resolu\u00e7\u00e3o COCEPE 29\/2018<\/a><\/span>)<\/p>\n<p>&nbsp;<\/p>\n<p><strong>Divulga\u00e7\u00e3o da M\u00e9dia Final ANTES do Exame<\/strong><br \/>\nCabe ao docente registrar no sistema acad\u00eamico o resultado final do desempenho obtido pelo discente, com 72 horas de anteced\u00eancia do exame.<br \/>\n(Art.149, IV do Regulamento do Ensino de Gradua\u00e7\u00e3o \u2013 <a href=\"https:\/\/wp.ufpel.edu.br\/scs\/files\/2018\/09\/SEI_Resolu%C3%A7%C3%A3o-29.2018-Regulamento-Ensino-de-Gradua%C3%A7%C3%A3o-I.pdf\" target=\"_blank\" rel=\"noopener noreferrer\">Resolu\u00e7\u00e3o COCEPE 29\/2018<\/a>)<\/p>\n<p>Observe que Est\u00e1gios Curriculares e Trabalhos de Conclus\u00e3o de Curso (TCC) n\u00e3o s\u00e3o pass\u00edveis de exame pela natureza da atividade, sendo necess\u00e1ria a obten\u00e7\u00e3o da m\u00e9dia 7 (sete) para aprova\u00e7\u00e3o.<\/p>\n","protected":false},"excerpt":{"rendered":"<p>Divulga\u00e7\u00e3o de Notas Parciais Cabe ao docente registrar no sistema acad\u00eamico os resultados de cada avalia\u00e7\u00e3o parcial ao longo do per\u00edodo letivo, possibilitando o acompanhamento do discente. (Art.149, III do Regulamento do Ensino de Gradua\u00e7\u00e3o \u2013 Resolu\u00e7\u00e3o COCEPE 29\/2018) &nbsp; Divulga\u00e7\u00e3o da M\u00e9dia Final ANTES do Exame Cabe ao docente registrar no sistema acad\u00eamico o [&hellip;]<\/p>\n","protected":false},"author":466,"featured_media":0,"parent":0,"menu_order":0,"comment_status":"closed","ping_status":"closed","template":"","meta":{"_crdt_document":"","footnotes":""},"class_list":["post-1926","page","type-page","status-publish","hentry"],"jetpack_sharing_enabled":true,"jetpack_shortlink":"https:\/\/wp.me\/P7sk8J-v4","_links":{"self":[{"href":"https:\/\/wp.ufpel.edu.br\/matematicanoturno\/wp-json\/wp\/v2\/pages\/1926","targetHints":{"allow":["GET"]}}],"collection":[{"href":"https:\/\/wp.ufpel.edu.br\/matematicanoturno\/wp-json\/wp\/v2\/pages"}],"about":[{"href":"https:\/\/wp.ufpel.edu.br\/matematicanoturno\/wp-json\/wp\/v2\/types\/page"}],"author":[{"embeddable":true,"href":"https:\/\/wp.ufpel.edu.br\/matematicanoturno\/wp-json\/wp\/v2\/users\/466"}],"replies":[{"embeddable":true,"href":"https:\/\/wp.ufpel.edu.br\/matematicanoturno\/wp-json\/wp\/v2\/comments?post=1926"}],"version-history":[{"count":1,"href":"https:\/\/wp.ufpel.edu.br\/matematicanoturno\/wp-json\/wp\/v2\/pages\/1926\/revisions"}],"predecessor-version":[{"id":1928,"href":"https:\/\/wp.ufpel.edu.br\/matematicanoturno\/wp-json\/wp\/v2\/pages\/1926\/revisions\/1928"}],"wp:attachment":[{"href":"https:\/\/wp.ufpel.edu.br\/matematicanoturno\/wp-json\/wp\/v2\/media?parent=1926"}],"curies":[{"name":"wp","href":"https:\/\/api.w.org\/{rel}","templated":true}]}}