{"id":1923,"date":"2020-06-18T02:03:37","date_gmt":"2020-06-18T05:03:37","guid":{"rendered":"https:\/\/wp.ufpel.edu.br\/matematicanoturno\/?page_id=1923"},"modified":"2020-06-18T02:03:37","modified_gmt":"2020-06-18T05:03:37","slug":"frequencia","status":"publish","type":"page","link":"https:\/\/wp.ufpel.edu.br\/matematicanoturno\/frequencia\/","title":{"rendered":"Frequ\u00eancia"},"content":{"rendered":"<p>A frequ\u00eancia \u00e9 obrigat\u00f3ria em todas as atividades curriculares (te\u00f3ricas e pr\u00e1ticas) propostas nos planos de ensino.<\/p>\n<p>O docente dever\u00e1 realizar o registro <strong>semanal<\/strong> da frequ\u00eancia no sistema acad\u00eamico para o acompanhamento discente. (Art. 148, \u00a72\u00ba do Regulamento do Ensino de Gradua\u00e7\u00e3o \u2013 <span style=\"color: #0000ff\"><a style=\"color: #0000ff\" href=\"https:\/\/wp.ufpel.edu.br\/scs\/files\/2018\/09\/SEI_Resolu%C3%A7%C3%A3o-29.2018-Regulamento-Ensino-de-Gradua%C3%A7%C3%A3o-I.pdf\" target=\"_blank\" rel=\"noopener noreferrer\">Resolu\u00e7\u00e3o COCEPE 29\/2018<\/a><\/span>)<\/p>\n<p>Para obter a aprova\u00e7\u00e3o nos componentes curriculares o discente deve atingir a m\u00e9dia e a frequ\u00eancia m\u00ednima legal. O discente que n\u00e3o frequentar, pelo menos, 75% das aulas ser\u00e1 reprovado por infrequ\u00eancia independente da nota obtida.<\/p>\n<p>Para atividades de est\u00e1gio curricular obrigat\u00f3rio e internato, a frequ\u00eancia dever\u00e1 ser integral.<\/p>\n<p>A justificativa para faltas por motivo de doen\u00e7a ou outros n\u00e3o poder\u00e1 exceder o limite m\u00e1ximo de faltas previsto para o semestre, ou seja, 25%. H\u00e1 situa\u00e7\u00f5es previstas em lei nas quais o aluno pode ausentar-se das aulas, desde que realize <span style=\"color: #0000ff\"><a style=\"color: #0000ff\" href=\"https:\/\/wp.ufpel.edu.br\/cra\/exercicios-domiciliares\/\" target=\"_blank\" rel=\"noopener noreferrer\">exerc\u00edcios domiciliares<\/a><\/span>.<\/p>\n<p>Caso a discente precise faltar \u00e0s aulas por motivo de doen\u00e7a (por 3 dias ou menos) ou por ter participado de evento, dever\u00e1 preencher o formul\u00e1rio com sua justificativa e entregar no Colegiado do Curso, anexando a documenta\u00e7\u00e3o comprobat\u00f3ria, por\u00e9m isso n\u00e3o abonar\u00e1 a falta na disciplina, apenas a justificar\u00e1.<\/p>\n<p>Atestados m\u00e9dicos n\u00e3o abonam faltas; atestados inferiores a 3 dias permitem aos alunos realizarem avalia\u00e7\u00f5es e entrega de trabalhos com novo agendamento; e atestados superiores a este prazo possibilitam ao aluno o tratamento excepcional (exerc\u00edcios domiciliares), conforme an\u00e1lise da Per\u00edcia.<\/p>\n","protected":false},"excerpt":{"rendered":"<p>A frequ\u00eancia \u00e9 obrigat\u00f3ria em todas as atividades curriculares (te\u00f3ricas e pr\u00e1ticas) propostas nos planos de ensino. O docente dever\u00e1 realizar o registro semanal da frequ\u00eancia no sistema acad\u00eamico para o acompanhamento discente. (Art. 148, \u00a72\u00ba do Regulamento do Ensino de Gradua\u00e7\u00e3o \u2013 Resolu\u00e7\u00e3o COCEPE 29\/2018) Para obter a aprova\u00e7\u00e3o nos componentes curriculares o discente [&hellip;]<\/p>\n","protected":false},"author":466,"featured_media":0,"parent":0,"menu_order":0,"comment_status":"closed","ping_status":"closed","template":"","meta":{"jetpack_post_was_ever_published":false,"footnotes":""},"class_list":["post-1923","page","type-page","status-publish","hentry"],"jetpack_sharing_enabled":true,"jetpack_shortlink":"https:\/\/wp.me\/P7sk8J-v1","_links":{"self":[{"href":"https:\/\/wp.ufpel.edu.br\/matematicanoturno\/wp-json\/wp\/v2\/pages\/1923","targetHints":{"allow":["GET"]}}],"collection":[{"href":"https:\/\/wp.ufpel.edu.br\/matematicanoturno\/wp-json\/wp\/v2\/pages"}],"about":[{"href":"https:\/\/wp.ufpel.edu.br\/matematicanoturno\/wp-json\/wp\/v2\/types\/page"}],"author":[{"embeddable":true,"href":"https:\/\/wp.ufpel.edu.br\/matematicanoturno\/wp-json\/wp\/v2\/users\/466"}],"replies":[{"embeddable":true,"href":"https:\/\/wp.ufpel.edu.br\/matematicanoturno\/wp-json\/wp\/v2\/comments?post=1923"}],"version-history":[{"count":1,"href":"https:\/\/wp.ufpel.edu.br\/matematicanoturno\/wp-json\/wp\/v2\/pages\/1923\/revisions"}],"predecessor-version":[{"id":1925,"href":"https:\/\/wp.ufpel.edu.br\/matematicanoturno\/wp-json\/wp\/v2\/pages\/1923\/revisions\/1925"}],"wp:attachment":[{"href":"https:\/\/wp.ufpel.edu.br\/matematicanoturno\/wp-json\/wp\/v2\/media?parent=1923"}],"curies":[{"name":"wp","href":"https:\/\/api.w.org\/{rel}","templated":true}]}}