{"id":192,"date":"2014-12-01T19:50:06","date_gmt":"2014-12-01T21:50:06","guid":{"rendered":"https:\/\/wp.ufpel.edu.br\/matematicanoturno\/?page_id=192"},"modified":"2014-12-01T19:50:06","modified_gmt":"2014-12-01T21:50:06","slug":"calculo-i","status":"publish","type":"page","link":"https:\/\/wp.ufpel.edu.br\/matematicanoturno\/grade-curricular-2\/calculo-i\/","title":{"rendered":"C\u00e1lculo I"},"content":{"rendered":"<h4>C\u00e1lculo I<\/h4>\n<p>&nbsp;<\/p>\n<table>\n<tbody>\n<tr>\n<td width=\"101\">Curso\/semestre<\/td>\n<td width=\"536\">Licenciatura em Matem\u00e1tica \/ Segundo<\/td>\n<\/tr>\n<tr>\n<td width=\"101\">Disciplina<\/td>\n<td width=\"536\">C\u00e1lculo I<\/td>\n<\/tr>\n<tr>\n<td width=\"101\">Car\u00e1ter<\/td>\n<td width=\"536\">ACA \u2013 Obrigat\u00f3rio<\/td>\n<\/tr>\n<tr>\n<td width=\"101\">Pr\u00e9-requisito<\/td>\n<td width=\"536\">Pr\u00e9-C\u00e1lculo ( 0100229 )<\/td>\n<\/tr>\n<tr>\n<td width=\"101\">C\u00f3digo<\/td>\n<td width=\"536\">0100016<\/td>\n<\/tr>\n<tr>\n<td width=\"101\">Depto.<\/td>\n<td width=\"536\">DME<\/td>\n<\/tr>\n<tr>\n<td width=\"101\">CHT<\/td>\n<td width=\"536\">102 horas<\/td>\n<\/tr>\n<tr>\n<td width=\"101\">Cr\u00e9ditos<\/td>\n<td width=\"536\">06<\/td>\n<\/tr>\n<tr>\n<td width=\"101\">Natureza\/sem<\/td>\n<td width=\"536\">68 te\u00f3ricas e 34 pr\u00e1ticas\/03<\/td>\n<\/tr>\n<tr>\n<td width=\"101\">Prof. Resp.<\/td>\n<td width=\"536\"><\/td>\n<\/tr>\n<tr>\n<td width=\"101\">Objetivos<\/td>\n<td width=\"536\">\n<p>Fornecer subs\u00eddios aos discentes a fim de que o possam aprender e aplicar os m\u00e9todos de investiga\u00e7\u00e3o das principais propriedades de fun\u00e7\u00f5es reais de uma vari\u00e1vel real; criar base para o estudo de disciplinas matem\u00e1ticas posteriores.<\/p>\n<p>Desenvolver conceitos de fun\u00e7\u00e3o, limite, continuidade, diferenciabilidade de fun\u00e7\u00f5es reais de uma vari\u00e1vel real.<\/p>\n<p>Estudar t\u00e9cnicas de c\u00e1lculo de limites e derivadas.<\/p>\n<p>Estudar propriedades locais e globais de fun\u00e7\u00f5es cont\u00ednuas e diferenci\u00e1veis.<\/p>\n<p>Aplicar resultados gerais \u00e0s fun\u00e7\u00f5es elementares.<\/p>\n<p>Aplicar teoremas sobre derivadas para investiga\u00e7\u00e3o de gr\u00e1ficos das fun\u00e7\u00f5es.<\/td>\n<\/tr>\n<tr>\n<td width=\"101\">Ementa<\/td>\n<td width=\"536\">\n<p>Conjuntos num\u00e9ricos. Limite de fun\u00e7\u00f5es. C\u00e1lculo de indetermina\u00e7\u00f5es. Continuidade: propriedades locais e globais, continuidade de fun\u00e7\u00f5es elementares. Diferenciabilidade: conceitos e regras b\u00e1sicas, derivadas de fun\u00e7\u00f5es elementares, aplica\u00e7\u00f5es. An\u00e1lise de comportamento de fun\u00e7\u00f5es. F\u00f3rmula de Taylor.<\/p>\n<p>&nbsp;<\/td>\n<\/tr>\n<tr>\n<td width=\"101\">Programa<\/td>\n<td width=\"536\">\n<p><strong>Conjuntos num\u00e9ricos<\/strong><\/p>\n<p>Conceito de conjunto; opera\u00e7\u00f5es entre conjuntos: reuni\u00e3o, interse\u00e7\u00e3o, diferen\u00e7a; subconjunto.<\/p>\n<p>N\u00fameros naturais, inteiros, racionais, irracionais, reais.<\/p>\n<p>Conjuntos num\u00e9ricos, intervalo, vizinhan\u00e7a; equa\u00e7\u00f5es modulares<\/p>\n<p>&nbsp;<\/p>\n<p><strong>Fun\u00e7\u00f5es de uma vari\u00e1vel (conceitos iniciais<\/strong>)<\/p>\n<p>Conceito de fun\u00e7\u00e3o e m\u00e9todos da sua defini\u00e7\u00e3o<\/p>\n<p>Fun\u00e7\u00f5es pares e \u00edmpares; fun\u00e7\u00f5es peri\u00f3dicas<\/p>\n<p>Fun\u00e7\u00f5es mon\u00f3tonas<\/p>\n<p>Fun\u00e7\u00f5es compostas<\/p>\n<p>Fun\u00e7\u00f5es inversas<\/p>\n<p>Sequ\u00eancias como fun\u00e7\u00f5es de uma vari\u00e1vel natural<\/p>\n<p>&nbsp;<\/p>\n<p><strong>Teoria de limites<\/strong><\/p>\n<p>Ponto de acumula\u00e7\u00e3o e vizinhan\u00e7a perfurada<\/p>\n<p>Conceito do limite; unicidade do limite<\/p>\n<p>Propriedades elementares dos limites<\/p>\n<p>Limites unilaterais<\/p>\n<p>Limites infinitos, limites no infinito e indetermina\u00e7\u00f5es<\/p>\n<p>C\u00e1lculo dos limites de fun\u00e7\u00f5es elementares e seq\u00fc\u00eancias principais<\/p>\n<p>Limite de fun\u00e7\u00e3o composta<\/p>\n<p>&nbsp;<\/p>\n<p><strong>Continuidade de fun\u00e7\u00f5es<\/strong><\/p>\n<p>Continuidade num ponto e num conjunto. Liga\u00e7\u00e3o entre continuidade e limite<\/p>\n<p>Classifica\u00e7\u00e3o de descontinuidades<\/p>\n<p>Propriedades elementares de fun\u00e7\u00f5es cont\u00ednuas<\/p>\n<p>Continuidade de fun\u00e7\u00e3o composta<\/p>\n<p>Continuidade de fun\u00e7\u00f5es elementares<\/p>\n<p>Propriedades globais de fun\u00e7\u00f5es cont\u00ednuas<\/p>\n<p>&nbsp;<\/p>\n<p><strong>Diferenciabilidade<\/strong><\/p>\n<p>Conceito de derivada e de diferencial. Liga\u00e7\u00e3o entre diferenciabilidade e continuidade<\/p>\n<p>Interpreta\u00e7\u00e3o geom\u00e9trica e f\u00edsica<\/p>\n<p>Regras de deriva\u00e7\u00e3o<\/p>\n<p>Derivada da fun\u00e7\u00e3o composta e da fun\u00e7\u00e3o inversa<\/p>\n<p>Deriva\u00e7\u00e3o de fun\u00e7\u00f5es elementares<\/p>\n<p>Teorema de Rolle e de Lagrange<\/p>\n<p>Derivadas de ordem superior<\/p>\n<p>Regras de L\u2019Hospital<\/p>\n<p>F\u00f3rmula de Taylor<\/p>\n<p>Aplica\u00e7\u00e3o da derivada para investiga\u00e7\u00e3o de fun\u00e7\u00e3o e constru\u00e7\u00e3o do seu gr\u00e1fico<\/td>\n<\/tr>\n<tr>\n<td width=\"101\">Bibliografia<\/td>\n<td width=\"536\">\n<p>B\u00e1sica<\/p>\n<p>Spivak, M. Calculus. Publish of Perish, Houston,1994.<\/p>\n<p>Tomas, George B. C\u00e1lculo, Vol 1. Addison Wesley.<\/p>\n<p>Stewart J. C\u00e1lculo. Vol.1 (Calculus. Early transcendentals)<\/p>\n<p>Leithold L. C\u00e1lculo com geometria anal\u00edtica. Ed. HARBRA Vol. 1.<\/p>\n<p>&nbsp;<\/p>\n<p>Complementar<\/p>\n<p>Edwards C.H., Penney D.E. C\u00e1lculo com geometria anal\u00edtica. Vol.1<\/p>\n<p>Lima E.L. Curso de an\u00e1lise. Projeto Euclides. Rio de Janeiro: IMPA, 1989. Vol.1<\/p>\n<p>Almay P. Elementos de c\u00e1lculo diferencial e integral. Vol. 1,2.<\/p>\n<p>Rudin W. Princ\u00edpios de An\u00e1lise Matem\u00e1tica. Ed. Ao Livros T\u00e9cnico, 1971<\/td>\n<\/tr>\n<\/tbody>\n<\/table>\n<p>&nbsp;<\/p>\n<p>&nbsp;<\/p>\n","protected":false},"excerpt":{"rendered":"<p>C\u00e1lculo I &nbsp; Curso\/semestre Licenciatura em Matem\u00e1tica \/ Segundo Disciplina C\u00e1lculo I Car\u00e1ter ACA \u2013 Obrigat\u00f3rio Pr\u00e9-requisito Pr\u00e9-C\u00e1lculo ( 0100229 ) C\u00f3digo 0100016 Depto. DME CHT 102 horas Cr\u00e9ditos 06 Natureza\/sem 68 te\u00f3ricas e 34 pr\u00e1ticas\/03 Prof. Resp. Objetivos Fornecer subs\u00eddios aos discentes a fim de que o possam aprender e aplicar os m\u00e9todos de [&hellip;]<\/p>\n","protected":false},"author":466,"featured_media":0,"parent":166,"menu_order":0,"comment_status":"closed","ping_status":"closed","template":"page-sem-sidebar.php","meta":{"jetpack_post_was_ever_published":false,"footnotes":""},"class_list":["post-192","page","type-page","status-publish","hentry"],"jetpack_sharing_enabled":true,"jetpack_shortlink":"https:\/\/wp.me\/P7sk8J-36","_links":{"self":[{"href":"https:\/\/wp.ufpel.edu.br\/matematicanoturno\/wp-json\/wp\/v2\/pages\/192","targetHints":{"allow":["GET"]}}],"collection":[{"href":"https:\/\/wp.ufpel.edu.br\/matematicanoturno\/wp-json\/wp\/v2\/pages"}],"about":[{"href":"https:\/\/wp.ufpel.edu.br\/matematicanoturno\/wp-json\/wp\/v2\/types\/page"}],"author":[{"embeddable":true,"href":"https:\/\/wp.ufpel.edu.br\/matematicanoturno\/wp-json\/wp\/v2\/users\/466"}],"replies":[{"embeddable":true,"href":"https:\/\/wp.ufpel.edu.br\/matematicanoturno\/wp-json\/wp\/v2\/comments?post=192"}],"version-history":[{"count":1,"href":"https:\/\/wp.ufpel.edu.br\/matematicanoturno\/wp-json\/wp\/v2\/pages\/192\/revisions"}],"predecessor-version":[{"id":193,"href":"https:\/\/wp.ufpel.edu.br\/matematicanoturno\/wp-json\/wp\/v2\/pages\/192\/revisions\/193"}],"up":[{"embeddable":true,"href":"https:\/\/wp.ufpel.edu.br\/matematicanoturno\/wp-json\/wp\/v2\/pages\/166"}],"wp:attachment":[{"href":"https:\/\/wp.ufpel.edu.br\/matematicanoturno\/wp-json\/wp\/v2\/media?parent=192"}],"curies":[{"name":"wp","href":"https:\/\/api.w.org\/{rel}","templated":true}]}}