{"id":189,"date":"2014-12-01T19:48:23","date_gmt":"2014-12-01T21:48:23","guid":{"rendered":"https:\/\/wp.ufpel.edu.br\/matematicanoturno\/?page_id=189"},"modified":"2014-12-01T19:48:23","modified_gmt":"2014-12-01T21:48:23","slug":"geometria-analitica","status":"publish","type":"page","link":"https:\/\/wp.ufpel.edu.br\/matematicanoturno\/grade-curricular-2\/geometria-analitica\/","title":{"rendered":"Geometria Anal\u00edtica"},"content":{"rendered":"<h4>Geometria Anal\u00edtica<\/h4>\n<p>&nbsp;<\/p>\n<table>\n<tbody>\n<tr>\n<td width=\"101\">Curso\/semestre<\/td>\n<td width=\"540\">Licenciatura em Matem\u00e1tica \/ Segundo<\/td>\n<\/tr>\n<tr>\n<td width=\"101\">Disciplina<\/td>\n<td width=\"540\">Geometria Anal\u00edtica<\/td>\n<\/tr>\n<tr>\n<td width=\"101\">Car\u00e1ter<\/td>\n<td width=\"540\">ACA \u2013 Obrigat\u00f3rio<\/td>\n<\/tr>\n<tr>\n<td width=\"101\">Pr\u00e9-requisito<\/td>\n<td width=\"540\">&#8211;<\/td>\n<\/tr>\n<tr>\n<td width=\"101\">C\u00f3digo<\/td>\n<td width=\"540\">0100100<\/td>\n<\/tr>\n<tr>\n<td width=\"101\">Depto.<\/td>\n<td width=\"540\">DME<\/td>\n<\/tr>\n<tr>\n<td width=\"101\">CHT<\/td>\n<td width=\"540\">68 horas<\/td>\n<\/tr>\n<tr>\n<td width=\"101\">Cr\u00e9ditos<\/td>\n<td width=\"540\">04<\/td>\n<\/tr>\n<tr>\n<td width=\"101\">Natureza<\/td>\n<td width=\"540\">34 te\u00f3ricas \/ 34 pr\u00e1ticas<\/td>\n<\/tr>\n<tr>\n<td width=\"101\">Prof. Resp.<\/td>\n<td width=\"540\"><\/td>\n<\/tr>\n<tr>\n<td width=\"101\">Objetivos<\/td>\n<td width=\"540\">\n<p>Estudo b\u00e1sico da Geometria Anal\u00edtica no plano e no espa\u00e7o, com \u00eanfase nos seus aspectos geom\u00e9tricos e suas tradu\u00e7\u00f5es em coordenadas cartesianas, lugares geom\u00e9tricos e transforma\u00e7\u00f5es, visando o embasamento das demais disciplinas do curso que dela dependem.<\/p>\n<p>Resolver problemas espec\u00edficos de Geometria Anal\u00edtica Plana e Espacial.<\/p>\n<p>Desenvolver e aprofundar conte\u00fados relacionados com a Geometria Anal\u00edtica Plana e Espacial.<\/p>\n<p>&nbsp;<\/td>\n<\/tr>\n<tr>\n<td width=\"101\">Ementa<\/td>\n<td width=\"540\">\n<p>Geometria Anal\u00edtica Plana: Vetores, Reta, Circunfer\u00eancia, Elipse, Par\u00e1bola, Hip\u00e9rbole, Mudan\u00e7a de Coordenadas. Geometria Anal\u00edtica Espacial: Vetores, Reta, Superf\u00edcies, Qu\u00e1dricas, Mudan\u00e7a de Coordenadas. Classifica\u00e7\u00e3o de C\u00f4nicas e Qu\u00e1dricas.<\/p>\n<p>&nbsp;<\/td>\n<\/tr>\n<tr>\n<td width=\"101\">Programa<\/td>\n<td width=\"540\">\n<p><strong>Coordenadas e Vetores<\/strong><\/p>\n<p>Conceitos primitivos e axiomas da Geometria Euclidiana Cl\u00e1ssica (Geometria Elementar)<\/p>\n<p>Eixo, Segmentos orientados, Equipol\u00eancia<\/p>\n<p>Vetores (No\u00e7\u00e3o geom\u00e9trica)<\/p>\n<p>Defini\u00e7\u00e3o<\/p>\n<p>\u00c2ngulo \u00a0 Adi\u00e7\u00e3o de vetores<\/p>\n<p>Multiplica\u00e7\u00e3o por escalar<\/p>\n<p>Norma<\/p>\n<p>Produto Escalar<\/p>\n<p>Origem, Combina\u00e7\u00f5es lineares, Bases e Coordenadas<\/p>\n<p>Bases Ortonormais, Coordenadas Cartesianas. O plano R2 e o espa\u00e7o R3<\/p>\n<p>&nbsp;<\/p>\n<p><strong>A Reta no Plano<\/strong><\/p>\n<p>Dist\u00e2ncia entre dois ponto<\/p>\n<p>Reta: equa\u00e7\u00e3o vetorial, equa\u00e7\u00f5es param\u00e9tricas, equa\u00e7\u00e3o cartesiana<\/p>\n<p>Posi\u00e7\u00f5es relativas de duas retas: \u00e2ngulo entre duas retas, reta paralela a uma reta por um ponto dado, reta por dois pontos dados<\/p>\n<p>Dist\u00e2ncias e \u00c1reas: de um ponto a uma reta, entre duas retas, \u00e1rea do tri\u00e2ngulo, \u00e1rea do paralelogramo, condi\u00e7\u00e3o de alinhamento de tr\u00eas pontos<\/p>\n<p>Reta como curva de n\u00edvel. Desigualdades lineares ( No\u00e7\u00e3o de Programa\u00e7\u00e3o Linear)<\/p>\n<p>A reta como gr\u00e1fico de uma fun\u00e7\u00e3o<\/p>\n<p>Proje\u00e7\u00e3o ortogonal de um vetor<\/p>\n<p><strong> C\u00f4nicas e Mudan\u00e7a de Coordenadas<\/strong><\/p>\n<p>Circunfer\u00eancia<\/p>\n<p>Elipse<\/p>\n<p>Hip\u00e9rbole<\/p>\n<p>Par\u00e1bola<\/p>\n<p>Mudan\u00e7a de Coordenadas (de origem e base) e aplica\u00e7\u00e3o \u00e0s c\u00f4nicas.<\/p>\n<p>&nbsp;<\/p>\n<p><strong>Introdu\u00e7\u00e3o \u00e0s Transforma\u00e7\u00f5es no Plano<\/strong><\/p>\n<p>Isometrias: Rota\u00e7\u00f5es e Transla\u00e7\u00f5es<\/p>\n<p>Simetrias: Reflex\u00e3o<\/p>\n<p>Semelhan\u00e7as: Homotetias<\/p>\n<p>Equa\u00e7\u00f5es param\u00e9tricas da Circunfer\u00eancia, Elipse e \u00a0 Hip\u00e9rbole<\/p>\n<p>Coordenadas Polares<\/p>\n<p>&nbsp;<\/p>\n<p><strong>Retas e Planos no Espa\u00e7o<\/strong><\/p>\n<p>Proje\u00e7\u00e3o ortogonal;<\/p>\n<p>Produtos Vetorial e Misto;<\/p>\n<p>Orienta\u00e7\u00e3o no espa\u00e7o;<\/p>\n<p>Retas no espa\u00e7o;<\/p>\n<p>Equa\u00e7\u00e3o Normal e Cartesiana do plano;<\/p>\n<p>Equa\u00e7\u00e3o param\u00e9trica do plano (Interse\u00e7\u00f5es);<\/p>\n<p>Quest\u00f5es M\u00e9tricas (dist\u00e2ncias e \u00e2ngulos) envolvendo retas e planos: \u00e2ngulo entre dois planos, \u00e2ngulo entre duas retas, dist\u00e2ncia de um ponto a um plano, dist\u00e2ncia de um ponto a uma reta, dist\u00e2ncia entre duas retas, dist\u00e2ncia entre reta e plano.<\/p>\n<p>&nbsp;<\/p>\n<p><strong>Superf\u00edcies Qu\u00e1dricas<\/strong><\/p>\n<p>Cilindros e cones;<\/p>\n<p>Esfera;<\/p>\n<p>Elips\u00f3ide;<\/p>\n<p>Hiperbol\u00f3ides;<\/p>\n<p>Parabol\u00f3ides;<\/p>\n<p>Mudan\u00e7a de Coordenadas (de origem e base) e aplica\u00e7\u00e3o \u00e0s qu\u00e1dricas.<\/p>\n<p>Introdu\u00e7\u00e3o \u00e0s Transforma\u00e7\u00f5es no Espa\u00e7o.<\/p>\n<p>&nbsp;<\/td>\n<\/tr>\n<tr>\n<td width=\"101\">Bibliografia<\/td>\n<td width=\"540\">\n<p>B\u00e1sica<\/p>\n<p>BOULOS, Paulo &amp; CAMARGO, Ivan. Geometria Anal\u00edtica um Tratamento Vetorial. 2. ed. S\u00e3o Paulo, McGraw-Hill do Brasil, 1987.<\/p>\n<p>STEINBRUCH, Alfredo &amp; WINTERLE, Paulo. Geometria Anal\u00edtica. 2. ed. S\u00e3o Paulo, McGraw-Hill do Brasil, 1987.<\/p>\n<p>SIMMONS, G. F. C\u00e1lculo com Geometria Anal\u00edtica. Rio de Janeiro, McGraw-Hill do Brasil, 1987. v. 1 e 2.<\/p>\n<p>Coordenadas no Espa\u00e7o. Rio de Janeiro. Sociedade Brasileira de Matem\u00e1tica, 1992. (Col. Professor de Matem\u00e1tica).<\/p>\n<p>LIMA, Elon L. Coordenadas no Plano. Rio de Janeiro. Sociedade Brasileira de Matem\u00e1tica, 1992. (Col. Professor de Matem\u00e1tica).<\/p>\n<p>&nbsp;<\/p>\n<p>Complementar<\/p>\n<p>CALLIOLI, Carlos A. et alii. Matrizes, Vetores e Geometria Anal\u00edtica. 9. ed. S\u00e3o Paulo, Nobel, 1978.<\/p>\n<p>LEITHOLD, G. O C\u00e1lculo com Geometria Anal\u00edtica. 3. \u00a0 ed. S\u00e3o Paulo, Harbra, 1994, v. 1 e 2.<\/p>\n<p>MURDOCH, David C. Geometria Anal\u00edtica. 2. \u00a0 ed. Rio de Janeiro, Livros T\u00e9cnicos e Cient\u00edficos, 1980.<\/p>\n<p>NOVAIS, Maria H. C\u00e1lculo Vetorial e Geometria Anal\u00edtica. S\u00e3o Paulo, Edgard Bl\u00fccher, 1973.<\/p>\n<p>STEWART, J. Calculus and Geometry. 3. ed. Pacific Grove, Brooks\/Cole Publishing, 1993.<\/p>\n<p>[11] \u00a0 SWOKOWSKI, E. W. C\u00e1lculo com Geometria Anal\u00edtica. 2 ed. Rio de Janeiro, Makron-Books do Brasil, 1995. v. 1 e 2.<\/p>\n<p>VALLADARES, Renato J. da Costa. \u00c1lgebra Linear e Geometria Anal\u00edtica. Rio de Janeiro, Campus, 1982.<\/p>\n<p>&nbsp;<\/td>\n<\/tr>\n<\/tbody>\n<\/table>\n<p>&nbsp;<\/p>\n","protected":false},"excerpt":{"rendered":"<p>Geometria Anal\u00edtica &nbsp; Curso\/semestre Licenciatura em Matem\u00e1tica \/ Segundo Disciplina Geometria Anal\u00edtica Car\u00e1ter ACA \u2013 Obrigat\u00f3rio Pr\u00e9-requisito &#8211; C\u00f3digo 0100100 Depto. DME CHT 68 horas Cr\u00e9ditos 04 Natureza 34 te\u00f3ricas \/ 34 pr\u00e1ticas Prof. Resp. Objetivos Estudo b\u00e1sico da Geometria Anal\u00edtica no plano e no espa\u00e7o, com \u00eanfase nos seus aspectos geom\u00e9tricos e suas tradu\u00e7\u00f5es [&hellip;]<\/p>\n","protected":false},"author":466,"featured_media":0,"parent":166,"menu_order":0,"comment_status":"closed","ping_status":"closed","template":"page-sem-sidebar.php","meta":{"jetpack_post_was_ever_published":false,"footnotes":""},"class_list":["post-189","page","type-page","status-publish","hentry"],"jetpack_sharing_enabled":true,"jetpack_shortlink":"https:\/\/wp.me\/P7sk8J-33","_links":{"self":[{"href":"https:\/\/wp.ufpel.edu.br\/matematicanoturno\/wp-json\/wp\/v2\/pages\/189","targetHints":{"allow":["GET"]}}],"collection":[{"href":"https:\/\/wp.ufpel.edu.br\/matematicanoturno\/wp-json\/wp\/v2\/pages"}],"about":[{"href":"https:\/\/wp.ufpel.edu.br\/matematicanoturno\/wp-json\/wp\/v2\/types\/page"}],"author":[{"embeddable":true,"href":"https:\/\/wp.ufpel.edu.br\/matematicanoturno\/wp-json\/wp\/v2\/users\/466"}],"replies":[{"embeddable":true,"href":"https:\/\/wp.ufpel.edu.br\/matematicanoturno\/wp-json\/wp\/v2\/comments?post=189"}],"version-history":[{"count":1,"href":"https:\/\/wp.ufpel.edu.br\/matematicanoturno\/wp-json\/wp\/v2\/pages\/189\/revisions"}],"predecessor-version":[{"id":190,"href":"https:\/\/wp.ufpel.edu.br\/matematicanoturno\/wp-json\/wp\/v2\/pages\/189\/revisions\/190"}],"up":[{"embeddable":true,"href":"https:\/\/wp.ufpel.edu.br\/matematicanoturno\/wp-json\/wp\/v2\/pages\/166"}],"wp:attachment":[{"href":"https:\/\/wp.ufpel.edu.br\/matematicanoturno\/wp-json\/wp\/v2\/media?parent=189"}],"curies":[{"name":"wp","href":"https:\/\/api.w.org\/{rel}","templated":true}]}}