{"id":172,"date":"2014-12-01T19:04:40","date_gmt":"2014-12-01T21:04:40","guid":{"rendered":"https:\/\/wp.ufpel.edu.br\/matematicanoturno\/?page_id=172"},"modified":"2014-12-01T19:18:09","modified_gmt":"2014-12-01T21:18:09","slug":"introducao-a-logica","status":"publish","type":"page","link":"https:\/\/wp.ufpel.edu.br\/matematicanoturno\/grade-curricular-2\/introducao-a-logica\/","title":{"rendered":"Introdu\u00e7\u00e3o \u00e0 L\u00f3gica"},"content":{"rendered":"<h4>Introdu\u00e7\u00e3o a L\u00f3gica<\/h4>\n<p>&nbsp;<\/p>\n<table width=\"653\">\n<tbody>\n<tr>\n<td width=\"101\">Curso\/semestre<\/td>\n<td width=\"552\">Licenciatura em Matem\u00e1tica \/ Primeiro<\/td>\n<\/tr>\n<tr>\n<td width=\"101\">Disciplina<\/td>\n<td width=\"552\">Introdu\u00e7\u00e3o a L\u00f3gica<\/td>\n<\/tr>\n<tr>\n<td width=\"101\">Car\u00e1ter<\/td>\n<td width=\"552\">Obrigat\u00f3ria<\/td>\n<\/tr>\n<tr>\n<td width=\"101\">Pr\u00e9-requisito<\/td>\n<td width=\"552\">&#8211;<\/td>\n<\/tr>\n<tr>\n<td width=\"101\">C\u00f3digo<\/td>\n<td width=\"552\">0100227<\/td>\n<\/tr>\n<tr>\n<td width=\"101\">Depto.<\/td>\n<td width=\"552\">DME<\/td>\n<\/tr>\n<tr>\n<td width=\"101\">CHT<\/td>\n<td width=\"552\">68 horas<\/td>\n<\/tr>\n<tr>\n<td width=\"101\">Cr\u00e9ditos<\/td>\n<td width=\"552\">04<\/td>\n<\/tr>\n<tr>\n<td width=\"101\">Natureza\/sem<\/td>\n<td width=\"552\">34 te\u00f3ricas , 34 pr\u00e1ticas\/01<\/td>\n<\/tr>\n<tr>\n<td width=\"101\">Prof. Resp.<\/td>\n<td width=\"552\"><\/td>\n<\/tr>\n<tr>\n<td width=\"101\">Objetivos<\/td>\n<td width=\"552\">\n<p>Prover o aluno dos conhecimentos b\u00e1sicos de l\u00f3gica matem\u00e1tica formal e informal. Incentivar o desenvolvimento da leitura e da escrita.<\/p>\n<p>&nbsp;<\/td>\n<\/tr>\n<tr>\n<td width=\"101\">Ementa<\/td>\n<td width=\"552\">\n<p>C\u00e1lculo proposicional. Tabelas verdade e \u00e1rvores de refuta\u00e7\u00e3o. Enunciados categ\u00f3ricos. C\u00e1lculo de predicados.<\/p>\n<p>&nbsp;<\/td>\n<\/tr>\n<tr>\n<td width=\"101\">Programa<\/td>\n<td width=\"552\">\n<p><strong>Introdu\u00e7\u00e3o a L\u00f3gica<\/strong><\/p>\n<p>&nbsp;<\/p>\n<p>O que \u00e9 l\u00f3gica<\/p>\n<p>Premissas e Conclus\u00f5es<\/p>\n<p>Reconhecimento de Argumentos<\/p>\n<p>Dedu\u00e7\u00e3o e Indu\u00e7\u00e3o<\/p>\n<p>Verdade e Validade<\/p>\n<p>&nbsp;<\/p>\n<p><strong>O C\u00e1lculo Proposicional<\/strong><\/p>\n<p>&nbsp;<\/p>\n<p>Argumentos<\/p>\n<p>Regras n\u00e3o-hipot\u00e9ticas de infer\u00eancia<\/p>\n<p>Regras hipot\u00e9ticas de infer\u00eancia<\/p>\n<p>Regras derivadas<\/p>\n<p>Teoremas<\/p>\n<p>&nbsp;<\/p>\n<p><strong>Tabelas-verdade<\/strong><\/p>\n<p>&nbsp;<\/p>\n<p>Sem\u00e2ntica dos operadores l\u00f3gicos<\/p>\n<p>Tabelas-Verdade<\/p>\n<p>Arvores de Refuta\u00e7\u00e3o<\/p>\n<p>&nbsp;<\/p>\n<p><strong>A L\u00f3gica dos Enunciados Categ\u00f3ricos<\/strong><\/p>\n<p>&nbsp;<\/p>\n<p>Enunciados Categ\u00f3ricos<\/p>\n<p>Infer\u00eancias Imediatas<\/p>\n<p>Silogismos Categ\u00f3ricos<\/p>\n<p>&nbsp;<\/p>\n<p><strong>O C\u00e1lculo de Predicados<\/strong><\/p>\n<p>&nbsp;<\/p>\n<p>Quantificadores e Vari\u00e1veis<\/p>\n<p>Predicados e nomes pr\u00f3prios<\/p>\n<p>Regras de infer\u00eancia<\/p>\n<p>Arvores de Refuta\u00e7\u00e3o<\/p>\n<p>Teoremas<\/p>\n<p>&nbsp;<\/td>\n<\/tr>\n<tr>\n<td width=\"101\">Bibliografia<\/td>\n<td width=\"552\">\n<p>B\u00e1sica<\/p>\n<p>COPI, Irving. Introdu\u00e7\u00e3o \u00e0 L\u00f3gica. Ed. Mestre Jou, 1968.<\/p>\n<p>ROHATYN, Dennis &amp; NOLT, John. L\u00f3gica. Ed. McGraw-Hill, 1991.<\/p>\n<p>HEGENBERG, Le\u00f4nidas. L\u00f3gica &#8211; O C\u00e1lculo de Predicados. EDUSP, 1973.<\/p>\n<p>HEGENBERG, Le\u00f4nidas. L\u00f3gica &#8211; Simboliza\u00e7\u00e3o e Dedu\u00e7\u00e3o. EDUSP, 1975.<\/p>\n<p>ALENCAR Fo, Edgard de. Inicia\u00e7\u00e3o \u00e0 L\u00f3gica Matem\u00e1tica. Ed. Nobel, 1968.<\/p>\n<p>&nbsp;<\/p>\n<p>Complementar<\/p>\n<p>MONTEIRO, L. H. J.. Elementos de \u00c1lgebra. Ed. Ao Livro T\u00e9cnico, 1969.<\/p>\n<p>BARROS, M. D. Racioc\u00ednio l\u00f3gico. Editora Novas Conquistas, S\u00e3o Paulo, 2001.<\/p>\n<p>S\u00c9RATES, J. Racioc\u00ednio l\u00f3gico: l\u00f3gico matem\u00e1tico, l\u00f3gico quantitativo, l\u00f3gico num\u00e9rico, l\u00f3gico anal\u00edtico, l\u00f3gico cr\u00edtico. 5\u00ba ed. Bras\u00edlia: Gr\u00e1fica e Editora Ol\u00edmpica Ltda, 1997.<\/td>\n<\/tr>\n<\/tbody>\n<\/table>\n<p>&nbsp;<\/p>\n","protected":false},"excerpt":{"rendered":"<p>Introdu\u00e7\u00e3o a L\u00f3gica &nbsp; Curso\/semestre Licenciatura em Matem\u00e1tica \/ Primeiro Disciplina Introdu\u00e7\u00e3o a L\u00f3gica Car\u00e1ter Obrigat\u00f3ria Pr\u00e9-requisito &#8211; C\u00f3digo 0100227 Depto. DME CHT 68 horas Cr\u00e9ditos 04 Natureza\/sem 34 te\u00f3ricas , 34 pr\u00e1ticas\/01 Prof. Resp. Objetivos Prover o aluno dos conhecimentos b\u00e1sicos de l\u00f3gica matem\u00e1tica formal e informal. Incentivar o desenvolvimento da leitura e da [&hellip;]<\/p>\n","protected":false},"author":466,"featured_media":0,"parent":166,"menu_order":0,"comment_status":"closed","ping_status":"closed","template":"page-sem-sidebar.php","meta":{"jetpack_post_was_ever_published":false,"footnotes":""},"class_list":["post-172","page","type-page","status-publish","hentry"],"jetpack_sharing_enabled":true,"jetpack_shortlink":"https:\/\/wp.me\/P7sk8J-2M","_links":{"self":[{"href":"https:\/\/wp.ufpel.edu.br\/matematicanoturno\/wp-json\/wp\/v2\/pages\/172","targetHints":{"allow":["GET"]}}],"collection":[{"href":"https:\/\/wp.ufpel.edu.br\/matematicanoturno\/wp-json\/wp\/v2\/pages"}],"about":[{"href":"https:\/\/wp.ufpel.edu.br\/matematicanoturno\/wp-json\/wp\/v2\/types\/page"}],"author":[{"embeddable":true,"href":"https:\/\/wp.ufpel.edu.br\/matematicanoturno\/wp-json\/wp\/v2\/users\/466"}],"replies":[{"embeddable":true,"href":"https:\/\/wp.ufpel.edu.br\/matematicanoturno\/wp-json\/wp\/v2\/comments?post=172"}],"version-history":[{"count":1,"href":"https:\/\/wp.ufpel.edu.br\/matematicanoturno\/wp-json\/wp\/v2\/pages\/172\/revisions"}],"predecessor-version":[{"id":173,"href":"https:\/\/wp.ufpel.edu.br\/matematicanoturno\/wp-json\/wp\/v2\/pages\/172\/revisions\/173"}],"up":[{"embeddable":true,"href":"https:\/\/wp.ufpel.edu.br\/matematicanoturno\/wp-json\/wp\/v2\/pages\/166"}],"wp:attachment":[{"href":"https:\/\/wp.ufpel.edu.br\/matematicanoturno\/wp-json\/wp\/v2\/media?parent=172"}],"curies":[{"name":"wp","href":"https:\/\/api.w.org\/{rel}","templated":true}]}}