{"id":1704,"date":"2019-10-17T18:27:32","date_gmt":"2019-10-17T21:27:32","guid":{"rendered":"https:\/\/wp.ufpel.edu.br\/matematicanoturno\/?page_id=1704"},"modified":"2025-11-18T18:18:21","modified_gmt":"2025-11-18T21:18:21","slug":"fluxogramas","status":"publish","type":"page","link":"https:\/\/wp.ufpel.edu.br\/matematicanoturno\/fluxogramas\/","title":{"rendered":"Fluxogramas"},"content":{"rendered":"\n<p><strong><span style=\"color: #0000ff;\"><a href=\"https:\/\/wp.ufpel.edu.br\/matematicanoturno\/files\/2025\/11\/fluxograma-2026-1.pdf\" data-type=\"link\" data-id=\"https:\/\/wp.ufpel.edu.br\/matematicanoturno\/files\/2025\/11\/fluxograma-2026-1.pdf\" target=\"_blank\" rel=\"noreferrer noopener\"><mark style=\"background-color:rgba(0, 0, 0, 0);color:#330be5\" class=\"has-inline-color\">Fluxograma Curr\u00edculo 4<\/mark><\/a><\/span><\/strong><\/p>\n\n\n\n<p><strong><span style=\"color: #0000ff;\"><a href=\"https:\/\/wp.ufpel.edu.br\/matematicanoturno\/files\/2025\/11\/fluxograma-2026.pdf\" data-type=\"link\" data-id=\"https:\/\/wp.ufpel.edu.br\/matematicanoturno\/files\/2025\/11\/fluxograma-2026.pdf\" target=\"_blank\" rel=\"noreferrer noopener\"><mark style=\"background-color:rgba(0, 0, 0, 0);color:#0e1ed2\" class=\"has-inline-color\">Fluxograma Curr\u00edculo 3<\/mark><\/a><\/span> <\/strong>(vigente para prov\u00e1veis formandos at\u00e9 2026\/2)<\/p>\n\n\n\n<p><strong><a href=\"https:\/\/wp.ufpel.edu.br\/matematicanoturno\/files\/2019\/10\/Fluxograma-2017.pdf\" target=\"_blank\" rel=\"noopener noreferrer\"><span style=\"color: #0000ff;\">Fluxograma Curr\u00edculo 2<\/span><\/a> <\/strong>(vigente para prov\u00e1veis formandos at\u00e9 2020\/2)<\/p>\n","protected":false},"excerpt":{"rendered":"<p>Fluxograma Curr\u00edculo 4 Fluxograma Curr\u00edculo 3 (vigente para prov\u00e1veis formandos at\u00e9 2026\/2) Fluxograma Curr\u00edculo 2 (vigente para prov\u00e1veis formandos at\u00e9 2020\/2)<\/p>\n","protected":false},"author":466,"featured_media":0,"parent":0,"menu_order":0,"comment_status":"closed","ping_status":"closed","template":"","meta":{"jetpack_post_was_ever_published":false,"footnotes":""},"class_list":["post-1704","page","type-page","status-publish","hentry"],"jetpack_sharing_enabled":true,"jetpack_shortlink":"https:\/\/wp.me\/P7sk8J-ru","_links":{"self":[{"href":"https:\/\/wp.ufpel.edu.br\/matematicanoturno\/wp-json\/wp\/v2\/pages\/1704","targetHints":{"allow":["GET"]}}],"collection":[{"href":"https:\/\/wp.ufpel.edu.br\/matematicanoturno\/wp-json\/wp\/v2\/pages"}],"about":[{"href":"https:\/\/wp.ufpel.edu.br\/matematicanoturno\/wp-json\/wp\/v2\/types\/page"}],"author":[{"embeddable":true,"href":"https:\/\/wp.ufpel.edu.br\/matematicanoturno\/wp-json\/wp\/v2\/users\/466"}],"replies":[{"embeddable":true,"href":"https:\/\/wp.ufpel.edu.br\/matematicanoturno\/wp-json\/wp\/v2\/comments?post=1704"}],"version-history":[{"count":3,"href":"https:\/\/wp.ufpel.edu.br\/matematicanoturno\/wp-json\/wp\/v2\/pages\/1704\/revisions"}],"predecessor-version":[{"id":3291,"href":"https:\/\/wp.ufpel.edu.br\/matematicanoturno\/wp-json\/wp\/v2\/pages\/1704\/revisions\/3291"}],"wp:attachment":[{"href":"https:\/\/wp.ufpel.edu.br\/matematicanoturno\/wp-json\/wp\/v2\/media?parent=1704"}],"curies":[{"name":"wp","href":"https:\/\/api.w.org\/{rel}","templated":true}]}}