{"id":1695,"date":"2019-10-17T12:00:05","date_gmt":"2019-10-17T15:00:05","guid":{"rendered":"https:\/\/wp.ufpel.edu.br\/matematicanoturno\/?page_id=1695"},"modified":"2022-12-20T21:02:07","modified_gmt":"2022-12-21T00:02:07","slug":"avalie-o-curso","status":"publish","type":"page","link":"https:\/\/wp.ufpel.edu.br\/matematicanoturno\/avalie-o-curso\/","title":{"rendered":"Avalie o CLMN"},"content":{"rendered":"<p>Comunidade do CLMN (acad\u00eamicos, docentes, t\u00e9cnicos e egressos) sua participa\u00e7\u00e3o \u00e9 fundamental para qualificarmos o curso.<\/p>\n<p>Acesse o question\u00e1rio de avalia\u00e7\u00e3o <span style=\"color: #0000ff;\"><a style=\"color: #0000ff;\" href=\"https:\/\/forms.gle\/Z32mKw6qjorDHRbf7\" target=\"_blank\" rel=\"noopener noreferrer\">aqui<\/a><\/span>. Contamos com sua participa\u00e7\u00e3o!<\/p>\n","protected":false},"excerpt":{"rendered":"<p>Comunidade do CLMN (acad\u00eamicos, docentes, t\u00e9cnicos e egressos) sua participa\u00e7\u00e3o \u00e9 fundamental para qualificarmos o curso. Acesse o question\u00e1rio de avalia\u00e7\u00e3o aqui. Contamos com sua participa\u00e7\u00e3o!<\/p>\n","protected":false},"author":466,"featured_media":0,"parent":0,"menu_order":0,"comment_status":"closed","ping_status":"closed","template":"","meta":{"jetpack_post_was_ever_published":false,"footnotes":""},"class_list":["post-1695","page","type-page","status-publish","hentry"],"jetpack_sharing_enabled":true,"jetpack_shortlink":"https:\/\/wp.me\/P7sk8J-rl","_links":{"self":[{"href":"https:\/\/wp.ufpel.edu.br\/matematicanoturno\/wp-json\/wp\/v2\/pages\/1695","targetHints":{"allow":["GET"]}}],"collection":[{"href":"https:\/\/wp.ufpel.edu.br\/matematicanoturno\/wp-json\/wp\/v2\/pages"}],"about":[{"href":"https:\/\/wp.ufpel.edu.br\/matematicanoturno\/wp-json\/wp\/v2\/types\/page"}],"author":[{"embeddable":true,"href":"https:\/\/wp.ufpel.edu.br\/matematicanoturno\/wp-json\/wp\/v2\/users\/466"}],"replies":[{"embeddable":true,"href":"https:\/\/wp.ufpel.edu.br\/matematicanoturno\/wp-json\/wp\/v2\/comments?post=1695"}],"version-history":[{"count":4,"href":"https:\/\/wp.ufpel.edu.br\/matematicanoturno\/wp-json\/wp\/v2\/pages\/1695\/revisions"}],"predecessor-version":[{"id":2692,"href":"https:\/\/wp.ufpel.edu.br\/matematicanoturno\/wp-json\/wp\/v2\/pages\/1695\/revisions\/2692"}],"wp:attachment":[{"href":"https:\/\/wp.ufpel.edu.br\/matematicanoturno\/wp-json\/wp\/v2\/media?parent=1695"}],"curies":[{"name":"wp","href":"https:\/\/api.w.org\/{rel}","templated":true}]}}