{"id":1667,"date":"2019-10-17T01:46:56","date_gmt":"2019-10-17T04:46:56","guid":{"rendered":"https:\/\/wp.ufpel.edu.br\/matematicanoturno\/?page_id=1667"},"modified":"2019-10-17T01:46:56","modified_gmt":"2019-10-17T04:46:56","slug":"videoaulas","status":"publish","type":"page","link":"https:\/\/wp.ufpel.edu.br\/matematicanoturno\/videoaulas\/","title":{"rendered":"Videoaulas"},"content":{"rendered":"<p>Projetos vinculados ao IFM produzem videoaulas e as disponibilizam no Youtube.\u00a0Acesse as videoaulas atrav\u00e9s dos links:<\/p>\n<ul>\n<li><a href=\"https:\/\/www.youtube.com\/channel\/UC0ctXdT_38jT72Qtr-CtIdQ\/featured\">Matem\u00e1tica B\u00e1sica UFPEL<\/a><\/li>\n<li><a href=\"https:\/\/www.youtube.com\/channel\/UCB3NUeew6Ji_k39-_GDA3iQ\/videos\">Projeto GAMA UFPEL<\/a><\/li>\n<li><a href=\"https:\/\/www.youtube.com\/channel\/UC7rtwOJBv4c4PyIhSFvg3Hg\/videos\">Math LIBRAS UFPEL<\/a><\/li>\n<\/ul>\n","protected":false},"excerpt":{"rendered":"<p>Projetos vinculados ao IFM produzem videoaulas e as disponibilizam no Youtube.\u00a0Acesse as videoaulas atrav\u00e9s dos links: Matem\u00e1tica B\u00e1sica UFPEL Projeto GAMA UFPEL Math LIBRAS UFPEL<\/p>\n","protected":false},"author":466,"featured_media":0,"parent":0,"menu_order":0,"comment_status":"closed","ping_status":"closed","template":"","meta":{"jetpack_post_was_ever_published":false,"footnotes":""},"class_list":["post-1667","page","type-page","status-publish","hentry"],"jetpack_sharing_enabled":true,"jetpack_shortlink":"https:\/\/wp.me\/P7sk8J-qT","_links":{"self":[{"href":"https:\/\/wp.ufpel.edu.br\/matematicanoturno\/wp-json\/wp\/v2\/pages\/1667","targetHints":{"allow":["GET"]}}],"collection":[{"href":"https:\/\/wp.ufpel.edu.br\/matematicanoturno\/wp-json\/wp\/v2\/pages"}],"about":[{"href":"https:\/\/wp.ufpel.edu.br\/matematicanoturno\/wp-json\/wp\/v2\/types\/page"}],"author":[{"embeddable":true,"href":"https:\/\/wp.ufpel.edu.br\/matematicanoturno\/wp-json\/wp\/v2\/users\/466"}],"replies":[{"embeddable":true,"href":"https:\/\/wp.ufpel.edu.br\/matematicanoturno\/wp-json\/wp\/v2\/comments?post=1667"}],"version-history":[{"count":1,"href":"https:\/\/wp.ufpel.edu.br\/matematicanoturno\/wp-json\/wp\/v2\/pages\/1667\/revisions"}],"predecessor-version":[{"id":1669,"href":"https:\/\/wp.ufpel.edu.br\/matematicanoturno\/wp-json\/wp\/v2\/pages\/1667\/revisions\/1669"}],"wp:attachment":[{"href":"https:\/\/wp.ufpel.edu.br\/matematicanoturno\/wp-json\/wp\/v2\/media?parent=1667"}],"curies":[{"name":"wp","href":"https:\/\/api.w.org\/{rel}","templated":true}]}}