{"id":166,"date":"2014-12-01T18:20:12","date_gmt":"2014-12-01T20:20:12","guid":{"rendered":"https:\/\/wp.ufpel.edu.br\/matematicanoturno\/?page_id=166"},"modified":"2014-12-18T19:46:52","modified_gmt":"2014-12-18T21:46:52","slug":"grade-curricular-2","status":"publish","type":"page","link":"https:\/\/wp.ufpel.edu.br\/matematicanoturno\/grade-curricular-2\/","title":{"rendered":"Grade Curricular"},"content":{"rendered":"<p>1\u00ba SEMESTRE<\/p>\n<p><a title=\"Introdu\u00e7\u00e3o \u00e0 L\u00f3gica\" href=\"https:\/\/wp.ufpel.edu.br\/matematicanoturno\/apresentacao-2\/grade-curricular-2\/introducao-a-logica\/\" target=\"_blank\"><span style=\"text-decoration: underline\"><span style=\"color: #0000ff;text-decoration: underline\">Introdu\u00e7\u00e3o \u00e0 L\u00f3gica<\/span><\/span><\/a><\/p>\n<p><a title=\"Pr\u00e9-C\u00e1lculo\" href=\"https:\/\/wp.ufpel.edu.br\/matematicanoturno\/apresentacao-2\/grade-curricular-2\/pre-calculo\/\" target=\"_blank\"><span style=\"text-decoration: underline\"><span style=\"color: #0000ff;text-decoration: underline\">Pr\u00e9 C\u00e1lculo<\/span><\/span><\/a><\/p>\n<p><a title=\"Geometria Plana\" href=\"https:\/\/wp.ufpel.edu.br\/matematicanoturno\/apresentacao-2\/grade-curricular-2\/geometria-plana\/\" target=\"_blank\"><span style=\"text-decoration: underline\"><span style=\"color: #0000ff;text-decoration: underline\">Geometria Plana<\/span><\/span><\/a><\/p>\n<p><a title=\"LEMA I\" href=\"https:\/\/wp.ufpel.edu.br\/matematicanoturno\/apresentacao-2\/grade-curricular-2\/lema-i\/\" target=\"_blank\"><span style=\"text-decoration: underline\"><span style=\"color: #0000ff;text-decoration: underline\">Laborat\u00f3rio de Ensino de Matem\u00e1tica I (LEMA I)<\/span><\/span><\/a><\/p>\n<p>&nbsp;<\/p>\n<p>2\u00ba SEMESTRE<\/p>\n<p><a title=\"Geometria Anal\u00edtica\" href=\"https:\/\/wp.ufpel.edu.br\/matematicanoturno\/apresentacao-2\/grade-curricular-2\/geometria-analitica\/\" target=\"_blank\"><span style=\"text-decoration: underline\"><span style=\"color: #0000ff;text-decoration: underline\">Geometria Anal\u00edtica<\/span><\/span><\/a><\/p>\n<p><a title=\"C\u00e1lculo I\" href=\"https:\/\/wp.ufpel.edu.br\/matematicanoturno\/apresentacao-2\/grade-curricular-2\/calculo-i\/\" target=\"_blank\"><span style=\"text-decoration: underline\"><span style=\"color: #0000ff;text-decoration: underline\">C\u00e1lculo I<\/span><\/span><\/a><\/p>\n<p><a title=\"Geometria Espacial\" href=\"https:\/\/wp.ufpel.edu.br\/matematicanoturno\/apresentacao-2\/grade-curricular-2\/geometria-espacial\/\" target=\"_blank\"><span style=\"text-decoration: underline\"><span style=\"color: #0000ff;text-decoration: underline\">Geometria Espacial<\/span><\/span><\/a><\/p>\n<p><a title=\"Educa\u00e7\u00e3o Brasileira: organiza\u00e7\u00e3o e pol\u00edticas p\u00fablicas\" href=\"https:\/\/wp.ufpel.edu.br\/matematicanoturno\/apresentacao-2\/grade-curricular-2\/educacao-brasileira-organizacao-e-politicas-publicas\/\" target=\"_blank\"><span style=\"color: #0000ff\">Educa\u00e7\u00e3o Brasileira: organiza\u00e7\u00e3o e pol\u00edticas p\u00fablicas<\/span><span style=\"text-decoration: underline\"><span style=\"color: #0000ff;text-decoration: underline\"><br \/>\n<\/span><\/span><\/a><\/p>\n<p>&nbsp;<\/p>\n<p>3\u00ba SEMESTRE<\/p>\n<p><a title=\"Algebra Linear I\" href=\"https:\/\/wp.ufpel.edu.br\/matematicanoturno\/apresentacao-2\/grade-curricular-2\/algebra-linear-i\/\" target=\"_blank\"><span style=\"text-decoration: underline\"><span style=\"color: #0000ff;text-decoration: underline\">\u00c1lgebra Linear I<\/span><\/span><\/a><\/p>\n<p><a title=\"C\u00e1lculo II\" href=\"https:\/\/wp.ufpel.edu.br\/matematicanoturno\/apresentacao-2\/grade-curricular-2\/calculo-ii\/\" target=\"_blank\"><span style=\"text-decoration: underline\"><span style=\"color: #0000ff;text-decoration: underline\">C\u00e1lculo II<\/span><\/span><\/a><\/p>\n<p><a title=\"Fundamentos Psicol\u00f3gicos da Educa\u00e7\u00e3o\" href=\"https:\/\/wp.ufpel.edu.br\/matematicanoturno\/apresentacao-2\/grade-curricular-2\/fundamentos-psicologicos-da-educacao\/\" target=\"_blank\"><span style=\"text-decoration: underline\"><span style=\"color: #0000ff;text-decoration: underline\">Fundamentos Psicol\u00f3gicos da Educa\u00e7\u00e3o<\/span><\/span><\/a><\/p>\n<p><a title=\"LEMA II\" href=\"https:\/\/wp.ufpel.edu.br\/matematicanoturno\/apresentacao-2\/grade-curricular-2\/lema-ii\/\" target=\"_blank\"><span style=\"text-decoration: underline\"><span style=\"color: #0000ff;text-decoration: underline\">Laborat\u00f3rio de Ensino de Matem\u00e1tica II (LEMA II)<\/span><\/span><\/a><\/p>\n<p>&nbsp;<\/p>\n<p>4\u00ba SEMESTRE<\/p>\n<p><a title=\"F\u00edsica B\u00e1sica I\" href=\"https:\/\/wp.ufpel.edu.br\/matematicanoturno\/apresentacao-2\/grade-curricular-2\/fisica-basica-i\/\" target=\"_blank\"><span style=\"text-decoration: underline\"><span style=\"color: #0000ff;text-decoration: underline\">F\u00edsica B\u00e1sica I<\/span><\/span><\/a><\/p>\n<p><a title=\"C\u00e1lculo III\" href=\"https:\/\/wp.ufpel.edu.br\/matematicanoturno\/apresentacao-2\/grade-curricular-2\/calculo-iii\/\" target=\"_blank\"><span style=\"text-decoration: underline\"><span style=\"color: #0000ff;text-decoration: underline\">C\u00e1lculo III<\/span><\/span><\/a><\/p>\n<p><a title=\"Fundamentos S\u00f3cio-Hist\u00f3rico-Filos\u00f3ficos da Educa\u00e7\u00e3o\" href=\"https:\/\/wp.ufpel.edu.br\/matematicanoturno\/apresentacao-2\/grade-curricular-2\/fundamentos-socio-historico-filosoficos-da-educacao\/\" target=\"_blank\"><span style=\"color: #0000ff\">Fundamentos S\u00f3cio-Hist\u00f3rico-Filos\u00f3ficos da Educa\u00e7\u00e3o<\/span><\/a><\/p>\n<p><a title=\"Aritm\u00e9tica\" href=\"https:\/\/wp.ufpel.edu.br\/matematicanoturno\/apresentacao-2\/grade-curricular-2\/aritmetica\/\" target=\"_blank\"><span style=\"text-decoration: underline\"><span style=\"color: #0000ff;text-decoration: underline\">Aritm\u00e9tica<\/span><\/span><\/a><\/p>\n<p>&nbsp;<\/p>\n<p>5\u00ba SEMESTRE<\/p>\n<p><a title=\"Introdu\u00e7\u00e3o \u00e0 \u00c1lgebra\" href=\"https:\/\/wp.ufpel.edu.br\/matematicanoturno\/apresentacao-2\/grade-curricular-2\/introducao-a-algebra\/\" target=\"_blank\"><span style=\"text-decoration: underline\"><span style=\"color: #0000ff;text-decoration: underline\">Introdu\u00e7\u00e3o \u00e0 \u00c1lgebra<\/span><\/span><\/a><\/p>\n<p><a title=\"Teoria e Pr\u00e1tica Pedag\u00f3gica\" href=\"https:\/\/wp.ufpel.edu.br\/matematicanoturno\/apresentacao-2\/grade-curricular-2\/teoria-e-pratica-pedagogica\/\" target=\"_blank\"><span style=\"text-decoration: underline\"><span style=\"color: #0000ff;text-decoration: underline\">Teoria e Pr\u00e1tica Pedag\u00f3gica (TPP)<\/span><\/span><\/a><\/p>\n<p><a title=\"Matem\u00e1tica Discreta\" href=\"https:\/\/wp.ufpel.edu.br\/matematicanoturno\/apresentacao-2\/grade-curricular-2\/matematica-discreta\/\" target=\"_blank\"><span style=\"text-decoration: underline\"><span style=\"color: #0000ff;text-decoration: underline\">Matem\u00e1tica Discreta (MD)<\/span><\/span><\/a><\/p>\n<p><a title=\"Instrumenta\u00e7\u00e3o para o Ensino Matem\u00e1tica I\" href=\"https:\/\/wp.ufpel.edu.br\/matematicanoturno\/apresentacao-2\/grade-curricular-2\/instrumentacao-para-o-ensino-matematica-i\/\" target=\"_blank\"><span style=\"text-decoration: underline\"><span style=\"color: #0000ff;text-decoration: underline\">Instrumenta\u00e7\u00e3o para o Ensino Matem\u00e1tica I (IEM I)<\/span><\/span><\/a><\/p>\n<p>&nbsp;<\/p>\n<p>6\u00ba SEMESTRE<\/p>\n<p><a title=\"Programa\u00e7\u00e3o em Softwares de Matem\u00e1tica\" href=\"https:\/\/wp.ufpel.edu.br\/matematicanoturno\/apresentacao-2\/grade-curricular-2\/programacao-em-softwares-de-matematica\/\" target=\"_blank\"><span style=\"text-decoration: underline\"><span style=\"color: #0000ff;text-decoration: underline\">Programa\u00e7\u00e3o em Softwares de Matem\u00e1tica (PSM)<\/span><\/span><\/a><\/p>\n<p><a title=\"Equa\u00e7\u00f5es Diferenciais Ordin\u00e1rias\" href=\"https:\/\/wp.ufpel.edu.br\/matematicanoturno\/apresentacao-2\/grade-curricular-2\/equacoes-diferenciais-ordinarias\/\" target=\"_blank\"><span style=\"text-decoration: underline\"><span style=\"color: #0000ff;text-decoration: underline\">Equa\u00e7\u00f5es Diferenciais Ordin\u00e1rias<\/span><\/span><\/a><\/p>\n<p><a title=\"Laborat\u00f3rio de Ensino de Matem\u00e1tica III\" href=\"https:\/\/wp.ufpel.edu.br\/matematicanoturno\/apresentacao-2\/grade-curricular-2\/laboratorio-de-ensino-de-matematica-iii\/\" target=\"_blank\"><span style=\"text-decoration: underline\"><span style=\"color: #0000ff;text-decoration: underline\">Laborat\u00f3rio de Ensino de Matem\u00e1tica III (LEMA III)<\/span><\/span><\/a><\/p>\n<p>&nbsp;<\/p>\n<p>7\u00ba SEMESTRE<\/p>\n<p><a title=\"\u00c1lgebra para Licenciatura\" href=\"https:\/\/wp.ufpel.edu.br\/matematicanoturno\/apresentacao-2\/grade-curricular-2\/algebra-para-licenciatura\/\" target=\"_blank\"><span style=\"text-decoration: underline\"><span style=\"color: #0000ff;text-decoration: underline\">\u00c1lgebra para Licenciatura<\/span><\/span><\/a><\/p>\n<p><a title=\"C\u00e1lculo Num\u00e9rico\" href=\"https:\/\/wp.ufpel.edu.br\/matematicanoturno\/apresentacao-2\/grade-curricular-2\/calculo-numerico\/\" target=\"_blank\"><span style=\"text-decoration: underline\"><span style=\"color: #0000ff;text-decoration: underline\">C\u00e1lculo Num\u00e9rico<\/span><\/span><\/a><\/p>\n<p><a title=\"F\u00edsica B\u00e1sica II\" href=\"https:\/\/wp.ufpel.edu.br\/matematicanoturno\/apresentacao-2\/grade-curricular-2\/fisica-basica-ii\/\" target=\"_blank\"><span style=\"text-decoration: underline\"><span style=\"color: #0000ff;text-decoration: underline\">F\u00edsica B\u00e1sica II<\/span><\/span><\/a><\/p>\n<p><a title=\"Trabalho de Campo I\" href=\"https:\/\/wp.ufpel.edu.br\/matematicanoturno\/apresentacao-2\/grade-curricular-2\/trabalho-de-campo-i\/\" target=\"_blank\"><span style=\"text-decoration: underline\"><span style=\"color: #0000ff;text-decoration: underline\">Trabalho de Campo I (TC I)<\/span><\/span><\/a><\/p>\n<p>&nbsp;<\/p>\n<p>8\u00ba SEMESTRE<\/p>\n<p><a title=\"Hist\u00f3ria da Matem\u00e1tica\" href=\"https:\/\/wp.ufpel.edu.br\/matematicanoturno\/apresentacao-2\/grade-curricular-2\/historia-da-matematica\/\" target=\"_blank\"><span style=\"text-decoration: underline\"><span style=\"color: #0000ff;text-decoration: underline\">Hist\u00f3ria da Matem\u00e1tica<\/span><\/span><\/a><\/p>\n<p><a title=\"F\u00edsica B\u00e1sica III\" href=\"https:\/\/wp.ufpel.edu.br\/matematicanoturno\/apresentacao-2\/grade-curricular-2\/fisica-basica-iii\/\" target=\"_blank\"><span style=\"text-decoration: underline\"><span style=\"color: #0000ff;text-decoration: underline\">F\u00edsica B\u00e1sica III<\/span><\/span><\/a><\/p>\n<p><a title=\"Lingua Brasileira de Sinais I\" href=\"https:\/\/wp.ufpel.edu.br\/matematicanoturno\/apresentacao-2\/grade-curricular-2\/lingua-brasileira-de-sinais-i\/\" target=\"_blank\"><span style=\"text-decoration: underline\"><span style=\"color: #0000ff;text-decoration: underline\">Lingua Brasileira de Sinais I<\/span><\/span><\/a><\/p>\n<p><a title=\"Est\u00e1gio de Matem\u00e1tica I\" href=\"https:\/\/wp.ufpel.edu.br\/matematicanoturno\/apresentacao-2\/grade-curricular-2\/estagio-de-matematica-i\/\" target=\"_blank\"><span style=\"text-decoration: underline\"><span style=\"color: #0000ff;text-decoration: underline\">Est\u00e1gio de Matem\u00e1tica I<\/span><\/span><\/a><\/p>\n<p>&nbsp;<\/p>\n<p>9\u00ba SEMESTRE<\/p>\n<p><a title=\"An\u00e1lise Real I\" href=\"https:\/\/wp.ufpel.edu.br\/matematicanoturno\/apresentacao-2\/grade-curricular-2\/analise-real-i\/\" target=\"_blank\"><span style=\"text-decoration: underline\"><span style=\"color: #0000ff;text-decoration: underline\">An\u00e1lise Real I<\/span><\/span><\/a><\/p>\n<p><a title=\"Tecnologias Avan\u00e7adas no Ensino da Matem\u00e1tica\" href=\"https:\/\/wp.ufpel.edu.br\/matematicanoturno\/apresentacao-2\/grade-curricular-2\/tecnologias-avancadas-no-ensino-da-matematica\/\" target=\"_blank\"><span style=\"text-decoration: underline\"><span style=\"color: #0000ff;text-decoration: underline\">Tecnologias Avan\u00e7adas no Ensino da Matem\u00e1tica<\/span><\/span><\/a><\/p>\n<p><a title=\"Instrumenta\u00e7\u00e3o para o Ensino Matem\u00e1tica II\" href=\"https:\/\/wp.ufpel.edu.br\/matematicanoturno\/apresentacao-2\/grade-curricular-2\/instrumentacao-para-o-ensino-matematica-ii\/\" target=\"_blank\"><span style=\"text-decoration: underline\"><span style=\"color: #0000ff;text-decoration: underline\">Instrumenta\u00e7\u00e3o para o Ensino Matem\u00e1tica II (IEM II)<\/span><\/span><\/a><\/p>\n<p><a title=\"Trabalho de Campo II\" href=\"https:\/\/wp.ufpel.edu.br\/matematicanoturno\/apresentacao-2\/grade-curricular-2\/trabalho-de-campo-ii\/\" target=\"_blank\"><span style=\"text-decoration: underline\"><span style=\"color: #0000ff;text-decoration: underline\">Trabalho de Campo II (TC II)<\/span><\/span><\/a><\/p>\n<p>&nbsp;<\/p>\n<p>10\u00ba SEMESTRE<\/p>\n<p><a title=\"Inicia\u00e7\u00e3o a Pesquisa no Ensino da Matem\u00e1tica\" href=\"https:\/\/wp.ufpel.edu.br\/matematicanoturno\/apresentacao-2\/grade-curricular-2\/iniciacao-a-pesquisa-no-ensino-da-matematica\/\" target=\"_blank\"><span style=\"text-decoration: underline\"><span style=\"color: #0000ff;text-decoration: underline\">Inicia\u00e7\u00e3o a Pesquisa no Ensino da Matem\u00e1tica (IPEM)<\/span><\/span><\/a><\/p>\n<p><a title=\"Est\u00e1gio de Matem\u00e1tica II\" href=\"https:\/\/wp.ufpel.edu.br\/matematicanoturno\/apresentacao-2\/grade-curricular-2\/estagio-de-matematica-ii\/\" target=\"_blank\"><span style=\"text-decoration: underline\"><span style=\"color: #0000ff;text-decoration: underline\">Est\u00e1gio de Matem\u00e1tica II<\/span><\/span><\/a><\/p>\n<p>&nbsp;<\/p>\n<p>&nbsp;<\/p>\n<p>&nbsp;<\/p>\n","protected":false},"excerpt":{"rendered":"<p>1\u00ba SEMESTRE Introdu\u00e7\u00e3o \u00e0 L\u00f3gica Pr\u00e9 C\u00e1lculo Geometria Plana Laborat\u00f3rio de Ensino de Matem\u00e1tica I (LEMA I) &nbsp; 2\u00ba SEMESTRE Geometria Anal\u00edtica C\u00e1lculo I Geometria Espacial Educa\u00e7\u00e3o Brasileira: organiza\u00e7\u00e3o e pol\u00edticas p\u00fablicas &nbsp; 3\u00ba SEMESTRE \u00c1lgebra Linear I C\u00e1lculo II Fundamentos Psicol\u00f3gicos da Educa\u00e7\u00e3o Laborat\u00f3rio de Ensino de Matem\u00e1tica II (LEMA II) &nbsp; 4\u00ba SEMESTRE [&hellip;]<\/p>\n","protected":false},"author":466,"featured_media":0,"parent":0,"menu_order":5,"comment_status":"closed","ping_status":"closed","template":"","meta":{"jetpack_post_was_ever_published":false,"footnotes":""},"class_list":["post-166","page","type-page","status-publish","hentry"],"jetpack_sharing_enabled":true,"jetpack_shortlink":"https:\/\/wp.me\/P7sk8J-2G","_links":{"self":[{"href":"https:\/\/wp.ufpel.edu.br\/matematicanoturno\/wp-json\/wp\/v2\/pages\/166","targetHints":{"allow":["GET"]}}],"collection":[{"href":"https:\/\/wp.ufpel.edu.br\/matematicanoturno\/wp-json\/wp\/v2\/pages"}],"about":[{"href":"https:\/\/wp.ufpel.edu.br\/matematicanoturno\/wp-json\/wp\/v2\/types\/page"}],"author":[{"embeddable":true,"href":"https:\/\/wp.ufpel.edu.br\/matematicanoturno\/wp-json\/wp\/v2\/users\/466"}],"replies":[{"embeddable":true,"href":"https:\/\/wp.ufpel.edu.br\/matematicanoturno\/wp-json\/wp\/v2\/comments?post=166"}],"version-history":[{"count":29,"href":"https:\/\/wp.ufpel.edu.br\/matematicanoturno\/wp-json\/wp\/v2\/pages\/166\/revisions"}],"predecessor-version":[{"id":317,"href":"https:\/\/wp.ufpel.edu.br\/matematicanoturno\/wp-json\/wp\/v2\/pages\/166\/revisions\/317"}],"wp:attachment":[{"href":"https:\/\/wp.ufpel.edu.br\/matematicanoturno\/wp-json\/wp\/v2\/media?parent=166"}],"curies":[{"name":"wp","href":"https:\/\/api.w.org\/{rel}","templated":true}]}}