{"id":1657,"date":"2019-10-17T01:00:17","date_gmt":"2019-10-17T04:00:17","guid":{"rendered":"https:\/\/wp.ufpel.edu.br\/matematicanoturno\/?page_id=1657"},"modified":"2019-10-17T02:23:43","modified_gmt":"2019-10-17T05:23:43","slug":"sou-egresso","status":"publish","type":"page","link":"https:\/\/wp.ufpel.edu.br\/matematicanoturno\/sou-egresso\/","title":{"rendered":"Portal de Acompanhamento do Egresso"},"content":{"rendered":"<p>Prezado Egresso<\/p>\n<p>Inicialmente queremos saber como est\u00e1 sua caminhada profissional, assim pedimos que acessem o portal &#8211;\u00a0\u00a0 <a href=\"https:\/\/wp.ufpel.edu.br\/egresso\/\" target=\"_blank\" rel=\"noopener noreferrer\" data-saferedirecturl=\"https:\/\/www.google.com\/url?q=https:\/\/wp.ufpel.edu.br\/egresso\/&amp;source=gmail&amp;ust=1571370801980000&amp;usg=AFQjCNH8or49iTdkMNMFYegTTyZKOgHDSw\">https:\/\/wp.ufpel.edu.br\/egresso\/<\/a>\u00a0 \u00a0&#8211; e preencham o Cadastro do Egresso. Suas informa\u00e7\u00f5es ser\u00e3o importantes para identificarmos as potenciais melhorias no Curso, em fun\u00e7\u00e3o das mudan\u00e7as e necessidades do mercado de trabalho, al\u00e9m de subsidiar a implementa\u00e7\u00e3o de cursos de forma\u00e7\u00e3o continuada voltados as suas demandas. Contamos com sua participa\u00e7\u00e3o!<\/p>\n<p>Estamos sempre a seu dispor via email, telefone ou por rede social. Mantenha contato!<\/p>\n","protected":false},"excerpt":{"rendered":"<p>Prezado Egresso Inicialmente queremos saber como est\u00e1 sua caminhada profissional, assim pedimos que acessem o portal &#8211;\u00a0\u00a0 https:\/\/wp.ufpel.edu.br\/egresso\/\u00a0 \u00a0&#8211; e preencham o Cadastro do Egresso. Suas informa\u00e7\u00f5es ser\u00e3o importantes para identificarmos as potenciais melhorias no Curso, em fun\u00e7\u00e3o das mudan\u00e7as e necessidades do mercado de trabalho, al\u00e9m de subsidiar a implementa\u00e7\u00e3o de cursos de forma\u00e7\u00e3o [&hellip;]<\/p>\n","protected":false},"author":466,"featured_media":0,"parent":0,"menu_order":0,"comment_status":"closed","ping_status":"closed","template":"","meta":{"jetpack_post_was_ever_published":false,"footnotes":""},"class_list":["post-1657","page","type-page","status-publish","hentry"],"jetpack_sharing_enabled":true,"jetpack_shortlink":"https:\/\/wp.me\/P7sk8J-qJ","_links":{"self":[{"href":"https:\/\/wp.ufpel.edu.br\/matematicanoturno\/wp-json\/wp\/v2\/pages\/1657","targetHints":{"allow":["GET"]}}],"collection":[{"href":"https:\/\/wp.ufpel.edu.br\/matematicanoturno\/wp-json\/wp\/v2\/pages"}],"about":[{"href":"https:\/\/wp.ufpel.edu.br\/matematicanoturno\/wp-json\/wp\/v2\/types\/page"}],"author":[{"embeddable":true,"href":"https:\/\/wp.ufpel.edu.br\/matematicanoturno\/wp-json\/wp\/v2\/users\/466"}],"replies":[{"embeddable":true,"href":"https:\/\/wp.ufpel.edu.br\/matematicanoturno\/wp-json\/wp\/v2\/comments?post=1657"}],"version-history":[{"count":4,"href":"https:\/\/wp.ufpel.edu.br\/matematicanoturno\/wp-json\/wp\/v2\/pages\/1657\/revisions"}],"predecessor-version":[{"id":2670,"href":"https:\/\/wp.ufpel.edu.br\/matematicanoturno\/wp-json\/wp\/v2\/pages\/1657\/revisions\/2670"}],"wp:attachment":[{"href":"https:\/\/wp.ufpel.edu.br\/matematicanoturno\/wp-json\/wp\/v2\/media?parent=1657"}],"curies":[{"name":"wp","href":"https:\/\/api.w.org\/{rel}","templated":true}]}}