{"id":1627,"date":"2019-10-16T18:07:56","date_gmt":"2019-10-16T21:07:56","guid":{"rendered":"https:\/\/wp.ufpel.edu.br\/matematicanoturno\/?page_id=1627"},"modified":"2019-10-16T18:50:07","modified_gmt":"2019-10-16T21:50:07","slug":"planos-de-ensino","status":"publish","type":"page","link":"https:\/\/wp.ufpel.edu.br\/matematicanoturno\/planos-de-ensino\/","title":{"rendered":"Planos de Ensino"},"content":{"rendered":"<p>Os Planos de Ensino de cada componente curricular ficam dispon\u00edveis no Sistema Cobalto.<\/p>\n<p>Para acess\u00e1-los voc\u00ea deve ir no menu que fica no canto esquerdo da tela e clicar em <strong>Aluno<\/strong>.<\/p>\n<p>&nbsp;<\/p>\n<p><img data-attachment-id=\"1629\" data-permalink=\"https:\/\/wp.ufpel.edu.br\/matematicanoturno\/planos-de-ensino\/planos-de-ensino1\/\" data-orig-file=\"https:\/\/wp.ufpel.edu.br\/matematicanoturno\/files\/2019\/10\/Planos-de-ensino1.png\" data-orig-size=\"226,249\" data-comments-opened=\"0\" data-image-meta=\"{&quot;aperture&quot;:&quot;0&quot;,&quot;credit&quot;:&quot;&quot;,&quot;camera&quot;:&quot;&quot;,&quot;caption&quot;:&quot;&quot;,&quot;created_timestamp&quot;:&quot;0&quot;,&quot;copyright&quot;:&quot;&quot;,&quot;focal_length&quot;:&quot;0&quot;,&quot;iso&quot;:&quot;0&quot;,&quot;shutter_speed&quot;:&quot;0&quot;,&quot;title&quot;:&quot;&quot;,&quot;orientation&quot;:&quot;0&quot;}\" data-image-title=\"Planos de ensino1\" data-image-description=\"\" data-image-caption=\"\" data-large-file=\"https:\/\/wp.ufpel.edu.br\/matematicanoturno\/files\/2019\/10\/Planos-de-ensino1.png\" class=\"alignleft size-full wp-image-1629\" src=\"https:\/\/wp.ufpel.edu.br\/matematicanoturno\/files\/2019\/10\/Planos-de-ensino1.png\" alt=\"\" width=\"226\" height=\"249\" \/><\/p>\n<p>&nbsp;<\/p>\n<p>&nbsp;<\/p>\n<p>&nbsp;<\/p>\n<p>&nbsp;<\/p>\n<p>&nbsp;<\/p>\n<p>&nbsp;<\/p>\n<p>&nbsp;<\/p>\n<p>&nbsp;<\/p>\n<p>Logo em seguida <strong>Consultas<\/strong><\/p>\n<p><img data-attachment-id=\"1630\" data-permalink=\"https:\/\/wp.ufpel.edu.br\/matematicanoturno\/planos-de-ensino\/planos-de-ensino2\/\" data-orig-file=\"https:\/\/wp.ufpel.edu.br\/matematicanoturno\/files\/2019\/10\/Planos-de-ensino2.png\" data-orig-size=\"228,306\" data-comments-opened=\"0\" data-image-meta=\"{&quot;aperture&quot;:&quot;0&quot;,&quot;credit&quot;:&quot;&quot;,&quot;camera&quot;:&quot;&quot;,&quot;caption&quot;:&quot;&quot;,&quot;created_timestamp&quot;:&quot;0&quot;,&quot;copyright&quot;:&quot;&quot;,&quot;focal_length&quot;:&quot;0&quot;,&quot;iso&quot;:&quot;0&quot;,&quot;shutter_speed&quot;:&quot;0&quot;,&quot;title&quot;:&quot;&quot;,&quot;orientation&quot;:&quot;0&quot;}\" data-image-title=\"Planos de ensino2\" data-image-description=\"\" data-image-caption=\"\" data-large-file=\"https:\/\/wp.ufpel.edu.br\/matematicanoturno\/files\/2019\/10\/Planos-de-ensino2.png\" class=\"alignleft size-full wp-image-1630\" src=\"https:\/\/wp.ufpel.edu.br\/matematicanoturno\/files\/2019\/10\/Planos-de-ensino2.png\" alt=\"\" width=\"228\" height=\"306\" \/><\/p>\n<p>&nbsp;<\/p>\n<p>&nbsp;<\/p>\n<p>&nbsp;<\/p>\n<p>&nbsp;<\/p>\n<p>&nbsp;<\/p>\n<p>&nbsp;<\/p>\n<p>&nbsp;<\/p>\n<p>&nbsp;<\/p>\n<p>&nbsp;<\/p>\n<p>Depois em <strong>Matr\u00edcula<\/strong><\/p>\n<p><a href=\"https:\/\/wp.ufpel.edu.br\/matematicanoturno\/files\/2019\/10\/Planos-de-ensino3.png\"><img data-attachment-id=\"1631\" data-permalink=\"https:\/\/wp.ufpel.edu.br\/matematicanoturno\/planos-de-ensino\/planos-de-ensino3\/\" data-orig-file=\"https:\/\/wp.ufpel.edu.br\/matematicanoturno\/files\/2019\/10\/Planos-de-ensino3.png\" data-orig-size=\"278,304\" data-comments-opened=\"0\" data-image-meta=\"{&quot;aperture&quot;:&quot;0&quot;,&quot;credit&quot;:&quot;&quot;,&quot;camera&quot;:&quot;&quot;,&quot;caption&quot;:&quot;&quot;,&quot;created_timestamp&quot;:&quot;0&quot;,&quot;copyright&quot;:&quot;&quot;,&quot;focal_length&quot;:&quot;0&quot;,&quot;iso&quot;:&quot;0&quot;,&quot;shutter_speed&quot;:&quot;0&quot;,&quot;title&quot;:&quot;&quot;,&quot;orientation&quot;:&quot;0&quot;}\" data-image-title=\"Planos de ensino3\" data-image-description=\"\" data-image-caption=\"\" data-large-file=\"https:\/\/wp.ufpel.edu.br\/matematicanoturno\/files\/2019\/10\/Planos-de-ensino3.png\" class=\"alignleft size-full wp-image-1631\" src=\"https:\/\/wp.ufpel.edu.br\/matematicanoturno\/files\/2019\/10\/Planos-de-ensino3.png\" alt=\"\" width=\"278\" height=\"304\" \/><\/a><\/p>\n<p>&nbsp;<\/p>\n<p>&nbsp;<\/p>\n<p>&nbsp;<\/p>\n<p>&nbsp;<\/p>\n<p>&nbsp;<\/p>\n<p>&nbsp;<\/p>\n<p>&nbsp;<\/p>\n<p>&nbsp;<\/p>\n<p>&nbsp;<\/p>\n<p>E por fim clicar em <strong>Imprimir Plano de Ensino<\/strong><\/p>\n<p><a href=\"https:\/\/wp.ufpel.edu.br\/matematicanoturno\/files\/2019\/10\/Planos-de-ensino4.png\"><img data-attachment-id=\"1632\" data-permalink=\"https:\/\/wp.ufpel.edu.br\/matematicanoturno\/planos-de-ensino\/planos-de-ensino4\/\" data-orig-file=\"https:\/\/wp.ufpel.edu.br\/matematicanoturno\/files\/2019\/10\/Planos-de-ensino4.png\" data-orig-size=\"322,148\" data-comments-opened=\"0\" data-image-meta=\"{&quot;aperture&quot;:&quot;0&quot;,&quot;credit&quot;:&quot;&quot;,&quot;camera&quot;:&quot;&quot;,&quot;caption&quot;:&quot;&quot;,&quot;created_timestamp&quot;:&quot;0&quot;,&quot;copyright&quot;:&quot;&quot;,&quot;focal_length&quot;:&quot;0&quot;,&quot;iso&quot;:&quot;0&quot;,&quot;shutter_speed&quot;:&quot;0&quot;,&quot;title&quot;:&quot;&quot;,&quot;orientation&quot;:&quot;0&quot;}\" data-image-title=\"Planos de ensino4\" data-image-description=\"\" data-image-caption=\"\" data-large-file=\"https:\/\/wp.ufpel.edu.br\/matematicanoturno\/files\/2019\/10\/Planos-de-ensino4.png\" class=\"alignleft size-full wp-image-1632\" src=\"https:\/\/wp.ufpel.edu.br\/matematicanoturno\/files\/2019\/10\/Planos-de-ensino4.png\" alt=\"\" width=\"322\" height=\"148\" \/><\/a><\/p>\n<p>&nbsp;<\/p>\n<p>&nbsp;<\/p>\n<p>&nbsp;<\/p>\n<p>&nbsp;<\/p>\n<p>&nbsp;<\/p>\n<p>Assim voc\u00ea poder\u00e1 acessar todos os Planos de Ensino das cadeiras cursadas no semestre!<\/p>\n<p>&nbsp;<\/p>\n","protected":false},"excerpt":{"rendered":"<p>Os Planos de Ensino de cada componente curricular ficam dispon\u00edveis no Sistema Cobalto. Para acess\u00e1-los voc\u00ea deve ir no menu que fica no canto esquerdo da tela e clicar em Aluno. &nbsp; &nbsp; &nbsp; &nbsp; &nbsp; &nbsp; &nbsp; &nbsp; &nbsp; Logo em seguida Consultas &nbsp; &nbsp; &nbsp; &nbsp; &nbsp; &nbsp; &nbsp; &nbsp; &nbsp; Depois em [&hellip;]<\/p>\n","protected":false},"author":466,"featured_media":0,"parent":0,"menu_order":0,"comment_status":"closed","ping_status":"closed","template":"","meta":{"_crdt_document":"","footnotes":""},"class_list":["post-1627","page","type-page","status-publish","hentry"],"jetpack_sharing_enabled":true,"jetpack_shortlink":"https:\/\/wp.me\/P7sk8J-qf","_links":{"self":[{"href":"https:\/\/wp.ufpel.edu.br\/matematicanoturno\/wp-json\/wp\/v2\/pages\/1627","targetHints":{"allow":["GET"]}}],"collection":[{"href":"https:\/\/wp.ufpel.edu.br\/matematicanoturno\/wp-json\/wp\/v2\/pages"}],"about":[{"href":"https:\/\/wp.ufpel.edu.br\/matematicanoturno\/wp-json\/wp\/v2\/types\/page"}],"author":[{"embeddable":true,"href":"https:\/\/wp.ufpel.edu.br\/matematicanoturno\/wp-json\/wp\/v2\/users\/466"}],"replies":[{"embeddable":true,"href":"https:\/\/wp.ufpel.edu.br\/matematicanoturno\/wp-json\/wp\/v2\/comments?post=1627"}],"version-history":[{"count":3,"href":"https:\/\/wp.ufpel.edu.br\/matematicanoturno\/wp-json\/wp\/v2\/pages\/1627\/revisions"}],"predecessor-version":[{"id":1644,"href":"https:\/\/wp.ufpel.edu.br\/matematicanoturno\/wp-json\/wp\/v2\/pages\/1627\/revisions\/1644"}],"wp:attachment":[{"href":"https:\/\/wp.ufpel.edu.br\/matematicanoturno\/wp-json\/wp\/v2\/media?parent=1627"}],"curies":[{"name":"wp","href":"https:\/\/api.w.org\/{rel}","templated":true}]}}