{"id":1621,"date":"2019-10-16T17:47:10","date_gmt":"2019-10-16T20:47:10","guid":{"rendered":"https:\/\/wp.ufpel.edu.br\/matematicanoturno\/?page_id=1621"},"modified":"2019-10-16T17:47:10","modified_gmt":"2019-10-16T20:47:10","slug":"comissoes","status":"publish","type":"page","link":"https:\/\/wp.ufpel.edu.br\/matematicanoturno\/comissoes\/","title":{"rendered":"Comiss\u00f5es"},"content":{"rendered":"<h3>Composi\u00e7\u00e3o da Comiss\u00e3o de Est\u00e1gios<\/h3>\n<p>A\u00a0<strong>Comiss\u00e3o de Est\u00e1gios<\/strong>\u00a0\u00e9 composta pelas seguintes docentes do Departamento de Educa\u00e7\u00e3o Matem\u00e1tica (DEMAT):<\/p>\n<ul>\n<li>Prof\u00aa Denise Nascimento da Silveira<\/li>\n<li>Prof\u00aa Rozane da Silveira Alves<\/li>\n<li>Prof\u00aa Silvia Prietsch Wendt<\/li>\n<\/ul>\n","protected":false},"excerpt":{"rendered":"<p>Composi\u00e7\u00e3o da Comiss\u00e3o de Est\u00e1gios A\u00a0Comiss\u00e3o de Est\u00e1gios\u00a0\u00e9 composta pelas seguintes docentes do Departamento de Educa\u00e7\u00e3o Matem\u00e1tica (DEMAT): Prof\u00aa Denise Nascimento da Silveira Prof\u00aa Rozane da Silveira Alves Prof\u00aa Silvia Prietsch Wendt<\/p>\n","protected":false},"author":466,"featured_media":0,"parent":0,"menu_order":0,"comment_status":"closed","ping_status":"closed","template":"","meta":{"jetpack_post_was_ever_published":false,"footnotes":""},"class_list":["post-1621","page","type-page","status-publish","hentry"],"jetpack_sharing_enabled":true,"jetpack_shortlink":"https:\/\/wp.me\/P7sk8J-q9","_links":{"self":[{"href":"https:\/\/wp.ufpel.edu.br\/matematicanoturno\/wp-json\/wp\/v2\/pages\/1621","targetHints":{"allow":["GET"]}}],"collection":[{"href":"https:\/\/wp.ufpel.edu.br\/matematicanoturno\/wp-json\/wp\/v2\/pages"}],"about":[{"href":"https:\/\/wp.ufpel.edu.br\/matematicanoturno\/wp-json\/wp\/v2\/types\/page"}],"author":[{"embeddable":true,"href":"https:\/\/wp.ufpel.edu.br\/matematicanoturno\/wp-json\/wp\/v2\/users\/466"}],"replies":[{"embeddable":true,"href":"https:\/\/wp.ufpel.edu.br\/matematicanoturno\/wp-json\/wp\/v2\/comments?post=1621"}],"version-history":[{"count":1,"href":"https:\/\/wp.ufpel.edu.br\/matematicanoturno\/wp-json\/wp\/v2\/pages\/1621\/revisions"}],"predecessor-version":[{"id":1623,"href":"https:\/\/wp.ufpel.edu.br\/matematicanoturno\/wp-json\/wp\/v2\/pages\/1621\/revisions\/1623"}],"wp:attachment":[{"href":"https:\/\/wp.ufpel.edu.br\/matematicanoturno\/wp-json\/wp\/v2\/media?parent=1621"}],"curies":[{"name":"wp","href":"https:\/\/api.w.org\/{rel}","templated":true}]}}