{"id":1504,"date":"2019-08-16T17:49:25","date_gmt":"2019-08-16T20:49:25","guid":{"rendered":"https:\/\/wp.ufpel.edu.br\/matematicanoturno\/?page_id=1504"},"modified":"2019-08-16T17:52:02","modified_gmt":"2019-08-16T20:52:02","slug":"colacao-de-grau-externa-3","status":"publish","type":"page","link":"https:\/\/wp.ufpel.edu.br\/matematicanoturno\/colacao-de-grau-externa-3\/","title":{"rendered":"Cola\u00e7\u00e3o de Grau Externa"},"content":{"rendered":"<p>No s\u00e1bado, dia 16\/02, foi realizada a CERIM\u00d4NIA DE COLA\u00c7\u00c3O DE GRAU EXTERNA dos estudantes <strong>\u2013 <\/strong><strong>Anderson Donay Martins (CLMN), Gesi\u00e9le Santos da Rosa (CLM), Janine Moscarelli Rodrigues (CLMN), Nat\u00e1lia Barros Schaun (CLM) e Patr\u00edcia Casarin Peil (CLM) <\/strong><strong>\u2013<\/strong> que conclu\u00edram os Cursos de Licenciatura em Matem\u00e1tica e Licenciatura em Matem\u00e1tica \u2013 Noturno da Universidade Federal de Pelotas no segundo per\u00edodo letivo de 2018.<\/p>\n<p><img class=\"alignnone \" src=\"https:\/\/wp.ufpel.edu.br\/matematicadiurno\/files\/2019\/03\/53827785_2256103484710937_5875076804896620544_n-1.jpg\" width=\"272\" height=\"243\" \/>\u00a0 \u00a0\u00a0 <img class=\"alignnone \" src=\"https:\/\/wp.ufpel.edu.br\/matematicadiurno\/files\/2019\/03\/52268898_2239010809753538_3353957703956299776_n-1.jpg\" width=\"364\" height=\"243\" \/><\/p>\n<p>&nbsp;<\/p>\n<p>Em nome da turma, o juramento foi prestado por <strong>Nat\u00e1lia Barros Schaun\u00a0<\/strong>e o\u00a0orador escolhido para representar a turma foi Anderson <strong>Donay Martins<\/strong>.<\/p>\n<p><img class=\"aligncenter \" src=\"https:\/\/wp.ufpel.edu.br\/matematicadiurno\/files\/2019\/03\/54517021_2256103071377645_1360114467882401792_n.jpg\" width=\"583\" height=\"389\" \/><\/p>\n<p>&nbsp;<\/p>\n<p>Como reconhecimento da Universidade pelo empenho e dedica\u00e7\u00e3o ao longo da gradua\u00e7\u00e3o, foi concedido diploma de men\u00e7\u00e3o honrosa ao formando do Curso de Licenciatura em Matem\u00e1tica \u2013 Noturno \u2013 <strong>Anderson Donay Martins<\/strong> \u2013 e \u00e0 formanda do Curso de Licenciatura em Matem\u00e1tica \u2013 <strong>Nat\u00e1lia Barros Schaun <\/strong>(formandos que obtiveram a maior m\u00e9dia geral ao final do curso).<\/p>\n<p>&nbsp;<\/p>\n<p><img class=\"alignnone \" src=\"https:\/\/wp.ufpel.edu.br\/matematicadiurno\/files\/2019\/03\/53764583_2256105408044078_1089157492417495040_n.jpg\" width=\"349\" height=\"233\" \/>\u00a0 \u00a0 <img class=\"alignnone \" src=\"https:\/\/wp.ufpel.edu.br\/matematicadiurno\/files\/2019\/03\/43429818_2148935638761056_1906354228268367872_n.jpg\" width=\"307\" height=\"231\" \/><\/p>\n<p>&nbsp;<\/p>\n<p><img class=\"aligncenter size-medium\" src=\"https:\/\/wp.ufpel.edu.br\/matematicadiurno\/files\/2019\/03\/49414077_2213046129016673_7046511315061309440_n.jpg\" width=\"960\" height=\"644\" \/><\/p>\n<p>&nbsp;<\/p>\n","protected":false},"excerpt":{"rendered":"<p>No s\u00e1bado, dia 16\/02, foi realizada a CERIM\u00d4NIA DE COLA\u00c7\u00c3O DE GRAU EXTERNA dos estudantes \u2013 Anderson Donay Martins (CLMN), Gesi\u00e9le Santos da Rosa (CLM), Janine Moscarelli Rodrigues (CLMN), Nat\u00e1lia Barros Schaun (CLM) e Patr\u00edcia Casarin Peil (CLM) \u2013 que conclu\u00edram os Cursos de Licenciatura em Matem\u00e1tica e Licenciatura em Matem\u00e1tica \u2013 Noturno da Universidade [&hellip;]<\/p>\n","protected":false},"author":466,"featured_media":0,"parent":0,"menu_order":0,"comment_status":"closed","ping_status":"closed","template":"","meta":{"jetpack_post_was_ever_published":false,"footnotes":""},"class_list":["post-1504","page","type-page","status-publish","hentry"],"jetpack_sharing_enabled":true,"jetpack_shortlink":"https:\/\/wp.me\/P7sk8J-og","_links":{"self":[{"href":"https:\/\/wp.ufpel.edu.br\/matematicanoturno\/wp-json\/wp\/v2\/pages\/1504","targetHints":{"allow":["GET"]}}],"collection":[{"href":"https:\/\/wp.ufpel.edu.br\/matematicanoturno\/wp-json\/wp\/v2\/pages"}],"about":[{"href":"https:\/\/wp.ufpel.edu.br\/matematicanoturno\/wp-json\/wp\/v2\/types\/page"}],"author":[{"embeddable":true,"href":"https:\/\/wp.ufpel.edu.br\/matematicanoturno\/wp-json\/wp\/v2\/users\/466"}],"replies":[{"embeddable":true,"href":"https:\/\/wp.ufpel.edu.br\/matematicanoturno\/wp-json\/wp\/v2\/comments?post=1504"}],"version-history":[{"count":3,"href":"https:\/\/wp.ufpel.edu.br\/matematicanoturno\/wp-json\/wp\/v2\/pages\/1504\/revisions"}],"predecessor-version":[{"id":1511,"href":"https:\/\/wp.ufpel.edu.br\/matematicanoturno\/wp-json\/wp\/v2\/pages\/1504\/revisions\/1511"}],"wp:attachment":[{"href":"https:\/\/wp.ufpel.edu.br\/matematicanoturno\/wp-json\/wp\/v2\/media?parent=1504"}],"curies":[{"name":"wp","href":"https:\/\/api.w.org\/{rel}","templated":true}]}}