{"id":1501,"date":"2019-08-16T17:41:46","date_gmt":"2019-08-16T20:41:46","guid":{"rendered":"https:\/\/wp.ufpel.edu.br\/matematicanoturno\/?page_id=1501"},"modified":"2019-08-16T17:41:46","modified_gmt":"2019-08-16T20:41:46","slug":"colacao-de-grau-interna-2","status":"publish","type":"page","link":"https:\/\/wp.ufpel.edu.br\/matematicanoturno\/colacao-de-grau-interna-2\/","title":{"rendered":"Cola\u00e7\u00e3o de Grau Interna"},"content":{"rendered":"<p>Na sexta-feira, dia 15\/02, foi realizada a CERIM\u00d4NIA DE COLA\u00c7\u00c3O DE GRAU INTERNA dos estudantes &#8211;\u00a0 <strong>Cl\u00e1udio Ad\u00e3o Portelinha Kaster (CLMN), Enilson Rodrigues Nunes (CLMN), Germano M\u00fcller (CLMN)<\/strong>,\u00a0<strong>Ja\u00edne Protzen Cassais (CLM) e Marciano Gaspareto Casanova (CLM) <\/strong>\u2013 que conclu\u00edram os Cursos de Licenciatura em Matem\u00e1tica e Licenciatura em Matem\u00e1tica \u2013 Noturno da Universidade Federal de Pelotas no segundo per\u00edodo letivo de 2018.<\/p>\n<p><img class=\"aligncenter \" src=\"https:\/\/wp.ufpel.edu.br\/matematicadiurno\/files\/2019\/03\/52341906_1875095342596965_2592747846788710400_n.jpg\" width=\"667\" height=\"500\" \/><\/p>\n<p>&nbsp;<\/p>\n<p>Em nome da turma, o juramento foi prestado por <strong>Cl\u00e1udio Kaster<\/strong>.<\/p>\n<p><img class=\"aligncenter size-medium\" src=\"https:\/\/wp.ufpel.edu.br\/matematicadiurno\/files\/2019\/03\/53786355_2013320142305398_7412991919422177280_n.jpg\" width=\"640\" height=\"480\" \/><\/p>\n<p>&nbsp;<\/p>\n","protected":false},"excerpt":{"rendered":"<p>Na sexta-feira, dia 15\/02, foi realizada a CERIM\u00d4NIA DE COLA\u00c7\u00c3O DE GRAU INTERNA dos estudantes &#8211;\u00a0 Cl\u00e1udio Ad\u00e3o Portelinha Kaster (CLMN), Enilson Rodrigues Nunes (CLMN), Germano M\u00fcller (CLMN),\u00a0Ja\u00edne Protzen Cassais (CLM) e Marciano Gaspareto Casanova (CLM) \u2013 que conclu\u00edram os Cursos de Licenciatura em Matem\u00e1tica e Licenciatura em Matem\u00e1tica \u2013 Noturno da Universidade Federal de [&hellip;]<\/p>\n","protected":false},"author":466,"featured_media":0,"parent":0,"menu_order":0,"comment_status":"closed","ping_status":"closed","template":"","meta":{"jetpack_post_was_ever_published":false,"footnotes":""},"class_list":["post-1501","page","type-page","status-publish","hentry"],"jetpack_sharing_enabled":true,"jetpack_shortlink":"https:\/\/wp.me\/P7sk8J-od","_links":{"self":[{"href":"https:\/\/wp.ufpel.edu.br\/matematicanoturno\/wp-json\/wp\/v2\/pages\/1501","targetHints":{"allow":["GET"]}}],"collection":[{"href":"https:\/\/wp.ufpel.edu.br\/matematicanoturno\/wp-json\/wp\/v2\/pages"}],"about":[{"href":"https:\/\/wp.ufpel.edu.br\/matematicanoturno\/wp-json\/wp\/v2\/types\/page"}],"author":[{"embeddable":true,"href":"https:\/\/wp.ufpel.edu.br\/matematicanoturno\/wp-json\/wp\/v2\/users\/466"}],"replies":[{"embeddable":true,"href":"https:\/\/wp.ufpel.edu.br\/matematicanoturno\/wp-json\/wp\/v2\/comments?post=1501"}],"version-history":[{"count":1,"href":"https:\/\/wp.ufpel.edu.br\/matematicanoturno\/wp-json\/wp\/v2\/pages\/1501\/revisions"}],"predecessor-version":[{"id":1503,"href":"https:\/\/wp.ufpel.edu.br\/matematicanoturno\/wp-json\/wp\/v2\/pages\/1501\/revisions\/1503"}],"wp:attachment":[{"href":"https:\/\/wp.ufpel.edu.br\/matematicanoturno\/wp-json\/wp\/v2\/media?parent=1501"}],"curies":[{"name":"wp","href":"https:\/\/api.w.org\/{rel}","templated":true}]}}