{"id":1498,"date":"2019-08-16T17:37:53","date_gmt":"2019-08-16T20:37:53","guid":{"rendered":"https:\/\/wp.ufpel.edu.br\/matematicanoturno\/?page_id=1498"},"modified":"2019-08-16T17:37:53","modified_gmt":"2019-08-16T20:37:53","slug":"2018-2","status":"publish","type":"page","link":"https:\/\/wp.ufpel.edu.br\/matematicanoturno\/2018-2\/","title":{"rendered":"2018\/2"},"content":{"rendered":"<p>A Coordena\u00e7\u00e3o do Colegiado do Curso de Licenciatura em Matem\u00e1tica Noturno parabeniza os formandos de 2018\/2 e seus familiares e, deseja a todos muito sucesso e felicidade em suas jornadas.<\/p>\n<p>\u2013 Patronesse: <strong>Profa. Andrea Morgado<\/strong>;<\/p>\n<p>\u2013 Paraninfo: <strong>Prof. Giovanni Nunes<\/strong>;<\/p>\n<p>\u2013 Professores homenageados: <strong>Daniela Hoffmann<\/strong> e <strong>Maur\u00edcio Zahn<\/strong>.<\/p>\n<p>\u2013 Funcion\u00e1rios homenageados: <strong>Gl\u00e1ucia Potenza Soares<\/strong> e <strong>Eliezer Silva dos Santos<\/strong>.<\/p>\n<p><img class=\"aligncenter size-medium\" src=\"https:\/\/wp.ufpel.edu.br\/matematicadiurno\/files\/2019\/03\/53933971_2256105458044073_7696453133823639552_n-1.jpg\" width=\"960\" height=\"640\" \/><\/p>\n","protected":false},"excerpt":{"rendered":"<p>A Coordena\u00e7\u00e3o do Colegiado do Curso de Licenciatura em Matem\u00e1tica Noturno parabeniza os formandos de 2018\/2 e seus familiares e, deseja a todos muito sucesso e felicidade em suas jornadas. \u2013 Patronesse: Profa. Andrea Morgado; \u2013 Paraninfo: Prof. Giovanni Nunes; \u2013 Professores homenageados: Daniela Hoffmann e Maur\u00edcio Zahn. \u2013 Funcion\u00e1rios homenageados: Gl\u00e1ucia Potenza Soares e [&hellip;]<\/p>\n","protected":false},"author":466,"featured_media":0,"parent":0,"menu_order":0,"comment_status":"closed","ping_status":"closed","template":"","meta":{"jetpack_post_was_ever_published":false,"footnotes":""},"class_list":["post-1498","page","type-page","status-publish","hentry"],"jetpack_sharing_enabled":true,"jetpack_shortlink":"https:\/\/wp.me\/P7sk8J-oa","_links":{"self":[{"href":"https:\/\/wp.ufpel.edu.br\/matematicanoturno\/wp-json\/wp\/v2\/pages\/1498","targetHints":{"allow":["GET"]}}],"collection":[{"href":"https:\/\/wp.ufpel.edu.br\/matematicanoturno\/wp-json\/wp\/v2\/pages"}],"about":[{"href":"https:\/\/wp.ufpel.edu.br\/matematicanoturno\/wp-json\/wp\/v2\/types\/page"}],"author":[{"embeddable":true,"href":"https:\/\/wp.ufpel.edu.br\/matematicanoturno\/wp-json\/wp\/v2\/users\/466"}],"replies":[{"embeddable":true,"href":"https:\/\/wp.ufpel.edu.br\/matematicanoturno\/wp-json\/wp\/v2\/comments?post=1498"}],"version-history":[{"count":1,"href":"https:\/\/wp.ufpel.edu.br\/matematicanoturno\/wp-json\/wp\/v2\/pages\/1498\/revisions"}],"predecessor-version":[{"id":1500,"href":"https:\/\/wp.ufpel.edu.br\/matematicanoturno\/wp-json\/wp\/v2\/pages\/1498\/revisions\/1500"}],"wp:attachment":[{"href":"https:\/\/wp.ufpel.edu.br\/matematicanoturno\/wp-json\/wp\/v2\/media?parent=1498"}],"curies":[{"name":"wp","href":"https:\/\/api.w.org\/{rel}","templated":true}]}}