{"id":1493,"date":"2019-08-16T17:32:09","date_gmt":"2019-08-16T20:32:09","guid":{"rendered":"https:\/\/wp.ufpel.edu.br\/matematicanoturno\/?page_id=1493"},"modified":"2019-08-16T17:32:09","modified_gmt":"2019-08-16T20:32:09","slug":"colacao-de-grau-externa-2","status":"publish","type":"page","link":"https:\/\/wp.ufpel.edu.br\/matematicanoturno\/colacao-de-grau-externa-2\/","title":{"rendered":"Cola\u00e7\u00e3o de Grau Externa"},"content":{"rendered":"<p>No s\u00e1bado, dia 24 de mar\u00e7o de 2018, realizou-se a COLA\u00c7\u00c3O DE GRAU EXTERNA das estudantes \u2013\u00a0<strong>Aiana Silveira Bilhalva (CLMN), Elisama Priebe Klug (CLMN), Fernanda da Silva Anselmi Specht (CLMN), Larissa Nunes Meirelles da Luz (CLM), Letiane Oliveira da Fonseca (CLMN), Let\u00edcia Klein Parnoff (CLM), Let\u00edcia Machado Kaufmann (CLMN), Liane Blank Schneider (CLMN), Luana Oliveira de Oliveira (CLMN) e L\u00facia Renata dos Santos Silveira (CLMN) <\/strong>\u2013 que conclu\u00edram os Cursos de Licenciatura em Matem\u00e1tica e Licenciatura em Matem\u00e1tica \u2013 Noturno da Universidade Federal de Pelotas no segundo per\u00edodo letivo de 2017.<\/p>\n<p><img class=\"alignnone\" src=\"https:\/\/wp.ufpel.edu.br\/matematicadiurno\/files\/2018\/06\/mat-2931.jpg\" width=\"313\" height=\"208\" \/>\u00a0 \u00a0 \u00a0 \u00a0 <img class=\"alignnone\" src=\"https:\/\/wp.ufpel.edu.br\/matematicadiurno\/files\/2018\/06\/mat-2895.jpg\" width=\"312\" height=\"210\" \/><\/p>\n<p>&nbsp;<\/p>\n<p><img class=\"aligncenter\" src=\"https:\/\/wp.ufpel.edu.br\/matematicadiurno\/files\/2018\/06\/mat-2709.jpg\" width=\"731\" height=\"488\" \/><\/p>\n<p>&nbsp;<\/p>\n<p>Em nome da turma, o juramento foi prestado por <strong>L\u00facia Renata dos Santos Silveira,\u00a0<\/strong>e as oradoras escolhidas para representarem a turma foram <strong>Aiana Silveira Bilhalva<\/strong>\u00a0 e <strong>Let\u00edcia Klein Parnoff<\/strong>.<\/p>\n<p>&nbsp;<\/p>\n<p><img class=\"aligncenter \" src=\"https:\/\/wp.ufpel.edu.br\/matematicadiurno\/files\/2018\/06\/mat-2907.jpg\" width=\"603\" height=\"402\" \/><\/p>\n<p>&nbsp;<\/p>\n<p><img class=\"alignnone \" src=\"https:\/\/wp.ufpel.edu.br\/matematicadiurno\/files\/2018\/06\/mat-2955.jpg\" width=\"344\" height=\"229\" \/>\u00a0 \u00a0 \u00a0 \u00a0 \u00a0 \u00a0 \u00a0<img class=\"alignnone \" src=\"https:\/\/wp.ufpel.edu.br\/matematicadiurno\/files\/2018\/06\/23456408_2039229022963003_4948217956969688130_o.jpg\" width=\"304\" height=\"228\" \/><\/p>\n<p>&nbsp;<\/p>\n<p><img class=\" aligncenter\" src=\"https:\/\/wp.ufpel.edu.br\/matematicadiurno\/files\/2018\/06\/mat-1266.jpg\" width=\"561\" height=\"374\" \/><\/p>\n<p>&nbsp;<\/p>\n<p><img class=\"aligncenter size-medium\" src=\"https:\/\/wp.ufpel.edu.br\/matematicadiurno\/files\/2018\/06\/mat-1288.jpg\" width=\"5580\" height=\"3720\" \/><\/p>\n<p>&nbsp;<\/p>\n<p>&nbsp;<\/p>\n<p>&nbsp;<\/p>\n<p>&nbsp;<\/p>\n<p>&nbsp;<\/p>\n<p>&nbsp;<\/p>\n<p>&nbsp;<\/p>\n<p>&nbsp;<\/p>\n<p>&nbsp;<\/p>\n<p>&nbsp;<\/p>\n<p>&nbsp;<\/p>\n<p>&nbsp;<\/p>\n","protected":false},"excerpt":{"rendered":"<p>No s\u00e1bado, dia 24 de mar\u00e7o de 2018, realizou-se a COLA\u00c7\u00c3O DE GRAU EXTERNA das estudantes \u2013\u00a0Aiana Silveira Bilhalva (CLMN), Elisama Priebe Klug (CLMN), Fernanda da Silva Anselmi Specht (CLMN), Larissa Nunes Meirelles da Luz (CLM), Letiane Oliveira da Fonseca (CLMN), Let\u00edcia Klein Parnoff (CLM), Let\u00edcia Machado Kaufmann (CLMN), Liane Blank Schneider (CLMN), Luana Oliveira [&hellip;]<\/p>\n","protected":false},"author":466,"featured_media":0,"parent":0,"menu_order":0,"comment_status":"closed","ping_status":"closed","template":"","meta":{"jetpack_post_was_ever_published":false,"footnotes":""},"class_list":["post-1493","page","type-page","status-publish","hentry"],"jetpack_sharing_enabled":true,"jetpack_shortlink":"https:\/\/wp.me\/P7sk8J-o5","_links":{"self":[{"href":"https:\/\/wp.ufpel.edu.br\/matematicanoturno\/wp-json\/wp\/v2\/pages\/1493","targetHints":{"allow":["GET"]}}],"collection":[{"href":"https:\/\/wp.ufpel.edu.br\/matematicanoturno\/wp-json\/wp\/v2\/pages"}],"about":[{"href":"https:\/\/wp.ufpel.edu.br\/matematicanoturno\/wp-json\/wp\/v2\/types\/page"}],"author":[{"embeddable":true,"href":"https:\/\/wp.ufpel.edu.br\/matematicanoturno\/wp-json\/wp\/v2\/users\/466"}],"replies":[{"embeddable":true,"href":"https:\/\/wp.ufpel.edu.br\/matematicanoturno\/wp-json\/wp\/v2\/comments?post=1493"}],"version-history":[{"count":1,"href":"https:\/\/wp.ufpel.edu.br\/matematicanoturno\/wp-json\/wp\/v2\/pages\/1493\/revisions"}],"predecessor-version":[{"id":1495,"href":"https:\/\/wp.ufpel.edu.br\/matematicanoturno\/wp-json\/wp\/v2\/pages\/1493\/revisions\/1495"}],"wp:attachment":[{"href":"https:\/\/wp.ufpel.edu.br\/matematicanoturno\/wp-json\/wp\/v2\/media?parent=1493"}],"curies":[{"name":"wp","href":"https:\/\/api.w.org\/{rel}","templated":true}]}}