{"id":122,"date":"2014-11-27T18:38:35","date_gmt":"2014-11-27T20:38:35","guid":{"rendered":"https:\/\/wp.ufpel.edu.br\/matematicanoturno\/?page_id=122"},"modified":"2022-12-21T13:45:15","modified_gmt":"2022-12-21T16:45:15","slug":"o-curso-2","status":"publish","type":"page","link":"https:\/\/wp.ufpel.edu.br\/matematicanoturno\/o-curso-2\/","title":{"rendered":"Apresenta\u00e7\u00e3o"},"content":{"rendered":"<p><a href=\"https:\/\/wp.ufpel.edu.br\/matematicanoturno\/files\/2019\/10\/banner-curso.jpg\"><img data-attachment-id=\"1588\" data-permalink=\"https:\/\/wp.ufpel.edu.br\/matematicanoturno\/o-curso-2\/banner-curso\/\" data-orig-file=\"https:\/\/wp.ufpel.edu.br\/matematicanoturno\/files\/2019\/10\/banner-curso.jpg\" data-orig-size=\"1280,960\" data-comments-opened=\"0\" data-image-meta=\"{&quot;aperture&quot;:&quot;0&quot;,&quot;credit&quot;:&quot;&quot;,&quot;camera&quot;:&quot;&quot;,&quot;caption&quot;:&quot;&quot;,&quot;created_timestamp&quot;:&quot;0&quot;,&quot;copyright&quot;:&quot;&quot;,&quot;focal_length&quot;:&quot;0&quot;,&quot;iso&quot;:&quot;0&quot;,&quot;shutter_speed&quot;:&quot;0&quot;,&quot;title&quot;:&quot;&quot;,&quot;orientation&quot;:&quot;0&quot;}\" data-image-title=\"banner curso\" data-image-description=\"\" data-image-caption=\"\" data-medium-file=\"https:\/\/wp.ufpel.edu.br\/matematicanoturno\/files\/2019\/10\/banner-curso-400x300.jpg\" data-large-file=\"https:\/\/wp.ufpel.edu.br\/matematicanoturno\/files\/2019\/10\/banner-curso-1024x768.jpg\" class=\"size-medium wp-image-1588 alignnone\" src=\"https:\/\/wp.ufpel.edu.br\/matematicanoturno\/files\/2019\/10\/banner-curso-400x300.jpg\" alt=\"\" width=\"400\" height=\"300\" srcset=\"https:\/\/wp.ufpel.edu.br\/matematicanoturno\/files\/2019\/10\/banner-curso-400x300.jpg 400w, https:\/\/wp.ufpel.edu.br\/matematicanoturno\/files\/2019\/10\/banner-curso-768x576.jpg 768w, https:\/\/wp.ufpel.edu.br\/matematicanoturno\/files\/2019\/10\/banner-curso-1024x768.jpg 1024w, https:\/\/wp.ufpel.edu.br\/matematicanoturno\/files\/2019\/10\/banner-curso.jpg 1280w\" sizes=\"(max-width: 400px) 100vw, 400px\" \/><\/a><\/p>\n\n<style>.kt-tabs-id_08f094-bb > .kt-tabs-content-wrap > .wp-block-kadence-tab{border-top-width:4px;border-right-width:0px;border-bottom-width:0px;border-left-width:0px;border-color:#33c6e8;border-top-left-radius:0px;border-top-right-radius:0px;border-bottom-right-radius:0px;border-bottom-left-radius:0px;padding-top:20px;padding-right:0px;padding-bottom:0px;padding-left:20px;min-height:400px;background:#ffffff;}.wp-block-kadence-tabs .kt-tabs-id_08f094-bb > .kt-tabs-title-list li{margin-top:0px;margin-right:8px;margin-bottom:10px;margin-left:0px;}.wp-block-kadence-tabs .kt-tabs-id_08f094-bb > .kt-tabs-title-list li .kt-tab-title, .wp-block-kadence-tabs .kt-tabs-id_08f094-bb > .kt-tabs-content-wrap > .kt-tabs-accordion-title .kt-tab-title{line-height:1.4em;font-family:-apple-system,BlinkMacSystemFont,\"Segoe UI\",Roboto,Oxygen-Sans,Ubuntu,Cantarell,\"Helvetica Neue\",sans-serif, \"Apple Color Emoji\", \"Segoe UI Emoji\", \"Segoe UI Symbol\";font-weight:inherit;font-style:normal;text-transform:uppercase;border-top-width:4px;border-right-width:0px;border-bottom-width:4px;border-left-width:4px;border-top-left-radius:10px;border-top-right-radius:0px;border-bottom-right-radius:0px;border-bottom-left-radius:10px;padding-top:8px;padding-right:20px;padding-bottom:8px;padding-left:20px;border-color:rgba(51,198,232,0);color:#444444;background:#f7f641;}.wp-block-kadence-tabs .kt-tabs-id_08f094-bb > .kt-tabs-content-wrap > .kt-tabs-accordion-title .kt-tab-title{margin-top:0px;margin-right:8px;margin-bottom:10px;margin-left:0px;}.wp-block-kadence-tabs .kt-tabs-id_08f094-bb > .kt-tabs-title-list li .kt-tab-title:hover, .wp-block-kadence-tabs .kt-tabs-id_08f094-bb > .kt-tabs-content-wrap > .kt-tabs-accordion-title .kt-tab-title:hover{border-color:rgba(51,198,232,0);color:#444444;background:rgba(51,198,232,0);}.wp-block-kadence-tabs .kt-tabs-id_08f094-bb > .kt-tabs-title-list li.kt-tab-title-active .kt-tab-title, .wp-block-kadence-tabs .kt-tabs-id_08f094-bb > .kt-tabs-content-wrap > .kt-tabs-accordion-title.kt-tab-title-active .kt-tab-title{border-color:#33c6e8;color:#ffffff;background:#33c6e8;}@media all and (min-width: 1025px){.wp-block-kadence-tabs .kt-tabs-id_08f094-bb{display:flex;}.wp-block-kadence-tabs .kt-tabs-id_08f094-bb > .kt-tabs-title-list{float:none;width:30%;}.wp-block-kadence-tabs .kt-tabs-id_08f094-bb > .kt-tabs-content-wrap{float:none;width:auto;-webkit-flex:1;flex:1;}}@media all and (min-width: 768px) and (max-width: 1024px){.wp-block-kadence-tabs .kt-tabs-id_08f094-bb{display:flex;}.wp-block-kadence-tabs .kt-tabs-id_08f094-bb > .kt-tabs-title-list{float:none;width:30%;}.wp-block-kadence-tabs .kt-tabs-id_08f094-bb > .kt-tabs-content-wrap{float:none;width:auto;-webkit-flex:1;flex:1;}}<\/style>\n<div class=\"wp-block-kadence-tabs alignnone\"><div class=\"kt-tabs-wrap kt-tabs-id_08f094-bb kt-tabs-has-9-tabs kt-active-tab-1 kt-tabs-layout-vtabs kt-tabs-tablet-layout-inherit kt-tabs-mobile-layout-accordion kt-tab-alignment-left kt-create-accordion\" style=\"max-width:none\"><ul class=\"kt-tabs-title-list\"><li id=\"tab-strongnomedocursostrong\" class=\"kt-title-item kt-title-item-1 kt-tabs-svg-show-always kt-tabs-icon-side-right kt-tab-title-active\"><a href=\"#tab-strongnomedocursostrong\" data-tab=\"1\" class=\"kt-tab-title kt-tab-title-1 \"><span class=\"kt-title-text\"><strong>Nome do Curso<\/strong><\/span><\/a><\/li><li id=\"tab-strongtitulaostrong\" class=\"kt-title-item kt-title-item-2 kt-tabs-svg-show-always kt-tabs-icon-side-right kt-tab-title-inactive\"><a href=\"#tab-strongtitulaostrong\" data-tab=\"2\" class=\"kt-tab-title kt-tab-title-2 \"><span class=\"kt-title-text\"><strong>Titula\u00e7\u00e3o<\/strong><\/span><\/a><\/li><li id=\"tab-strongperodostrong\" class=\"kt-title-item kt-title-item-3 kt-tabs-svg-show-always kt-tabs-icon-side-right kt-tab-title-inactive\"><a href=\"#tab-strongperodostrong\" data-tab=\"3\" class=\"kt-tab-title kt-tab-title-3 \"><span class=\"kt-title-text\"><strong>Per\u00edodo<\/strong><\/span><\/a><\/li><li id=\"tab-strongregimeacadmicostrong\" class=\"kt-title-item kt-title-item-4 kt-tabs-svg-show-always kt-tabs-icon-side-right kt-tab-title-inactive\"><a href=\"#tab-strongregimeacadmicostrong\" data-tab=\"4\" class=\"kt-tab-title kt-tab-title-4 \"><span class=\"kt-title-text\"><strong>Regime Acad\u00eamico<\/strong><\/span><\/a><\/li><li id=\"tab-strongduraodocursostrong\" class=\"kt-title-item kt-title-item-5 kt-tabs-svg-show-always kt-tabs-icon-side-right kt-tab-title-inactive\"><a href=\"#tab-strongduraodocursostrong\" data-tab=\"5\" class=\"kt-tab-title kt-tab-title-5 \"><span class=\"kt-title-text\"><strong>Dura\u00e7\u00e3o do Curso<\/strong><\/span><\/a><\/li><li id=\"tab-strongmodalidadestrong\" class=\"kt-title-item kt-title-item-6 kt-tabs-svg-show-always kt-tabs-icon-side-right kt-tab-title-inactive\"><a href=\"#tab-strongmodalidadestrong\" data-tab=\"6\" class=\"kt-tab-title kt-tab-title-6 \"><span class=\"kt-title-text\"><strong>Modalidade<\/strong><\/span><\/a><\/li><li id=\"tab-strongunidadeacadmicastrong\" class=\"kt-title-item kt-title-item-7 kt-tabs-svg-show-always kt-tabs-icon-side-right kt-tab-title-inactive\"><a href=\"#tab-strongunidadeacadmicastrong\" data-tab=\"7\" class=\"kt-tab-title kt-tab-title-7 \"><span class=\"kt-title-text\"><strong>Unidade Acad\u00eamica<\/strong><\/span><\/a><\/li><li id=\"tab-strongatodecriaodocursostrong\" class=\"kt-title-item kt-title-item-8 kt-tabs-svg-show-always kt-tabs-icon-side-right kt-tab-title-inactive\"><a href=\"#tab-strongatodecriaodocursostrong\" data-tab=\"8\" class=\"kt-tab-title kt-tab-title-8 \"><span class=\"kt-title-text\"><strong>Ato de Cria\u00e7\u00e3o do Curso<\/strong><\/span><\/a><\/li><li id=\"tab-strongatodereconhecimentodocursostrong\" class=\"kt-title-item kt-title-item-9 kt-tabs-svg-show-always kt-tabs-icon-side-right kt-tab-title-inactive\"><a href=\"#tab-strongatodereconhecimentodocursostrong\" data-tab=\"9\" class=\"kt-tab-title kt-tab-title-9 \"><span class=\"kt-title-text\"><strong>Ato de Reconhecimento do Curso<\/strong><\/span><\/a><\/li><\/ul><div class=\"kt-tabs-content-wrap\">\n<div class=\"wp-block-kadence-tab kt-tab-inner-content kt-inner-tab-1 kt-inner-tab_a31aa0-17\"><div class=\"kt-tab-inner-content-inner\">\n<p><strong>Licenciatura em Matem\u00e1tica Noturno<\/strong> (<strong>CLMN<\/strong>)<\/p>\n<\/div><\/div>\n\n\n\n<div class=\"wp-block-kadence-tab kt-tab-inner-content kt-inner-tab-2 kt-inner-tab_00d859-48\"><div class=\"kt-tab-inner-content-inner\">\n<p><strong>Licenciado em Matem\u00e1tica<\/strong><\/p>\n<\/div><\/div>\n\n\n\n<div class=\"wp-block-kadence-tab kt-tab-inner-content kt-inner-tab-3 kt-inner-tab_ffd531-09\"><div class=\"kt-tab-inner-content-inner\">\n<p><strong>Noturno<\/strong><\/p>\n<\/div><\/div>\n\n\n\n<div class=\"wp-block-kadence-tab kt-tab-inner-content kt-inner-tab-4 kt-inner-tab_359e4b-44\"><div class=\"kt-tab-inner-content-inner\">\n<p><strong>Semestral<\/strong><\/p>\n<\/div><\/div>\n\n\n\n<div class=\"wp-block-kadence-tab kt-tab-inner-content kt-inner-tab-5 kt-inner-tab_d7db38-84\"><div class=\"kt-tab-inner-content-inner\">\n<p><strong>M\u00ednima <\/strong>\u2013 <strong>dez semestres<\/strong><\/p>\n\n\n\n<p><strong>M\u00e1xima <\/strong>\u2013 <strong>dezessete semestres<\/strong><\/p>\n<\/div><\/div>\n\n\n\n<div class=\"wp-block-kadence-tab kt-tab-inner-content kt-inner-tab-6 kt-inner-tab_1ac204-81\"><div class=\"kt-tab-inner-content-inner\">\n<p><strong>Presencial<\/strong> (com permiss\u00e3o de at\u00e9 20% da integraliza\u00e7\u00e3o curricular na modalidade \u00e0 dist\u00e2ncia)<\/p>\n<\/div><\/div>\n\n\n\n<div class=\"wp-block-kadence-tab kt-tab-inner-content kt-inner-tab-7 kt-inner-tab_5df01d-de\"><div class=\"kt-tab-inner-content-inner\">\n<p><strong>Instituto de F\u00edsica e Matem\u00e1tica<\/strong> (<strong>IFM<\/strong>)<\/p>\n<\/div><\/div>\n\n\n\n<div class=\"wp-block-kadence-tab kt-tab-inner-content kt-inner-tab-8 kt-inner-tab_2ea6bd-a3\"><div class=\"kt-tab-inner-content-inner\">\n<p><strong>Portaria\/UFPel n\u00ba 1.656, de 25 de outubro de 2010<\/strong><\/p>\n<\/div><\/div>\n\n\n\n<div class=\"wp-block-kadence-tab kt-tab-inner-content kt-inner-tab-9 kt-inner-tab_eec2be-9c\"><div class=\"kt-tab-inner-content-inner\">\n<p><strong>Portaria\/MEC n\u00ba 45, de 22 de janeiro de 2015<\/strong><\/p>\n<\/div><\/div>\n<\/div><\/div><\/div>\n","protected":false},"excerpt":{"rendered":"","protected":false},"author":466,"featured_media":0,"parent":0,"menu_order":0,"comment_status":"closed","ping_status":"closed","template":"","meta":{"jetpack_post_was_ever_published":false,"footnotes":""},"class_list":["post-122","page","type-page","status-publish","hentry"],"jetpack_sharing_enabled":true,"jetpack_shortlink":"https:\/\/wp.me\/P7sk8J-1Y","_links":{"self":[{"href":"https:\/\/wp.ufpel.edu.br\/matematicanoturno\/wp-json\/wp\/v2\/pages\/122","targetHints":{"allow":["GET"]}}],"collection":[{"href":"https:\/\/wp.ufpel.edu.br\/matematicanoturno\/wp-json\/wp\/v2\/pages"}],"about":[{"href":"https:\/\/wp.ufpel.edu.br\/matematicanoturno\/wp-json\/wp\/v2\/types\/page"}],"author":[{"embeddable":true,"href":"https:\/\/wp.ufpel.edu.br\/matematicanoturno\/wp-json\/wp\/v2\/users\/466"}],"replies":[{"embeddable":true,"href":"https:\/\/wp.ufpel.edu.br\/matematicanoturno\/wp-json\/wp\/v2\/comments?post=122"}],"version-history":[{"count":21,"href":"https:\/\/wp.ufpel.edu.br\/matematicanoturno\/wp-json\/wp\/v2\/pages\/122\/revisions"}],"predecessor-version":[{"id":2728,"href":"https:\/\/wp.ufpel.edu.br\/matematicanoturno\/wp-json\/wp\/v2\/pages\/122\/revisions\/2728"}],"wp:attachment":[{"href":"https:\/\/wp.ufpel.edu.br\/matematicanoturno\/wp-json\/wp\/v2\/media?parent=122"}],"curies":[{"name":"wp","href":"https:\/\/api.w.org\/{rel}","templated":true}]}}