{"id":77,"date":"2017-08-28T13:46:27","date_gmt":"2017-08-28T16:46:27","guid":{"rendered":"https:\/\/wp.ufpel.edu.br\/matematicanopokemongo\/?page_id=77"},"modified":"2017-08-28T13:58:50","modified_gmt":"2017-08-28T16:58:50","slug":"como-funciona-o-gps-de-seu-smartfone","status":"publish","type":"page","link":"https:\/\/wp.ufpel.edu.br\/matematicanopokemongo\/como-funciona-o-gps-de-seu-smartfone\/","title":{"rendered":"1 &#8211; Como funciona o GPS de seu smartfone?"},"content":{"rendered":"<p class=\"western\" align=\"justify\"><strong>GPS (<i>Global Positioning System<\/i>) consiste de 24 sat\u00e9lites que trafegam s\u00e3o longo de \u00f3rbitas pr\u00e9-determinadas ao redor do nosso planeta, a uma altura de 20200 km. Ele permite aos seus receptores determinar sua localiza\u00e7\u00e3o em qualquer lugar do Planeta. S\u00e3o, ao todo, 6 \u00f3rbitas, com 4 sat\u00e9lites em cada. Cada sat\u00e9lite faz, em 12 horas, uma volta na Terra e tem 28 graus de visualiza\u00e7\u00e3o sobre o Planeta.<\/strong><\/p>\n<div id=\"attachment_81\" style=\"width: 260px\" class=\"wp-caption aligncenter\"><img aria-describedby=\"caption-attachment-81\" class=\"wp-image-81 size-full\" src=\"https:\/\/wp.ufpel.edu.br\/matematicanopokemongo\/files\/2017\/08\/figura8.jpg\" alt=\"\" width=\"250\" height=\"245\" \/><p id=\"caption-attachment-81\" class=\"wp-caption-text\"><strong>Figura 8 Fonte [5]<\/strong><\/p><\/div>\n<p class=\"western\" align=\"justify\"><strong>Existem no planeta 5 esta\u00e7\u00f5es que gerenciam, monitoram e corrigem o posicionamento dos sat\u00e9lites, e fazem tamb\u00e9m a reprograma\u00e7\u00e3o do sistema. A transmiss\u00e3o dos sat\u00e9lites at\u00e9 o receptor \u00e9 por r\u00e1dio.<\/strong><\/p>\n<div id=\"attachment_82\" style=\"width: 394px\" class=\"wp-caption aligncenter\"><img aria-describedby=\"caption-attachment-82\" class=\"size-full wp-image-82\" src=\"https:\/\/wp.ufpel.edu.br\/matematicanopokemongo\/files\/2017\/08\/Figura9.gif\" alt=\"\" width=\"384\" height=\"316\" \/><p id=\"caption-attachment-82\" class=\"wp-caption-text\"><strong>Figura 9 Fonte[6]<\/strong><\/p><\/div>\n<p class=\"western\"><strong>O receptor de um aparelho GPS coleta informa\u00e7\u00e3o de 4 sat\u00e9lites, e, a partir dela, determina a posi\u00e7\u00e3o do usu\u00e1rio. A fun\u00e7\u00e3o prim\u00e1ria GPS \u00e9 a locomo\u00e7\u00e3o e \u00e9 usada em navios, aeronaves, ve\u00edculos, dispositivos m\u00f3veis e, mais recentemente, para jogar Pok\u00e9mon GO.<\/strong><\/p>\n<div id=\"attachment_86\" style=\"width: 410px\" class=\"wp-caption aligncenter\"><img aria-describedby=\"caption-attachment-86\" class=\"size-medium wp-image-86\" src=\"https:\/\/wp.ufpel.edu.br\/matematicanopokemongo\/files\/2017\/08\/Figura-10-400x357.png\" alt=\"\" width=\"400\" height=\"357\" srcset=\"https:\/\/wp.ufpel.edu.br\/matematicanopokemongo\/files\/2017\/08\/Figura-10-400x357.png 400w, https:\/\/wp.ufpel.edu.br\/matematicanopokemongo\/files\/2017\/08\/Figura-10.png 453w\" sizes=\"(max-width: 400px) 100vw, 400px\" \/><p id=\"caption-attachment-86\" class=\"wp-caption-text\">Figura 10<br \/>Fonte [7]<\/p><\/div>\n","protected":false},"excerpt":{"rendered":"<p>GPS (Global Positioning System) consiste de 24 sat\u00e9lites que trafegam s\u00e3o longo de \u00f3rbitas pr\u00e9-determinadas ao redor do nosso planeta, a uma altura de 20200 km. Ele permite aos seus receptores determinar sua localiza\u00e7\u00e3o em qualquer lugar do Planeta. S\u00e3o, ao todo, 6 \u00f3rbitas, com 4 sat\u00e9lites em cada. Cada sat\u00e9lite faz, em 12 horas, [&hellip;]<\/p>\n","protected":false},"author":734,"featured_media":0,"parent":0,"menu_order":0,"comment_status":"closed","ping_status":"closed","template":"","meta":{"footnotes":""},"class_list":["post-77","page","type-page","status-publish","hentry"],"_links":{"self":[{"href":"https:\/\/wp.ufpel.edu.br\/matematicanopokemongo\/wp-json\/wp\/v2\/pages\/77","targetHints":{"allow":["GET"]}}],"collection":[{"href":"https:\/\/wp.ufpel.edu.br\/matematicanopokemongo\/wp-json\/wp\/v2\/pages"}],"about":[{"href":"https:\/\/wp.ufpel.edu.br\/matematicanopokemongo\/wp-json\/wp\/v2\/types\/page"}],"author":[{"embeddable":true,"href":"https:\/\/wp.ufpel.edu.br\/matematicanopokemongo\/wp-json\/wp\/v2\/users\/734"}],"replies":[{"embeddable":true,"href":"https:\/\/wp.ufpel.edu.br\/matematicanopokemongo\/wp-json\/wp\/v2\/comments?post=77"}],"version-history":[{"count":5,"href":"https:\/\/wp.ufpel.edu.br\/matematicanopokemongo\/wp-json\/wp\/v2\/pages\/77\/revisions"}],"predecessor-version":[{"id":88,"href":"https:\/\/wp.ufpel.edu.br\/matematicanopokemongo\/wp-json\/wp\/v2\/pages\/77\/revisions\/88"}],"wp:attachment":[{"href":"https:\/\/wp.ufpel.edu.br\/matematicanopokemongo\/wp-json\/wp\/v2\/media?parent=77"}],"curies":[{"name":"wp","href":"https:\/\/api.w.org\/{rel}","templated":true}]}}