{"id":70,"date":"2017-08-28T13:41:26","date_gmt":"2017-08-28T16:41:26","guid":{"rendered":"https:\/\/wp.ufpel.edu.br\/matematicanopokemongo\/?page_id=70"},"modified":"2017-08-29T14:43:58","modified_gmt":"2017-08-29T17:43:58","slug":"3-onde-voce-deve-posicionar-se-para-poder-cacar-os-pokemons","status":"publish","type":"page","link":"https:\/\/wp.ufpel.edu.br\/matematicanopokemongo\/3-onde-voce-deve-posicionar-se-para-poder-cacar-os-pokemons\/","title":{"rendered":"3 &#8211; Onde voc\u00ea deve posicionar-se para poder ca\u00e7ar os Pok\u00e9mons?"},"content":{"rendered":"<p class=\"western\" align=\"justify\"><strong>Quando visualizamos um Pok\u00e9mon na tela do celular e queremos ca\u00e7\u00e1-lo, precisamos, por meio do celular, atirar bolas na sua dire\u00e7\u00e3o, mas se este Pok\u00e9mon estiver muito longe tais bolas n\u00e3o ir\u00e3o atingi-lo. Para termos chance de \u00eaxito, devemos nos posicionar em um raio entre 35 e 100 passos, dependendo do Pok\u00e9mon que se deseja ca\u00e7ar.<img class=\"aligncenter size-full wp-image-72\" src=\"https:\/\/wp.ufpel.edu.br\/matematicanopokemongo\/files\/2017\/08\/figura5.jpg\" alt=\"\" width=\"385\" height=\"396\" \/><\/strong><\/p>\n<p class=\"western\" align=\"justify\"><strong>O Pok\u00e9mon desloca-se em v\u00e1rias dire\u00e7\u00f5es. Voc\u00ea ter\u00e1 chance de captura-lo se ele aparecer sobre a circunfer\u00eancia, o que pode ser visto na figura 6, ou no interior da circunfer\u00eancia como na figura 7. Note que o celular \u00e9 o centro da circunfer\u00eancia.<\/strong><\/p>\n<p align=\"justify\"><strong><img class=\"size-full wp-image-73 alignnone\" src=\"https:\/\/wp.ufpel.edu.br\/matematicanopokemongo\/files\/2017\/08\/figura6.png\" alt=\"\" width=\"289\" height=\"265\" \/><img class=\"size-full wp-image-74 alignnone\" src=\"https:\/\/wp.ufpel.edu.br\/matematicanopokemongo\/files\/2017\/08\/figura7.jpg\" alt=\"\" width=\"167\" height=\"166\" \/><\/strong><\/p>\n<p class=\"western\" align=\"justify\"><strong>Uma vez em condi\u00e7\u00f5es de capturar o Pok\u00e9mon, voc\u00ea deve clicar sobre o mesmo; a circunfer\u00eancia ent\u00e3o desaparece e ele surge na tela, frente a frente com voc\u00ea. Voc\u00ea deve ent\u00e3o jogar bolas, tentando acert\u00e1-lo. Cada Pok\u00e9mon tem um poder de luta e cada bola tem um poder de fogo, assim a captura depender\u00e1 do poder de fogo das bolas que o jogador est\u00e1 atirando e do poder de luta do Pok\u00e9mon. Por exemplo, se voc\u00ea est\u00e1 a 35 passos de um Pok\u00e9mon chamado \u201cGolem\u201d, cuja poder de defesa \u00e9 de 198, voc\u00ea ter\u00e1 que jogar bolas com poder de fogo <span style=\"color: #000000\">maior ou igual a 198 para ter chances de captura-lo com um s\u00f3 arremesso.<\/span> As bolas possuem poder de fogo que variam entre 1 arremesso at\u00e9 244 arremessos, dependendo do n\u00edvel em que o jogador est\u00e1. Assim, para ca\u00e7ar Pok\u00e9mons, voc\u00ea deve intercalar suas tentativas de captura com visitas \u00e0s Pokenstops.<\/strong><\/p>\n","protected":false},"excerpt":{"rendered":"<p>Quando visualizamos um Pok\u00e9mon na tela do celular e queremos ca\u00e7\u00e1-lo, precisamos, por meio do celular, atirar bolas na sua dire\u00e7\u00e3o, mas se este Pok\u00e9mon estiver muito longe tais bolas n\u00e3o ir\u00e3o atingi-lo. Para termos chance de \u00eaxito, devemos nos posicionar em um raio entre 35 e 100 passos, dependendo do Pok\u00e9mon que se deseja [&hellip;]<\/p>\n","protected":false},"author":734,"featured_media":0,"parent":0,"menu_order":0,"comment_status":"closed","ping_status":"closed","template":"","meta":{"footnotes":""},"class_list":["post-70","page","type-page","status-publish","hentry"],"_links":{"self":[{"href":"https:\/\/wp.ufpel.edu.br\/matematicanopokemongo\/wp-json\/wp\/v2\/pages\/70","targetHints":{"allow":["GET"]}}],"collection":[{"href":"https:\/\/wp.ufpel.edu.br\/matematicanopokemongo\/wp-json\/wp\/v2\/pages"}],"about":[{"href":"https:\/\/wp.ufpel.edu.br\/matematicanopokemongo\/wp-json\/wp\/v2\/types\/page"}],"author":[{"embeddable":true,"href":"https:\/\/wp.ufpel.edu.br\/matematicanopokemongo\/wp-json\/wp\/v2\/users\/734"}],"replies":[{"embeddable":true,"href":"https:\/\/wp.ufpel.edu.br\/matematicanopokemongo\/wp-json\/wp\/v2\/comments?post=70"}],"version-history":[{"count":2,"href":"https:\/\/wp.ufpel.edu.br\/matematicanopokemongo\/wp-json\/wp\/v2\/pages\/70\/revisions"}],"predecessor-version":[{"id":145,"href":"https:\/\/wp.ufpel.edu.br\/matematicanopokemongo\/wp-json\/wp\/v2\/pages\/70\/revisions\/145"}],"wp:attachment":[{"href":"https:\/\/wp.ufpel.edu.br\/matematicanopokemongo\/wp-json\/wp\/v2\/media?parent=70"}],"curies":[{"name":"wp","href":"https:\/\/api.w.org\/{rel}","templated":true}]}}