{"id":58,"date":"2017-08-24T10:22:42","date_gmt":"2017-08-24T13:22:42","guid":{"rendered":"https:\/\/wp.ufpel.edu.br\/matematicanopokemongo\/?page_id=58"},"modified":"2017-08-28T13:45:59","modified_gmt":"2017-08-28T16:45:59","slug":"2-detalhando-o-jogo","status":"publish","type":"page","link":"https:\/\/wp.ufpel.edu.br\/matematicanopokemongo\/2-detalhando-o-jogo\/","title":{"rendered":"2 &#8211; Detalhando o jogo"},"content":{"rendered":"<p align=\"justify\"><strong>O mapa onde os Pokem\u00f3ns s\u00e3o distribu\u00eddos em uma dada regi\u00e3o \u00e9 criado a partir da sincroniza\u00e7\u00e3o do GPS do seu celular com o Google Maps. No canto inferior direito da tela, voc\u00ea encontra uma janela de \u201cPok\u00e9mon Nearby\u201d (Figura 2), que indica os Pok\u00e9mons que est\u00e3o nas redondezas. A dist\u00e2ncia dos mesmos at\u00e9 voc\u00ea est\u00e1 indicada, em passos, abaixo de cada um dos Pok\u00e9mons mostrados na tela, de modo que, assim, voc\u00ea saber\u00e1 se eles est\u00e3o pr\u00f3ximos ou distantes de voc\u00ea.<\/strong><\/p>\n<div id=\"attachment_60\" style=\"width: 302px\" class=\"wp-caption aligncenter\"><img aria-describedby=\"caption-attachment-60\" class=\"size-full wp-image-60\" src=\"https:\/\/wp.ufpel.edu.br\/matematicanopokemongo\/files\/2017\/08\/Figura2.jpg\" alt=\"\" width=\"292\" height=\"162\" \/><p id=\"caption-attachment-60\" class=\"wp-caption-text\">Figura 2<br \/>Fonte: [2]<\/p><\/div>\n<p align=\"justify\">As Pok\u00e9Stops s\u00e3o reconhecidas como os \u00edcones azuis do mapa (Figura 3). Voc\u00ea pode interagir com essas \u00e1reas para ganhar itens e ganhar experi\u00eancia. Para isso, basta se aproximar do lugar geogr\u00e1fico do Pok\u00e9Stop e ent\u00e3o clicar sobre o \u00edcone; na tela aparecer\u00e3o as recompensas. Estes lugares s\u00e3o frequentados para que os jogadores se abaste\u00e7am de bolas para poder ca\u00e7ar os Pok\u00e9mons. Voc\u00ea pode visitar uma mesma Pok\u00e9stop a cada 5 minutos.<\/p>\n<div id=\"attachment_61\" style=\"width: 268px\" class=\"wp-caption aligncenter\"><img aria-describedby=\"caption-attachment-61\" class=\"size-full wp-image-61\" src=\"https:\/\/wp.ufpel.edu.br\/matematicanopokemongo\/files\/2017\/08\/Figura3.jpg\" alt=\"\" width=\"258\" height=\"226\" \/><p id=\"caption-attachment-61\" class=\"wp-caption-text\">Figura 3<br \/>Fonte: [3]<\/p><\/div>\n<p align=\"justify\">Gin\u00e1sios s\u00e3o reconhecidos como grandes torres que aparecem no horizonte. Eles podem aparecer em quatro cores diferentes (amarelo, azul, vermelho ou cinza). Nestes espa\u00e7os s\u00e3o realizadas disputas entre Pok\u00e9mons de jogadores diferentes. Estes jogos s\u00e3o feitos em rede. Os gin\u00e1sios no Pok\u00e9mon GO servem para dominar territ\u00f3rio e colocar Pok\u00e9mon para defend\u00ea-lo, representando o time de cada jogador.<\/p>\n<p align=\"justify\">Outras coisas interessantes no jogo \u00e9 que: \u201cgrama alta\u201d pode ser reconhecida no mapa, a partir de uns pixels verdes (bem clarinhos) que ficam balan\u00e7ando no mapa. Elas aparecem em \u00e1reas aleat\u00f3rias e geralmente indicam a presen\u00e7a de um Pok\u00e9mon nas redondezas; parques reais que s\u00e3o reconhecidos pelo Google Maps, s\u00e3o mostrados como uma \u00e1rea verde escura. Esses s\u00e3o \u00f3timos lugares para procurar por Pok\u00e9mons, principalmente por conterem mais \u201cgramas altas\u201d do que outros lugares. Tamb\u00e9m gra\u00e7as ao Google Maps, oceanos, lagos, rios e outras fontes reais de \u00e1gua aparecem em azul no seu mapa. Essas \u00e1reas possuem uma grande concentra\u00e7\u00e3o de Pok\u00e9mons aqu\u00e1ticos. A figura 4, abaixo, \u00e9 um mapa onde est\u00e3o destacados um lago, dois parques, um gin\u00e1sio, uma Pok\u00e9stop e a grama alta.<\/p>\n<div id=\"attachment_62\" style=\"width: 410px\" class=\"wp-caption aligncenter\"><img aria-describedby=\"caption-attachment-62\" class=\"size-medium wp-image-62\" src=\"https:\/\/wp.ufpel.edu.br\/matematicanopokemongo\/files\/2017\/08\/Figura4-400x228.png\" alt=\"\" width=\"400\" height=\"228\" srcset=\"https:\/\/wp.ufpel.edu.br\/matematicanopokemongo\/files\/2017\/08\/Figura4-400x228.png 400w, https:\/\/wp.ufpel.edu.br\/matematicanopokemongo\/files\/2017\/08\/Figura4.png 427w\" sizes=\"(max-width: 400px) 100vw, 400px\" \/><p id=\"caption-attachment-62\" class=\"wp-caption-text\">Figura 4<br \/>Fonte: [3]<\/p><\/div>\n","protected":false},"excerpt":{"rendered":"<p>O mapa onde os Pokem\u00f3ns s\u00e3o distribu\u00eddos em uma dada regi\u00e3o \u00e9 criado a partir da sincroniza\u00e7\u00e3o do GPS do seu celular com o Google Maps. No canto inferior direito da tela, voc\u00ea encontra uma janela de \u201cPok\u00e9mon Nearby\u201d (Figura 2), que indica os Pok\u00e9mons que est\u00e3o nas redondezas. A dist\u00e2ncia dos mesmos at\u00e9 voc\u00ea [&hellip;]<\/p>\n","protected":false},"author":734,"featured_media":0,"parent":0,"menu_order":0,"comment_status":"closed","ping_status":"closed","template":"","meta":{"footnotes":""},"class_list":["post-58","page","type-page","status-publish","hentry"],"_links":{"self":[{"href":"https:\/\/wp.ufpel.edu.br\/matematicanopokemongo\/wp-json\/wp\/v2\/pages\/58","targetHints":{"allow":["GET"]}}],"collection":[{"href":"https:\/\/wp.ufpel.edu.br\/matematicanopokemongo\/wp-json\/wp\/v2\/pages"}],"about":[{"href":"https:\/\/wp.ufpel.edu.br\/matematicanopokemongo\/wp-json\/wp\/v2\/types\/page"}],"author":[{"embeddable":true,"href":"https:\/\/wp.ufpel.edu.br\/matematicanopokemongo\/wp-json\/wp\/v2\/users\/734"}],"replies":[{"embeddable":true,"href":"https:\/\/wp.ufpel.edu.br\/matematicanopokemongo\/wp-json\/wp\/v2\/comments?post=58"}],"version-history":[{"count":1,"href":"https:\/\/wp.ufpel.edu.br\/matematicanopokemongo\/wp-json\/wp\/v2\/pages\/58\/revisions"}],"predecessor-version":[{"id":63,"href":"https:\/\/wp.ufpel.edu.br\/matematicanopokemongo\/wp-json\/wp\/v2\/pages\/58\/revisions\/63"}],"wp:attachment":[{"href":"https:\/\/wp.ufpel.edu.br\/matematicanopokemongo\/wp-json\/wp\/v2\/media?parent=58"}],"curies":[{"name":"wp","href":"https:\/\/api.w.org\/{rel}","templated":true}]}}