{"id":24,"date":"2017-08-17T11:48:57","date_gmt":"2017-08-17T14:48:57","guid":{"rendered":"https:\/\/wp.ufpel.edu.br\/matematicanopokemongo\/?page_id=24"},"modified":"2017-11-14T21:49:58","modified_gmt":"2017-11-14T23:49:58","slug":"introducao","status":"publish","type":"page","link":"https:\/\/wp.ufpel.edu.br\/matematicanopokemongo\/introducao\/","title":{"rendered":"Introdu\u00e7\u00e3o"},"content":{"rendered":"<p><img class=\" wp-image-153 alignleft\" src=\"https:\/\/wp.ufpel.edu.br\/matematicanopokemongo\/files\/2017\/02\/pikathu.jpg\" alt=\"\" width=\"154\" height=\"115\" \/><\/p>\n<h3><\/h3>\n<p><img class=\"wp-image-152 alignright\" src=\"https:\/\/wp.ufpel.edu.br\/matematicanopokemongo\/files\/2017\/02\/baronesa-400x266.jpg\" alt=\"\" width=\"175\" height=\"116\" srcset=\"https:\/\/wp.ufpel.edu.br\/matematicanopokemongo\/files\/2017\/02\/baronesa-400x266.jpg 400w, https:\/\/wp.ufpel.edu.br\/matematicanopokemongo\/files\/2017\/02\/baronesa.jpg 620w\" sizes=\"(max-width: 175px) 100vw, 175px\" \/><\/p>\n<h2>A atividade &#8220;Matem\u00e1tica no Pok\u00e9mon Go&#8221; \u00e9 voltada para\u00a0estudantes da educa\u00e7\u00e3o b\u00e1sica e ao p\u00fablico em geral e visa mostrar como a matem\u00e1tica est\u00e1 presente em tudo e pode ser muito divertida! Venha nos visitar no dia 15 de novembro de 2017, no Parque da Baronesa, das 10h \u00e0s 12h.<\/h2>\n<h3>\u00a0Av. Domingos de Almeida, 1490 &#8211; Areal, Pelotas &#8211; RS<\/h3>\n<h3><\/h3>\n<h3><a href=\"https:\/\/www.google.com.br\/maps\/place\/Museu+da+Baronesa\/@-31.7564012,-52.3198622,15z\/data=!4m5!3m4!1s0x0:0xd5dece4fc33c0633!8m2!3d-31.7564012!4d-52.3198622\">Mapa de localiza\u00e7\u00e3o<\/a><\/h3>\n","protected":false},"excerpt":{"rendered":"<p>A atividade &#8220;Matem\u00e1tica no Pok\u00e9mon Go&#8221; \u00e9 voltada para\u00a0estudantes da educa\u00e7\u00e3o b\u00e1sica e ao p\u00fablico em geral e visa mostrar como a matem\u00e1tica est\u00e1 presente em tudo e pode ser muito divertida! Venha nos visitar no dia 15 de novembro de 2017, no Parque da Baronesa, das 10h \u00e0s 12h. \u00a0Av. Domingos de Almeida, 1490 [&hellip;]<\/p>\n","protected":false},"author":734,"featured_media":0,"parent":0,"menu_order":0,"comment_status":"closed","ping_status":"closed","template":"","meta":{"footnotes":""},"class_list":["post-24","page","type-page","status-publish","hentry"],"_links":{"self":[{"href":"https:\/\/wp.ufpel.edu.br\/matematicanopokemongo\/wp-json\/wp\/v2\/pages\/24","targetHints":{"allow":["GET"]}}],"collection":[{"href":"https:\/\/wp.ufpel.edu.br\/matematicanopokemongo\/wp-json\/wp\/v2\/pages"}],"about":[{"href":"https:\/\/wp.ufpel.edu.br\/matematicanopokemongo\/wp-json\/wp\/v2\/types\/page"}],"author":[{"embeddable":true,"href":"https:\/\/wp.ufpel.edu.br\/matematicanopokemongo\/wp-json\/wp\/v2\/users\/734"}],"replies":[{"embeddable":true,"href":"https:\/\/wp.ufpel.edu.br\/matematicanopokemongo\/wp-json\/wp\/v2\/comments?post=24"}],"version-history":[{"count":18,"href":"https:\/\/wp.ufpel.edu.br\/matematicanopokemongo\/wp-json\/wp\/v2\/pages\/24\/revisions"}],"predecessor-version":[{"id":192,"href":"https:\/\/wp.ufpel.edu.br\/matematicanopokemongo\/wp-json\/wp\/v2\/pages\/24\/revisions\/192"}],"wp:attachment":[{"href":"https:\/\/wp.ufpel.edu.br\/matematicanopokemongo\/wp-json\/wp\/v2\/media?parent=24"}],"curies":[{"name":"wp","href":"https:\/\/api.w.org\/{rel}","templated":true}]}}