{"id":126,"date":"2017-08-28T19:04:15","date_gmt":"2017-08-28T22:04:15","guid":{"rendered":"https:\/\/wp.ufpel.edu.br\/matematicanopokemongo\/?page_id=126"},"modified":"2017-08-28T19:04:15","modified_gmt":"2017-08-28T22:04:15","slug":"referencias","status":"publish","type":"page","link":"https:\/\/wp.ufpel.edu.br\/matematicanopokemongo\/referencias\/","title":{"rendered":"Refer\u00eancias:"},"content":{"rendered":"<p class=\"western\" align=\"justify\">Livros:<\/p>\n<p class=\"western\" align=\"justify\">&#8211; ALVES, Sergio. <i>A Matem\u00e1tica do GPS.<\/i> Revista do Professor de Matem\u00e1tica, 59, 2006.<\/p>\n<p class=\"western\" align=\"justify\">-DOLCE, Osvaldo; POMPEO, Jos\u00e9 Nicolau. <i>Fundamentos de matem\u00e1tica elementar.<\/i>Vol. 9. S\u00e3o Paulo: Atual, 2005.<\/p>\n<p class=\"western\">&#8211;<b> <\/b>HALLEF, Emanuel. <i>Pokemon Go: De treinador a mestre. Guia n\u00e3o oficial. <\/i>Ribeir\u00e3o Preto, SP: Novo Conceito, 2016.<\/p>\n<p class=\"western\" align=\"justify\">Sites:<\/p>\n<p class=\"western\">[1] <span style=\"color: #0563c1\"><u><a href=\"http:\/\/metropolitanafm.uol.com.br\/novidades\/entretenimento\/pokemon-go-podera-ser-bloqueado-no-brasil-qualquer-momento\">http:\/\/metropolitanafm.uol.com.br\/novidades\/entretenimento\/pokemon-go-podera-ser-bloqueado-no-brasil-qualquer-momento<\/a><\/u><\/span><\/p>\n<p class=\"western\">[2] <span style=\"color: #0563c1\"><u><a href=\"http:\/\/www.gamepur.com\/guide\/23615-pokemon-go-how-track-pokemon-footprint.html\">http:\/\/www.gamepur.com\/guide\/23615-pokemon-go-how-track-pokemon-footprint.html<\/a><\/u><\/span><\/p>\n<p class=\"western\" align=\"justify\"><span style=\"color: #000000\"> [3] <\/span><span style=\"color: #0563c1\"><u><a href=\"http:\/\/www.mobilegamer.com.br\/wp-content\/uploads\/2016\/08\/pokemon-go-tutorial-dica-mobilegamer-raio-alcance-treinador.jpg\">http:\/\/www.mobilegamer.com.br\/wp-content\/uploads\/2016\/08\/pokemon-go-tutorial-dica-mobilegamer-raio-alcance-treinador.jpg<\/a><\/u><\/span><\/p>\n<p class=\"western\"><span style=\"color: #000000\">[4] <\/span><span style=\"color: #0563c1\"><u><a href=\"http:\/\/ovicio.com.br\/dicas-e-segredos-do-mapa-de-pokemon-go\/\">http:\/\/ovicio.com.br\/dicas-e-segredos-do-mapa-de-pokemon-go\/<\/a><\/u><\/span><\/p>\n<p class=\"western\"><span style=\"color: #00000a\">[5] <\/span><span style=\"color: #0563c1\"><u><a href=\"http:\/\/www.gpscenter.com.br\/index64.html\">http:\/\/www.gpscenter.com.br\/index64.html<\/a><\/u><\/span><\/p>\n<p class=\"western\"><span style=\"color: #00000a\">[6] <\/span><span style=\"color: #0563c1\"><u><a href=\"http:\/\/www2.uefs.br\/geotec\/topografia\/apostilas\/topografia(6).htm\">http:\/\/www2.uefs.br\/geotec\/topografia\/apostilas\/topografia(6).htm<\/a><\/u><\/span><\/p>\n<p class=\"western\"><span style=\"color: #00000a\">[7] <\/span><span style=\"color: #0563c1\"><u><a href=\"https:\/\/pixabay.com\/pt\/gps-navega%C3%A7%C3%A3o-garmin-dispositivo-304842\/\">https:\/\/pixabay.com\/pt\/gps-navega%C3%A7%C3%A3o-garmin-dispositivo-304842\/<\/a><\/u><\/span><\/p>\n<p class=\"western\"><span style=\"color: #000000\">[8] <\/span><span style=\"color: #0563c1\"><u><a href=\"http:\/\/pt.slideshare.net\/luciasalgado\/g-p-s0708\">http:\/\/pt.slideshare.net\/luciasalgado\/g-p-s0708<\/a><\/u><\/span><\/p>\n","protected":false},"excerpt":{"rendered":"<p>Livros: &#8211; ALVES, Sergio. A Matem\u00e1tica do GPS. Revista do Professor de Matem\u00e1tica, 59, 2006. -DOLCE, Osvaldo; POMPEO, Jos\u00e9 Nicolau. Fundamentos de matem\u00e1tica elementar.Vol. 9. S\u00e3o Paulo: Atual, 2005. &#8211; HALLEF, Emanuel. Pokemon Go: De treinador a mestre. Guia n\u00e3o oficial. Ribeir\u00e3o Preto, SP: Novo Conceito, 2016. Sites: [1] http:\/\/metropolitanafm.uol.com.br\/novidades\/entretenimento\/pokemon-go-podera-ser-bloqueado-no-brasil-qualquer-momento [2] http:\/\/www.gamepur.com\/guide\/23615-pokemon-go-how-track-pokemon-footprint.html [3] http:\/\/www.mobilegamer.com.br\/wp-content\/uploads\/2016\/08\/pokemon-go-tutorial-dica-mobilegamer-raio-alcance-treinador.jpg [4] [&hellip;]<\/p>\n","protected":false},"author":734,"featured_media":0,"parent":0,"menu_order":0,"comment_status":"closed","ping_status":"closed","template":"","meta":{"footnotes":""},"class_list":["post-126","page","type-page","status-publish","hentry"],"_links":{"self":[{"href":"https:\/\/wp.ufpel.edu.br\/matematicanopokemongo\/wp-json\/wp\/v2\/pages\/126","targetHints":{"allow":["GET"]}}],"collection":[{"href":"https:\/\/wp.ufpel.edu.br\/matematicanopokemongo\/wp-json\/wp\/v2\/pages"}],"about":[{"href":"https:\/\/wp.ufpel.edu.br\/matematicanopokemongo\/wp-json\/wp\/v2\/types\/page"}],"author":[{"embeddable":true,"href":"https:\/\/wp.ufpel.edu.br\/matematicanopokemongo\/wp-json\/wp\/v2\/users\/734"}],"replies":[{"embeddable":true,"href":"https:\/\/wp.ufpel.edu.br\/matematicanopokemongo\/wp-json\/wp\/v2\/comments?post=126"}],"version-history":[{"count":1,"href":"https:\/\/wp.ufpel.edu.br\/matematicanopokemongo\/wp-json\/wp\/v2\/pages\/126\/revisions"}],"predecessor-version":[{"id":128,"href":"https:\/\/wp.ufpel.edu.br\/matematicanopokemongo\/wp-json\/wp\/v2\/pages\/126\/revisions\/128"}],"wp:attachment":[{"href":"https:\/\/wp.ufpel.edu.br\/matematicanopokemongo\/wp-json\/wp\/v2\/media?parent=126"}],"curies":[{"name":"wp","href":"https:\/\/api.w.org\/{rel}","templated":true}]}}