{"id":643,"date":"2016-07-22T13:01:40","date_gmt":"2016-07-22T16:01:40","guid":{"rendered":"https:\/\/wp.ufpel.edu.br\/matematicadiurno\/?page_id=643"},"modified":"2018-12-11T15:35:28","modified_gmt":"2018-12-11T17:35:28","slug":"prazos-para-divulgacao-das-notas","status":"publish","type":"page","link":"https:\/\/wp.ufpel.edu.br\/matematicadiurno\/prazos-para-divulgacao-das-notas\/","title":{"rendered":"Prazos para divulga\u00e7\u00e3o de notas e frequ\u00eancias"},"content":{"rendered":"<div><span style=\"text-decoration: underline;color: #000000\">Frequ\u00eancia<\/span><\/div>\n<div style=\"text-align: justify\"><span style=\"color: #000000\">O docente dever\u00e1 realizar o registro semanal da frequ\u00eancia no sistema acad\u00eamico para o acompanhamento discente.<\/span><\/div>\n<div><span style=\"color: #000000\">(Art. 148, \u00a72\u00ba do Regulamento do Ensino de Gradua\u00e7\u00e3o &#8211;<\/span> <em><span style=\"color: #0000ff\"><a style=\"color: #0000ff\" href=\"https:\/\/wp.ufpel.edu.br\/scs\/files\/2018\/09\/SEI_Resolu%C3%A7%C3%A3o-29.2018-Regulamento-Ensino-de-Gradua%C3%A7%C3%A3o-I.pdf\">Resolu\u00e7\u00e3o COCEPE 29\/2018<\/a><\/span>)<\/em><\/div>\n<div><span style=\"color: #ffffff\">.<\/span><\/div>\n<div><span style=\"text-decoration: underline\"><span style=\"color: #000000;text-decoration: underline\">Divulga\u00e7\u00e3o de notas parciais<\/span><\/span><\/div>\n<div style=\"text-align: justify\">\n<div><span style=\"color: #000000\">As provas ser\u00e3o corrigidas e os resultados divulgados no prazo m\u00e1ximo de dez dias letivos, ap\u00f3s sua aplica\u00e7\u00e3o.<\/span><\/div>\n<\/div>\n<div style=\"text-align: justify\"><span style=\"color: #000000\"><em>Fonte: <\/em><\/span><span style=\"color: #0000ff\"><em><a style=\"color: #0000ff\" href=\"https:\/\/wp.ufpel.edu.br\/scs\/files\/2010\/08\/1995_04.pdf\">Resolu\u00e7\u00e3o 04\/1995<\/a> <\/em><\/span><\/div>\n<div><span style=\"color: #ffffff\">.<\/span><\/div>\n<div><span style=\"text-decoration: underline;color: #000000\">Divulga\u00e7\u00e3o da m\u00e9dia final antes do exame<\/span><\/div>\n<div style=\"text-align: justify\"><span style=\"color: #000000\">Cabe ao docente registrar no sistema acad\u00eamico o resultado final do desempenho obtido pelo discente, com 72 horas de anteced\u00eancia do exame.<\/span><\/div>\n<div><span style=\"color: #000000\">(Art.149, IV do Regulamento do Ensino de Gradua\u00e7\u00e3o &#8211;<\/span> <em><span style=\"color: #0000ff\"><a style=\"color: #0000ff\" href=\"https:\/\/wp.ufpel.edu.br\/scs\/files\/2018\/09\/SEI_Resolu%C3%A7%C3%A3o-29.2018-Regulamento-Ensino-de-Gradua%C3%A7%C3%A3o-I.pdf\">Resolu\u00e7\u00e3o COCEPE 29\/2018<\/a><\/span><span style=\"color: #000000\">)<\/span><\/em><\/div>\n","protected":false},"excerpt":{"rendered":"<p>Frequ\u00eancia O docente dever\u00e1 realizar o registro semanal da frequ\u00eancia no sistema acad\u00eamico para o acompanhamento discente. (Art. 148, \u00a72\u00ba do Regulamento do Ensino de Gradua\u00e7\u00e3o &#8211; Resolu\u00e7\u00e3o COCEPE 29\/2018) . Divulga\u00e7\u00e3o de notas parciais As provas ser\u00e3o corrigidas e os resultados divulgados no prazo m\u00e1ximo de dez dias letivos, ap\u00f3s sua aplica\u00e7\u00e3o. Fonte: Resolu\u00e7\u00e3o [&hellip;]<\/p>\n","protected":false},"author":481,"featured_media":0,"parent":0,"menu_order":0,"comment_status":"closed","ping_status":"closed","template":"","meta":{"jetpack_post_was_ever_published":false,"footnotes":""},"class_list":["post-643","page","type-page","status-publish","hentry"],"jetpack_sharing_enabled":true,"jetpack_shortlink":"https:\/\/wp.me\/P7jT0y-an","_links":{"self":[{"href":"https:\/\/wp.ufpel.edu.br\/matematicadiurno\/wp-json\/wp\/v2\/pages\/643","targetHints":{"allow":["GET"]}}],"collection":[{"href":"https:\/\/wp.ufpel.edu.br\/matematicadiurno\/wp-json\/wp\/v2\/pages"}],"about":[{"href":"https:\/\/wp.ufpel.edu.br\/matematicadiurno\/wp-json\/wp\/v2\/types\/page"}],"author":[{"embeddable":true,"href":"https:\/\/wp.ufpel.edu.br\/matematicadiurno\/wp-json\/wp\/v2\/users\/481"}],"replies":[{"embeddable":true,"href":"https:\/\/wp.ufpel.edu.br\/matematicadiurno\/wp-json\/wp\/v2\/comments?post=643"}],"version-history":[{"count":7,"href":"https:\/\/wp.ufpel.edu.br\/matematicadiurno\/wp-json\/wp\/v2\/pages\/643\/revisions"}],"predecessor-version":[{"id":1587,"href":"https:\/\/wp.ufpel.edu.br\/matematicadiurno\/wp-json\/wp\/v2\/pages\/643\/revisions\/1587"}],"wp:attachment":[{"href":"https:\/\/wp.ufpel.edu.br\/matematicadiurno\/wp-json\/wp\/v2\/media?parent=643"}],"curies":[{"name":"wp","href":"https:\/\/api.w.org\/{rel}","templated":true}]}}