{"id":6,"date":"2014-12-10T19:11:50","date_gmt":"2014-12-10T21:11:50","guid":{"rendered":"https:\/\/wp.ufpel.edu.br\/matematicadiurno\/?page_id=6"},"modified":"2018-11-20T12:54:38","modified_gmt":"2018-11-20T14:54:38","slug":"apresentacao","status":"publish","type":"page","link":"https:\/\/wp.ufpel.edu.br\/matematicadiurno\/apresentacao\/","title":{"rendered":"Apresenta\u00e7\u00e3o"},"content":{"rendered":"<p><span style=\"color: #000000\"><strong>Nome do Curso:<\/strong> Licenciatura em Matem\u00e1tica<\/span><\/p>\n<p><span style=\"color: #000000\"><strong>Titula\u00e7\u00e3o: Licenciado em Matem\u00e1tica<\/strong>.<\/span><\/p>\n<p><span style=\"color: #000000\"><strong>Modalidade<\/strong>: Presencial (com permiss\u00e3o de at\u00e9 20% da integraliza\u00e7\u00e3o curricular na modalidade \u00e0 dist\u00e2ncia)<\/span><\/p>\n<p><span style=\"color: #000000\"><strong>Per\u00edodo: <\/strong>Diurno<\/span><\/p>\n<p><span style=\"color: #000000\"><strong>Regime Acad\u00eamico:<\/strong> Semestral<\/span><\/p>\n<p><span style=\"color: #000000\"><strong>Ingresso:<\/strong> Anual, no 1\u00ba semestre do ano, por meio do Sistema de Sele\u00e7\u00e3o Unificada (SiSU) e do Programa de Avalia\u00e7\u00e3o da Vida Escolar (PAVE) = 50 vagas<br \/>\n<\/span><\/p>\n<p><span style=\"color: #000000\"><strong>Dura\u00e7\u00e3o do Curso:<\/strong><\/span><\/p>\n<p><span style=\"color: #000000\">\u00a0\u00a0\u00a0\u00a0\u00a0\u00a0\u00a0\u00a0\u00a0\u00a0\u00a0 <strong>M\u00ednima:<\/strong> 8 semestres<\/span><\/p>\n<p><span style=\"color: #000000\">\u00a0\u00a0\u00a0\u00a0\u00a0\u00a0\u00a0\u00a0\u00a0\u00a0\u00a0 <strong>M\u00e1xima: <\/strong>14 semestres<\/span><\/p>\n<p><span style=\"color: #000000\"><strong>Unidade Acad\u00eamica:<\/strong> Instituto de F\u00edsica e Matem\u00e1tica (IFM)<\/span><\/p>\n<p><span style=\"color: #000000\"><strong>Ato de Autoriza\u00e7\u00e3o do Curso:<\/strong> Portaria n\u00ba. 406, de 16de julho de 1991<\/span><\/p>\n<p>&nbsp;<\/p>\n<p><strong><span style=\"color: #000000\">Ato de reconhecimento do Minist\u00e9rio da Educa\u00e7\u00e3o: <\/span><\/strong><span style=\"color: #000000\">Portaria n<\/span><span style=\"color: #000000\"><sup>o<\/sup> 546, de 24 de abril de 2000.<\/span><\/p>\n","protected":false},"excerpt":{"rendered":"<p>Nome do Curso: Licenciatura em Matem\u00e1tica Titula\u00e7\u00e3o: Licenciado em Matem\u00e1tica. Modalidade: Presencial (com permiss\u00e3o de at\u00e9 20% da integraliza\u00e7\u00e3o curricular na modalidade \u00e0 dist\u00e2ncia) Per\u00edodo: Diurno Regime Acad\u00eamico: Semestral Ingresso: Anual, no 1\u00ba semestre do ano, por meio do Sistema de Sele\u00e7\u00e3o Unificada (SiSU) e do Programa de Avalia\u00e7\u00e3o da Vida Escolar (PAVE) = 50 [&hellip;]<\/p>\n","protected":false},"author":466,"featured_media":0,"parent":0,"menu_order":1,"comment_status":"closed","ping_status":"closed","template":"","meta":{"jetpack_post_was_ever_published":false,"footnotes":""},"class_list":["post-6","page","type-page","status-publish","hentry"],"jetpack_sharing_enabled":true,"jetpack_shortlink":"https:\/\/wp.me\/P7jT0y-6","_links":{"self":[{"href":"https:\/\/wp.ufpel.edu.br\/matematicadiurno\/wp-json\/wp\/v2\/pages\/6","targetHints":{"allow":["GET"]}}],"collection":[{"href":"https:\/\/wp.ufpel.edu.br\/matematicadiurno\/wp-json\/wp\/v2\/pages"}],"about":[{"href":"https:\/\/wp.ufpel.edu.br\/matematicadiurno\/wp-json\/wp\/v2\/types\/page"}],"author":[{"embeddable":true,"href":"https:\/\/wp.ufpel.edu.br\/matematicadiurno\/wp-json\/wp\/v2\/users\/466"}],"replies":[{"embeddable":true,"href":"https:\/\/wp.ufpel.edu.br\/matematicadiurno\/wp-json\/wp\/v2\/comments?post=6"}],"version-history":[{"count":5,"href":"https:\/\/wp.ufpel.edu.br\/matematicadiurno\/wp-json\/wp\/v2\/pages\/6\/revisions"}],"predecessor-version":[{"id":1551,"href":"https:\/\/wp.ufpel.edu.br\/matematicadiurno\/wp-json\/wp\/v2\/pages\/6\/revisions\/1551"}],"wp:attachment":[{"href":"https:\/\/wp.ufpel.edu.br\/matematicadiurno\/wp-json\/wp\/v2\/media?parent=6"}],"curies":[{"name":"wp","href":"https:\/\/api.w.org\/{rel}","templated":true}]}}