{"id":451,"date":"2016-04-12T11:41:17","date_gmt":"2016-04-12T14:41:17","guid":{"rendered":"https:\/\/wp.ufpel.edu.br\/matematicadiurno\/?page_id=451"},"modified":"2017-07-10T14:31:53","modified_gmt":"2017-07-10T17:31:53","slug":"reopcao","status":"publish","type":"page","link":"https:\/\/wp.ufpel.edu.br\/matematicadiurno\/reopcao\/","title":{"rendered":"Reop\u00e7\u00e3o"},"content":{"rendered":"<p style=\"text-align: justify\"><span style=\"color: #000000\">\u00c9 a troca de Curso dentro da pr\u00f3pria Universidade (UFPel), mediante a exist\u00eancia de vagas, divulgadas em edital previsto no Calend\u00e1rio Acad\u00eamico. Conforme a\u00a0resolu\u00e7\u00e3o 24\/2016, para solicitar reop\u00e7\u00e3o o aluno precisa<strong> ter conclu\u00eddo dois\u00a0semestres ou um ano letivo\u00a0no seu curso de origem (ter v\u00ednculo de 1 ano ou mais com a UFPel),\u00a0al\u00e9m aproveitar pelo menos tr\u00eas disciplinas do primeiro semestre do curso pretendido.<\/strong><\/span><\/p>\n<p style=\"text-align: justify\"><span style=\"color: #000000\">Os candidatos dever\u00e3o ler atentamente as informa\u00e7\u00f5es do Edital, que ser\u00e1 publicado na p\u00e1gina da\u00a0CRA, contendo data, hor\u00e1rios, local e documenta\u00e7\u00e3o exigida para a inscri\u00e7\u00e3o.<\/span><\/p>\n<p style=\"text-align: justify\"><span style=\"color: #000000\">Para a inscri\u00e7\u00e3o nesta modalidade ser\u00e1 cobrada taxa no valor de R$20,00.<\/span><\/p>\n<ul style=\"text-align: justify\">\n<li><span style=\"color: #000000\"><strong>\u00c9 facultada, no m\u00e1ximo, uma reop\u00e7\u00e3o ao estudante da UFPel<\/strong><strong>.<\/strong><\/span><\/li>\n<li><span style=\"color: #000000\">O aluno que estiver em condi\u00e7\u00e3o pass\u00edvel de jubilamento n\u00e3o poder\u00e1 solicitar reop\u00e7\u00e3o.<\/span><\/li>\n<\/ul>\n<p style=\"text-align: justify\"><span style=\"color: #000000\">Obs. 1: O aproveitamento de disciplinas est\u00e1 condicionado \u00e0 compatibilidade de 75% da carga hor\u00e1ria e do conte\u00fado da disciplina. H\u00e1 a possibilidade de aproveitamento de disciplinas dos candidatos mediante complementa\u00e7\u00e3o de estudos quando exigida pelos colegiados de curso e aprovada pela Unidade.<\/span><\/p>\n<p style=\"text-align: justify\"><span style=\"color: #000000\">Obs. 2: Os colegiados de curso podem, em cada processo seletivo, utilizar crit\u00e9rios de sele\u00e7\u00e3o diferentes aos da Resolu\u00e7\u00e3o 24\/2016 do COCEPE, desde que apresentem justificativa pr\u00e9via com raz\u00f5es objetivas ao COCEPE. Devem os candidatos, portanto, ficar atentos ao edital publicado antes de cada processo.<\/span><\/p>\n<p style=\"text-align: justify\"><span style=\"color: #000000\"><em>Fonte: <\/em><\/span><span style=\"color: #0000ff\"><a style=\"color: #0000ff\" href=\"https:\/\/wp.ufpel.edu.br\/scs\/files\/2016\/01\/Resolu%C3%A7%C3%A3o-24.2016.pdf\"><em>Resolu\u00e7\u00e3o 24\/2016<\/em><\/a><\/span><\/p>\n","protected":false},"excerpt":{"rendered":"<p>\u00c9 a troca de Curso dentro da pr\u00f3pria Universidade (UFPel), mediante a exist\u00eancia de vagas, divulgadas em edital previsto no Calend\u00e1rio Acad\u00eamico. Conforme a\u00a0resolu\u00e7\u00e3o 24\/2016, para solicitar reop\u00e7\u00e3o o aluno precisa ter conclu\u00eddo dois\u00a0semestres ou um ano letivo\u00a0no seu curso de origem (ter v\u00ednculo de 1 ano ou mais com a UFPel),\u00a0al\u00e9m aproveitar pelo menos [&hellip;]<\/p>\n","protected":false},"author":481,"featured_media":0,"parent":0,"menu_order":0,"comment_status":"closed","ping_status":"closed","template":"","meta":{"jetpack_post_was_ever_published":false,"footnotes":""},"class_list":["post-451","page","type-page","status-publish","hentry"],"jetpack_sharing_enabled":true,"jetpack_shortlink":"https:\/\/wp.me\/P7jT0y-7h","_links":{"self":[{"href":"https:\/\/wp.ufpel.edu.br\/matematicadiurno\/wp-json\/wp\/v2\/pages\/451","targetHints":{"allow":["GET"]}}],"collection":[{"href":"https:\/\/wp.ufpel.edu.br\/matematicadiurno\/wp-json\/wp\/v2\/pages"}],"about":[{"href":"https:\/\/wp.ufpel.edu.br\/matematicadiurno\/wp-json\/wp\/v2\/types\/page"}],"author":[{"embeddable":true,"href":"https:\/\/wp.ufpel.edu.br\/matematicadiurno\/wp-json\/wp\/v2\/users\/481"}],"replies":[{"embeddable":true,"href":"https:\/\/wp.ufpel.edu.br\/matematicadiurno\/wp-json\/wp\/v2\/comments?post=451"}],"version-history":[{"count":4,"href":"https:\/\/wp.ufpel.edu.br\/matematicadiurno\/wp-json\/wp\/v2\/pages\/451\/revisions"}],"predecessor-version":[{"id":1097,"href":"https:\/\/wp.ufpel.edu.br\/matematicadiurno\/wp-json\/wp\/v2\/pages\/451\/revisions\/1097"}],"wp:attachment":[{"href":"https:\/\/wp.ufpel.edu.br\/matematicadiurno\/wp-json\/wp\/v2\/media?parent=451"}],"curies":[{"name":"wp","href":"https:\/\/api.w.org\/{rel}","templated":true}]}}