{"id":447,"date":"2016-04-12T11:39:06","date_gmt":"2016-04-12T14:39:06","guid":{"rendered":"https:\/\/wp.ufpel.edu.br\/matematicadiurno\/?page_id=447"},"modified":"2016-04-12T11:39:06","modified_gmt":"2016-04-12T14:39:06","slug":"historico-escolar-e-integralizacao-curricular","status":"publish","type":"page","link":"https:\/\/wp.ufpel.edu.br\/matematicadiurno\/historico-escolar-e-integralizacao-curricular\/","title":{"rendered":"Hist\u00f3rico Escolar e Integraliza\u00e7\u00e3o Curricular"},"content":{"rendered":"<p style=\"text-align: justify\"><span style=\"color: #000000\">O registro das atividades curriculares realizadas pelo discente deve compor o seu <strong>Hist\u00f3rico Escolar<\/strong>, que pode ser Parcial ou Final.<\/span><\/p>\n<p style=\"text-align: justify\"><span style=\"color: #000000\">Hist\u00f3rico Escolar Parcial \u00e9 o documento que demonstra, antes da conclus\u00e3o do curso, o percurso de integraliza\u00e7\u00e3o curricular do discente.<\/span><\/p>\n<p style=\"text-align: justify\"><span style=\"color: #000000\">Hist\u00f3rico Escolar Final \u00e9 o documento que demonstra, ap\u00f3s a conclus\u00e3o do curso, o percurso completo de integraliza\u00e7\u00e3o curricular do discente.<\/span><\/p>\n<p style=\"text-align: justify\"><span style=\"color: #000000\">A certifica\u00e7\u00e3o do Hist\u00f3rico Escolar Parcial e do Hist\u00f3rico Escolar Final \u00e9 da compet\u00eancia exclusiva da Coordena\u00e7\u00e3o de Registros Acad\u00eamicos.<\/span><\/p>\n<p style=\"text-align: justify\"><span style=\"color: #000000\">A <strong>Integraliza\u00e7\u00e3o Curricular<\/strong> dar-se-\u00e1 pela realiza\u00e7\u00e3o, com aproveitamento, de todas as atividades curriculares previstas no Projeto Pedag\u00f3gico do Curso, por parte do discente, observadas as exig\u00eancias de \u00e2mbito institucional e federal pertinentes.<\/span><\/p>\n<p style=\"text-align: justify\">\n<p style=\"text-align: justify\"><em><span style=\"color: #000000\">Fonte:<\/span> <\/em><span style=\"color: #0000ff\"><a style=\"color: #0000ff\" href=\"https:\/\/wp.ufpel.edu.br\/scs\/files\/2010\/12\/2010_14.pdf\"><em>Regulamento do Ensino de Gradua\u00e7\u00e3o<\/em><\/a><\/span><\/p>\n","protected":false},"excerpt":{"rendered":"<p>O registro das atividades curriculares realizadas pelo discente deve compor o seu Hist\u00f3rico Escolar, que pode ser Parcial ou Final. Hist\u00f3rico Escolar Parcial \u00e9 o documento que demonstra, antes da conclus\u00e3o do curso, o percurso de integraliza\u00e7\u00e3o curricular do discente. Hist\u00f3rico Escolar Final \u00e9 o documento que demonstra, ap\u00f3s a conclus\u00e3o do curso, o percurso [&hellip;]<\/p>\n","protected":false},"author":481,"featured_media":0,"parent":0,"menu_order":0,"comment_status":"closed","ping_status":"closed","template":"","meta":{"jetpack_post_was_ever_published":false,"footnotes":""},"class_list":["post-447","page","type-page","status-publish","hentry"],"jetpack_sharing_enabled":true,"jetpack_shortlink":"https:\/\/wp.me\/P7jT0y-7d","_links":{"self":[{"href":"https:\/\/wp.ufpel.edu.br\/matematicadiurno\/wp-json\/wp\/v2\/pages\/447","targetHints":{"allow":["GET"]}}],"collection":[{"href":"https:\/\/wp.ufpel.edu.br\/matematicadiurno\/wp-json\/wp\/v2\/pages"}],"about":[{"href":"https:\/\/wp.ufpel.edu.br\/matematicadiurno\/wp-json\/wp\/v2\/types\/page"}],"author":[{"embeddable":true,"href":"https:\/\/wp.ufpel.edu.br\/matematicadiurno\/wp-json\/wp\/v2\/users\/481"}],"replies":[{"embeddable":true,"href":"https:\/\/wp.ufpel.edu.br\/matematicadiurno\/wp-json\/wp\/v2\/comments?post=447"}],"version-history":[{"count":1,"href":"https:\/\/wp.ufpel.edu.br\/matematicadiurno\/wp-json\/wp\/v2\/pages\/447\/revisions"}],"predecessor-version":[{"id":449,"href":"https:\/\/wp.ufpel.edu.br\/matematicadiurno\/wp-json\/wp\/v2\/pages\/447\/revisions\/449"}],"wp:attachment":[{"href":"https:\/\/wp.ufpel.edu.br\/matematicadiurno\/wp-json\/wp\/v2\/media?parent=447"}],"curies":[{"name":"wp","href":"https:\/\/api.w.org\/{rel}","templated":true}]}}