{"id":390,"date":"2016-04-12T09:18:02","date_gmt":"2016-04-12T12:18:02","guid":{"rendered":"https:\/\/wp.ufpel.edu.br\/matematicadiurno\/?page_id=390"},"modified":"2020-03-05T10:56:18","modified_gmt":"2020-03-05T13:56:18","slug":"sou-aluno","status":"publish","type":"page","link":"https:\/\/wp.ufpel.edu.br\/matematicadiurno\/sou-aluno\/","title":{"rendered":"SOU ALUNO"},"content":{"rendered":"<p><span style=\"color: #000000\"><a style=\"color: #000000\" href=\"https:\/\/wp.ufpel.edu.br\/cra\/aproveitamento-de-disciplina\/\"><span style=\"color: #000080\"><span style=\"color: #333399\">Aproveitamento de Estudos<\/span><\/span><\/a><\/span><\/p>\n<p><span style=\"color: #333399\"><a style=\"color: #333399\" href=\"https:\/\/wp.ufpel.edu.br\/cra\/aproveitamento-por-extraordinario-conhecimento-prova-de-proficiencia\/\">Aproveitamento por extraordin\u00e1rio conhecimento (prova de profici\u00eancia)<\/a><\/span><\/p>\n<p><a href=\"https:\/\/wp.ufpel.edu.br\/matematicadiurno\/atividades-extras\/\"><span style=\"color: #333399\">Atividades Extras<\/span><\/a><\/p>\n<p><span style=\"color: #333399\"><a style=\"color: #333399\" href=\"https:\/\/wp.ufpel.edu.br\/cra\/avaliacao-segunda-chamada\/\">Avalia\u00e7\u00e3o &#8211; 2\u00aa Chamada<\/a><\/span><\/p>\n<p><span style=\"color: #333399\"><a style=\"color: #333399\" href=\"https:\/\/wp.ufpel.edu.br\/cra\/cancelamento-de-matricula\/\">Cancelamento de Matr\u00edcula<\/a><\/span><\/p>\n<p><span style=\"color: #333399\"><a style=\"color: #333399\" href=\"https:\/\/wp.ufpel.edu.br\/cra\/colacao-de-grau\/\">Cola\u00e7\u00e3o de Grau<\/a><\/span><\/p>\n<p><a href=\"https:\/\/wp.ufpel.edu.br\/matematicadiurno\/files\/2020\/02\/Regimento-dos-Estudos-Integradores-Atividades-Complementares.pdf\"><span style=\"color: #333399\">Estudos Integradores (Atividades Complementares)<\/span><\/a><\/p>\n<p><a href=\"https:\/\/wp.ufpel.edu.br\/matematicadiurno\/?page_id=1603&amp;preview=true\"><span style=\"color: #333399\">Frequ\u00eancia<\/span><\/a><\/p>\n<p><span style=\"color: #ffffff\">&#8230;&#8230;&#8230;&#8230;&#8230;&#8230;&#8230;..<\/span><a href=\"https:\/\/wp.ufpel.edu.br\/cra\/abono-de-faltas\/\"><span style=\"color: #333399\">Abono de faltas<\/span><\/a><\/p>\n<p><span style=\"color: #ffffff\">&#8230;&#8230;&#8230;&#8230;&#8230;&#8230;&#8230;..<\/span><a href=\"https:\/\/wp.ufpel.edu.br\/cra\/exercicios-domiciliares\/\"><span style=\"color: #333399\">Exerc\u00edcios Domiciliares<\/span><\/a><\/p>\n<p><span style=\"color: #ffffff\">&#8230;&#8230;&#8230;&#8230;&#8230;&#8230;&#8230;..<\/span><span style=\"color: #000000\"><a style=\"color: #000000\" href=\"https:\/\/wp.ufpel.edu.br\/matematicadiurno\/frequencia-e-atestados-medicos\/\"><span style=\"color: #000080\"><span style=\"color: #333399\">Frequ\u00eancia e Atestados M\u00e9dicos<\/span><\/span><\/a><\/span><\/p>\n<p><a href=\"https:\/\/wp.ufpel.edu.br\/matematicadiurno\/matricula\/\"><span style=\"color: #333399\">Matr\u00edcula<\/span><\/a><\/p>\n<p><span style=\"color: #ffffff\">&#8230;&#8230;&#8230;&#8230;&#8230;&#8230;&#8230;..<\/span><span style=\"color: #333399\"><a style=\"color: #333399\" href=\"https:\/\/wp.ufpel.edu.br\/cra\/matricula-de-ingressantes\/\">Matr\u00edcula de ingressantes<\/a><\/span><\/p>\n<p><span style=\"color: #ffffff\">&#8230;&#8230;&#8230;&#8230;&#8230;&#8230;&#8230;..<\/span><span style=\"color: #333399\"><a style=\"color: #333399\" href=\"https:\/\/wp.ufpel.edu.br\/cra\/rematricula\/\">Rematr\u00edcula<\/a><\/span><\/p>\n<p><span style=\"color: #ffffff\">&#8230;&#8230;&#8230;&#8230;&#8230;&#8230;&#8230;..<a href=\"https:\/\/wp.ufpel.edu.br\/cra\/correcao-de-matricula\/\"><span style=\"color: #333399\">Corre\u00e7\u00e3o de matr\u00edcula<\/span><\/a><\/span><\/p>\n<p><span style=\"color: #ffffff\">&#8230;&#8230;&#8230;&#8230;&#8230;&#8230;&#8230;..<a href=\"https:\/\/wp.ufpel.edu.br\/cra\/matricula-especial\/\"><span style=\"color: #333399\">Matr\u00edcula Especial<\/span><\/a><\/span><\/p>\n<p><span style=\"color: #000080\"><a style=\"color: #000080\" href=\"https:\/\/wp.ufpel.edu.br\/cra\/programa-de-mobilidade-academica\/\"><span style=\"color: #333399\">Mobilidade Discente<\/span><\/a><\/span><\/p>\n<p><span style=\"color: #333399\"><a style=\"color: #333399\" href=\"https:\/\/wp.ufpel.edu.br\/matematicadiurno\/prazos-para-divulgacao-das-notas\/\">Prazos para divulga\u00e7\u00e3o das notas<\/a><\/span><\/p>\n<p><span style=\"color: #333399\"><a style=\"color: #333399\" href=\"https:\/\/wp.ufpel.edu.br\/matematicadiurno\/ordenamento-de-matricula-cobalto\/\">Ordenamento de Matr\u00edcula (Cobalto)<\/a><\/span><\/p>\n<p><span style=\"color: #333399\"><a style=\"color: #333399\" href=\"https:\/\/wp.ufpel.edu.br\/matematicadiurno\/quando-o-aluno-perdera-a-matricula-na-ufpel\/\">Quando o Aluno Perder\u00e1 a Vaga na UFPel<\/a><\/span><\/p>\n<p><span style=\"color: #333399\"><a style=\"color: #333399\" href=\"https:\/\/wp.ufpel.edu.br\/cra\/quebra-de-pre-requisito-2\/\">Quebra de Pr\u00e9-Requisito<\/a><\/span><\/p>\n<p><span style=\"color: #333399\"><a style=\"color: #333399\" href=\"https:\/\/wp.ufpel.edu.br\/cra\/regime-concentrado\/\">Regime Concentrado<\/a><\/span><\/p>\n<p><span style=\"color: #333399\"><a style=\"color: #333399\" href=\"https:\/\/wp.ufpel.edu.br\/cra\/reopcao\/\">Reop\u00e7\u00e3o<\/a><\/span><\/p>\n<p><span style=\"color: #333399\"><a style=\"color: #333399\" href=\"https:\/\/wp.ufpel.edu.br\/cra\/revisao-de-desempenho\/\">Revis\u00e3o de Prova<\/a><\/span><\/p>\n<p><span style=\"color: #333399\"><a style=\"color: #333399\" href=\"https:\/\/wp.ufpel.edu.br\/matematicadiurno\/tempo-maximo-de-permanencia-no-curso-jubilamento\/\">Tempo M\u00e1ximo de Perman\u00eancia no Curso (Jubilamento)<\/a><\/span><\/p>\n<p><span style=\"color: #333399\"><a style=\"color: #333399\" href=\"https:\/\/wp.ufpel.edu.br\/cra\/trancamentos\/\">Trancamento de Matr\u00edcula<\/a><\/span><\/p>\n<p><span style=\"color: #333399\"><a style=\"color: #333399\" href=\"https:\/\/wp.ufpel.edu.br\/matematicadiurno\/transferencia-externa\/\">Transfer\u00eancia Externa<\/a><\/span><\/p>\n<p><span style=\"color: #333399\"><a style=\"color: #333399\" href=\"https:\/\/wp.ufpel.edu.br\/cra\/transito-de-notas\/\">Tr\u00e2nsito de Notas<\/a><\/span><\/p>\n","protected":false},"excerpt":{"rendered":"<p>Aproveitamento de Estudos Aproveitamento por extraordin\u00e1rio conhecimento (prova de profici\u00eancia) Atividades Extras Avalia\u00e7\u00e3o &#8211; 2\u00aa Chamada Cancelamento de Matr\u00edcula Cola\u00e7\u00e3o de Grau Estudos Integradores (Atividades Complementares) Frequ\u00eancia &#8230;&#8230;&#8230;&#8230;&#8230;&#8230;&#8230;..Abono de faltas &#8230;&#8230;&#8230;&#8230;&#8230;&#8230;&#8230;..Exerc\u00edcios Domiciliares &#8230;&#8230;&#8230;&#8230;&#8230;&#8230;&#8230;..Frequ\u00eancia e Atestados M\u00e9dicos Matr\u00edcula &#8230;&#8230;&#8230;&#8230;&#8230;&#8230;&#8230;..Matr\u00edcula de ingressantes &#8230;&#8230;&#8230;&#8230;&#8230;&#8230;&#8230;..Rematr\u00edcula &#8230;&#8230;&#8230;&#8230;&#8230;&#8230;&#8230;..Corre\u00e7\u00e3o de matr\u00edcula &#8230;&#8230;&#8230;&#8230;&#8230;&#8230;&#8230;..Matr\u00edcula Especial Mobilidade Discente Prazos para divulga\u00e7\u00e3o das notas Ordenamento de [&hellip;]<\/p>\n","protected":false},"author":481,"featured_media":0,"parent":0,"menu_order":0,"comment_status":"closed","ping_status":"closed","template":"","meta":{"jetpack_post_was_ever_published":false,"footnotes":""},"class_list":["post-390","page","type-page","status-publish","hentry"],"jetpack_sharing_enabled":true,"jetpack_shortlink":"https:\/\/wp.me\/P7jT0y-6i","_links":{"self":[{"href":"https:\/\/wp.ufpel.edu.br\/matematicadiurno\/wp-json\/wp\/v2\/pages\/390","targetHints":{"allow":["GET"]}}],"collection":[{"href":"https:\/\/wp.ufpel.edu.br\/matematicadiurno\/wp-json\/wp\/v2\/pages"}],"about":[{"href":"https:\/\/wp.ufpel.edu.br\/matematicadiurno\/wp-json\/wp\/v2\/types\/page"}],"author":[{"embeddable":true,"href":"https:\/\/wp.ufpel.edu.br\/matematicadiurno\/wp-json\/wp\/v2\/users\/481"}],"replies":[{"embeddable":true,"href":"https:\/\/wp.ufpel.edu.br\/matematicadiurno\/wp-json\/wp\/v2\/comments?post=390"}],"version-history":[{"count":42,"href":"https:\/\/wp.ufpel.edu.br\/matematicadiurno\/wp-json\/wp\/v2\/pages\/390\/revisions"}],"predecessor-version":[{"id":1999,"href":"https:\/\/wp.ufpel.edu.br\/matematicadiurno\/wp-json\/wp\/v2\/pages\/390\/revisions\/1999"}],"wp:attachment":[{"href":"https:\/\/wp.ufpel.edu.br\/matematicadiurno\/wp-json\/wp\/v2\/media?parent=390"}],"curies":[{"name":"wp","href":"https:\/\/api.w.org\/{rel}","templated":true}]}}