{"id":39,"date":"2014-12-10T19:29:10","date_gmt":"2014-12-10T21:29:10","guid":{"rendered":"https:\/\/wp.ufpel.edu.br\/matematicadiurno\/?page_id=39"},"modified":"2020-02-27T12:36:50","modified_gmt":"2020-02-27T15:36:50","slug":"formularios-e-documentos","status":"publish","type":"page","link":"https:\/\/wp.ufpel.edu.br\/matematicadiurno\/formularios-e-documentos\/","title":{"rendered":"Formul\u00e1rios e Documentos"},"content":{"rendered":"<p><a href=\"https:\/\/wp.ufpel.edu.br\/matematicadiurno\/files\/2018\/11\/JUSTIFICATIVA-DE-FALTAS.pdf\"><span style=\"color: #333399\">Formul\u00e1rio para justificativa de faltas<\/span><\/a><\/p>\n<p><span style=\"color: #333399\"><a style=\"color: #333399\" href=\"https:\/\/wp.ufpel.edu.br\/matematicadiurno\/files\/2014\/12\/Solicita\u00e7\u00e3o-de-disciplinas-para-o-Colegiado.pdf\" rel=\"\">Formul\u00e1rio para solicitar disciplinas para o Colegiado<\/a><\/span><\/p>\n<p><a href=\"https:\/\/wp.ufpel.edu.br\/matematicadiurno\/files\/2020\/02\/Relat\u00f3rio-dos-Estudos-Integradores-Atividades-Complementares.pdf\"><span style=\"color: #333399\">Relat\u00f3rio de Estudos Integradores (Atividades Complementares)<\/span><\/a><\/p>\n<p><span style=\"color: #333399\"><a style=\"color: #333399\" href=\"https:\/\/wp.ufpel.edu.br\/cra\/files\/2018\/10\/Requerimento-de-aproveitamento-de-estudos.pdf\">Requerimento de aproveitamento de disciplina<\/a><\/span><\/p>\n<p><span style=\"color: #333399\"><a style=\"color: #333399\" href=\"https:\/\/wp.ufpel.edu.br\/cra\/files\/2018\/10\/Requerimento-de-prova-de-profici\u00eancia.pdf\">Requerimento de aproveitamento de estudos por extraordin\u00e1rio conhecimento (prova de profici\u00eancia)<\/a><\/span><\/p>\n<p><span style=\"color: #333399\"><a style=\"color: #333399\" href=\"https:\/\/wp.ufpel.edu.br\/cra\/files\/2018\/10\/Requerimento-de-cancelamento.pdf\">Requerimento de cancelamento de matr\u00edcula<\/a><\/span><\/p>\n<p><span style=\"color: #333399\"><a style=\"color: #333399\" href=\"https:\/\/wp.ufpel.edu.br\/cra\/files\/2018\/10\/Requerimento-de-segunda-chamada.pdf\">Requerimento de segunda chamada<\/a><\/span><\/p>\n<p><span style=\"color: #333399\"><a style=\"color: #333399\" href=\"https:\/\/wp.ufpel.edu.br\/cra\/files\/2018\/10\/Requerimento-de-revis\u00e3o-de-desempenho.pdf\">Requerimento de revis\u00e3o de prova<\/a><\/span><\/p>\n<p><span style=\"color: #333399\"><a style=\"color: #333399\" href=\"https:\/\/wp.ufpel.edu.br\/cra\/files\/2018\/10\/Requerimento-de-regime-concentrado.pdf\">Requerimento de regime concentrado<\/a> <strong>\u00a0<\/strong><\/span><\/p>\n<p><span style=\"color: #333399\"><a style=\"color: #333399\" href=\"https:\/\/wp.ufpel.edu.br\/cra\/files\/2018\/10\/Requerimento-de-trancamento-de-componentes-curriculares.pdf\">Requerimento de trancamento de disciplina<\/a><\/span><\/p>\n<p><span style=\"color: #333399\"><a style=\"color: #333399\" href=\"https:\/\/wp.ufpel.edu.br\/cra\/files\/2018\/10\/Requerimento-de-trancamento-geral-de-matr\u00edcula.pdf\">Requerimento de trancamento geral de matr\u00edcula<\/a><\/span><\/p>\n<p><span style=\"color: #333399\"><a style=\"color: #333399\" href=\"https:\/\/wp.ufpel.edu.br\/matematicadiurno\/files\/2014\/12\/Grade-de-Hor\u00e1rios.pdf\" rel=\"\">Grade de Hor\u00e1rios<\/a><\/span><\/p>\n","protected":false},"excerpt":{"rendered":"<p>Formul\u00e1rio para justificativa de faltas Formul\u00e1rio para solicitar disciplinas para o Colegiado Relat\u00f3rio de Estudos Integradores (Atividades Complementares) Requerimento de aproveitamento de disciplina Requerimento de aproveitamento de estudos por extraordin\u00e1rio conhecimento (prova de profici\u00eancia) Requerimento de cancelamento de matr\u00edcula Requerimento de segunda chamada Requerimento de revis\u00e3o de prova Requerimento de regime concentrado \u00a0 Requerimento de [&hellip;]<\/p>\n","protected":false},"author":466,"featured_media":0,"parent":0,"menu_order":1,"comment_status":"closed","ping_status":"closed","template":"","meta":{"jetpack_post_was_ever_published":false,"footnotes":""},"class_list":["post-39","page","type-page","status-publish","hentry"],"jetpack_sharing_enabled":true,"jetpack_shortlink":"https:\/\/wp.me\/P7jT0y-D","_links":{"self":[{"href":"https:\/\/wp.ufpel.edu.br\/matematicadiurno\/wp-json\/wp\/v2\/pages\/39","targetHints":{"allow":["GET"]}}],"collection":[{"href":"https:\/\/wp.ufpel.edu.br\/matematicadiurno\/wp-json\/wp\/v2\/pages"}],"about":[{"href":"https:\/\/wp.ufpel.edu.br\/matematicadiurno\/wp-json\/wp\/v2\/types\/page"}],"author":[{"embeddable":true,"href":"https:\/\/wp.ufpel.edu.br\/matematicadiurno\/wp-json\/wp\/v2\/users\/466"}],"replies":[{"embeddable":true,"href":"https:\/\/wp.ufpel.edu.br\/matematicadiurno\/wp-json\/wp\/v2\/comments?post=39"}],"version-history":[{"count":22,"href":"https:\/\/wp.ufpel.edu.br\/matematicadiurno\/wp-json\/wp\/v2\/pages\/39\/revisions"}],"predecessor-version":[{"id":1995,"href":"https:\/\/wp.ufpel.edu.br\/matematicadiurno\/wp-json\/wp\/v2\/pages\/39\/revisions\/1995"}],"wp:attachment":[{"href":"https:\/\/wp.ufpel.edu.br\/matematicadiurno\/wp-json\/wp\/v2\/media?parent=39"}],"curies":[{"name":"wp","href":"https:\/\/api.w.org\/{rel}","templated":true}]}}