{"id":382,"date":"2016-04-11T16:08:24","date_gmt":"2016-04-11T19:08:24","guid":{"rendered":"https:\/\/wp.ufpel.edu.br\/matematicadiurno\/?page_id=382"},"modified":"2018-11-26T15:23:17","modified_gmt":"2018-11-26T17:23:17","slug":"transferencia-externa","status":"publish","type":"page","link":"https:\/\/wp.ufpel.edu.br\/matematicadiurno\/transferencia-externa\/","title":{"rendered":"Transfer\u00eancia Externa"},"content":{"rendered":"<p style=\"text-align: justify\"><span style=\"color: #000000\">O aluno da UFPel que quiser ir para outra Universidade, deve buscar nessa outra Universidade a forma de ingressar. Uma vez que saiba como (atrav\u00e9s de edital, presumivelmente), ele deve se inscrever, concorrer e ser selecionado. Assim que ele for selecionado, \u00e9 a outra Universidade que pede para a UFPel enviar a documenta\u00e7\u00e3o.<br \/>\n<\/span><\/p>\n<p style=\"text-align: justify\"><span style=\"color: #000000\">Ou seja: o aluno, quando quiser sair por transfer\u00eancia, n\u00e3o mant\u00e9m nenhum contato com a UFPel. N\u00e3o precisa nem procurar\u00a0o Colegiado, nem procurar a CRA. Basta que procure na outra universidade o edital espec\u00edfico, concorra na sele\u00e7\u00e3o, seja selecionado e comece a frequentar as aulas.<\/span><\/p>\n","protected":false},"excerpt":{"rendered":"<p>O aluno da UFPel que quiser ir para outra Universidade, deve buscar nessa outra Universidade a forma de ingressar. Uma vez que saiba como (atrav\u00e9s de edital, presumivelmente), ele deve se inscrever, concorrer e ser selecionado. Assim que ele for selecionado, \u00e9 a outra Universidade que pede para a UFPel enviar a documenta\u00e7\u00e3o. Ou seja: [&hellip;]<\/p>\n","protected":false},"author":481,"featured_media":0,"parent":0,"menu_order":0,"comment_status":"closed","ping_status":"closed","template":"","meta":{"jetpack_post_was_ever_published":false,"footnotes":""},"class_list":["post-382","page","type-page","status-publish","hentry"],"jetpack_sharing_enabled":true,"jetpack_shortlink":"https:\/\/wp.me\/P7jT0y-6a","_links":{"self":[{"href":"https:\/\/wp.ufpel.edu.br\/matematicadiurno\/wp-json\/wp\/v2\/pages\/382","targetHints":{"allow":["GET"]}}],"collection":[{"href":"https:\/\/wp.ufpel.edu.br\/matematicadiurno\/wp-json\/wp\/v2\/pages"}],"about":[{"href":"https:\/\/wp.ufpel.edu.br\/matematicadiurno\/wp-json\/wp\/v2\/types\/page"}],"author":[{"embeddable":true,"href":"https:\/\/wp.ufpel.edu.br\/matematicadiurno\/wp-json\/wp\/v2\/users\/481"}],"replies":[{"embeddable":true,"href":"https:\/\/wp.ufpel.edu.br\/matematicadiurno\/wp-json\/wp\/v2\/comments?post=382"}],"version-history":[{"count":3,"href":"https:\/\/wp.ufpel.edu.br\/matematicadiurno\/wp-json\/wp\/v2\/pages\/382\/revisions"}],"predecessor-version":[{"id":1560,"href":"https:\/\/wp.ufpel.edu.br\/matematicadiurno\/wp-json\/wp\/v2\/pages\/382\/revisions\/1560"}],"wp:attachment":[{"href":"https:\/\/wp.ufpel.edu.br\/matematicadiurno\/wp-json\/wp\/v2\/media?parent=382"}],"curies":[{"name":"wp","href":"https:\/\/api.w.org\/{rel}","templated":true}]}}