{"id":372,"date":"2016-04-11T15:43:53","date_gmt":"2016-04-11T18:43:53","guid":{"rendered":"https:\/\/wp.ufpel.edu.br\/matematicadiurno\/?page_id=372"},"modified":"2016-05-10T16:57:49","modified_gmt":"2016-05-10T19:57:49","slug":"revisao-de-prova","status":"publish","type":"page","link":"https:\/\/wp.ufpel.edu.br\/matematicadiurno\/revisao-de-prova\/","title":{"rendered":"Revis\u00e3o de Prova"},"content":{"rendered":"<p style=\"text-align: justify\"><span style=\"color: #000000\">A revis\u00e3o de desempenho acad\u00eamico \u00e9 um direito que todo o acad\u00eamico possui.<\/span><\/p>\n<p style=\"text-align: justify\"><span style=\"color: #000000\">O aluno poder\u00e1 solicitar ao professor vistas da prova em at\u00e9 48h ap\u00f3s a publica\u00e7\u00e3o da nota, e ter\u00e1 novo prazo de 48h para solicitar revis\u00e3o de prova, por meio de requerimento formalizado pelo discente junto ao Colegiado do Curso, anexando sua prova a esse formul\u00e1rio.<\/span><\/p>\n<p style=\"text-align: justify\"><span style=\"color: #000000\">O processo de revis\u00e3o de desempenho acad\u00eamico dever\u00e1 ser analisado por uma comiss\u00e3o composta por 03 (tr\u00eas) docentes, instaurada pela Unidade Acad\u00eamica, incluindo o docente respons\u00e1vel pela referida atividade curricular, sendo facultada ao acad\u00eamico a sua participa\u00e7\u00e3o.<\/span><\/p>\n<p style=\"text-align: justify\"><span style=\"color: #000000\">A comiss\u00e3o dever\u00e1 emitir parecer no prazo de at\u00e9 05 (cinco) dias \u00fateis ap\u00f3s o ato de sua instaura\u00e7\u00e3o.<\/span><\/p>\n<p><span style=\"color: #0000ff\"><a style=\"color: #0000ff\" href=\"https:\/\/wp.ufpel.edu.br\/matematicadiurno\/files\/2016\/05\/Revis\u00e3o-Prova.pdf\">Formul\u00e1rio para solicitar revis\u00e3o de prova<\/a><\/span><\/p>\n<p><span style=\"color: #000000\"><em>Fonte: <\/em><\/span><span style=\"color: #0000ff\"><a style=\"color: #0000ff\" href=\"https:\/\/wp.ufpel.edu.br\/scs\/files\/2010\/12\/2010_14.pdf\"><em>Regulamento do Ensino de Gradua\u00e7\u00e3o<\/em><\/a><\/span>, <span style=\"color: #0000ff\"><em><a style=\"color: #0000ff\" href=\"https:\/\/wp.ufpel.edu.br\/scs\/files\/2010\/08\/1995_04.pdf\">Resolu\u00e7\u00e3o 04\/1995<\/a> <span style=\"color: #000000\">e <\/span><\/em><a style=\"color: #0000ff\" href=\"https:\/\/wp.ufpel.edu.br\/scs\/files\/2014\/03\/Res-1420141.pdf\"><em>Resolu\u00e7\u00e3o 14\/2014<\/em><\/a><\/span><\/p>\n","protected":false},"excerpt":{"rendered":"<p>A revis\u00e3o de desempenho acad\u00eamico \u00e9 um direito que todo o acad\u00eamico possui. O aluno poder\u00e1 solicitar ao professor vistas da prova em at\u00e9 48h ap\u00f3s a publica\u00e7\u00e3o da nota, e ter\u00e1 novo prazo de 48h para solicitar revis\u00e3o de prova, por meio de requerimento formalizado pelo discente junto ao Colegiado do Curso, anexando sua [&hellip;]<\/p>\n","protected":false},"author":481,"featured_media":0,"parent":0,"menu_order":0,"comment_status":"closed","ping_status":"closed","template":"","meta":{"jetpack_post_was_ever_published":false,"footnotes":""},"class_list":["post-372","page","type-page","status-publish","hentry"],"jetpack_sharing_enabled":true,"jetpack_shortlink":"https:\/\/wp.me\/P7jT0y-60","_links":{"self":[{"href":"https:\/\/wp.ufpel.edu.br\/matematicadiurno\/wp-json\/wp\/v2\/pages\/372","targetHints":{"allow":["GET"]}}],"collection":[{"href":"https:\/\/wp.ufpel.edu.br\/matematicadiurno\/wp-json\/wp\/v2\/pages"}],"about":[{"href":"https:\/\/wp.ufpel.edu.br\/matematicadiurno\/wp-json\/wp\/v2\/types\/page"}],"author":[{"embeddable":true,"href":"https:\/\/wp.ufpel.edu.br\/matematicadiurno\/wp-json\/wp\/v2\/users\/481"}],"replies":[{"embeddable":true,"href":"https:\/\/wp.ufpel.edu.br\/matematicadiurno\/wp-json\/wp\/v2\/comments?post=372"}],"version-history":[{"count":7,"href":"https:\/\/wp.ufpel.edu.br\/matematicadiurno\/wp-json\/wp\/v2\/pages\/372\/revisions"}],"predecessor-version":[{"id":538,"href":"https:\/\/wp.ufpel.edu.br\/matematicadiurno\/wp-json\/wp\/v2\/pages\/372\/revisions\/538"}],"wp:attachment":[{"href":"https:\/\/wp.ufpel.edu.br\/matematicadiurno\/wp-json\/wp\/v2\/media?parent=372"}],"curies":[{"name":"wp","href":"https:\/\/api.w.org\/{rel}","templated":true}]}}