{"id":369,"date":"2016-04-11T15:42:29","date_gmt":"2016-04-11T18:42:29","guid":{"rendered":"https:\/\/wp.ufpel.edu.br\/matematicadiurno\/?page_id=369"},"modified":"2016-05-02T12:48:42","modified_gmt":"2016-05-02T15:48:42","slug":"avaliacao-2o-chamada","status":"publish","type":"page","link":"https:\/\/wp.ufpel.edu.br\/matematicadiurno\/avaliacao-2o-chamada\/","title":{"rendered":"Avalia\u00e7\u00e3o \u2013 2\u00ba Chamada"},"content":{"rendered":"<p style=\"text-align: justify\"><span style=\"color: #000000\">O discente que faltar a uma avalia\u00e7\u00e3o, por impedimento legal, doen\u00e7a atestada por servi\u00e7o m\u00e9dico de sa\u00fade ou motivo de for\u00e7a maior, devidamente comprovado, poder\u00e1 realiz\u00e1-la em outro momento, desde que requeira por escrito ao Colegiado de Curso at\u00e9 3 (tr\u00eas) dias \u00fateis ap\u00f3s a realiza\u00e7\u00e3o da avalia\u00e7\u00e3o anterior. Para essa solicita\u00e7\u00e3o \u00e9 DESNECESS\u00c1RIA a avalia\u00e7\u00e3o por parte da junta m\u00e9dica desta Universidade.<\/span><\/p>\n<p><span style=\"color: #0000ff\"><a style=\"color: #0000ff\" href=\"https:\/\/wp.ufpel.edu.br\/matematicadiurno\/files\/2016\/04\/justific-de-faltas-e-2\u00aa-chamada.pdf\">Formul\u00e1rio para solicitar 2\u00aa chamada<\/a><\/span><\/p>\n<p><span style=\"color: #000000\"><em>Fonte: <\/em><\/span><span style=\"color: #0000ff\"><a style=\"color: #0000ff\" href=\"https:\/\/wp.ufpel.edu.br\/scs\/files\/2010\/12\/2010_14.pdf\"><em>Regulamento do Ensino de Gradua\u00e7\u00e3o<\/em><\/a><\/span><\/p>\n","protected":false},"excerpt":{"rendered":"<p>O discente que faltar a uma avalia\u00e7\u00e3o, por impedimento legal, doen\u00e7a atestada por servi\u00e7o m\u00e9dico de sa\u00fade ou motivo de for\u00e7a maior, devidamente comprovado, poder\u00e1 realiz\u00e1-la em outro momento, desde que requeira por escrito ao Colegiado de Curso at\u00e9 3 (tr\u00eas) dias \u00fateis ap\u00f3s a realiza\u00e7\u00e3o da avalia\u00e7\u00e3o anterior. Para essa solicita\u00e7\u00e3o \u00e9 DESNECESS\u00c1RIA a [&hellip;]<\/p>\n","protected":false},"author":481,"featured_media":0,"parent":0,"menu_order":0,"comment_status":"closed","ping_status":"closed","template":"","meta":{"jetpack_post_was_ever_published":false,"footnotes":""},"class_list":["post-369","page","type-page","status-publish","hentry"],"jetpack_sharing_enabled":true,"jetpack_shortlink":"https:\/\/wp.me\/P7jT0y-5X","_links":{"self":[{"href":"https:\/\/wp.ufpel.edu.br\/matematicadiurno\/wp-json\/wp\/v2\/pages\/369","targetHints":{"allow":["GET"]}}],"collection":[{"href":"https:\/\/wp.ufpel.edu.br\/matematicadiurno\/wp-json\/wp\/v2\/pages"}],"about":[{"href":"https:\/\/wp.ufpel.edu.br\/matematicadiurno\/wp-json\/wp\/v2\/types\/page"}],"author":[{"embeddable":true,"href":"https:\/\/wp.ufpel.edu.br\/matematicadiurno\/wp-json\/wp\/v2\/users\/481"}],"replies":[{"embeddable":true,"href":"https:\/\/wp.ufpel.edu.br\/matematicadiurno\/wp-json\/wp\/v2\/comments?post=369"}],"version-history":[{"count":4,"href":"https:\/\/wp.ufpel.edu.br\/matematicadiurno\/wp-json\/wp\/v2\/pages\/369\/revisions"}],"predecessor-version":[{"id":524,"href":"https:\/\/wp.ufpel.edu.br\/matematicadiurno\/wp-json\/wp\/v2\/pages\/369\/revisions\/524"}],"wp:attachment":[{"href":"https:\/\/wp.ufpel.edu.br\/matematicadiurno\/wp-json\/wp\/v2\/media?parent=369"}],"curies":[{"name":"wp","href":"https:\/\/api.w.org\/{rel}","templated":true}]}}