{"id":366,"date":"2016-04-11T15:41:10","date_gmt":"2016-04-11T18:41:10","guid":{"rendered":"https:\/\/wp.ufpel.edu.br\/matematicadiurno\/?page_id=366"},"modified":"2016-04-12T11:14:20","modified_gmt":"2016-04-12T14:14:20","slug":"mobilidade-discente","status":"publish","type":"page","link":"https:\/\/wp.ufpel.edu.br\/matematicadiurno\/mobilidade-discente\/","title":{"rendered":"Mobilidade Discente"},"content":{"rendered":"<p style=\"text-align: justify\"><span style=\"color: #000000\">Mobilidade discente \u00e9 a possibilidade do estudante, regularmente matriculado no Curso de Licenciatura em Matem\u00e1tica, cursar atividades curriculares fora do \u00e2mbito do curso ou em outras institui\u00e7\u00f5es de ensino superior, nacionais ou estrangeiras.<\/span><\/p>\n<p style=\"text-align: justify\"><span style=\"color: #000000\">A Mobilidade Acad\u00eamica Internacional ser\u00e1 regulamentada pelo Departamento de Interc\u00e2mbio e Programas Internacionais (DIPI).<\/span><\/p>\n<p style=\"text-align: justify\"><span style=\"color: #000000\">Ser\u00e1 permitido ao discente fazer mobilidade acad\u00eamica quando:<\/span><\/p>\n<ul style=\"text-align: justify\">\n<li><span style=\"color: #000000\">existir vaga na(s) atividade(s) curricular(es) pleiteada(s);<\/span><\/li>\n<li><span style=\"color: #000000\">Tiver integralizado, no m\u00ednimo, todas as atividades curriculares do 1\u00ba e 2\u00ba semestres letivos do Curso;<\/span><\/li>\n<li><span style=\"color: #000000\">N\u00e3o estiver cursando o \u00faltimo semestre do Curso, salvo excepcionalmente, quando indicado e aprovado pelo Colegiado do Curso e COCEPE.<\/span><\/li>\n<\/ul>\n<p style=\"text-align: justify\"><span style=\"color: #000000\">Crit\u00e9rios e procedimentos adicionais s\u00e3o regulamentados por meio de Resolu\u00e7\u00e3o do COCEPE (<span style=\"color: #0000ff\"><a style=\"color: #0000ff\" href=\"https:\/\/wp.ufpel.edu.br\/scs\/files\/2013\/01\/Resolu%C3%A7%C3%A3o-COCEPE-142013.pdf\">Resolu\u00e7\u00e3o 14\/2013-Ci\u00eancia sem Fronteiras<\/a>, <a style=\"color: #0000ff\" href=\"https:\/\/wp.ufpel.edu.br\/scs\/files\/2015\/03\/Resolu%C3%A7%C3%A3o-COCEPE-402015.pdf\">Resolu\u00e7\u00e3o 40\/2015<\/a><\/span>)<\/span><\/p>\n<p><span style=\"color: #000000\"><em>Fonte: <\/em><span style=\"color: #0000ff\"><a style=\"color: #0000ff\" href=\"https:\/\/wp.ufpel.edu.br\/scs\/files\/2010\/12\/2010_14.pdf\"><em>Regulamento do Ensino de Gradua\u00e7\u00e3o<\/em><\/a><\/span><\/span><\/p>\n","protected":false},"excerpt":{"rendered":"<p>Mobilidade discente \u00e9 a possibilidade do estudante, regularmente matriculado no Curso de Licenciatura em Matem\u00e1tica, cursar atividades curriculares fora do \u00e2mbito do curso ou em outras institui\u00e7\u00f5es de ensino superior, nacionais ou estrangeiras. A Mobilidade Acad\u00eamica Internacional ser\u00e1 regulamentada pelo Departamento de Interc\u00e2mbio e Programas Internacionais (DIPI). Ser\u00e1 permitido ao discente fazer mobilidade acad\u00eamica quando: [&hellip;]<\/p>\n","protected":false},"author":481,"featured_media":0,"parent":0,"menu_order":0,"comment_status":"closed","ping_status":"closed","template":"","meta":{"jetpack_post_was_ever_published":false,"footnotes":""},"class_list":["post-366","page","type-page","status-publish","hentry"],"jetpack_sharing_enabled":true,"jetpack_shortlink":"https:\/\/wp.me\/P7jT0y-5U","_links":{"self":[{"href":"https:\/\/wp.ufpel.edu.br\/matematicadiurno\/wp-json\/wp\/v2\/pages\/366","targetHints":{"allow":["GET"]}}],"collection":[{"href":"https:\/\/wp.ufpel.edu.br\/matematicadiurno\/wp-json\/wp\/v2\/pages"}],"about":[{"href":"https:\/\/wp.ufpel.edu.br\/matematicadiurno\/wp-json\/wp\/v2\/types\/page"}],"author":[{"embeddable":true,"href":"https:\/\/wp.ufpel.edu.br\/matematicadiurno\/wp-json\/wp\/v2\/users\/481"}],"replies":[{"embeddable":true,"href":"https:\/\/wp.ufpel.edu.br\/matematicadiurno\/wp-json\/wp\/v2\/comments?post=366"}],"version-history":[{"count":3,"href":"https:\/\/wp.ufpel.edu.br\/matematicadiurno\/wp-json\/wp\/v2\/pages\/366\/revisions"}],"predecessor-version":[{"id":430,"href":"https:\/\/wp.ufpel.edu.br\/matematicadiurno\/wp-json\/wp\/v2\/pages\/366\/revisions\/430"}],"wp:attachment":[{"href":"https:\/\/wp.ufpel.edu.br\/matematicadiurno\/wp-json\/wp\/v2\/media?parent=366"}],"curies":[{"name":"wp","href":"https:\/\/api.w.org\/{rel}","templated":true}]}}