{"id":363,"date":"2016-04-11T15:38:19","date_gmt":"2016-04-11T18:38:19","guid":{"rendered":"https:\/\/wp.ufpel.edu.br\/matematicadiurno\/?page_id=363"},"modified":"2018-11-26T16:22:43","modified_gmt":"2018-11-26T18:22:43","slug":"quando-o-aluno-perdera-a-matricula-na-ufpel","status":"publish","type":"page","link":"https:\/\/wp.ufpel.edu.br\/matematicadiurno\/quando-o-aluno-perdera-a-matricula-na-ufpel\/","title":{"rendered":"Quando o Aluno Perder\u00e1 a Matr\u00edcula na UFPEL"},"content":{"rendered":"<p style=\"text-align: justify\"><span style=\"color: #000000\">(art. 154 do Regulamento) <\/span><span style=\"color: #000000\">O discente poder\u00e1 perder o v\u00ednculo com os cursos de gradua\u00e7\u00e3o da UFPel quando:<\/span><\/p>\n<ul style=\"text-align: justify\">\n<li><span style=\"color: #000000\">n\u00e3o confirmar a matr\u00edcula, atrav\u00e9s da assinatura na Ata de Confirma\u00e7\u00e3o de Matr\u00edcula, junto ao Colegiado do Curso no per\u00edodo determinado em calend\u00e1rio acad\u00eamico;<\/span><\/li>\n<li><span style=\"color: #000000\">sofrer san\u00e7\u00e3o em decorr\u00eancia de processo administrativo disciplinar;<\/span><\/li>\n<li><span style=\"color: #000000\">n\u00e3o realizar matr\u00edcula no m\u00ednimo de cr\u00e9ditos estabelecidos &#8211; 8 cr\u00e9ditos &#8211; salvo casos excepcionais;<\/span><\/li>\n<\/ul>\n<p><span style=\"color: #000000\">(art. 155 do Regulamento) O discente SER\u00c1 desvinculado dos cursos de gradua\u00e7\u00e3o da UFPel nos seguintes casos:<\/span><\/p>\n<ul style=\"text-align: justify\">\n<li><span style=\"color: #000000\">ingressar nas vagas reservadas (cotas, &#8230;) e n\u00e3o cumprir as etapas previstas no edital;<\/span><\/li>\n<li><span style=\"color: #000000\">solicitar o cancelamento de sua matr\u00edcula junto \u00e0 CRA;<\/span><\/li>\n<li><span style=\"color: #000000\">descumprir protocolos e conv\u00eanios;<\/span><\/li>\n<li><span style=\"color: #000000\">decis\u00e3o judicial;<\/span><\/li>\n<li><span style=\"color: #000000\">falecimento;<\/span><\/li>\n<li><span style=\"color: #000000\">transfer\u00eancia para outra institui\u00e7\u00e3o de ensino superior;<\/span><\/li>\n<li><span style=\"color: #000000\">realizar troca de curso atrav\u00e9s da reop\u00e7\u00e3o;<\/span><\/li>\n<li><span style=\"color: #000000\">abandonar o Curso (reprovar por infrequ\u00eancia ou por nota zero em todas as disciplinas que estiver matriculado no semestre que ingressou no curso, reprovar por infrequ\u00eancia ou por nota zero em todas as disciplinas que estiver matriculado em dois ou mas semestre, n\u00e3o realizar matr\u00edcula nem solicitar trancamento geral no per\u00edodo estabelecido no calend\u00e1rio acad\u00eamico &#8211; art. 157 do Regulamento)<\/span><\/li>\n<li><span style=\"color: #000000\">n\u00e3o integralizar o curso dentro de 14 semestres, caso em que ocorre o jubilamento.<\/span><\/li>\n<\/ul>\n<p>Fonte: <a href=\"https:\/\/wp.ufpel.edu.br\/scs\/files\/2018\/09\/SEI_Resolu%C3%A7%C3%A3o-29.2018-Regulamento-Ensino-de-Gradua%C3%A7%C3%A3o-I.pdf\">Regulamento do Ensino de Gradua\u00e7\u00e3o &#8211; Resolu\u00e7\u00e3o 29\/2018 COCEPE<\/a><\/p>\n","protected":false},"excerpt":{"rendered":"<p>(art. 154 do Regulamento) O discente poder\u00e1 perder o v\u00ednculo com os cursos de gradua\u00e7\u00e3o da UFPel quando: n\u00e3o confirmar a matr\u00edcula, atrav\u00e9s da assinatura na Ata de Confirma\u00e7\u00e3o de Matr\u00edcula, junto ao Colegiado do Curso no per\u00edodo determinado em calend\u00e1rio acad\u00eamico; sofrer san\u00e7\u00e3o em decorr\u00eancia de processo administrativo disciplinar; n\u00e3o realizar matr\u00edcula no m\u00ednimo [&hellip;]<\/p>\n","protected":false},"author":481,"featured_media":0,"parent":0,"menu_order":0,"comment_status":"closed","ping_status":"closed","template":"","meta":{"jetpack_post_was_ever_published":false,"footnotes":""},"class_list":["post-363","page","type-page","status-publish","hentry"],"jetpack_sharing_enabled":true,"jetpack_shortlink":"https:\/\/wp.me\/P7jT0y-5R","_links":{"self":[{"href":"https:\/\/wp.ufpel.edu.br\/matematicadiurno\/wp-json\/wp\/v2\/pages\/363","targetHints":{"allow":["GET"]}}],"collection":[{"href":"https:\/\/wp.ufpel.edu.br\/matematicadiurno\/wp-json\/wp\/v2\/pages"}],"about":[{"href":"https:\/\/wp.ufpel.edu.br\/matematicadiurno\/wp-json\/wp\/v2\/types\/page"}],"author":[{"embeddable":true,"href":"https:\/\/wp.ufpel.edu.br\/matematicadiurno\/wp-json\/wp\/v2\/users\/481"}],"replies":[{"embeddable":true,"href":"https:\/\/wp.ufpel.edu.br\/matematicadiurno\/wp-json\/wp\/v2\/comments?post=363"}],"version-history":[{"count":5,"href":"https:\/\/wp.ufpel.edu.br\/matematicadiurno\/wp-json\/wp\/v2\/pages\/363\/revisions"}],"predecessor-version":[{"id":1563,"href":"https:\/\/wp.ufpel.edu.br\/matematicadiurno\/wp-json\/wp\/v2\/pages\/363\/revisions\/1563"}],"wp:attachment":[{"href":"https:\/\/wp.ufpel.edu.br\/matematicadiurno\/wp-json\/wp\/v2\/media?parent=363"}],"curies":[{"name":"wp","href":"https:\/\/api.w.org\/{rel}","templated":true}]}}