{"id":360,"date":"2016-04-11T15:37:05","date_gmt":"2016-04-11T18:37:05","guid":{"rendered":"https:\/\/wp.ufpel.edu.br\/matematicadiurno\/?page_id=360"},"modified":"2018-11-26T16:50:12","modified_gmt":"2018-11-26T18:50:12","slug":"tempo-maximo-de-permanencia-no-curso-jubilamento","status":"publish","type":"page","link":"https:\/\/wp.ufpel.edu.br\/matematicadiurno\/tempo-maximo-de-permanencia-no-curso-jubilamento\/","title":{"rendered":"Tempo M\u00e1ximo de Perman\u00eancia no Curso (Jubilamento)"},"content":{"rendered":"<p style=\"text-align: justify\"><span style=\"color: #000000\">(art. 158 a 162 do Regulamento) Configura-se jubilamento o desligamento do discente por ter atingido o tempo m\u00e1ximo de perman\u00eancia no curso.<\/span><\/p>\n<p style=\"text-align: justify\"><span style=\"color: #000000\">O prazo m\u00e1ximo para a perman\u00eancia no Curso de Licenciatura em Matem\u00e1tica corresponde ao tempo de integraliza\u00e7\u00e3o previsto na matriz curricular do curso, constante no Projeto Pedag\u00f3gico do Curso, acrescido de dois ter\u00e7os (2\/3). Ou seja, <strong>14 semestres.<\/strong><\/span><\/p>\n<p style=\"text-align: justify\"><span style=\"color: #000000\">Os estudantes ingressantes por conv\u00eanios, como o PEC-G, salvo legisla\u00e7\u00e3o espec\u00edfica, ter\u00e3o o prazo de 16 semestres para conclu\u00edrem o Curso.<\/span><\/p>\n<p style=\"text-align: justify\"><span style=\"color: #000000\">O Colegiado do Curso verificar\u00e1 semestralmente os discentes pass\u00edveis de jubilamento. Constatando a exist\u00eancia de discentes nessa condi\u00e7\u00e3o, iniciar\u00e1 um processo de desligamento, oportunizando defesa no prazo de at\u00e9 10 dias \u00fateis. Caso o Colegiado decida por aceitar a defesa do discente, dever\u00e1 elaborar um plano de estudos para a conclus\u00e3o do curso pelo discente. Esse plano n\u00e3o deve ultrapassar 2 semestres de perman\u00eancia do discente no curso. Caso o discente n\u00e3o cumpra o plano, o processo de desligamento ser\u00e1 encaminhado ao COCEPE.<\/span><\/p>\n<p style=\"text-align: justify\"><span style=\"color: #000000\">O tempo em que a matr\u00edcula estiver trancada\u00a0 <strong>n\u00e3o ser\u00e1 computado<\/strong> no prazo m\u00e1ximo de integraliza\u00e7\u00e3o curricular (Art. 93 do Regulamento do Ensino de Gradua\u00e7\u00e3o da UFPel).<\/span><\/p>\n<p>&nbsp;<\/p>\n<p><span style=\"color: #000000\"><em>Fonte: <\/em><span style=\"color: #0000ff\"><a style=\"color: #0000ff\" href=\"https:\/\/wp.ufpel.edu.br\/scs\/files\/2018\/09\/SEI_Resolu%C3%A7%C3%A3o-29.2018-Regulamento-Ensino-de-Gradua%C3%A7%C3%A3o-I.pdf\"><em>Regulamento do Ensino de Gradua\u00e7\u00e3o<\/em><\/a><\/span><\/span><\/p>\n","protected":false},"excerpt":{"rendered":"<p>(art. 158 a 162 do Regulamento) Configura-se jubilamento o desligamento do discente por ter atingido o tempo m\u00e1ximo de perman\u00eancia no curso. O prazo m\u00e1ximo para a perman\u00eancia no Curso de Licenciatura em Matem\u00e1tica corresponde ao tempo de integraliza\u00e7\u00e3o previsto na matriz curricular do curso, constante no Projeto Pedag\u00f3gico do Curso, acrescido de dois ter\u00e7os [&hellip;]<\/p>\n","protected":false},"author":481,"featured_media":0,"parent":0,"menu_order":0,"comment_status":"closed","ping_status":"closed","template":"","meta":{"jetpack_post_was_ever_published":false,"footnotes":""},"class_list":["post-360","page","type-page","status-publish","hentry"],"jetpack_sharing_enabled":true,"jetpack_shortlink":"https:\/\/wp.me\/P7jT0y-5O","_links":{"self":[{"href":"https:\/\/wp.ufpel.edu.br\/matematicadiurno\/wp-json\/wp\/v2\/pages\/360","targetHints":{"allow":["GET"]}}],"collection":[{"href":"https:\/\/wp.ufpel.edu.br\/matematicadiurno\/wp-json\/wp\/v2\/pages"}],"about":[{"href":"https:\/\/wp.ufpel.edu.br\/matematicadiurno\/wp-json\/wp\/v2\/types\/page"}],"author":[{"embeddable":true,"href":"https:\/\/wp.ufpel.edu.br\/matematicadiurno\/wp-json\/wp\/v2\/users\/481"}],"replies":[{"embeddable":true,"href":"https:\/\/wp.ufpel.edu.br\/matematicadiurno\/wp-json\/wp\/v2\/comments?post=360"}],"version-history":[{"count":5,"href":"https:\/\/wp.ufpel.edu.br\/matematicadiurno\/wp-json\/wp\/v2\/pages\/360\/revisions"}],"predecessor-version":[{"id":1566,"href":"https:\/\/wp.ufpel.edu.br\/matematicadiurno\/wp-json\/wp\/v2\/pages\/360\/revisions\/1566"}],"wp:attachment":[{"href":"https:\/\/wp.ufpel.edu.br\/matematicadiurno\/wp-json\/wp\/v2\/media?parent=360"}],"curies":[{"name":"wp","href":"https:\/\/api.w.org\/{rel}","templated":true}]}}