{"id":357,"date":"2016-04-11T15:36:12","date_gmt":"2016-04-11T18:36:12","guid":{"rendered":"https:\/\/wp.ufpel.edu.br\/matematicadiurno\/?page_id=357"},"modified":"2016-04-12T11:06:31","modified_gmt":"2016-04-12T14:06:31","slug":"cancelamento-de-matricula","status":"publish","type":"page","link":"https:\/\/wp.ufpel.edu.br\/matematicadiurno\/cancelamento-de-matricula\/","title":{"rendered":"Cancelamento de Matr\u00edcula"},"content":{"rendered":"<p style=\"text-align: justify\"><span style=\"color: #000000\">O cancelamento de matr\u00edcula deve ser feito pelo pr\u00f3prio aluno, preferencialmente no balc\u00e3o de atendimento da CRA \u2013 onde, al\u00e9m do deferimento instant\u00e2neo, o aluno obt\u00e9m informa\u00e7\u00f5es adicionais de sua matr\u00edcula. Caso o aluno n\u00e3o possa comparecer pessoalmente, a CRA disponibiliza\u00a0o formul\u00e1rio padr\u00e3o, que pode tamb\u00e9m\u00a0ser preenchido e enviado a esta Coordena\u00e7\u00e3o, <strong>com firma reconhecida em cart\u00f3rio<\/strong>, atrav\u00e9s do Correios para o endere\u00e7o:<\/span><\/p>\n<p style=\"margin: 0cm;margin-bottom: .0001pt\"><span style=\"color: black\">Coordenadoria de Registros Acad\u00eamicos \u2013 CRA<\/span><\/p>\n<p style=\"margin: 0cm;margin-bottom: .0001pt\"><span style=\"color: #000000\"><span style=\"color: black\">UFPel &#8211; CAMPUS PORTO \/ ANGLO<\/span><\/span><\/p>\n<p style=\"margin: 0cm;margin-bottom: .0001pt\"><span style=\"color: #000000\"><span style=\"color: black\">Sala 101 &#8211; Bloco A<\/span><\/span><br \/>\n<span style=\"color: black\"><span style=\"color: #000000\">Rua Gomes Carneiro, 01 &#8211; Centro<\/span><\/span><br \/>\n<span style=\"color: black\"><span style=\"color: #000000\">Pelotas &#8211; RS, Brasil &#8211; 96010-610<\/span><\/span><\/p>\n<p style=\"text-align: justify\"><span style=\"color: #000000\">N\u00e3o h\u00e1 taxas a serem pagas. Caso seja necess\u00e1rio, o comprovante de cancelamento pode ser solicitado pelo interessado pessoalmente em nosso atendimento ou por procurador.<\/span><\/p>\n<p><span style=\"color: #000000\">Aten\u00e7\u00e3o: alunos com d\u00e9bito nas Bibliotecas da Universidade n\u00e3o ser\u00e3o desvinculados at\u00e9 a quita\u00e7\u00e3o do mesmo.<\/span><\/p>\n<p><span style=\"color: #0000ff\"><a style=\"color: #0000ff\" href=\"https:\/\/wp.ufpel.edu.br\/cra\/files\/2015\/08\/CANCELAMENTO-DE-MATR%C3%8DCULA-2016.pdf\">formul\u00e1rio de cancelamento<\/a><\/span><\/p>\n<p><span style=\"color: #000000\"><em>Fonte: CRA<\/em><\/span><\/p>\n","protected":false},"excerpt":{"rendered":"<p>O cancelamento de matr\u00edcula deve ser feito pelo pr\u00f3prio aluno, preferencialmente no balc\u00e3o de atendimento da CRA \u2013 onde, al\u00e9m do deferimento instant\u00e2neo, o aluno obt\u00e9m informa\u00e7\u00f5es adicionais de sua matr\u00edcula. Caso o aluno n\u00e3o possa comparecer pessoalmente, a CRA disponibiliza\u00a0o formul\u00e1rio padr\u00e3o, que pode tamb\u00e9m\u00a0ser preenchido e enviado a esta Coordena\u00e7\u00e3o, com firma reconhecida [&hellip;]<\/p>\n","protected":false},"author":481,"featured_media":0,"parent":0,"menu_order":0,"comment_status":"closed","ping_status":"closed","template":"","meta":{"jetpack_post_was_ever_published":false,"footnotes":""},"class_list":["post-357","page","type-page","status-publish","hentry"],"jetpack_sharing_enabled":true,"jetpack_shortlink":"https:\/\/wp.me\/P7jT0y-5L","_links":{"self":[{"href":"https:\/\/wp.ufpel.edu.br\/matematicadiurno\/wp-json\/wp\/v2\/pages\/357","targetHints":{"allow":["GET"]}}],"collection":[{"href":"https:\/\/wp.ufpel.edu.br\/matematicadiurno\/wp-json\/wp\/v2\/pages"}],"about":[{"href":"https:\/\/wp.ufpel.edu.br\/matematicadiurno\/wp-json\/wp\/v2\/types\/page"}],"author":[{"embeddable":true,"href":"https:\/\/wp.ufpel.edu.br\/matematicadiurno\/wp-json\/wp\/v2\/users\/481"}],"replies":[{"embeddable":true,"href":"https:\/\/wp.ufpel.edu.br\/matematicadiurno\/wp-json\/wp\/v2\/comments?post=357"}],"version-history":[{"count":6,"href":"https:\/\/wp.ufpel.edu.br\/matematicadiurno\/wp-json\/wp\/v2\/pages\/357\/revisions"}],"predecessor-version":[{"id":424,"href":"https:\/\/wp.ufpel.edu.br\/matematicadiurno\/wp-json\/wp\/v2\/pages\/357\/revisions\/424"}],"wp:attachment":[{"href":"https:\/\/wp.ufpel.edu.br\/matematicadiurno\/wp-json\/wp\/v2\/media?parent=357"}],"curies":[{"name":"wp","href":"https:\/\/api.w.org\/{rel}","templated":true}]}}