{"id":354,"date":"2016-04-11T15:34:57","date_gmt":"2016-04-11T18:34:57","guid":{"rendered":"https:\/\/wp.ufpel.edu.br\/matematicadiurno\/?page_id=354"},"modified":"2018-01-03T13:20:19","modified_gmt":"2018-01-03T15:20:19","slug":"trancamento-geral-de-matricula","status":"publish","type":"page","link":"https:\/\/wp.ufpel.edu.br\/matematicadiurno\/trancamento-geral-de-matricula\/","title":{"rendered":"Trancamento Geral de Matr\u00edcula"},"content":{"rendered":"<p style=\"text-align: justify\"><span style=\"color: #000000\">O Trancamento Geral de Matr\u00edcula deve ser solicitado pessoalmente pelo aluno (mediante apresenta\u00e7\u00e3o de documento de identifica\u00e7\u00e3o) ou por procurador (mediante a apresenta\u00e7\u00e3o de documento procurat\u00f3rio) diretamente no balc\u00e3o de atendimento da Coordena\u00e7\u00e3o de Registros Acad\u00eamicos &#8211; CRA, onde o acad\u00eamico preencher\u00e1 um formul\u00e1rio espec\u00edfico para tal finalidade, e o mesmo ser\u00e1 analisado e registrado no ato da solicita\u00e7\u00e3o, sem necessidade de ser repassado ao Colegiado.<br \/>\n<\/span><\/p>\n<p style=\"text-align: justify\"><span style=\"color: #000000\">O Trancamento Geral de Matr\u00edcula tem validade de apenas 1 semestre. Ent\u00e3o, se o estudante desejar trancar o Curso por mais de um semestre, precisar\u00e1 renovar o trancamento a cada semestre, at\u00e9 completar o per\u00edodo m\u00e1ximo estipulado de 4 semestres. Isto com a pretens\u00e3o de que a cada semestre o acad\u00eamico repense a sua situa\u00e7\u00e3o.<\/span><\/p>\n<p style=\"text-align: justify\"><span style=\"color: #000000\">O acad\u00eamico poder\u00e1 solicitar o Trancamento Geral de Matr\u00edcula:<\/span><\/p>\n<div style=\"text-align: justify\"><span style=\"color: #000000\"><b>&#8211; <\/b>sem\u00a0realizar matr\u00edcula\u00a0\u2013 at\u00e9 a data limite para corre\u00e7\u00e3o de matr\u00edcula;<\/span><\/div>\n<div style=\"text-align: justify\"><span style=\"color: #000000\"><strong>&#8211;<\/strong> com matr\u00edcula\u00a0\u2013 do primeiro at\u00e9 o \u00faltimo dia letivo (conforme calend\u00e1rio acad\u00eamico) \u2013 sendo OBRIGAT\u00d3RIO anexar\u00a0COMPROVANTE DE MATR\u00cdCULA.<\/span><\/div>\n<div style=\"text-align: justify\"><span style=\"color: #000000\"><b>\u00a0<\/b><\/span><\/div>\n<div style=\"text-align: justify\"><span style=\"color: #000000\">ATEN\u00c7\u00c3O:\u00a0Os alunos que n\u00e3o solicitarem matr\u00edcula ou corre\u00e7\u00e3o de matr\u00edcula ou n\u00e3o realizarem o Trancamento Geral de Matr\u00edcula configurar\u00e3o com situa\u00e7\u00e3o de\u00a0ABANDONO de curso e, consequentemente, ser\u00e3o desligados da Universidade;<\/span><\/div>\n<div style=\"text-align: justify\"><span style=\"color: #ffffff\">\u00a0.<\/span><\/div>\n<div style=\"text-align: justify\"><span style=\"color: #000000\">ALUNOS INGRESSANTES: poder\u00e3o realizar o Trancamento Geral por dois motivos justificados: Motivo de Sa\u00fade do pr\u00f3prio aluno (mediante apresenta\u00e7\u00e3o de Atestado com CID) e Servi\u00e7o Militar (mediante Atestado).<\/span><\/div>\n<div style=\"text-align: justify\"><\/div>\n<div style=\"text-align: justify\"><span style=\"color: #ffffff\">\u00a0.<\/span><\/div>\n<div style=\"text-align: justify\"><span style=\"color: #000000\">ALUNOS EM SITUA\u00c7\u00c3O DE JUBILAMENTO: n\u00e3o ser\u00e1 concedido Trancamento Geral de Matr\u00edcula a alunos em situa\u00e7\u00e3o de jubilamento.<\/span><\/div>\n<div style=\"text-align: justify\"><span style=\"color: #ffffff\">\u00a0<\/span><\/div>\n<p><span style=\"color: #0000ff\"><a style=\"color: #0000ff\" href=\"https:\/\/wp.ufpel.edu.br\/cra\/files\/2015\/08\/01-TRANCAMENTO-GERAL-DE-MATR%C3%8DCULA-novo-2.doc\">Formul\u00e1rio para Trancamento Geral de Matr\u00edcula<\/a><\/span><\/p>\n<p><span style=\"color: #000000\"><em>Fonte: <\/em><\/span><span style=\"color: #0000ff\"><a style=\"color: #0000ff\" href=\"https:\/\/wp.ufpel.edu.br\/scs\/files\/2010\/12\/2010_14.pdf\"><em>Regulamento do Ensino de Gradua\u00e7\u00e3o<\/em><\/a><\/span><em><span style=\"color: #000000\"> e<\/span> <span style=\"color: #0000ff\"><a style=\"color: #0000ff\" href=\"https:\/\/wp.ufpel.edu.br\/cra\/files\/2015\/08\/Resolu%C3%A7%C3%A3o-16.2016.pdf\">Resolu\u00e7\u00e3o-16.2016<\/a><\/span><\/em><\/p>\n","protected":false},"excerpt":{"rendered":"<p>O Trancamento Geral de Matr\u00edcula deve ser solicitado pessoalmente pelo aluno (mediante apresenta\u00e7\u00e3o de documento de identifica\u00e7\u00e3o) ou por procurador (mediante a apresenta\u00e7\u00e3o de documento procurat\u00f3rio) diretamente no balc\u00e3o de atendimento da Coordena\u00e7\u00e3o de Registros Acad\u00eamicos &#8211; CRA, onde o acad\u00eamico preencher\u00e1 um formul\u00e1rio espec\u00edfico para tal finalidade, e o mesmo ser\u00e1 analisado e registrado [&hellip;]<\/p>\n","protected":false},"author":481,"featured_media":0,"parent":0,"menu_order":0,"comment_status":"closed","ping_status":"closed","template":"","meta":{"jetpack_post_was_ever_published":false,"footnotes":""},"class_list":["post-354","page","type-page","status-publish","hentry"],"jetpack_sharing_enabled":true,"jetpack_shortlink":"https:\/\/wp.me\/P7jT0y-5I","_links":{"self":[{"href":"https:\/\/wp.ufpel.edu.br\/matematicadiurno\/wp-json\/wp\/v2\/pages\/354","targetHints":{"allow":["GET"]}}],"collection":[{"href":"https:\/\/wp.ufpel.edu.br\/matematicadiurno\/wp-json\/wp\/v2\/pages"}],"about":[{"href":"https:\/\/wp.ufpel.edu.br\/matematicadiurno\/wp-json\/wp\/v2\/types\/page"}],"author":[{"embeddable":true,"href":"https:\/\/wp.ufpel.edu.br\/matematicadiurno\/wp-json\/wp\/v2\/users\/481"}],"replies":[{"embeddable":true,"href":"https:\/\/wp.ufpel.edu.br\/matematicadiurno\/wp-json\/wp\/v2\/comments?post=354"}],"version-history":[{"count":9,"href":"https:\/\/wp.ufpel.edu.br\/matematicadiurno\/wp-json\/wp\/v2\/pages\/354\/revisions"}],"predecessor-version":[{"id":1298,"href":"https:\/\/wp.ufpel.edu.br\/matematicadiurno\/wp-json\/wp\/v2\/pages\/354\/revisions\/1298"}],"wp:attachment":[{"href":"https:\/\/wp.ufpel.edu.br\/matematicadiurno\/wp-json\/wp\/v2\/media?parent=354"}],"curies":[{"name":"wp","href":"https:\/\/api.w.org\/{rel}","templated":true}]}}