{"id":351,"date":"2016-04-11T15:33:44","date_gmt":"2016-04-11T18:33:44","guid":{"rendered":"https:\/\/wp.ufpel.edu.br\/matematicadiurno\/?page_id=351"},"modified":"2016-04-12T11:03:12","modified_gmt":"2016-04-12T14:03:12","slug":"trancamento-de-disciplina-2","status":"publish","type":"page","link":"https:\/\/wp.ufpel.edu.br\/matematicadiurno\/trancamento-de-disciplina-2\/","title":{"rendered":"Trancamento de Disciplina"},"content":{"rendered":"<p style=\"text-align: justify\"><span style=\"color: #000000\">O aluno poder\u00e1 realizar o trancamento de disciplinas no\u00a0per\u00edodo determinado pelo calend\u00e1rio acad\u00eamico, mantendo-se matriculado em, no m\u00ednimo, 8 cr\u00e9ditos por semestre.<\/span><\/p>\n<p style=\"text-align: justify\"><span style=\"color: #000000\">A solicita\u00e7\u00e3o de trancamento de disciplina dever\u00e1 ser realizada no Colegiado do Curso, atrav\u00e9s do preenchimento de formul\u00e1rio espec\u00edfico para este fim.<\/span><\/p>\n<p><span style=\"color: #0000ff\"><a style=\"color: #0000ff\" href=\"https:\/\/wp.ufpel.edu.br\/matematicadiurno\/files\/2016\/04\/trancamento-de-disciplina.pdf\">Formul\u00e1rio para trancamento de disciplina<\/a><\/span><\/p>\n<p><span style=\"color: #000000\"><em>Fonte: <\/em><\/span><span style=\"color: #0000ff\"><a style=\"color: #0000ff\" href=\"https:\/\/wp.ufpel.edu.br\/scs\/files\/2010\/12\/2010_14.pdf\"><em>Regulamento do Ensino de Gradua\u00e7\u00e3o<\/em><\/a><\/span> <span style=\"color: #000000\"><em>e <\/em><\/span><span style=\"color: #0000ff\"><a style=\"color: #0000ff\" href=\"https:\/\/wp.ufpel.edu.br\/scs\/files\/2010\/08\/2003_09.pdf\"><em>Resolu\u00e7\u00e3o 09\/2003<\/em><\/a><\/span><\/p>\n","protected":false},"excerpt":{"rendered":"<p>O aluno poder\u00e1 realizar o trancamento de disciplinas no\u00a0per\u00edodo determinado pelo calend\u00e1rio acad\u00eamico, mantendo-se matriculado em, no m\u00ednimo, 8 cr\u00e9ditos por semestre. A solicita\u00e7\u00e3o de trancamento de disciplina dever\u00e1 ser realizada no Colegiado do Curso, atrav\u00e9s do preenchimento de formul\u00e1rio espec\u00edfico para este fim. Formul\u00e1rio para trancamento de disciplina Fonte: Regulamento do Ensino de Gradua\u00e7\u00e3o [&hellip;]<\/p>\n","protected":false},"author":481,"featured_media":0,"parent":0,"menu_order":0,"comment_status":"closed","ping_status":"closed","template":"","meta":{"jetpack_post_was_ever_published":false,"footnotes":""},"class_list":["post-351","page","type-page","status-publish","hentry"],"jetpack_sharing_enabled":true,"jetpack_shortlink":"https:\/\/wp.me\/P7jT0y-5F","_links":{"self":[{"href":"https:\/\/wp.ufpel.edu.br\/matematicadiurno\/wp-json\/wp\/v2\/pages\/351","targetHints":{"allow":["GET"]}}],"collection":[{"href":"https:\/\/wp.ufpel.edu.br\/matematicadiurno\/wp-json\/wp\/v2\/pages"}],"about":[{"href":"https:\/\/wp.ufpel.edu.br\/matematicadiurno\/wp-json\/wp\/v2\/types\/page"}],"author":[{"embeddable":true,"href":"https:\/\/wp.ufpel.edu.br\/matematicadiurno\/wp-json\/wp\/v2\/users\/481"}],"replies":[{"embeddable":true,"href":"https:\/\/wp.ufpel.edu.br\/matematicadiurno\/wp-json\/wp\/v2\/comments?post=351"}],"version-history":[{"count":4,"href":"https:\/\/wp.ufpel.edu.br\/matematicadiurno\/wp-json\/wp\/v2\/pages\/351\/revisions"}],"predecessor-version":[{"id":421,"href":"https:\/\/wp.ufpel.edu.br\/matematicadiurno\/wp-json\/wp\/v2\/pages\/351\/revisions\/421"}],"wp:attachment":[{"href":"https:\/\/wp.ufpel.edu.br\/matematicadiurno\/wp-json\/wp\/v2\/media?parent=351"}],"curies":[{"name":"wp","href":"https:\/\/api.w.org\/{rel}","templated":true}]}}