{"id":331,"date":"2016-04-11T15:00:17","date_gmt":"2016-04-11T18:00:17","guid":{"rendered":"https:\/\/wp.ufpel.edu.br\/matematicadiurno\/?page_id=331"},"modified":"2022-08-03T11:21:48","modified_gmt":"2022-08-03T14:21:48","slug":"sou-egresso","status":"publish","type":"page","link":"https:\/\/wp.ufpel.edu.br\/matematicadiurno\/sou-egresso\/","title":{"rendered":"SOU EGRESSO"},"content":{"rendered":"<p><a href=\"https:\/\/wp.ufpel.edu.br\/cra\/apostilamento\/\"><span style=\"color: #000000;\">Apostilamento<\/span><\/a><\/p>\n<p><span style=\"color: #000000;\"><a style=\"color: #000000;\" href=\"https:\/\/wp.ufpel.edu.br\/cra\/solicitacao-de-urgencia\/\">Solicita\u00e7\u00e3o de Urg\u00eancia na Expedi\u00e7\u00e3o de diploma<\/a><\/span><\/p>\n<p><span style=\"color: #000000;\"><a style=\"color: #000000;\" href=\"https:\/\/wp.ufpel.edu.br\/cra\/solicitacao-de-2a-via\/\">Solicita\u00e7\u00e3o de 2\u00aa via de Diploma<\/a><\/span><\/p>\n<p><span style=\"color: #000000;\"><a style=\"color: #000000;\" href=\"https:\/\/wp.ufpel.edu.br\/cra\/verificacao-de-autenticidade-de-diploma\/\">Verifica\u00e7\u00e3o de autenticidade de diploma<\/a><\/span><\/p>\n<p><span style=\"color: #000000;\"><a style=\"color: #000000;\" href=\"https:\/\/wp.ufpel.edu.br\/cra\/historico-para-alunos-formados\/\">Solicita\u00e7\u00e3o de Hist\u00f3rico<\/a><\/span><\/p>\n<p><a href=\"https:\/\/wp.ufpel.edu.br\/matematicadiurno\/diploma-digital\/\"><span style=\"color: #000000;\">Diploma Digital<\/span><\/a><\/p>\n","protected":false},"excerpt":{"rendered":"<p>Apostilamento Solicita\u00e7\u00e3o de Urg\u00eancia na Expedi\u00e7\u00e3o de diploma Solicita\u00e7\u00e3o de 2\u00aa via de Diploma Verifica\u00e7\u00e3o de autenticidade de diploma Solicita\u00e7\u00e3o de Hist\u00f3rico Diploma Digital<\/p>\n","protected":false},"author":481,"featured_media":0,"parent":0,"menu_order":0,"comment_status":"closed","ping_status":"closed","template":"","meta":{"jetpack_post_was_ever_published":false,"footnotes":""},"class_list":["post-331","page","type-page","status-publish","hentry"],"jetpack_sharing_enabled":true,"jetpack_shortlink":"https:\/\/wp.me\/P7jT0y-5l","_links":{"self":[{"href":"https:\/\/wp.ufpel.edu.br\/matematicadiurno\/wp-json\/wp\/v2\/pages\/331","targetHints":{"allow":["GET"]}}],"collection":[{"href":"https:\/\/wp.ufpel.edu.br\/matematicadiurno\/wp-json\/wp\/v2\/pages"}],"about":[{"href":"https:\/\/wp.ufpel.edu.br\/matematicadiurno\/wp-json\/wp\/v2\/types\/page"}],"author":[{"embeddable":true,"href":"https:\/\/wp.ufpel.edu.br\/matematicadiurno\/wp-json\/wp\/v2\/users\/481"}],"replies":[{"embeddable":true,"href":"https:\/\/wp.ufpel.edu.br\/matematicadiurno\/wp-json\/wp\/v2\/comments?post=331"}],"version-history":[{"count":11,"href":"https:\/\/wp.ufpel.edu.br\/matematicadiurno\/wp-json\/wp\/v2\/pages\/331\/revisions"}],"predecessor-version":[{"id":2155,"href":"https:\/\/wp.ufpel.edu.br\/matematicadiurno\/wp-json\/wp\/v2\/pages\/331\/revisions\/2155"}],"wp:attachment":[{"href":"https:\/\/wp.ufpel.edu.br\/matematicadiurno\/wp-json\/wp\/v2\/media?parent=331"}],"curies":[{"name":"wp","href":"https:\/\/api.w.org\/{rel}","templated":true}]}}