{"id":322,"date":"2016-04-11T14:52:46","date_gmt":"2016-04-11T17:52:46","guid":{"rendered":"https:\/\/wp.ufpel.edu.br\/matematicadiurno\/?page_id=322"},"modified":"2016-04-12T17:00:37","modified_gmt":"2016-04-12T20:00:37","slug":"solicitacao-de-2a-via-do-diploma","status":"publish","type":"page","link":"https:\/\/wp.ufpel.edu.br\/matematicadiurno\/solicitacao-de-2a-via-do-diploma\/","title":{"rendered":"Solicita\u00e7\u00e3o de 2\u00aa via de Diploma"},"content":{"rendered":"<p><span style=\"color: #000000\">Esse procedimento deve ser feito diretamente na CRA.<\/span><\/p>\n<p style=\"text-align: justify\"><span style=\"color: #000000\">A 2\u00aa via do Diploma de Curso de Gradua\u00e7\u00e3o pode ser expedida tanto por motivo de extravio, roubo ou por danifica\u00e7\u00e3o (inutiliza\u00e7\u00e3o) do original. No caso de extravio, basta uma declara\u00e7\u00e3o no momento da solicita\u00e7\u00e3o do documento. No caso de roubo, deve ser apresentada c\u00f3pia do Boletim de Ocorr\u00eancia relatando o caso. No caso de danifica\u00e7\u00e3o (inutiliza\u00e7\u00e3o), regulamentada pela Portaria n\u00ba 1, de 9 de mar\u00e7o de 1982, deve ser anexado ao pedido o Diploma original na condi\u00e7\u00e3o atual em que se encontra (aos solicitantes deste caso, aconselhamos que fa\u00e7am o pedido diretamente no Atendimento da CRA. Caso optem pela solicita\u00e7\u00e3o via correspond\u00eancia, verifiquem junto a empresa de remessas as op\u00e7\u00f5es de seguridade do envio).<\/span><\/p>\n<p style=\"text-align: justify\"><span style=\"color: #000000\">\u00c9 necess\u00e1rio preencher TODOS os campos do formul\u00e1rio, reconhe\u00e7a firma em Cart\u00f3rio, \u00a0tirar c\u00f3pia autenticada do Documento de Identidade (Registro Geral) obrigatoriamente (n\u00e3o ser\u00e1 aceito outro documento \u2013 como CNH, Carteira de Trabalho, etc), tirar c\u00f3pia autenticada de seu CPF ou enviar o n\u00famero de autentica\u00e7\u00e3o da Receita Federal, fazer o pagamento da taxa referente a 2\u00aa via de Diploma conforme a Portaria 749\/05 na Conta \u00danica do Tesouro Nacional. Enviar toda a documenta\u00e7\u00e3o (formul\u00e1rio, comprovante do pagamento da(s) taxa(s), c\u00f3pia do RG e CPF e demais documentos caso se enquadre no par\u00e1grafo anterior) para o endere\u00e7o da CRA,<\/span><\/p>\n<p><span style=\"color: #000000\">Coordena\u00e7\u00e3o de Registros Acad\u00eamicos &#8211; CRA, UFPel &#8211; CAMPUS PORTO \/ ANGLO<\/span><\/p>\n<p><span style=\"color: #000000\">Sala 101 &#8211; Bloco A<\/span><br \/>\n<span style=\"color: #000000\"> Rua Gomes Carneiro, 01 &#8211; Centro<\/span><br \/>\n<span style=\"color: #000000\"> Pelotas &#8211; RS, Brasil &#8211; 96010-610<\/span><\/p>\n<p><span style=\"color: #000000\">O prazo para emiss\u00e3o da 2\u00aa via do Diploma \u00e9 de 180 dias contados da abertura do processo. O Diploma, quando pronto, dever\u00e1 ser retirado pelo titular ou procurador\u00a0na Dire\u00e7\u00e3o do Instituto de F\u00edsica e Matem\u00e1tica.<\/span><\/p>\n<p><span style=\"color: #0000ff\"><a style=\"color: #0000ff\" href=\"https:\/\/wp.ufpel.edu.br\/cra\/files\/2015\/11\/2A_DIP.pdf\">formul\u00e1rio pra solicita\u00e7\u00e3o de expedi\u00e7\u00e3o de segunda via de diploma<\/a><\/span><\/p>\n<p><span style=\"color: #000000\"><em>Fonte: CRA<\/em><\/span><\/p>\n","protected":false},"excerpt":{"rendered":"<p>Esse procedimento deve ser feito diretamente na CRA. A 2\u00aa via do Diploma de Curso de Gradua\u00e7\u00e3o pode ser expedida tanto por motivo de extravio, roubo ou por danifica\u00e7\u00e3o (inutiliza\u00e7\u00e3o) do original. No caso de extravio, basta uma declara\u00e7\u00e3o no momento da solicita\u00e7\u00e3o do documento. No caso de roubo, deve ser apresentada c\u00f3pia do Boletim [&hellip;]<\/p>\n","protected":false},"author":481,"featured_media":0,"parent":0,"menu_order":0,"comment_status":"closed","ping_status":"closed","template":"","meta":{"jetpack_post_was_ever_published":false,"footnotes":""},"class_list":["post-322","page","type-page","status-publish","hentry"],"jetpack_sharing_enabled":true,"jetpack_shortlink":"https:\/\/wp.me\/P7jT0y-5c","_links":{"self":[{"href":"https:\/\/wp.ufpel.edu.br\/matematicadiurno\/wp-json\/wp\/v2\/pages\/322","targetHints":{"allow":["GET"]}}],"collection":[{"href":"https:\/\/wp.ufpel.edu.br\/matematicadiurno\/wp-json\/wp\/v2\/pages"}],"about":[{"href":"https:\/\/wp.ufpel.edu.br\/matematicadiurno\/wp-json\/wp\/v2\/types\/page"}],"author":[{"embeddable":true,"href":"https:\/\/wp.ufpel.edu.br\/matematicadiurno\/wp-json\/wp\/v2\/users\/481"}],"replies":[{"embeddable":true,"href":"https:\/\/wp.ufpel.edu.br\/matematicadiurno\/wp-json\/wp\/v2\/comments?post=322"}],"version-history":[{"count":4,"href":"https:\/\/wp.ufpel.edu.br\/matematicadiurno\/wp-json\/wp\/v2\/pages\/322\/revisions"}],"predecessor-version":[{"id":471,"href":"https:\/\/wp.ufpel.edu.br\/matematicadiurno\/wp-json\/wp\/v2\/pages\/322\/revisions\/471"}],"wp:attachment":[{"href":"https:\/\/wp.ufpel.edu.br\/matematicadiurno\/wp-json\/wp\/v2\/media?parent=322"}],"curies":[{"name":"wp","href":"https:\/\/api.w.org\/{rel}","templated":true}]}}